{"id":3732,"date":"2012-04-04T00:04:11","date_gmt":"2012-04-04T03:04:11","guid":{"rendered":"http:\/\/sites.usp.br\/podae\/?page_id=3732"},"modified":"2019-07-26T16:02:39","modified_gmt":"2019-07-26T19:02:39","slug":"3732-2","status":"publish","type":"page","link":"https:\/\/sites.usp.br\/podae\/?page_id=3732","title":{"rendered":"04 F\u00f3rum Pedag\u00f3gico Online (Especializa\u00e7\u00e3o): Dualidade Educacional (Teoria e Pr\u00e1tica)"},"content":{"rendered":"<p style=\"text-align: center;\"><span style=\"font-family: Arial;\"><strong> Enciclop\u00e9dia Brasileira de Teleodontologia<\/strong><\/span><\/p>\n<p style=\"text-align: center;\"><strong><span style=\"font-size: 14px;\"><span style=\"font-family: Arial;\"><span style=\"color: #0000ff;\"><em><span style=\"color: #000000;\"><span style=\"text-decoration: underline;\"><a href=\"https:\/\/sites.usp.br\/podae\/?page_id=3954\"><span style=\"color: #0000ff; text-decoration: underline;\">2\u00ba F\u00f3rum Pedag\u00f3gico Online<\/span><\/a><br \/>\n<\/span><\/span><\/em><\/span><\/span><\/span><\/strong><\/p>\n<p style=\"text-align: center;\"><strong><span style=\"font-size: 14px;\"><span style=\"font-family: Arial;\"><span style=\"color: #0000ff;\"><span style=\"color: #000000;\"><span style=\"font-size: 15px;\"><em><span style=\"text-decoration: underline;\">Tema<\/span><\/em><\/span>: Caracter\u00edsticas Educacionais (Atividades Acad\u00eamicas<\/span><\/span><\/span><\/span><\/strong><span style=\"font-size: 14px;\"><span style=\"font-family: Arial;\"><span style=\"color: #0000ff;\"><span style=\"color: #000000;\">)<\/span><\/span><\/span><\/span><strong><span style=\"font-size: 14px;\"><span style=\"font-family: Arial;\"><br \/>\n<\/span><\/span><\/strong><strong><span style=\"font-size: 14px;\"><span style=\"font-family: Arial;\"><span style=\"color: #0000ff;\"><span style=\"color: #000000;\"><span style=\"font-size: 15px;\"><em><span style=\"text-decoration: underline;\">Eixo Educacional<\/span><\/em><\/span>: Perfil Profissional <\/span><\/span><\/span><\/span><\/strong><span style=\"font-size: 14px;\"><span style=\"font-family: Arial;\">(<\/span><\/span><strong><span style=\"font-size: 14px;\"><span style=\"font-family: Arial;\">Educando e Educador<\/span><\/span><\/strong><span style=\"font-size: 14px;\"><span style=\"font-family: Arial;\">)\u00a0<\/span><\/span><\/p>\n<address><em><span style=\"color: #ff0000; font-size: 14px;\">\u2666\u00a0<span style=\"color: #ff0000;\"><strong><span style=\"color: #000000; font-size: 14px;\">Luiz Guilherme Brentegani <\/span><\/strong><\/span><span style=\"color: #ff0000;\"><span style=\"font-size: 10px;\"><strong><span style=\"color: #0000ff;\"><span style=\"color: #000000;\"><span style=\"color: #000000; font-size: 14px;\">\u00a0&#8211; <\/span> <a style=\"color: #0000ff;\" href=\"https:\/\/uspdigital.usp.br\/telefonia\/telFormularioEmail.jsp?codigoPessoaUsuario=0&amp;codigoPessoa=78306&amp;nomePessoa=Amadeu Rodrigues da Silva Junior&amp;print=s\">E-mail<\/a>\u00a0<span style=\"color: #000000; font-size: 14px;\">&#8211;<\/span> <a style=\"color: #0000ff;\" href=\"http:\/\/lattes.cnpq.br\/4941647300671224\">Curr\u00edculo Lattes<\/a> <span style=\"color: #000000; font-size: 14px;\">&#8211;\u00a0<\/span> <span style=\"color: #0000ff;\"><a style=\"color: #0000ff;\" href=\"https:\/\/sites.usp.br\/podae\/?page_id=3334\">Informa\u00e7\u00f5es Adicionais\u00a0<\/a><\/span><\/span><\/span><\/strong><\/span><\/span><\/span><\/em><\/address>\n<address>\n<address><em><span style=\"color: #ff0000; font-size: 14px;\">\u2666 <\/span><\/em><span style=\"color: #ff0000;\"><span style=\"font-size: 10px;\"><strong><span style=\"color: #0000ff;\"><em><span style=\"color: #000000; font-size: 14px;\">L<\/span><\/em><\/span><\/strong><\/span><\/span><span style=\"color: #ff0000;\"><span style=\"font-size: 10px;\"><strong><span style=\"color: #0000ff;\"><em><span style=\"color: #000000; font-size: 14px;\">uiz Carlos Pardini &#8211;<\/span><\/em> <\/span><\/strong><\/span><\/span><span style=\"font-size: 10px;\"><strong><span style=\"color: #0000ff;\"><span style=\"color: #ff0000;\"><span style=\"color: #000000;\"><a style=\"color: #0000ff;\" href=\"https:\/\/uspdigital.usp.br\/telefonia\/telFormularioEmail.jsp?codigoPessoaUsuario=0&amp;codigoPessoa=75623&amp;nomePessoa=Luiz Carlos Pardini&amp;print=s\">E-mail<\/a>\u00a0<em><span style=\"color: #000000; font-size: 14px;\">&#8211;<\/span><\/em> <a style=\"color: #0000ff;\" href=\"http:\/\/buscatextual.cnpq.br\/buscatextual\/visualizacv.do?metodo=apresentar&amp;id=K4796807T1\">Curr\u00edculo Lattes<\/a> &#8211; <span style=\"color: #0000ff;\"><a style=\"color: #0000ff;\" href=\"https:\/\/sites.usp.br\/podae\/?page_id=3338\">Informa\u00e7\u00f5es adicionais<\/a><\/span><\/span><\/span><\/span><\/strong><\/span><\/address>\n<\/address>\n<address>\n<address style=\"text-align: right;\">\n<hr style=\"width: 321px;\" \/>\n<\/address>\n<\/address>\n<hr \/>\n<address style=\"text-align: right;\"><strong><span style=\"font-size: 12px;\"><span style=\"font-size: 10px;\"><span style=\"font-family: Arial;\"><span style=\"color: #0000ff;\"><span style=\"color: #000000;\">Publica\u00e7\u00e3o Anual<\/span> <\/span><\/span><span style=\"font-size: 12pxpx;\"><span style=\"font-family: Arial;\"><span style=\"color: #0000ff;\">(<\/span><\/span><\/span><span style=\"font-size: 12pxpx;\"><span style=\"font-family: Arial;\"><span style=\"color: #0000ff;\"><em><span style=\"color: #000000;\"><span style=\"text-decoration: underline;\">Suplemento<\/span><\/span><\/em>: <a style=\"color: #0000ff;\" href=\"https:\/\/sites.usp.br\/podae\/?page_id=3605\">Sum\u00e1rio<\/a><\/span><\/span><\/span><span style=\"font-size: 12pxpx;\"><span style=\"font-family: Arial;\"><span style=\"color: #0000ff;\"><span style=\"color: #000000;\">) \/ Maio e Outubro 2012 \/ <\/span><\/span><\/span><\/span>\u00a0p\u00e1gina 4<\/span><\/span><\/strong><\/address>\n<hr \/>\n<p><strong><span style=\"color: #000000; font-family: Arial;\"><span style=\"font-size: 12px; line-height: 18px;\">BRENTGANI, L.G.;\u00a0 PARDINI, L.C. Forma\u00e7\u00e3o Acad\u00eamica (PAE\/USP): Caracter\u00edsticas Educacionais (Investiga\u00e7\u00e3o Cient\u00edfica). Encicl. Bras.Teleodontol., Volume 2 (<a href=\"https:\/\/sites.usp.br\/podae\/?page_id=3342\"><span style=\"color: #0000ff;\">S\u00e9rie F<\/span><\/a>): p\u00e1gina 4, maio, 2012. Suplemento. ISSN 2448-1181<\/span><\/span><\/strong><\/p>\n<hr \/>\n<p style=\"text-align: justify;\"><span style=\"font-family: Arial;\"><strong>Abordagem Articular <\/strong>necessita da ampla Articula\u00e7\u00e3o Educacional entre Institui\u00e7\u00e3o, Docente e Discente com apoio de <strong>Avalia\u00e7\u00e3o Diagn\u00f3stica<\/strong> da <strong>Proposta Pol\u00edtico Pedag\u00f3gica<\/strong>.<\/span><\/p>\n<p style=\"text-align: justify;\"><strong style=\"font-family: Arial;\">Profissional<\/strong><span style=\"font-family: Arial;\"> (Cirurgi\u00e3o &#8211; Dentista) formado no S\u00e9culo XXI deve estar aliado as a\u00e7\u00f5es que conduzam para a forma\u00e7\u00e3o educacional (Ensino Superior) nos Eixos Pedag\u00f3gicos (Ensino, Pesquisa, Extens\u00e3o e Gest\u00e3o) fato estabelecido pela Literatura Cient\u00edfica [1,2,3,4], em conformidade com &#8220;Futuro Cirurgi\u00e3o &#8211; Dentista&#8221;. Nos Cursos de Gradua\u00e7\u00e3o (<\/span><span style=\"color: #0000ff;\"><strong><a style=\"color: #0000ff;\" href=\"https:\/\/www.forp.usp.br\/\">FORP<\/a><\/strong><\/span><span style=\"font-family: Arial;\">), <\/span><strong style=\"font-family: Arial;\">Ambiente Virtual de Apoio \u00e0 Gradua\u00e7\u00e3o e P\u00f3s-gradua\u00e7\u00e3o <\/strong><span style=\"font-family: Arial;\">(<\/span><strong style=\"font-family: Arial;\"><span style=\"color: #0000ff;\"><a style=\"color: #0000ff;\" href=\"http:\/\/www5.usp.br\/\">USP<\/a><\/span> &#8211;<\/strong> <strong style=\"font-family: Arial;\"><span style=\"color: #0000ff;\"><a style=\"color: #0000ff;\" href=\"https:\/\/edisciplinas.usp.br\/acessar\/\">e-Desciplinas<\/a><\/span><\/strong><span style=\"font-family: Arial;\">) \u00e9 instrumento felicitador das a\u00e7\u00f5es em efetivas em atividades educacionais orientada pela <\/span><strong style=\"font-family: Arial;\">Gest\u00e3o Institucional<\/strong><span style=\"font-family: Arial;\"> (<\/span><strong style=\"font-family: Arial;\">USP<\/strong><span style=\"font-family: Arial;\">&#8211;<\/span><strong style=\"font-family: Arial;\"><span style=\"color: #0000ff;\"><a style=\"color: #0000ff;\" href=\"https:\/\/uspdigital.usp.br\/tycho\/index.jsp\">Tycho<\/a><\/span><\/strong><span style=\"font-family: Arial;\">).<\/span><\/p>\n<p style=\"text-align: justify;\"><span style=\"font-family: Arial;\"><strong>Perfil Profissional <\/strong>deve conduzir o comprometimento associado com a<strong> Comunidade Acad\u00eamica <\/strong>e as atualiza\u00e7\u00f5es Curriculares (Curr\u00edculo Lattes) e incurs\u00f5es em Diret\u00f3rio de Grupo.<\/span><\/p>\n<p style=\"text-align: justify;\"><span style=\"font-family: Arial;\"><strong>Perfil Profissional <\/strong>atuante e estimulante participa com <strong>Inser\u00e7\u00e3o Midi\u00e1tica <\/strong>contribuindo para o aperfei\u00e7oamento, e como meta para a constante atividade profissional real\u00edstica e inovadora deve participar das ferramentas virtuais denominada de &#8220;<strong>Comunidades Acad\u00eamicas<\/strong>&#8220;<strong>:<\/strong><br \/>\n<\/span><\/p>\n<ul>\n<li style=\"text-align: left;\"><span style=\"font-family: Arial;\"><span style=\"color: #0000ff;\"><strong><a style=\"color: #0000ff;\" href=\"https:\/\/www.academia.edu\/\">Academia.Ed<\/a><\/strong><\/span> \/ <\/span><span style=\"font-family: Arial;\"><strong><span style=\"color: #0000ff;\"><a style=\"color: #0000ff;\" href=\"http:\/\/usp-br1.academia.edu\/\">Academia.Ed USP<\/a><\/span><\/strong> <strong>\/ <span style=\"color: #0000ff;\"><a style=\"color: #0000ff;\" href=\"http:\/\/usp-br.academia.edu\/Departments\/FORP_Faculdade_de_Odontologia_de_Ribeir%C3%A3o_Preto\/Documents\">Academia.Ed FORP<\/a><\/span> \/ <span style=\"color: #000000; font-size: 10px;\"><em>PESQUISADORES: <\/em><\/span><span style=\"color: #0000ff;\"><span style=\"font-size: 10px;\"><span style=\"color: #0000ff;\"><a style=\"color: #0000ff;\" href=\"http:\/\/usp-br.academia.edu\/MaGloriaCMattos\">1<\/a><\/span> &#8211; <span style=\"color: #0000ff;\"><a style=\"color: #0000ff;\" href=\"http:\/\/usp-br.academia.edu\/LPardini\">2<\/a><\/span><\/span><\/span> <span style=\"color: #0000ff;\"><span style=\"font-size: 10px;\">(<\/span><span style=\"font-size: 10px;\"><a style=\"color: #0000ff;\" href=\"http:\/\/usp-br.academia.edu\/Departments\/FORP_Faculdade_de_Odontologia_de_Ribeir%C3%A3o_Preto\">Lista Completa<\/a><\/span><\/span><span style=\"color: #000000; font-size: 10px;\">)<\/span><\/strong><\/span><\/li>\n<li style=\"text-align: left;\"><span style=\"font-family: Arial;\"><strong><span style=\"color: #0000ff;\"><a style=\"color: #0000ff;\" href=\"https:\/\/www.researchgate.net\/\">Researchgate<\/a><\/span><\/strong> <strong>\/ <span style=\"color: #0000ff;\"><a style=\"color: #0000ff;\" href=\"https:\/\/www.researchgate.net\/institution\/University_of_Sao_Paulo\">Researchgate USP<\/a> \/ <a style=\"color: #0000ff;\" href=\"https:\/\/www.researchgate.net\/institution\/University_of_Sao_Paulo\/department\/Faculdade_de_Odontologia_de_Ribeirao_Preto_FORP\">Researchgate FORP<\/a> \/ <span style=\"color: #000000; font-size: 10px;\"><em>PESQUISADORES: <\/em><\/span><span style=\"font-size: 10px;\"><span style=\"color: #0000ff;\"><a style=\"color: #0000ff;\" href=\"https:\/\/www.researchgate.net\/profile\/Maria_da_Gloria_Mattos\">1<\/a><\/span> &#8211; <span style=\"color: #0000ff;\"><a style=\"color: #0000ff;\" href=\"https:\/\/www.researchgate.net\/profile\/Luiz_Pardini\">2<\/a><\/span><\/span> <span style=\"font-size: 10px;\">(<span style=\"color: #0000ff;\"><a style=\"color: #0000ff;\" href=\"https:\/\/www.researchgate.net\/institution\/University_of_Sao_Paulo\/department\/Faculdade_de_Odontologia_de_Ribeirao_Preto_FORP\/members\">Lista Completa<\/a><\/span><\/span><span style=\"color: #000000; font-size: 10px;\">)<\/span><\/span><\/strong><\/span><\/li>\n<li style=\"text-align: left;\"><span style=\"font-family: Arial;\"><strong><span style=\"color: #0000ff;\"><a style=\"color: #0000ff;\" href=\"http:\/\/www.worldcat.org\/\">WorldCat<\/a><\/span> \/ <span style=\"color: #000000; font-size: 10px;\"><em>PESQUISADORES: <\/em><\/span><span style=\"color: #0000ff;\"><span style=\"font-size: 10px;\"><span style=\"color: #0000ff;\"><a style=\"color: #0000ff;\" href=\"http:\/\/www.worldcat.org\/search?qt=worldcat_org_all&amp;q=Maria+da+Gl%C3%B3ria+Chiarello+de+Mattos\">1<\/a><\/span> <em>&#8211;<\/em> <span style=\"color: #0000ff;\"><a style=\"color: #0000ff;\" href=\"http:\/\/www.worldcat.org\/search?q=Luiz+Carlos+Pardini&amp;qt=results_page\">2<\/a><\/span><\/span><\/span><\/strong><\/span><\/li>\n<li style=\"text-align: left;\"><span style=\"font-family: Arial;\"><strong><span style=\"color: #0000ff;\"><a style=\"color: #0000ff;\" href=\"http:\/\/www.researcherid.com\/Home.action\">ReseachID<\/a><\/span><\/strong> <strong>\/ <span style=\"color: #000000; font-size: 10px;\"><em>PESQUISADORES: <\/em><\/span><span style=\"color: #0000ff;\"><span style=\"font-size: 10px;\"><a href=\"http:\/\/www.researcherid.com\/rid\/C-4078-2012\"><span style=\"color: #0000ff;\">1<\/span><\/a> <em>&#8211;<\/em> <span style=\"color: #0000ff;\"><a style=\"color: #0000ff;\" href=\"http:\/\/www.researcherid.com\/ProfileView.action?SID=2BpY8DkV99Ynj3FAnEZ&amp;returnCode=ROUTER.Success&amp;queryString=KG0UuZjN5WlmNqvDyK2XsaRf8PrjBjCreUY6OcVSBaI%253D&amp;SrcApp=CR&amp;Init=Yes\">2<\/a><\/span><\/span><\/span><\/strong><\/span><\/li>\n<li style=\"text-align: left;\"><span style=\"font-family: Arial;\"><strong><span style=\"color: #0000ff;\"><a style=\"color: #0000ff;\" href=\"https:\/\/orcid.org\/\">Orcid<\/a> \/ <span style=\"color: #000000; font-size: 10px;\"><em>PESQUISADOR: <a href=\"https:\/\/orcid.org\/0000-0002-1455-1538\">1<\/a> &#8211; <a href=\"http:\/\/orcid.org\/0000-0002-1479-0715\">2<\/a> <\/em><\/span><br \/>\n<\/span><\/strong><\/span><\/li>\n<li style=\"text-align: left;\"><span style=\"font-family: Arial;\"><strong><span style=\"color: #0000ff;\"><a style=\"color: #0000ff;\" href=\"https:\/\/social.stoa.usp.br\/\">Stoa<\/a> \/ <span style=\"color: #000000; font-size: 10px;\"><em>PESQUISADOR: <\/em><\/span><span style=\"font-size: 10px;\"><a style=\"color: #0000ff;\" href=\"https:\/\/social.stoa.usp.br\/pardini\/\">1 <\/a> <\/span><\/span><\/strong><\/span><span style=\"font-family: Arial;\"><strong>.. <\/strong><\/span><span style=\"font-family: Arial;\"><strong><br \/>\n<\/strong><\/span><\/li>\n<li style=\"text-align: left;\"><\/li>\n<\/ul>\n<p style=\"text-align: justify;\"><span style=\"font-family: Arial;\">Neste s\u00e9culo XXI de modernidade os processos comportamentais do Educando na \u00e1rea da Sa\u00fade (Odontologia) contribui para a <strong>Forma\u00e7\u00e3o<\/strong> <strong>Profissional<\/strong> (Perfil do Profissional: Cirurgi\u00e3o-Dentista e\/u Doc\u00eancia) em <strong>Programa de Aperfei\u00e7oamento de Ensino<\/strong> (<span style=\"color: #0000ff;\"><strong><a style=\"color: #0000ff;\" href=\"http:\/\/www.prpg.usp.br\/index.php\/pt-br\/pae\/o-que-pae\">PAE<\/a><\/strong><\/span>) que destina-se exclusivamente aos Educandos (Alunos de P\u00f3s-Gradua\u00e7\u00e3o) matriculados nos <strong>Programa de P\u00f3s-Gradua\u00e7\u00e3o (<span style=\"color: #0000ff;\"><a style=\"color: #0000ff;\" href=\"http:\/\/www.prpg.usp.br\/index.php\/pt-br\/\">Pr-PG<\/a><\/span>) <\/strong><\/span><span style=\"font-family: Arial;\">na <strong>Universidade de S\u00e3o Paulo<\/strong> (<strong><span style=\"color: #0000ff;\"><a style=\"color: #0000ff;\" href=\"http:\/\/www5.usp.br\/\">USP<\/a><\/span><\/strong>) nos Cursos de Mestrado e de Doutorado, com disciplinas facilitadoras do Ensino e Aprendizado.<\/span><\/p>\n<hr \/>\n<div align=\"justify\">\n<div align=\"justify\">\n<div align=\"justify\">\n<div align=\"justify\">\n<div align=\"justify\">\n<div align=\"justify\">\n<div align=\"justify\">\n<div align=\"justify\">\n<div align=\"justify\"><span style=\"font-size: 12px;\"><em><strong><span style=\"text-decoration: underline;\">REFER\u00caNCIAS<\/span><\/strong><\/em><\/span><\/div>\n<div style=\"font-size: 12px;\" align=\"justify\">\n<div align=\"justify\">1. TABA, M.Jr; NOVAES, A.B.Jr.; SOUZA, S.L.S.; GRISI, M.F.M.; PALIOTO, D.B.; PARDINI, L.C. Radiographic Evaluation of Dental Implants with Different Surface Treatments: An Experimental Study in Dogs. Implant Dentistry: 12(3):252-258, 2000. [<span style=\"color: #0000ff;\"><strong><a style=\"color: #0000ff;\" href=\"https:\/\/journals.lww.com\/implantdent\/Abstract\/2003\/12030\/Radiographic_Evaluation_of_Dental_Implants_with.19.aspx\">LINK<\/a><\/strong><\/span>]<\/div>\n<div style=\"font-size: 12px;\" align=\"justify\">\n<div align=\"justify\">\n<div align=\"justify\">2. FUJIWARA, C.A; MAGRO FILHO, O.; OLIVEIRA, N.T.C.; QUEIROZ, T.P.; ABLA, M.S.; PARDINI, L.C. Assessment of the interface between implant and abutments of five systems by scanning electronic microscopy. Journal of Osseointegration, 2(1):60-66, Aug, 2009. [<span style=\"color: #0000ff;\"><strong><a style=\"color: #0000ff;\" href=\"http:\/\/www.journalofosseointegration.eu\/index.php\/jo\/article\/view\/80\/76\">LINK<\/a><\/strong><\/span>].<\/div>\n<div align=\"justify\">3. MESTRINER, S.F.; PARDINI, L.C.; MESTRINER, W.Jr. Impact of the bitewing radiography exam inclusion on the prevalence of dental caries in 12-year-old students in the city of Franca, S\u00e3o Paulo, Brazil. J. Appl. Oral Sci. 14(3):167-171.2006. [<strong><a href=\"http:\/\/www.scielo.br\/pdf\/jaos\/v14n3\/a04v14n3.pdf\">LINK<\/a><\/strong>].<\/div>\n<div align=\"justify\">4. ROZENDO, C.A.; CASAGRANDE, L.D.R.; SCHNEIDER, J.F.; PARDINI, L.C. Uma an\u00e1lise das pr\u00e1ticas docentes de professores universit\u00e1rios da \u00e1rea de sa\u00fade. Rev. latino-am.enfermagem, Ribeir\u00e3o Preto, 7( 2): 15-23, abril 1999. [<strong><a href=\"http:\/\/www.scielo.br\/scielo.php?script=sci_arttext&amp;pid=S0104-11691999000200003&amp;lng=pt&amp;nrm=iso\">LINK<\/a><\/strong>].<\/div>\n<div align=\"justify\">5. World Health Organization: International Statistical Classification of Diseases and Related Health Problems, Tenth Revision Instruction Manual. Geneva, World Health Organization, 2004. [<strong><a href=\"http:\/\/sites.usp.br\/ebt\/wp-content\/uploads\/sites\/44\/2014\/11\/ICD10-2010.pdf\">ICD<\/a><\/strong>].<\/div>\n<\/div>\n<\/div>\n<\/div>\n<\/div>\n<\/div>\n<\/div>\n<\/div>\n<\/div>\n<\/div>\n<\/div>\n<\/div>\n<div align=\"justify\">\n<div align=\"justify\">\n<div style=\"text-align: center;\" align=\"justify\">\n<address style=\"text-align: right;\">\n<hr \/>\n<hr \/>\n<\/address>\n<\/div>\n<\/div>\n<div style=\"text-align: left;\" align=\"center\">\n<div style=\"text-align: center;\" align=\"center\">\n<div align=\"justify\">\n<p><span style=\"font-size: 10px;\"><strong><span style=\"text-decoration: underline;\">Recebido<\/span> 2\/5\/2012 &#8211;\u00a0<span style=\"color: #0000ff;\"><a href=\"https:\/\/sites.usp.br\/podae\/?page_id=3336\"><span style=\"color: #0000ff;\">Pareceris<\/span>ta<\/a>\u00a03<\/span>\/5\/2012 &#8211;\u00a0<span style=\"text-decoration: underline;\">Publicado<\/span>\u00a0 4\/5\/2012 &#8211; Enciclop\u00e9dia Brasileira de Teleodontologia &#8211;\u00a0\u00a0<\/strong><\/span><strong style=\"font-size: 10px; text-align: center;\">ISSN <span style=\"color: #0000ff;\"><a style=\"color: #0000ff;\" href=\"https:\/\/portal.issn.org\/resource\/ISSN\/2448-1181#\">2448-1181\u00a0<\/a><\/span><\/strong><\/p>\n<\/div>\n<\/div>\n<hr \/>\n<\/div>\n<address style=\"text-align: right;\">\u00a0<\/address>\n<\/div>\n","protected":false},"excerpt":{"rendered":"<p>Enciclop\u00e9dia Brasileira de Teleodontologia 2\u00ba F\u00f3rum Pedag\u00f3gico Online Tema: Caracter\u00edsticas Educacionais (Atividades Acad\u00eamicas) Eixo Educacional: [&hellip;]<\/p>\n","protected":false},"author":58,"featured_media":0,"parent":3954,"menu_order":0,"comment_status":"closed","ping_status":"closed","template":"","meta":{"footnotes":"","_links_to":"","_links_to_target":""},"class_list":["post-3732","page","type-page","status-publish","hentry"],"_links":{"self":[{"href":"https:\/\/sites.usp.br\/podae\/index.php?rest_route=\/wp\/v2\/pages\/3732","targetHints":{"allow":["GET"]}}],"collection":[{"href":"https:\/\/sites.usp.br\/podae\/index.php?rest_route=\/wp\/v2\/pages"}],"about":[{"href":"https:\/\/sites.usp.br\/podae\/index.php?rest_route=\/wp\/v2\/types\/page"}],"author":[{"embeddable":true,"href":"https:\/\/sites.usp.br\/podae\/index.php?rest_route=\/wp\/v2\/users\/58"}],"replies":[{"embeddable":true,"href":"https:\/\/sites.usp.br\/podae\/index.php?rest_route=%2Fwp%2Fv2%2Fcomments&post=3732"}],"version-history":[{"count":4,"href":"https:\/\/sites.usp.br\/podae\/index.php?rest_route=\/wp\/v2\/pages\/3732\/revisions"}],"predecessor-version":[{"id":5306,"href":"https:\/\/sites.usp.br\/podae\/index.php?rest_route=\/wp\/v2\/pages\/3732\/revisions\/5306"}],"up":[{"embeddable":true,"href":"https:\/\/sites.usp.br\/podae\/index.php?rest_route=\/wp\/v2\/pages\/3954"}],"wp:attachment":[{"href":"https:\/\/sites.usp.br\/podae\/index.php?rest_route=%2Fwp%2Fv2%2Fmedia&parent=3732"}],"curies":[{"name":"wp","href":"https:\/\/api.w.org\/{rel}","templated":true}]}}