{"id":3735,"date":"2012-04-30T00:02:40","date_gmt":"2012-04-30T03:02:40","guid":{"rendered":"http:\/\/sites.usp.br\/podae\/?page_id=3735"},"modified":"2019-07-30T15:35:13","modified_gmt":"2019-07-30T18:35:13","slug":"01-editorial-perfil-do-profissional-formado-educando-e-educador","status":"publish","type":"page","link":"https:\/\/sites.usp.br\/podae\/?page_id=3735","title":{"rendered":"01 Editorial \u2013 2\u00ba F\u00f3rum Pedag\u00f3gico Online"},"content":{"rendered":"<p style=\"text-align: center;\"><span style=\"font-family: Arial;\"><strong>Enciclop\u00e9dia Brasileira de Teleodontologia<\/strong><\/span><\/p>\n<p style=\"text-align: center;\"><strong><span style=\"font-size: 14px;\"><span style=\"font-family: Arial;\"><span style=\"color: #0000ff;\"><em><span style=\"color: #000000;\"><span style=\"text-decoration: underline;\"><span style=\"color: #0000ff; text-decoration: underline;\"><a style=\"color: #0000ff; text-decoration: underline;\" href=\"https:\/\/sites.usp.br\/podae\/?page_id=3954\">2\u00ba F\u00f3rum Pedag\u00f3gico Online<\/a><\/span><br \/>\n<\/span><\/span><\/em><\/span><\/span><\/span><\/strong><\/p>\n<p style=\"text-align: center;\"><strong><span style=\"font-size: 14px;\"><span style=\"font-family: Arial;\"><span style=\"color: #0000ff;\"><span style=\"color: #000000;\"><span style=\"font-size: 15px;\"><em><span style=\"text-decoration: underline;\">Tema<\/span><\/em><\/span>: Caracter\u00edsticas Educacionais (Atividades Acad\u00eamicas<\/span><\/span><\/span><\/span><\/strong><span style=\"font-size: 14px;\"><span style=\"font-family: Arial;\"><span style=\"color: #0000ff;\"><span style=\"color: #000000;\">)<\/span><\/span><\/span><\/span><strong><span style=\"font-size: 14px;\"><span style=\"font-family: Arial;\"><br \/>\n<\/span><\/span><\/strong><strong><span style=\"font-size: 14px;\"><span style=\"font-family: Arial;\"><span style=\"color: #0000ff;\"><span style=\"color: #000000;\"><span style=\"font-size: 15px;\"><em><span style=\"text-decoration: underline;\">Eixo Educacional<\/span><\/em><\/span>: Perfil Profissional <\/span><\/span><\/span><\/span><\/strong><span style=\"font-size: 14px;\"><span style=\"font-family: Arial;\">(<\/span><\/span><strong><span style=\"font-size: 14px;\"><span style=\"font-family: Arial;\">Educando e Educador<\/span><\/span><\/strong><span style=\"font-size: 14px;\"><span style=\"font-family: Arial;\">)<\/span><\/span><strong><span style=\"font-size: 14px;\"><span style=\"font-family: Arial;\"><br \/>\n<\/span><\/span><\/strong><\/p>\n<address>\n<address style=\"text-align: right;\">\n<hr style=\"width: 321px;\" \/>\n<\/address>\n<\/address>\n<hr \/>\n<address style=\"text-align: right;\"><strong><span style=\"font-size: 12px;\"><span style=\"font-size: 10px;\"><span style=\"font-family: Arial;\"><span style=\"color: #0000ff;\"><span style=\"color: #000000;\">Publica\u00e7\u00e3o Anual<\/span> <\/span><\/span><span style=\"font-size: 12pxpx;\"><span style=\"font-family: Arial;\"><span style=\"color: #0000ff;\">(<\/span><\/span><\/span><span style=\"font-size: 12pxpx;\"><span style=\"font-family: Arial;\"><span style=\"color: #0000ff;\"><em><span style=\"color: #000000;\"><span style=\"text-decoration: underline;\">Suplemento<\/span><\/span><\/em>: <a style=\"color: #0000ff;\" href=\"https:\/\/sites.usp.br\/podae\/?page_id=3605\">Sum\u00e1rio<\/a><\/span><\/span><\/span><span style=\"font-size: 12pxpx;\"><span style=\"font-family: Arial;\"><span style=\"color: #0000ff;\"><span style=\"color: #000000;\">) \/ Maio e Outubro \/ 2012 \/ <\/span><\/span><\/span><\/span>\u00a0p\u00e1gina 1<\/span><\/span><\/strong><\/address>\n<hr \/>\n<p><span style=\"color: #ff0000; font-size: 16px;\">\u2666 <\/span><strong><span style=\"color: #000000; font-family: Arial;\"><span style=\"font-size: 12px; line-height: 18px;\">EDITORIAL. Perfil do Profissional Formado: Educando e Educador. Encicl. Bras.Teleodontol., Volume 2 (<a href=\"https:\/\/sites.usp.br\/podae\/?page_id=3342\"><span style=\"color: #0000ff;\">S\u00e9rie F<\/span><\/a>): p\u00e1gina 2, maio, 2012. Suplemento. ISSN 2448-1181 <\/span><\/span><\/strong><\/p>\n<hr \/>\n<p style=\"text-align: justify;\"><span style=\"font-family: Arial;\"><strong>Enciclop\u00e9dia Brasileira de Teleodontologia <\/strong>(<strong>ISSN 2448-1181 <\/strong>&#8211; <strong>Encicl. Bras. Teleodontol.<\/strong>) contribui para a divulga\u00e7\u00e3o das proposta educacionais e cient\u00edficas estimulando a ampla inser\u00e7\u00e3o da Inclus\u00e3o Digital.<strong><br \/>\n<\/strong><\/span><\/p>\n<p style=\"text-align: justify;\"><span style=\"font-family: Arial;\"><strong>2\u00ba F\u00f3rum Pedag\u00f3gico Online, <\/strong>promovido pela Equipe Editorial <strong>e<\/strong>st\u00e1 associado com as a\u00e7\u00f5es educadoras\u00a0 estimulando o<strong> Ensino <\/strong>e o<strong> Aprendizado <\/strong>em a\u00e7\u00f5es compartilhadas com destaque para as interven\u00e7\u00f5es educacionais (Docentes, Discentes e Pesquisadores).<br \/>\n<\/span><\/p>\n<p style=\"text-align: justify;\"><span style=\"font-family: Arial;\"><strong>2\u00ba F\u00f3rum Pedag\u00f3gico Online <\/strong>(<strong>Caracter\u00edsticas Educacionais<\/strong>) estimula as <strong>Atividades Acad\u00eamicasnos Cursos de Gradua\u00e7\u00e3o<\/strong> e<strong> Programa de P\u00f3s-gradua\u00e7\u00e3o <\/strong>publicando os conte\u00fados pedag\u00f3gicos de qualidade.<\/span><\/p>\n<p style=\"text-align: justify;\"><span style=\"font-family: Arial;\"><strong>2\u00ba F\u00f3rum Pedag\u00f3gico Online Perfil Profissional<\/strong> (Educando e Educador) <\/span><span style=\"font-family: Arial;\">est\u00e1 estruturado (<strong>Ensino <\/strong>e<strong> Aprendizado<\/strong>) com amplas descobertas e infer\u00eancias pedag\u00f3gicas fomentando a &#8220;<strong>Forma\u00e7\u00e3o Acad\u00eamica<\/strong>&#8220;.<br \/>\n<\/span><\/p>\n<p style=\"text-align: justify;\"><span style=\"font-family: Arial;\">O s\u00e9culo XXI o <strong>Perfil do Profissional Formado: Educando e Educador<\/strong> \u00e9 marcado como agente principal das inova\u00e7\u00f5es tecnol\u00f3gicas e cient\u00edficas em Educa\u00e7\u00e3o Superior, com destaque e \u00eanfase na \u00e1rea da sa\u00fade: <strong>Odontologia<\/strong>. Este interc\u00e2mbio de encorajamento objetiva Interatividade online (<strong>Di\u00e1logo Virtual<\/strong>) com <strong>Educa\u00e7\u00e3o Participativa<\/strong> para motivar, facilitar, despertar e conduz a <strong>Educa\u00e7\u00e3o Transformadora<\/strong> estimulando <strong>Inclus\u00e3o Digital <\/strong>e a\u00e7\u00f5es educacionais (<strong>Ambiente Colaborativo de Aprendizagem<\/strong>) no Ensino Superior (Odontologia) com interven\u00e7\u00f5es construtivas (<strong>Discuss\u00e3o Participativa<\/strong>).<\/span><\/p>\n<hr \/>\n<div style=\"text-align: justify;\" align=\"justify\">\n<div style=\"text-align: center;\" align=\"justify\">\n<address style=\"text-align: right;\">\n<hr \/>\n<\/address>\n<\/div>\n<\/div>\n<div align=\"justify\"><span style=\"font-size: 10px;\"><strong><span style=\"text-decoration: underline;\">Publicado<\/span>:<\/strong> 30\/4\/2012<br \/>\n<\/span><\/div>\n<div style=\"text-align: center;\" align=\"justify\">\n<hr \/>\n<p><span style=\"font-size: 10px;\"><strong>Enciclop\u00e9dia Brasileira de Teleodontologia &#8211; <\/strong><\/span><strong style=\"font-size: 10px; text-align: center;\">ISSN <span style=\"color: #0000ff;\"><a style=\"color: #0000ff;\" href=\"https:\/\/portal.issn.org\/resource\/ISSN\/2448-1181#\">2448-1181 <\/a><\/span><\/strong><\/p>\n<\/div>\n<div style=\"text-align: left;\" align=\"center\">\n<hr \/>\n<\/div>\n","protected":false},"excerpt":{"rendered":"<p>Enciclop\u00e9dia Brasileira de Teleodontologia 2\u00ba F\u00f3rum Pedag\u00f3gico Online Tema: Caracter\u00edsticas Educacionais (Atividades Acad\u00eamicas) Eixo Educacional: [&hellip;]<\/p>\n","protected":false},"author":58,"featured_media":0,"parent":3954,"menu_order":0,"comment_status":"closed","ping_status":"closed","template":"","meta":{"footnotes":"","_links_to":"","_links_to_target":""},"class_list":["post-3735","page","type-page","status-publish","hentry"],"_links":{"self":[{"href":"https:\/\/sites.usp.br\/podae\/index.php?rest_route=\/wp\/v2\/pages\/3735","targetHints":{"allow":["GET"]}}],"collection":[{"href":"https:\/\/sites.usp.br\/podae\/index.php?rest_route=\/wp\/v2\/pages"}],"about":[{"href":"https:\/\/sites.usp.br\/podae\/index.php?rest_route=\/wp\/v2\/types\/page"}],"author":[{"embeddable":true,"href":"https:\/\/sites.usp.br\/podae\/index.php?rest_route=\/wp\/v2\/users\/58"}],"replies":[{"embeddable":true,"href":"https:\/\/sites.usp.br\/podae\/index.php?rest_route=%2Fwp%2Fv2%2Fcomments&post=3735"}],"version-history":[{"count":4,"href":"https:\/\/sites.usp.br\/podae\/index.php?rest_route=\/wp\/v2\/pages\/3735\/revisions"}],"predecessor-version":[{"id":5355,"href":"https:\/\/sites.usp.br\/podae\/index.php?rest_route=\/wp\/v2\/pages\/3735\/revisions\/5355"}],"up":[{"embeddable":true,"href":"https:\/\/sites.usp.br\/podae\/index.php?rest_route=\/wp\/v2\/pages\/3954"}],"wp:attachment":[{"href":"https:\/\/sites.usp.br\/podae\/index.php?rest_route=%2Fwp%2Fv2%2Fmedia&parent=3735"}],"curies":[{"name":"wp","href":"https:\/\/api.w.org\/{rel}","templated":true}]}}