{"id":3954,"date":"2019-05-06T10:29:34","date_gmt":"2019-05-06T13:29:34","guid":{"rendered":"http:\/\/sites.usp.br\/podae\/?page_id=3954"},"modified":"2019-05-25T09:50:32","modified_gmt":"2019-05-25T12:50:32","slug":"02o-forum-pedagogico-online-especializacao-dualidade-educacional-teoria-e-pratica","status":"publish","type":"page","link":"https:\/\/sites.usp.br\/podae\/?page_id=3954","title":{"rendered":"02\u00ba  F\u00f3rum Pedag\u00f3gico Online (Pesquisa): Dualidade Educacional (Teoria e Pr\u00e1tica)"},"content":{"rendered":"<hr \/>\n<address style=\"text-align: right;\"><span style=\"font-family: Arial;\"><strong><span style=\"font-size: 12px;\"><span style=\"color: #0000ff;\"><span style=\"color: #000000;\"><span style=\"color: #fd8725; font-size: 14px;\">\u2666 <\/span><span style=\"font-size: 10px;\">Enciclop\u00e9dia Brasileira de Teleodontologia, Volume 2 (<span style=\"color: #0000ff;\"><a style=\"color: #0000ff;\" href=\"https:\/\/sites.usp.br\/podae\/?page_id=3342\">S\u00e9rie F<\/a><\/span>): Maio \/ Outubro, 2012. ISSN <span style=\"color: #0000ff;\"><a style=\"color: #0000ff;\" href=\"https:\/\/portal.issn.org\/resource\/ISSN\/2448-1181#\">2448 -1181<\/a><\/span> \/ Suplemento (<a href=\"https:\/\/sites.usp.br\/podae\/?page_id=3605\"><span style=\"color: #0000ff;\">Sum\u00e1ri<\/span>o<\/a>) <\/span><\/span><\/span><\/span><\/strong><\/span><\/address>\n<hr \/>\n<address style=\"text-align: right;\">\n<hr style=\"width: 321px;\" \/>\n<div align=\"center\">\n<p><strong><span style=\"font-size: 10px;\"><a href=\"https:\/\/sites.usp.br\/podae\/?page_id=3395\"><span style=\"color: #0000ff;\"> <span style=\"text-decoration: underline;\">Normas de Publica\u00e7\u00e3o<\/span><\/span><\/a><span style=\"color: #0000ff;\">\u00a0 \/\u00a0<a style=\"color: #0000ff;\" href=\"https:\/\/sites.usp.br\/podae\/?page_id=3336\"><span style=\"text-decoration: underline;\">Pareceristas (Relatore<\/span><span style=\"text-decoration: underline;\">s<\/span><\/a><a style=\"color: #0000ff;\" href=\"http:\/\/sites.usp.br\/ebt\/forp-expediente-encicl-bras-teleodontol\/parecerista-relator-consultor-avaliador\/\"><span style=\"text-decoration: underline;\">)<\/span><\/a> \/ <span style=\"text-decoration: underline; color: #000000;\">Visitantes<\/span>:\u00a0\u00a0<\/span><\/span><\/strong><a href=\"https:\/\/contador.s12.com.br\"><img loading=\"lazy\" decoding=\"async\" class=\"\" src=\"https:\/\/contador.s12.com.br\/img-B9B0cZcz8076A9D6-21.gif\" alt=\"contador de visitantes\" width=\"30\" height=\"10\" border=\"0\" \/><\/a><\/p>\n<hr style=\"width: 321px;\" \/>\n<hr style=\"width: 321px;\" \/>\n<\/div>\n<\/address>\n<p>&nbsp;<\/p>\n","protected":false},"excerpt":{"rendered":"<p>\u2666 Enciclop\u00e9dia Brasileira de Teleodontologia, Volume 2 (S\u00e9rie F): Maio \/ Outubro, 2012. ISSN 2448 [&hellip;]<\/p>\n","protected":false},"author":58,"featured_media":0,"parent":3605,"menu_order":0,"comment_status":"closed","ping_status":"closed","template":"","meta":{"footnotes":"","_links_to":"","_links_to_target":""},"class_list":["post-3954","page","type-page","status-publish","hentry"],"_links":{"self":[{"href":"https:\/\/sites.usp.br\/podae\/index.php?rest_route=\/wp\/v2\/pages\/3954","targetHints":{"allow":["GET"]}}],"collection":[{"href":"https:\/\/sites.usp.br\/podae\/index.php?rest_route=\/wp\/v2\/pages"}],"about":[{"href":"https:\/\/sites.usp.br\/podae\/index.php?rest_route=\/wp\/v2\/types\/page"}],"author":[{"embeddable":true,"href":"https:\/\/sites.usp.br\/podae\/index.php?rest_route=\/wp\/v2\/users\/58"}],"replies":[{"embeddable":true,"href":"https:\/\/sites.usp.br\/podae\/index.php?rest_route=%2Fwp%2Fv2%2Fcomments&post=3954"}],"version-history":[{"count":4,"href":"https:\/\/sites.usp.br\/podae\/index.php?rest_route=\/wp\/v2\/pages\/3954\/revisions"}],"predecessor-version":[{"id":4196,"href":"https:\/\/sites.usp.br\/podae\/index.php?rest_route=\/wp\/v2\/pages\/3954\/revisions\/4196"}],"up":[{"embeddable":true,"href":"https:\/\/sites.usp.br\/podae\/index.php?rest_route=\/wp\/v2\/pages\/3605"}],"wp:attachment":[{"href":"https:\/\/sites.usp.br\/podae\/index.php?rest_route=%2Fwp%2Fv2%2Fmedia&parent=3954"}],"curies":[{"name":"wp","href":"https:\/\/api.w.org\/{rel}","templated":true}]}}