{"id":4136,"date":"2019-05-22T11:46:43","date_gmt":"2019-05-22T14:46:43","guid":{"rendered":"http:\/\/sites.usp.br\/podae\/?page_id=4136"},"modified":"2019-09-17T21:54:50","modified_gmt":"2019-09-18T00:54:50","slug":"2005-v2-fasciculo-2-jan-fev","status":"publish","type":"page","link":"https:\/\/sites.usp.br\/podae\/?page_id=4136","title":{"rendered":"2005 \u2013 V2 \u2013 Fasc\u00edculo 2 \u2013 mar.\/abr."},"content":{"rendered":"<div style=\"text-align: left;\" align=\"center\">\n<p style=\"text-align: center;\"><span style=\"color: #800080;\"><strong><span style=\"font-size: 16px;\"><span style=\"font-family: Arial;\">REVISTA BRASILEIRA DE TELEODONTOLOGIA<br \/>\n<\/span><\/span><\/strong><\/span><strong><span style=\"font-size: 12px;\"><span style=\"font-family: Arial;\">ISNN <\/span><\/span><\/strong><span style=\"color: #800080;\"><strong><span style=\"font-size: 12px;\"><span style=\"font-family: Arial;\"><span style=\"color: #0000ff;\"><a style=\"color: #0000ff;\" href=\"https:\/\/portal.issn.org\/resource\/ISSN\/1809-0745#\">2448-1181<\/a><\/span><\/span><\/span><\/strong><\/span><\/p>\n<div style=\"text-align: left;\" align=\"center\">\n<address style=\"text-align: right;\">\n<hr style=\"width: 321px;\" \/>\n<div align=\"center\">\n<p style=\"text-align: center;\"><strong><span style=\"font-size: 14px;\"><span style=\"font-family: Arial;\"><span style=\"color: #0000ff;\"><span style=\"color: #000000;\"><span style=\"font-size: 15px;\"><em><span style=\"text-decoration: underline;\">Rev. Bras. Teleodonto<\/span><\/em><\/span>: <\/span><\/span><\/span><\/span><span style=\"font-size: 14px; color: #0000ff;\"><span style=\"font-family: Arial;\"><a style=\"color: #0000ff;\" href=\"https:\/\/sites.usp.br\/podae\/?page_id=3320\">Expediente<\/a><\/span><\/span><span style=\"font-size: 14px;\"><span style=\"font-family: Arial;\"><span style=\"color: #0000ff;\"><span style=\"color: #000000;\"> \/ <span style=\"color: #0000ff;\"><a style=\"color: #0000ff;\" href=\"https:\/\/sites.usp.br\/podae\/?page_id=3278\">Volumes<\/a><\/span> <\/span><\/span><\/span><\/span><\/strong><a href=\"https:\/\/www.forp.usp.br\/\"><strong><span style=\"font-size: 14px;\"><span style=\"font-family: Arial;\"><br \/>\n<\/span><\/span><\/strong><\/a><strong><span style=\"font-size: 14px;\"><span style=\"font-family: Arial;\"><span style=\"color: #0000ff;\"><span style=\"color: #000000;\"><span style=\"font-size: 15px;\"><em><span style=\"text-decoration: underline;\">Polo de Odontologia Digital Aplicado \u00e0 Educa\u00e7\u00e3o <\/span><\/em><\/span> (<span style=\"color: #0000ff;\"><span style=\"color: #0000ff;\">POD<\/span>A<\/span>E): <span style=\"color: #0000ff;\"><a style=\"color: #0000ff;\" href=\"https:\/\/www.forp.usp.br\/\">FORP<\/a><\/span> \/<a href=\"https:\/\/www5.usp.br\/\"><span style=\"color: #0000ff;\"> USP<\/span><\/a><\/span><\/span><\/span><\/span><\/strong><\/p>\n<hr style=\"width: 321px;\" \/>\n<\/div>\n<\/address>\n<hr \/>\n<\/div>\n<div style=\"text-align: center;\" align=\"justify\">\n<p><span style=\"font-size: 10px;\"><strong> Sum\u00e1rio <\/strong><\/span><span style=\"font-family: Arial;\"><strong><span style=\"font-size: 12px;\"><span style=\"color: #0000ff;\"><span style=\"color: #000000;\"><span style=\"color: #fd8725; font-size: 14px;\">\u2666 <\/span><\/span><\/span><\/span><\/strong><\/span><span style=\"font-family: Arial;\"><span style=\"font-family: Arial;\"><strong><span style=\"font-size: 12px;\"><span style=\"color: #0000ff;\"><span style=\"color: #000000;\"><span style=\"font-size: 10px;\"><span style=\"color: #000000;\"><strong><span style=\"font-size: 10px;\"> <span style=\"text-decoration: underline;\">Visitantes:<\/span> <\/span><\/strong><\/span><a href=\"https:\/\/contador.s12.com.br\"><img loading=\"lazy\" decoding=\"async\" class=\"\" src=\"https:\/\/contador.s12.com.br\/img-ZD5A0w39ZcZdWxAB-21.gif\" alt=\"contador de acesso gr\u00e1tis\" width=\"50\" height=\"10\" border=\"0\" \/><\/a><\/span><\/span><\/span><\/span><\/strong><\/span><\/span><\/p>\n<hr \/>\n<h3 style=\"font-size: 14px; text-align: left;\"><span style=\"color: #800080;\">Rev. Bras. Teleodonto. vol.1, no.1, S\u00e3o Paulo, mar.\/abr. 2005<\/span><\/h3>\n<table>\n<tbody>\n<tr>\n<td style=\"text-align: center;\" width=\"780\"><span style=\"color: #800080;\"><strong>Artigo Cient\u00edfico<\/strong><\/span><\/td>\n<td style=\"text-align: center;\" width=\"75\"><strong>Pag<\/strong><\/td>\n<\/tr>\n<tr>\n<td style=\"text-align: left;\" width=\"780\">Trabalho com os Pareceristas<\/td>\n<td style=\"text-align: center;\" width=\"75\"><span style=\"color: #0000ff;\"><strong>1<\/strong><\/span><\/td>\n<\/tr>\n<\/tbody>\n<\/table>\n<\/div>\n<table>\n<tbody>\n<tr>\n<td width=\"780\">Autor<\/td>\n<td style=\"text-align: center;\" width=\"75\"><span style=\"color: #0000ff;\"><strong>PDF<\/strong><\/span><\/td>\n<\/tr>\n<\/tbody>\n<\/table>\n<table>\n<tbody>\n<tr>\n<td width=\"780\">Trabalho com os Pareceristas<\/td>\n<td style=\"text-align: center;\" width=\"75\"><span style=\"color: #0000ff;\"><strong>2<\/strong><\/span><\/td>\n<\/tr>\n<\/tbody>\n<\/table>\n<table>\n<tbody>\n<tr>\n<td width=\"780\">Autor<\/td>\n<td style=\"text-align: center;\" width=\"75\"><span style=\"color: #0000ff;\"><strong>PDF<\/strong><\/span><\/td>\n<\/tr>\n<\/tbody>\n<\/table>\n<table>\n<tbody>\n<tr>\n<td style=\"text-align: center;\" width=\"780\"><\/td>\n<td width=\"75\"><\/td>\n<\/tr>\n<\/tbody>\n<\/table>\n<table>\n<tbody>\n<tr>\n<td style=\"text-align: center;\" width=\"780\"><span style=\"color: #800080;\"><strong>Revis\u00e3o da Literatura<\/strong><\/span><\/td>\n<td width=\"75\"><\/td>\n<\/tr>\n<\/tbody>\n<\/table>\n<table>\n<tbody>\n<tr>\n<td width=\"780\">Trabalho com os Parecerista<\/td>\n<td style=\"text-align: center;\" width=\"75\"><strong>3<\/strong><\/td>\n<\/tr>\n<\/tbody>\n<\/table>\n<table>\n<tbody>\n<tr>\n<td width=\"780\">Autor<\/td>\n<td style=\"text-align: center;\" width=\"75\"><span style=\"color: #0000ff;\"><strong>PDF<\/strong><\/span><\/td>\n<\/tr>\n<\/tbody>\n<\/table>\n<table>\n<tbody>\n<tr>\n<td width=\"780\"><\/td>\n<td width=\"75\"><\/td>\n<\/tr>\n<\/tbody>\n<\/table>\n<table>\n<tbody>\n<tr>\n<td style=\"text-align: center;\" width=\"780\"><span style=\"color: #800080;\"><strong>Caso Cl\u00ednico<\/strong><\/span><\/td>\n<td style=\"text-align: center;\" width=\"75\"><\/td>\n<\/tr>\n<\/tbody>\n<\/table>\n<table>\n<tbody>\n<tr>\n<td style=\"text-align: left;\" width=\"780\">Trabalho com os Pareceristas<\/td>\n<td style=\"text-align: center;\" width=\"75\"><strong><span style=\"color: #0000ff;\">4<\/span><\/strong><\/td>\n<\/tr>\n<\/tbody>\n<\/table>\n<table>\n<tbody>\n<tr>\n<td width=\"780\">Autor<\/td>\n<td style=\"text-align: center;\" width=\"75\"><strong>PDF<\/strong><\/td>\n<\/tr>\n<\/tbody>\n<\/table>\n<table>\n<tbody>\n<tr>\n<td width=\"780\"><\/td>\n<td width=\"75\"><\/td>\n<\/tr>\n<\/tbody>\n<\/table>\n<table>\n<tbody>\n<tr>\n<td width=\"780\"><\/td>\n<td width=\"75\"><\/td>\n<\/tr>\n<\/tbody>\n<\/table>\n<table>\n<tbody>\n<tr>\n<td width=\"780\"><\/td>\n<td width=\"75\"><\/td>\n<\/tr>\n<\/tbody>\n<\/table>\n<\/div>\n<table>\n<tbody>\n<tr>\n<td width=\"780\"><\/td>\n<td width=\"75\"><\/td>\n<\/tr>\n<\/tbody>\n<\/table>\n","protected":false},"excerpt":{"rendered":"<p>REVISTA BRASILEIRA DE TELEODONTOLOGIA ISNN 2448-1181 Rev. Bras. Teleodonto: Expediente \/ Volumes Polo de Odontologia [&hellip;]<\/p>\n","protected":false},"author":58,"featured_media":0,"parent":4101,"menu_order":0,"comment_status":"closed","ping_status":"closed","template":"","meta":{"footnotes":"","_links_to":"","_links_to_target":""},"class_list":["post-4136","page","type-page","status-publish","hentry"],"_links":{"self":[{"href":"https:\/\/sites.usp.br\/podae\/index.php?rest_route=\/wp\/v2\/pages\/4136","targetHints":{"allow":["GET"]}}],"collection":[{"href":"https:\/\/sites.usp.br\/podae\/index.php?rest_route=\/wp\/v2\/pages"}],"about":[{"href":"https:\/\/sites.usp.br\/podae\/index.php?rest_route=\/wp\/v2\/types\/page"}],"author":[{"embeddable":true,"href":"https:\/\/sites.usp.br\/podae\/index.php?rest_route=\/wp\/v2\/users\/58"}],"replies":[{"embeddable":true,"href":"https:\/\/sites.usp.br\/podae\/index.php?rest_route=%2Fwp%2Fv2%2Fcomments&post=4136"}],"version-history":[{"count":5,"href":"https:\/\/sites.usp.br\/podae\/index.php?rest_route=\/wp\/v2\/pages\/4136\/revisions"}],"predecessor-version":[{"id":6945,"href":"https:\/\/sites.usp.br\/podae\/index.php?rest_route=\/wp\/v2\/pages\/4136\/revisions\/6945"}],"up":[{"embeddable":true,"href":"https:\/\/sites.usp.br\/podae\/index.php?rest_route=\/wp\/v2\/pages\/4101"}],"wp:attachment":[{"href":"https:\/\/sites.usp.br\/podae\/index.php?rest_route=%2Fwp%2Fv2%2Fmedia&parent=4136"}],"curies":[{"name":"wp","href":"https:\/\/api.w.org\/{rel}","templated":true}]}}