{"id":4158,"date":"2019-05-24T16:05:35","date_gmt":"2019-05-24T19:05:35","guid":{"rendered":"http:\/\/sites.usp.br\/podae\/?page_id=4158"},"modified":"2019-05-25T09:38:06","modified_gmt":"2019-05-25T12:38:06","slug":"4158-2","status":"publish","type":"page","link":"https:\/\/sites.usp.br\/podae\/?page_id=4158","title":{"rendered":"08 F\u00f3rum Pedag\u00f3gico Online (Odontologia): Atua\u00e7\u00e3o Cl\u00ednica (PPR) &#8211; Diversidade dos Conhecimentos"},"content":{"rendered":"<address><em><span style=\"color: #ff0000; font-size: 14px;\">\u2666 <strong><span style=\"font-size: 10px;\"><span style=\"color: #0000ff;\"><span style=\"color: #ff0000;\"><span style=\"color: #000000;\"><span style=\"color: #000000; font-size: 14px;\">Silvana Maria Paulino\u00a0<\/span>&#8211; <span style=\"color: #0000ff;\"><a style=\"color: #0000ff;\" href=\"http:\/\/buscatextual.cnpq.br\/buscatextual\/email.do?metodo=apresentar&amp;seqIdPessoa=245096&amp;nomeDestinatario=Silvana_Maria_Paulino\">E-mail<\/a><\/span> &#8211; <span style=\"color: #0000ff;\"><a style=\"color: #0000ff;\" href=\"http:\/\/lattes.cnpq.br\/6289153906668403\">Curr\u00edculo Latte<\/a><a style=\"color: #0000ff;\" href=\"http:\/\/lattes.cnpq.br\/0766526295769877\">s<\/a> <\/span>&#8211;\u00a0<\/span><\/span><\/span><\/span><\/strong><\/span><\/em><\/address>\n<address>\n<address><em><span style=\"color: #ff0000; font-size: 14px;\">\u2666 <\/span><\/em><span style=\"color: #ff0000;\"><span style=\"font-size: 10px;\"><strong><span style=\"color: #0000ff;\"><em><span style=\"color: #000000; font-size: 14px;\">L<\/span><\/em><\/span><\/strong><\/span><\/span><span style=\"color: #ff0000;\"><span style=\"font-size: 10px;\"><strong><span style=\"color: #0000ff;\"><em><span style=\"color: #000000; font-size: 14px;\">uiz Carlos Pardini &#8211;<\/span><\/em> <\/span><\/strong><\/span><\/span><span style=\"font-size: 10px;\"><strong><span style=\"color: #0000ff;\"><span style=\"color: #ff0000;\"><span style=\"color: #000000;\"><a style=\"color: #0000ff;\" href=\"https:\/\/uspdigital.usp.br\/telefonia\/telFormularioEmail.jsp?codigoPessoaUsuario=0&amp;codigoPessoa=75623&amp;nomePessoa=Luiz Carlos Pardini&amp;print=s\">E-mail<\/a>\u00a0 <em><span style=\"color: #000000; font-size: 14px;\">&#8211;<\/span><\/em> <a style=\"color: #0000ff;\" href=\"http:\/\/buscatextual.cnpq.br\/buscatextual\/visualizacv.do?metodo=apresentar&amp;id=K4796807T1\">Curr\u00edculo Lattes<\/a> &#8211; <span style=\"color: #0000ff;\"><a style=\"color: #0000ff;\" href=\"https:\/\/sites.usp.br\/podae\/?page_id=3338\">Informa\u00e7\u00f5es adicionais<\/a><\/span><\/span><\/span><\/span><\/strong><\/span><\/address>\n<\/address>\n<address>\n<address style=\"text-align: right;\">\n<hr style=\"width: 321px;\" \/>\n<\/address>\n<\/address>\n<hr \/>\n<address style=\"text-align: right;\"><strong><span style=\"font-size: 12px;\"><span style=\"font-size: 10px;\"><span style=\"font-family: Arial;\"><span style=\"color: #0000ff;\"><span style=\"color: #000000;\">Publica\u00e7\u00e3o Anual<\/span> <\/span><\/span><span style=\"font-size: 12pxpx;\"><span style=\"font-family: Arial;\"><span style=\"color: #0000ff;\">(<\/span><\/span><\/span><span style=\"font-size: 12pxpx;\"><span style=\"font-family: Arial;\"><span style=\"color: #0000ff;\"><em><span style=\"color: #000000;\"><span style=\"text-decoration: underline;\">Suplemento<\/span><\/span><\/em>: <a style=\"color: #0000ff;\" href=\"https:\/\/sites.usp.br\/podae\/?page_id=3605\">Sum\u00e1rio<\/a><\/span><\/span><\/span><span style=\"font-size: 12pxpx;\"><span style=\"font-family: Arial;\"><span style=\"color: #0000ff;\"><span style=\"color: #000000;\">) \/ Maio e Outubro 2011 \/ <\/span><\/span><\/span><\/span><span style=\"color: #0000ff;\"><a style=\"color: #0000ff;\" href=\"https:\/\/sites.usp.br\/podae\/?page_id=3645\"><span style=\"font-size: 12pxpx;\"><span style=\"font-family: Arial;\">1<\/span><\/span><span style=\"font-size: 12pxpx;\"><span style=\"font-family: Arial;\">\u00aa F\u00f3rum Pedag\u00f3gico Online<\/span><\/span><\/a><\/span>\u00a0\/ p\u00e1gina 8<\/span><\/span><\/strong><\/address>\n<hr \/>\n<p><strong><span style=\"color: #000000; font-family: Arial;\"><span style=\"font-size: 12px; line-height: 18px;\">PAULINO. S.M; PARDINI, L.C. F\u00f3rum Pedag\u00f3gico Online (Odontologia): Atua\u00e7\u00e3o Cl\u00ednica (PPR) &#8211; Diversidade dos Conhecimento. Encicl. Bras.Teleodontol., Volume 1 (<a href=\"https:\/\/sites.usp.br\/podae\/?page_id=3342\"><span style=\"color: #0000ff;\">S\u00e9rie F<\/span><\/a>): p\u00e1gina 8, maio, 2011. Suplemento. ISSN 2448-1181<\/span><\/span><\/strong><\/p>\n<hr \/>\n<p style=\"text-align: justify;\"><span style=\"font-family: Arial;\"><strong>Forma\u00e7\u00e3o Acad\u00eamica<\/strong>\u00a0na \u00e1rea da Sa\u00fade (Odontologia) deve contemplar as a\u00e7\u00f5es pedag\u00f3gicas relacionadas compet\u00eancia e habilidade do Educando para a atua\u00e7\u00e3o profissional:\u00a0<\/span><span style=\"font-family: Arial;\"><strong>Cirurgi\u00e3o &#8211; Dentista. <\/strong>\u00a0<\/span><\/p>\n<p style=\"text-align: justify;\"><span style=\"font-family: Arial;\"><strong>SILVANA<\/strong> (1995) destaca que dentre as \u00e1reas educacionais do Ensino e do Aprendizado, na \u00e1rea da Sa\u00fade (Odontologia), os conhecimentos t\u00e9cnicos e cient\u00edficos devem contribuir para o acolhimento dos pacientes, parcialmente desdentado, com informa\u00e7\u00f5es advindas do Diagn\u00f3stico, Planejamento, Progn\u00f3stico, Tratamento e Controle Peri\u00f3dico para a confec\u00e7\u00e3o e instala\u00e7\u00e3o da Pr\u00f3tese Parcial Remov\u00edvel (<strong>PPR<\/strong>).<\/span><\/p>\n<p style=\"text-align: justify;\"><span style=\"font-family: Arial;\">Atua\u00e7\u00e3o Cl\u00ednica (profissional:\u00a0<strong>Cirurgi\u00e3o &#8211; Dentista<\/strong>) demonstra a necessidade de ampliar a diversidade dos conhecimentos com informa\u00e7\u00f5es advinda da Literatura Cient\u00edfica [1,2,3,4,5] e tem demonstrado a necessidade de constante atualiza\u00e7\u00e3o para o restabelecimento da Sa\u00fade Bucal com os benef\u00edcios da\u00a0Pr\u00f3tese Parcial Remov\u00edvel (<strong>PPR<\/strong>).<\/span><\/p>\n<p style=\"text-align: justify;\"><span style=\"font-family: Arial;\">Neste s\u00e9culo XXI de divulga\u00e7\u00f5es cient\u00edficas (processos t\u00e9cnicos) e a\u00e7\u00f5es\u00a0<\/span><span style=\"font-family: Arial;\">co<\/span><span style=\"font-family: Arial;\">mportamentais do Educando (Aluno: Aprendiz) na \u00e1rea da Sa\u00fade (Odontologia: Pr\u00f3tese Parcial Remov\u00edvel &#8211; PPR) o Curr\u00edculo (Grade Curricular) devem contribui com incentivar e despertar o interesse do atualiza\u00e7\u00f5es profissionais em atividades que\u00a0<\/span><span style=\"font-family: Arial;\">amplie as a\u00e7\u00f5es profissionais tendo em considera\u00e7\u00e3o a\u00a0<\/span><span style=\"font-family: Arial;\">satisfa\u00e7\u00e3o do paciente, como tamb\u00e9m a apar\u00eancia, a estabilidade, a mastiga\u00e7\u00e3o a fon\u00e9tica.<\/span><\/p>\n<p style=\"text-align: justify;\"><span style=\"font-family: Arial;\">Portanto \u00e9 necess\u00e1rio constante acompanhamento <\/span><span style=\"font-family: Arial;\">(profissional:\u00a0<\/span><strong style=\"font-family: Arial;\">Cirurgi\u00e3o &#8211; Dentista<\/strong><span style=\"font-family: Arial;\">) d<\/span><span style=\"font-family: Arial;\">os pacientes portadores Pr\u00f3tese Parcial Remov\u00edvel &#8211; PPR) e atualiza\u00e7\u00e3o dos conhecimentos [1,2,3,4,5].\u00a0\u00a0<\/span><\/p>\n<hr \/>\n<div align=\"justify\">\n<div align=\"justify\">\n<div align=\"justify\">\n<div align=\"justify\">\n<div align=\"justify\">\n<div align=\"justify\">\n<div align=\"justify\">\n<div align=\"justify\">\n<div align=\"justify\"><span style=\"font-size: 12px;\"><em><strong><span style=\"text-decoration: underline;\">REFER\u00caNCIAS<\/span><\/strong><\/em><\/span><\/div>\n<div style=\"font-size: 12px;\" align=\"justify\">\n<div align=\"justify\">1. PAULINO, S.M.\u00a0 Pr\u00f3teses Parciais Remov\u00edveis: uma an\u00e1lise in vivo&#8221; de 105 pacientes. Faculdade de Odontologia de Ribeir\u00e3o Preto, Programa de Reabilita\u00e7\u00e3o Oral(Dourado), 1995 [Orientador: <strong><span style=\"color: #0000ff;\"><a style=\"color: #0000ff;\" href=\"http:\/\/lattes.cnpq.br\/6804071459907042\">Heitor Panzeri<\/a><\/span><\/strong>]<\/div>\n<div align=\"justify\">2. BULGARELLI, A. F.; SILVA, A.B.M.; PAULINO, S.M.; WATANABE, P.C.A.; PARDINI, L.C. Cisto de reten\u00e7\u00e3o do seio maxilar &#8211; considera\u00e7\u00f5es para o cl\u00ednico geral. Rev. Assoc. Paul. Cirurgi\u00f5es-Dentistas, 56(3):178-181. 2002. [impresso]<\/div>\n<div align=\"justify\">3. BULGARELLI, A. F. ; TURIM, C. V. ; SILVA, A. B. M. ; PAULINO, S. M. ; WATANABE, P. C. A. ; PARDINI, L. C. . Sialografia, elemento fundamental para diagn\u00f3stico de lit\u00edase salivar. Jornal Brasileiro de Cl\u00ednica &amp; Est\u00e9tica em Odontologia, 5(29):426-428, 2001.\u00a0[impresso]<\/div>\n<div align=\"justify\">4. PAULINO, S.M.; SOUZA FILHO, C.B.; SILVA, A.B.M.; PARDINI, L. C.Proyecto asociado de pr\u00f3tesis parcial removible con pr\u00f3tesis parcial fija &#8211; relato de dos casos cl\u00ednicos. Rev Instituto de Ci\u00eancias da Sa\u00fade (UNIP), 19(1):63-67, 2001. [impresso]<\/div>\n<div align=\"justify\">5. PAULINO, S. M.; SOUZA FILHO, C.B.; CINTRA, L. F. ; SILVA, A. B. M. ; PARDINI, L. C. Pr\u00f3teses parciais remov\u00edveis de extremidade livre. Crit\u00e9rios para o seu planejamento. Revista do CROMG,\u00a0 \u00a07(3): 138-143, 2001.\u00a0 [impresso].<\/div>\n<\/div>\n<\/div>\n<\/div>\n<\/div>\n<\/div>\n<\/div>\n<\/div>\n<\/div>\n<\/div>\n<div align=\"justify\">\n<div align=\"justify\">\n<div style=\"text-align: center;\" align=\"justify\">\n<address style=\"text-align: right;\">\n<hr \/>\n<hr \/>\n<\/address>\n<\/div>\n<\/div>\n<div style=\"text-align: left;\" align=\"center\">\n<div style=\"text-align: center;\" align=\"center\">\n<div align=\"justify\">\n<p><span style=\"font-size: 10px;\"><strong><span style=\"color: #ff0000; font-size: 10px;\"><span style=\"color: #ff0000; font-size: 14px;\">\u2666<\/span><\/span> Universidade de S\u00e3o Paulo (<span style=\"color: #0000ff;\"><a style=\"color: #0000ff;\" href=\"http:\/\/www5.usp.br\/\">USP<\/a><\/span> \/ <span style=\"color: #0000ff;\"><a style=\"color: #0000ff;\" href=\"https:\/\/uspdigital.usp.br\/wsusuario\/\">SistemasUSP<\/a><\/span>), Faculdade de Odontologia de Ribeir\u00e3o (<\/strong><\/span><span style=\"font-size: 10px;\"><strong><span style=\"color: #0000ff;\"><a style=\"color: #0000ff;\" href=\"http:\/\/www.forp.usp.br\/\">FORP<\/a><\/span><\/strong><\/span><span style=\"font-size: 10px;\"><strong> \/ <span style=\"color: #0000ff;\"><a style=\"color: #0000ff;\" href=\"http:\/\/www.prpg.usp.br\/index.php\/pt-br\/faca-pos-na-usp\/ache-um-programa?art_title=&amp;unidades%5B%5D=Faculdade+de+Odontologia+de+Ribeir%C3%A3o+Preto&amp;area_pos_graduacao%5B%5D=Ci%C3%AAncias+Biol%C3%B3gicas+e+da+Sa%C3%BAde&amp;art_language=pt-BR&amp;boxchecked=0&amp;search=programas_de_ps_graduaco&amp;task=search\">PgPG<\/a><\/span>: <span style=\"color: #0000ff;\"><a style=\"color: #0000ff;\" href=\"http:\/\/www.prpg.usp.br\/index.php\/pt-br\/faca-pos-na-usp\/programas-de-pos-graduacao\/193-odontologia-reabilitacao-oral\">Reabilita\u00e7\u00e3o Oral<\/a>.<\/span><\/strong><\/span><\/p>\n<hr \/>\n<p><span style=\"font-size: 10px;\"><strong><span style=\"text-decoration: underline;\">Recebido<\/span> 2\/05\/2011 &#8211; <span style=\"color: #0000ff;\"><a href=\"https:\/\/sites.usp.br\/podae\/?page_id=3336\"><span style=\"color: #0000ff;\">Pareceris<\/span>ta<\/a> 2<\/span>\/05\/2011 &#8211; <span style=\"text-decoration: underline;\">Publicado<\/span> 02\/05\/2011 &#8211; Enciclop\u00e9dia Brasileira de Teleodontologia &#8211;\u00a0\u00a0<\/strong><\/span><strong style=\"font-size: 10px; text-align: center;\">ISSN <span style=\"color: #0000ff;\"><a style=\"color: #0000ff;\" href=\"https:\/\/portal.issn.org\/resource\/ISSN\/2448-1181#\">2448-1181\u00a0<\/a><\/span><\/strong><\/p>\n<\/div>\n<\/div>\n<hr \/>\n<\/div>\n<address style=\"text-align: right;\">\u00a0<\/address>\n<\/div>\n","protected":false},"excerpt":{"rendered":"<p>\u2666 Silvana Maria Paulino\u00a0&#8211; E-mail &#8211; Curr\u00edculo Lattes &#8211;\u00a0 \u2666 Luiz Carlos Pardini &#8211; E-mail\u00a0 [&hellip;]<\/p>\n","protected":false},"author":58,"featured_media":0,"parent":3954,"menu_order":0,"comment_status":"closed","ping_status":"closed","template":"","meta":{"footnotes":"","_links_to":"","_links_to_target":""},"class_list":["post-4158","page","type-page","status-publish","hentry"],"_links":{"self":[{"href":"https:\/\/sites.usp.br\/podae\/index.php?rest_route=\/wp\/v2\/pages\/4158","targetHints":{"allow":["GET"]}}],"collection":[{"href":"https:\/\/sites.usp.br\/podae\/index.php?rest_route=\/wp\/v2\/pages"}],"about":[{"href":"https:\/\/sites.usp.br\/podae\/index.php?rest_route=\/wp\/v2\/types\/page"}],"author":[{"embeddable":true,"href":"https:\/\/sites.usp.br\/podae\/index.php?rest_route=\/wp\/v2\/users\/58"}],"replies":[{"embeddable":true,"href":"https:\/\/sites.usp.br\/podae\/index.php?rest_route=%2Fwp%2Fv2%2Fcomments&post=4158"}],"version-history":[{"count":5,"href":"https:\/\/sites.usp.br\/podae\/index.php?rest_route=\/wp\/v2\/pages\/4158\/revisions"}],"predecessor-version":[{"id":4188,"href":"https:\/\/sites.usp.br\/podae\/index.php?rest_route=\/wp\/v2\/pages\/4158\/revisions\/4188"}],"up":[{"embeddable":true,"href":"https:\/\/sites.usp.br\/podae\/index.php?rest_route=\/wp\/v2\/pages\/3954"}],"wp:attachment":[{"href":"https:\/\/sites.usp.br\/podae\/index.php?rest_route=%2Fwp%2Fv2%2Fmedia&parent=4158"}],"curies":[{"name":"wp","href":"https:\/\/api.w.org\/{rel}","templated":true}]}}