{"id":4293,"date":"2019-06-07T16:58:06","date_gmt":"2019-06-07T19:58:06","guid":{"rendered":"http:\/\/sites.usp.br\/podae\/?page_id=4293"},"modified":"2019-07-22T11:31:40","modified_gmt":"2019-07-22T14:31:40","slug":"00-4o-forum-pedagogico-online-autodidata-caracteristica-educacional-como-participar","status":"publish","type":"page","link":"https:\/\/sites.usp.br\/podae\/?page_id=4293","title":{"rendered":"00 4\u00ba F\u00f3rum Pedag\u00f3gico Online (Autodidata): Caracter\u00edstica Educacional. Como Participar?"},"content":{"rendered":"<p style=\"text-align: center;\"><span style=\"font-family: Arial;\"><strong>Enciclop\u00e9dia Brasileira de Teleodontologia<\/strong><\/span><\/p>\n<p style=\"text-align: center;\"><strong><span style=\"font-size: 14px;\"><span style=\"font-family: Arial;\"><span style=\"color: #0000ff;\"><em><span style=\"color: #000000;\"><span style=\"text-decoration: underline;\"><a href=\"https:\/\/sites.usp.br\/podae\/?page_id=3664\"><span style=\"color: #0000ff;\">4\u00ba F\u00f3rum Pedag\u00f3gico Online<\/span><\/a><br \/>\n<\/span><\/span><\/em><\/span><\/span><\/span><\/strong><\/p>\n<p style=\"text-align: center;\"><strong><span style=\"font-size: 14px;\"><span style=\"font-family: Arial;\"><span style=\"color: #0000ff;\"><span style=\"color: #000000;\"><span style=\"font-size: 15px;\"><em><span style=\"text-decoration: underline;\">Tema<\/span><\/em><\/span>: Caracter\u00edsticas Educacionais (Atividades Acad\u00eamicas<\/span><\/span><\/span><\/span><\/strong><span style=\"font-size: 14px;\"><span style=\"font-family: Arial;\"><span style=\"color: #0000ff;\"><span style=\"color: #000000;\">)<\/span><\/span><\/span><\/span><strong><span style=\"font-size: 14px;\"><span style=\"font-family: Arial;\"><br \/>\n<\/span><\/span><\/strong><strong><span style=\"font-size: 14px;\"><span style=\"font-family: Arial;\"><span style=\"color: #0000ff;\"><span style=\"color: #000000;\"><span style=\"font-size: 15px;\"><em><span style=\"text-decoration: underline;\">Eixo Educacional<\/span><\/em><\/span>: Perfil Profissional <\/span><\/span><\/span><\/span><\/strong><span style=\"font-size: 14px;\"><span style=\"font-family: Arial;\">(<\/span><\/span><strong><span style=\"font-size: 14px;\"><span style=\"font-family: Arial;\">Educando e Educador<\/span><\/span><\/strong><span style=\"font-size: 14px;\"><span style=\"font-family: Arial;\">) <\/span><\/span><\/p>\n<hr \/>\n<div style=\"text-align: left;\" align=\"center\">\n<p style=\"text-align: center;\"><span style=\"font-family: Arial;\"><strong><span style=\"font-size: 12px;\"><span style=\"color: #0000ff;\"><span style=\"color: #000000;\"> <span style=\"color: #fd8725; font-size: 14px;\">\u2666 <\/span><\/span><\/span><\/span><\/strong><\/span><span style=\"font-family: Arial;\"><strong><span style=\"font-size: 12px;\"><span style=\"color: #0000ff;\"><span style=\"color: #000000;\"><span style=\"font-size: 10px;\">Enciclop\u00e9dia Brasileira de Teleodontologia, Volume 4 (<a style=\"color: #0000ff;\" href=\"https:\/\/sites.usp.br\/podae\/?page_id=3342\">S\u00e9rie F<\/a>): Maio \/ Outubro \/ 2014 \/ Suplemento (<span style=\"color: #0000ff;\"><a style=\"color: #0000ff;\" href=\"https:\/\/sites.usp.br\/podae\/?page_id=3605\">Sum\u00e1rio<\/a>) <\/span><\/span><\/span><\/span><\/span><\/strong><\/span><\/p>\n<hr \/>\n<\/div>\n<p style=\"text-align: justify;\"><span style=\"font-family: Arial;\"><strong>4\u00ba F\u00f3rum Pedag\u00f3gico Online,<\/strong> promovido pela Equipe do <strong>Polo de Odontologia Digital Aplicado \u00e0 Educa\u00e7\u00e3o <\/strong>(<strong><span style=\"color: #0000ff;\"><a style=\"color: #0000ff;\" href=\"https:\/\/sites.usp.br\/podae\/\">PODA<\/a><\/span>E),<\/strong> est\u00e1 associado com a\u00e7\u00f5es educadoras da <strong>Enciclop\u00e9dia Brasileira de Teleodontologia<\/strong> (ISSN 2448-1181 &#8211; <strong>Encicl. Bras. Teleodontol<\/strong>.). A miss\u00e3o \u00e9 contribui para a <strong>Forma\u00e7\u00e3o Acad\u00eamica<\/strong> <strong>e Profissional<\/strong> estimulando a <strong>Inclus\u00e3o Digital<\/strong> e a <strong>Discuss\u00e3o Participativa<\/strong> (<strong>Di\u00e1logo Interativo<\/strong>) estimulando a busca do saber: &#8220;Estudo Pessoal&#8221;.<\/span><\/p>\n<p style=\"text-align: justify;\"><span style=\"font-family: Arial;\"><strong>4\u00ba F\u00f3rum Pedag\u00f3gico Online<\/strong> gera e motiva as continuas a\u00e7\u00f5es do &#8220;buscar&#8217; e da &#8220;procurar&#8221; com atualiza\u00e7\u00f5es que est\u00e3o sempre e rapidamente disponibilizadas (&#8220;Livre Acesso&#8221;) nos multimeios (Tecnologia da Informa\u00e7\u00e3o &#8211; TI), com destaque para <strong>World Wide Web<\/strong> (WWW): <strong>Rede Mundial de Computador<\/strong> (&#8220;Internet&#8221;).<\/span><\/p>\n<p style=\"text-align: justify;\"><span style=\"font-family: Arial;\"><strong>4\u00ba F\u00f3rum Pedag\u00f3gico Online<\/strong> publica conte\u00fados com informa\u00e7\u00f5es (t\u00e9cnicas e cient\u00edficas) enviadas por Educadores, Educando e Pesquisadores<\/span><span style=\"font-family: Arial;\">. <\/span><\/p>\n<p style=\"text-align: justify;\"><span style=\"font-family: Arial;\"><strong>1\u00ba F\u00f3rum Pedag\u00f3gico Online<\/strong> publica no formato de &#8220;<strong>Hipertexto<\/strong>&#8221; (<\/span><span style=\"font-family: Arial;\"><strong>Titulo,<\/strong> <strong>Conte\u00fado e Refer\u00eancias<\/strong>) associados ao &#8220;<strong><span style=\"font-size: 14px;\"><span style=\"font-size: 15px;\"><em><span style=\"color: #000000;\"><span style=\"text-decoration: underline;\">Tema do Evento<\/span><\/span><\/em><\/span><\/span><\/strong>&#8220;. S\u00e3o disponibilizados (<em>publicados periodicamente<\/em>), em meses espec\u00edficos objetivando o amplo debate cient\u00edfico e a intersec\u00e7\u00e3o educacional: \u00c1rea da Sa\u00fade (\u00c1reas Correlatas: Humanas e Exatas).<\/span><\/p>\n<p style=\"text-align: justify;\"><span style=\"font-family: Arial;\"><strong>4\u00ba F\u00f3rum Pedag\u00f3gico Online <\/strong>estabelece condi\u00e7\u00f5es para a<strong> &#8220;Formata\u00e7\u00e3o&#8221; <\/strong>compat\u00edvel com os crit\u00e9rios da proposta educacional: Obedecer as &#8220;<a href=\"https:\/\/sites.usp.br\/podae\/?page_id=3395\"><strong><span style=\"color: #0000ff;\">Normas de Publica\u00e7\u00e3o<\/span><\/strong><\/a>&#8220;. O Autor Respons\u00e1vel dever\u00e1 enviar: arquivo.doc (Editor Chefe): <a href=\"https:\/\/sites.usp.br\/podae\/?page_id=3323\"><em><strong><span style=\"color: #0000ff;\">E-Mail<\/span><\/strong><\/em><\/a><\/span><\/p>\n<p style=\"text-align: center;\"><span style=\"font-family: Arial;\"><strong><span style=\"font-size: 14px;\"><span style=\"font-size: 15px;\"><em><span style=\"color: #000000;\"><span style=\"text-decoration: underline;\">Data Limite<\/span><\/span><\/em><\/span><\/span><\/strong>: <strong>2014<\/strong><\/span><\/p>\n<ul>\n<li style=\"text-align: justify;\"><span style=\"font-family: Arial;\">1\u00ba Semestre (at\u00e9 31 de Maio)<\/span><\/li>\n<li style=\"text-align: justify;\"><span style=\"font-family: Arial;\">2\u00ba Semestre (at\u00e9 31 de Outubro)<br \/>\n<\/span><\/li>\n<\/ul>\n<p>&nbsp;<\/p>\n<p style=\"text-align: justify;\"><span style=\"font-family: Arial;\"><strong>4\u00ba F\u00f3rum Pedag\u00f3gico Online<\/strong> contar\u00e1 com Avalia\u00e7\u00f5es Volunt\u00e1rias dos <a href=\"https:\/\/sites.usp.br\/podae\/?page_id=3336\"><strong><span style=\"color: #0000ff;\">Pareceristas<\/span><\/strong><\/a> que analisar\u00e3o o &#8220;Texto Online&#8221; (Hipertexto): Aprova\u00e7\u00e3o, Reprova\u00e7\u00e3o ou Reformula\u00e7\u00e3o (Reenviar em 7 dias). <\/span><span style=\"font-family: Arial;\"><strong>Publica\u00e7\u00e3o Online <\/strong>(Suplemento): Ordem de recebimento e devida aceita\u00e7\u00e3o do Editor.<\/span><\/p>\n<p style=\"text-align: justify;\"><span style=\"font-family: Arial;\">Neste s\u00e9culo XXI a modernidade tecnol\u00f3gica \u00e9 a ferramenta dos conhecimentos digitais de f\u00e1cil acesso para ampliar a atua\u00e7\u00e3o educacional e profissional. <\/span><\/p>\n<p style=\"text-align: right;\"><span style=\"font-family: Arial;\"><strong>Equipe Editorial<\/strong><\/span><\/p>\n<hr \/>\n<div align=\"justify\"><span style=\"font-size: 10px;\"><strong><span style=\"text-decoration: underline;\">Publicado<\/span>:<\/strong> 03\/05\/2014<br \/>\n<\/span><\/div>\n<div style=\"text-align: center;\" align=\"justify\">\n<hr \/>\n<hr \/>\n<p><span style=\"font-size: 10px;\"><strong>Enciclop\u00e9dia Brasileira de Teleodontologia<\/strong> &#8211; <strong>ISSN <span style=\"color: #0000ff;\"><a style=\"color: #0000ff;\" href=\"https:\/\/portal.issn.org\/resource\/ISSN\/2448-1181#\">2448-1181 <\/a><\/span><\/strong><\/span><\/p>\n<\/div>\n<div style=\"text-align: left;\" align=\"center\">\n<hr \/>\n<\/div>\n","protected":false},"excerpt":{"rendered":"<p>Enciclop\u00e9dia Brasileira de Teleodontologia 4\u00ba F\u00f3rum Pedag\u00f3gico Online Tema: Caracter\u00edsticas Educacionais (Atividades Acad\u00eamicas) Eixo Educacional: [&hellip;]<\/p>\n","protected":false},"author":58,"featured_media":0,"parent":3664,"menu_order":0,"comment_status":"closed","ping_status":"closed","template":"","meta":{"footnotes":"","_links_to":"","_links_to_target":""},"class_list":["post-4293","page","type-page","status-publish","hentry"],"_links":{"self":[{"href":"https:\/\/sites.usp.br\/podae\/index.php?rest_route=\/wp\/v2\/pages\/4293","targetHints":{"allow":["GET"]}}],"collection":[{"href":"https:\/\/sites.usp.br\/podae\/index.php?rest_route=\/wp\/v2\/pages"}],"about":[{"href":"https:\/\/sites.usp.br\/podae\/index.php?rest_route=\/wp\/v2\/types\/page"}],"author":[{"embeddable":true,"href":"https:\/\/sites.usp.br\/podae\/index.php?rest_route=\/wp\/v2\/users\/58"}],"replies":[{"embeddable":true,"href":"https:\/\/sites.usp.br\/podae\/index.php?rest_route=%2Fwp%2Fv2%2Fcomments&post=4293"}],"version-history":[{"count":4,"href":"https:\/\/sites.usp.br\/podae\/index.php?rest_route=\/wp\/v2\/pages\/4293\/revisions"}],"predecessor-version":[{"id":5129,"href":"https:\/\/sites.usp.br\/podae\/index.php?rest_route=\/wp\/v2\/pages\/4293\/revisions\/5129"}],"up":[{"embeddable":true,"href":"https:\/\/sites.usp.br\/podae\/index.php?rest_route=\/wp\/v2\/pages\/3664"}],"wp:attachment":[{"href":"https:\/\/sites.usp.br\/podae\/index.php?rest_route=%2Fwp%2Fv2%2Fmedia&parent=4293"}],"curies":[{"name":"wp","href":"https:\/\/api.w.org\/{rel}","templated":true}]}}