{"id":4322,"date":"2019-10-09T14:37:54","date_gmt":"2019-10-09T17:37:54","guid":{"rendered":"http:\/\/sites.usp.br\/podae\/?page_id=4322"},"modified":"2019-10-10T08:13:08","modified_gmt":"2019-10-10T11:13:08","slug":"andiara-de-rossi-daldegan","status":"publish","type":"page","link":"https:\/\/sites.usp.br\/podae\/?page_id=4322","title":{"rendered":"Andiara De Rossi Daldegan"},"content":{"rendered":"<p style=\"text-align: center;\"><strong><span style=\"font-size: 12px;\"><span style=\"font-family: Arial;\"><a href=\"https:\/\/sites.usp.br\/podae\/?page_id=120\"><span style=\"color: #0000ff;\">Enciclop\u00e9dia Brasileira de Teleodontologia<\/span><\/a>\u00a0\u00a0 <\/span><\/span><\/strong><span style=\"font-size: 12px;\"><span style=\"font-family: Arial;\">\/<\/span><\/span><strong><span style=\"font-size: 12px;\"><span style=\"font-family: Arial;\">\u00a0\u00a0<\/span><\/span><\/strong><strong><span style=\"font-size: 12px;\"><span style=\"font-family: Arial;\"><span style=\"color: #0000ff;\"><a style=\"color: #0000ff;\" href=\"https:\/\/sites.usp.br\/podae\/?page_id=10\">Revista Brasileira de Teleodontologia<\/a><\/span><\/span><\/span><\/strong><strong><span style=\"font-size: 12px;\"><span style=\"font-family: Arial;\">\u00a0\u00a0<\/span><\/span><\/strong><\/p>\n<p style=\"text-align: center;\"><strong><span style=\"font-size: 14px;\"><span style=\"font-family: Arial;\"><a href=\"https:\/\/sites.usp.br\/podae\/?page_id=3336\"><span style=\"color: #0000ff;\">LISTA<\/span><\/a>\u00a0<\/span><\/span><\/strong><span style=\"font-size: 14px;\"><span style=\"font-family: Arial;\">(<\/span><\/span><strong><span style=\"font-size: 14px;\"><span style=\"font-family: Arial;\">\u201cReferees\u201d<\/span><\/span><\/strong><span style=\"font-size: 14px;\"><span style=\"font-family: Arial;\">)<\/span><\/span><span style=\"font-size: 14px;\"><span style=\"font-family: Arial;\">:<\/span><\/span><strong><span style=\"font-size: 14px;\"><span style=\"font-family: Arial;\"> Assessor <\/span><\/span><\/strong><span style=\"font-size: 14px;\"><span style=\"font-family: Arial;\">\/<\/span><\/span><strong><span style=\"font-size: 14px;\"><span style=\"font-family: Arial;\"> Parecerista <\/span><\/span><\/strong><span style=\"font-size: 14px;\"><span style=\"font-family: Arial;\">\/<\/span><\/span><strong><span style=\"font-size: 14px;\"><span style=\"font-family: Arial;\"> Relator <\/span><\/span><\/strong><span style=\"font-size: 14px;\"><span style=\"font-family: Arial;\">\/<\/span><\/span><strong><span style=\"font-size: 14px;\"><span style=\"font-family: Arial;\"> Consultor\u00a0<\/span><\/span><\/strong><span style=\"font-size: 14px;\"><span style=\"font-family: Arial;\">&#8211;\u00a0<\/span><\/span><strong><span style=\"font-size: 14px;\"><span style=\"font-family: Arial;\">Publica\u00e7\u00e3o Cient\u00edfica Online <\/span><\/span><\/strong><span style=\"color: #ff0000;\"><span style=\"font-size: 10px;\"><strong><span style=\"color: #0000ff;\"><br \/>\n<\/span><\/strong><\/span><\/span><\/p>\n<hr \/>\n<address>\n<address style=\"text-align: right;\">\n<hr style=\"width: 321px;\" \/>\n<\/address>\n<\/address>\n<hr \/>\n<p><em><strong><span style=\"font-size: 12px;\"><span style=\"color: #ff0000; font-size: 14px;\">\u2666 <\/span><\/span><\/strong><\/em><em><em><span style=\"color: #ff0000;\"><em><strong><span style=\"color: #000000; font-size: 14px;\">Andiara De Rossi Daldegan <\/span><\/strong><\/em><\/span><\/em><\/em><span style=\"color: #ff0000;\"><span style=\"color: #ff0000;\"><span style=\"font-size: 10px;\"><strong><span style=\"color: #0000ff;\"><span style=\"color: #000000;\"><em><span style=\"color: #000000; font-size: 14px;\">&#8211; <\/span><\/em><span style=\"color: #0000ff; font-size: 10px;\"><a style=\"color: #0000ff;\" href=\"http:\/\/buscatextual.cnpq.br\/buscatextual\/email.do?metodo=apresentar&amp;seqIdPessoa=184849&amp;nomeDestinatario=Andiara_De_Rossi_Daldegan\">E-mail<\/a> <span style=\"color: #000000;\"><em>&#8211; <\/em><\/span><a style=\"color: #0000ff;\" href=\"http:\/\/lattes.cnpq.br\/0775155007149782\">Curr\u00edculo Lat<\/a><a style=\"color: #0000ff;\" href=\"http:\/\/buscatextual.cnpq.br\/buscatextual\/visualizacv.do?id=K4766860U4&amp;tokenCaptchar=03AOLTBLTwsF3TWlkvNOCtBB_N-cjUzmjgqQGrfgvx4nMfRUh2KmJ466jH9b9L17XAzBI1m1ZPQXUYGbUN7bqP496x8ooWUsIyTJmoikmT264t-87jCB0BISiLd7f4jq_xLBpIz8tm5UGk-NM6vRu4pZiGzaFiX3twZRjECZUhQu95zgmwewxpct3y_zIbFVJuGHFgE87wCHV7Ui1bbdJqRMp3Xet8Oo8KYDuiXOgh7KxULa69A8jKId0tefR50SA4Pa5fL4EqRmJszCxKnQZPFXifRELQPldfBLrpG34DeAn-zsrjcBoJ45M_yDnAqBr24ROp3Qm7bisCmzCyqd6JnkXk7aP6nu1yGonwsewX9-Mrj0C5s5-aUHVGRBwOanI9xn__qGltL1akE4OHlhei_r8rLVhX2gfEBrj-B-BYdvnCWjytbh0Ir5xxnwzHQRBt1uf0UIkEQ3QyllE9mM_NFTksRGtiC7wGIxZC_TzU57FlwBNCivYrmBF1CwSZaFp8NNZhaGBmhgebtz75nOkpO372VoOWhUXfYA\">te<\/a><a style=\"color: #0000ff;\" href=\"http:\/\/lattes.cnpq.br\/5853462846099775\"><span style=\"color: #0000ff;\">s<\/span> <\/a><span style=\"color: #000000;\"><em>&#8211;<\/em><\/span> <a style=\"color: #0000ff;\" href=\"http:\/\/buscatextual.cnpq.br\/buscatextual\/graficos.do?metodo=apresentar&amp;codRHCript=K4766860U4&amp;nome=Andiara%20De%20Rossi%20Daldegan\">Indicador de Produ\u00e7\u00e3o<\/a> <span style=\"color: #000000;\">&#8211; <span style=\"color: #0000ff;\"><a style=\"color: #0000ff;\" href=\"http:\/\/dgp.cnpq.br\/dgp\/espelhorh\/0775155007149782\">Diret\u00f3rio de Grupo CNPq<\/a><\/span><\/span>\u00a0<\/span><\/span><\/span><\/strong><\/span><\/span><\/span><span style=\"color: #ff0000;\"><span style=\"color: #ff0000;\"><span style=\"font-size: 10px;\"><strong><span style=\"color: #0000ff;\"><span style=\"color: #000000;\"><span style=\"color: #0000ff; font-size: 10px;\"> <span style=\"color: #000000;\"><em>&#8211; <\/em><\/span> <a style=\"color: #0000ff;\" href=\"http:\/\/www.scielo.br\/cgi-bin\/wxis.exe\/iah\/\">Scielo<\/a> &#8211; <a style=\"color: #0000ff;\" href=\"https:\/\/academic.microsoft.com\/search?q=Andiara%20De%20Rossi%20Daldegan&amp;f=&amp;orderBy=0&amp;skip=0&amp;take=10\">Microsoft Academic<\/a><span style=\"color: #000000;\"><em> &#8211;\u00a0<\/em><\/span> <a style=\"color: #0000ff;\" href=\"https:\/\/www.worldcat.org\/search?q=Andiara+De+Rossi+Daldegan&amp;qt=results_page\">WorldCat<\/a><\/span><\/span><\/span><span style=\"color: #000000;\">\u00a0<\/span><\/strong> <\/span><\/span><\/span><span style=\"font-size: 10px;\"><strong><span style=\"color: #000000;\"><em>&#8211; <\/em><\/span><span style=\"color: #0000ff;\"><a style=\"color: #0000ff;\" href=\"https:\/\/scholar.google.com\/scholar?hl=en&amp;as_sdt=0%2C5&amp;q=%22Andiara+De+Rossi+Daldegan%22&amp;btnG=\">Google Scholar<\/a><\/span> &#8211; <\/strong><\/span><span style=\"color: #0000ff;\"><span style=\"font-size: 10px;\"><strong><a style=\"color: #0000ff;\" href=\"https:\/\/scholar.google.com.br\/scholar?hl=pt-BR&amp;as_sdt=0%2C5&amp;q=Andiara+De+Rossi+Daldegan&amp;btnG=\">Google Acad\u00eamico<\/a><\/strong><\/span><\/span><span style=\"font-size: 10px;\"><strong>\u00a0 &#8211;\u00a0<\/strong><\/span><span style=\"font-size: 10px; color: #0000ff;\"><strong><a style=\"color: #0000ff;\" href=\"https:\/\/www.ncbi.nlm.nih.gov\/pubmed\/?term=Daldegan%2C+Andiara+De+Rossi\">PubMed<\/a><\/strong><\/span><span style=\"font-size: 10px;\"><strong> &#8211;<\/strong><\/span><span style=\"font-size: 10px;\"><strong> <span style=\"color: #000000;\">Biblioteca Digital<\/span> <\/strong>(<span style=\"color: #0000ff;\"><strong><a style=\"color: #0000ff;\" href=\"http:\/\/bdtd.ibict.br\/vufind\/Search\/Results?lookfor=%22Andiara+De+Rossi+Daldegan%22&amp;type=AllFields&amp;limit=20&amp;sort=relevance\">BDTD<\/a><\/strong><\/span><\/span><span style=\"font-size: 10px;\"> ) <\/span><span style=\"font-size: 10px;\"><strong><span style=\"color: #000000;\">Biblioteca Virtual de Sa\u00fade<\/span> <\/strong>(<a href=\"https:\/\/pesquisa.bvs.br\/brasil\/?output=site&amp;lang=pt&amp;from=0&amp;sort=&amp;format=summary&amp;count=20&amp;fb=&amp;page=1&amp;q=Andiara+De+Rossi+Daldegan&amp;index=au&amp;search_form_submit=Pesquisar\"><strong><span style=\"color: #0000ff;\">BVS<\/span><\/strong><\/a>) <\/span><span style=\"font-size: 10px;\"><strong>&#8211;<\/strong><\/span><span style=\"font-size: 10px; color: #0000ff;\"> <a style=\"color: #0000ff;\" href=\"https:\/\/www.semanticscholar.org\/search?q=Andiara%20De%20Rossi%20Daldegan&amp;sort=relevance\"><strong>SemanticScholar<\/strong><\/a> <\/span><span style=\"font-size: 10px;\"><strong> &#8211;\u00a0<\/strong><\/span><span style=\"font-size: 10px; color: #0000ff;\"><strong><a style=\"color: #0000ff;\" href=\"http:\/\/cel.webofknowledge.com\/InboundService.do?customersID=Publons_CEL&amp;smartRedirect=yes&amp;mode=FullRecord&amp;IsProductCode=Yes&amp;product=CEL&amp;Init=Yes&amp;Func=Frame&amp;action=retrieve&amp;SrcApp=Publons&amp;SrcAuth=Publons_CEL&amp;SID=5AfUlOChzINgKEZAvEq&amp;UT=WOS%3A000341620300014\">Web of Science<\/a><\/strong><\/span><span style=\"font-size: 10px;\"><strong> &#8211; <span style=\"color: #0000ff;\"><a style=\"color: #0000ff;\" href=\"http:\/\/www.scielo.br\/cgi-bin\/wxis.exe\/iah\/?IsisScript=iah\/iah.xis&amp;base=article^dlibrary&amp;fmt=iso.pft&amp;lang=i&amp;nextAction=lnk&amp;indexSearch=AU&amp;exprSearch=DE+ROSSI,+ANDIARA+OR+ROSSI,+ANDIARA+DE\">Scielo<\/a><\/span> &#8211;<span style=\"color: #0000ff;\">\u00a0<\/span><\/strong><\/span><span style=\"color: #0000ff;\"><span style=\"font-size: 10px;\"><strong><a href=\"https:\/\/publons.com\/researcher\/2562308\/andiara-de-rossi\/\"><span style=\"color: #0000ff;\">Publon <\/span><\/a><\/strong><\/span><\/span><span style=\"font-size: 10px;\"><a href=\"https:\/\/publons.com\/researcher\/2562308\/andiara-de-rossi\/\">(<\/a><\/span><span style=\"color: #0000ff;\"><span style=\"font-size: 10px;\"><strong><a href=\"https:\/\/publons.com\/researcher\/2562308\/andiara-de-rossi\/\"><span style=\"color: #0000ff;\">ReserchID<\/span><\/a><\/strong><span style=\"color: #0000ff;\">) <\/span><\/span><\/span><span style=\"font-size: 10px;\"><strong>&#8211; <\/strong><\/span><span style=\"color: #0000ff;\"><strong style=\"font-size: 10px;\"><a style=\"color: #0000ff;\" href=\"https:\/\/www.scopus.com\/authid\/detail.uri?authorId=8342853400\">Scopus<\/a><\/strong><\/span><span style=\"font-size: 10px;\"><strong> &#8211; <\/strong><\/span><span style=\"color: #0000ff;\"><strong style=\"font-size: 10px;\"><a style=\"color: #0000ff;\" href=\"https:\/\/orcid.org\/0000-0002-0571-9474\">Orcid<\/a>\u00a0<\/strong><\/span><span style=\"font-size: 10px;\"><strong> &#8211;\u00a0<\/strong><\/span><strong style=\"color: #ff0000; font-size: 10px;\"><span style=\"color: #0000ff;\"><span style=\"color: #000000;\"><span style=\"color: #0000ff; font-size: 10px;\"><a style=\"color: #0000ff;\" href=\"https:\/\/www.researchgate.net\/profile\/Andiara_De_Rossi2\">ReseachGate<\/a> <\/span><\/span><\/span><\/strong><span style=\"font-size: 10px;\"><strong>&#8211; <span style=\"color: #0000ff;\"><a style=\"color: #0000ff;\" href=\"https:\/\/bv.fapesp.br\/pt\/pesquisador\/57531\/andiara-de-rossi\/\">FAPESP<\/a><\/span> &#8211; <\/strong><\/span><strong style=\"font-size: 10px;\"><span style=\"color: #0000ff;\"><a href=\"https:\/\/br.linkedin.com\/in\/andiara-de-rossi-24490014b?trk=people-guest_profile-result-card_result-card_full-click\"><span style=\"color: #0000ff;\">LinkedI<\/span>n<\/a>\u00a0<\/span><\/strong><\/p>\n<address>\n<address style=\"text-align: right;\">\n<hr style=\"width: 321px;\" \/>\n<\/address>\n<\/address>\n<hr \/>\n<hr \/>\n<p style=\"text-align: justify;\"><span style=\"font-family: Arial;\"><strong>Andiara De Rossi Daldegani <\/strong>(<strong>\u201cReferee\u201d<\/strong>)<strong>:\u00a0<\/strong><\/span><span style=\"font-family: Arial;\">Atividade Volunt\u00e1ria. <\/span><\/p>\n<p style=\"text-align: justify;\"><span style=\"font-family: Arial;\"><strong>Andiara De Rossi Daldegan<\/strong>:\u00a0<strong><span style=\"font-size: 14px;\">\u201cReferee\u201d <\/span><\/strong><span style=\"font-size: 14px;\">(<\/span><strong><span style=\"font-size: 14px;\">Assessor <\/span><span style=\"font-size: 14px;\">\/<\/span><span style=\"font-size: 14px;\"> Parecerista <\/span><span style=\"font-size: 14px;\">\/<\/span><span style=\"font-size: 14px;\"> Relator <\/span><span style=\"font-size: 14px;\">\/<\/span><span style=\"font-size: 14px;\"> Consultor<\/span><\/strong><span style=\"font-size: 14px;\">)<\/span><strong><span style=\"font-size: 14px;\"> dos <\/span><\/strong>textos enviados para (<strong><span style=\"color: #0000ff;\"><a style=\"color: #0000ff;\" href=\"https:\/\/sites.usp.br\/podae\/?page_id=3323\">E-mail<\/a><\/span><\/strong>) as publica\u00e7\u00f5es cient\u00edficas online\u00a0 (Livre Acesso \/ Acesso Aberto) na<strong> Enciclop\u00e9dia Brasileira de Teleodontologia <\/strong>(<strong>ISSN <span style=\"color: #0000ff;\"><a style=\"color: #0000ff;\" href=\"https:\/\/portal.issn.org\/resource\/ISSN\/2448-1181#\">2448-1181<\/a><\/span><\/strong>) e na<strong> Revista Brasileira de Teleodontologia <\/strong>(<strong>ISSN <span style=\"color: #0000ff;\"><a style=\"color: #0000ff;\" href=\"https:\/\/portal.issn.org\/resource\/ISSN\/1809-0745#\">1809-0745<\/a><\/span><\/strong>)<strong>.<\/strong><\/span><\/p>\n<p style=\"text-align: justify;\"><span style=\"font-family: Arial;\"><strong>Andiara De Rossi Daldegan, <\/strong>na fun\u00e7\u00e3o de \u201cad hoc\u201c, fundamenta as atua\u00e7\u00f5es acad\u00eamicas em harmonia com as informa\u00e7\u00f5es contidas na <strong><a href=\"http:\/\/lattes.cnpq.br\/\"><span style=\"color: #0000ff;\">Plataforma Lattes<\/span><\/a><\/strong> (<em>Conselho Nacional de Desenvolvimento Cient\u00edfico e Tecnol\u00f3gico<\/em>), compat\u00edveis com sua \u00e1rea profissional de atua\u00e7\u00e3o (Docente e Pesquisador).<\/span><\/p>\n<hr \/>\n<hr \/>\n<p style=\"text-align: justify;\"><em><strong><span style=\"font-size: 12px;\"><span style=\"color: #ff0000; font-size: 14px;\">\u2666 <\/span>CERTIFICA\u00c7\u00c3O: Atividades Volunt\u00e1rias (Per\u00edodos: 2019 &#8211; at\u00e9 presente data)<\/span><\/strong><\/em><\/p>\n<p style=\"text-align: justify;\"><span style=\"font-size: 13px;\">Para receber a senha objetivando a impress\u00e3o do certificado entrar em contato com Equipe: <a href=\"https:\/\/sites.usp.br\/podae\/?page_id=3323\"><span style=\"text-decoration: underline; color: #0000ff;\"><strong>E-mail<\/strong><\/span><\/a>.<br \/>\n<\/span><\/p>\n<div style=\"text-align: justify;\" align=\"justify\">\n<div style=\"text-align: center;\" align=\"justify\">\n<address style=\"text-align: right;\">\n<hr \/>\n<address>\u00a0<\/address>\n<\/address>\n<\/div>\n<\/div>\n<p style=\"text-align: justify;\"><span style=\"font-family: Arial;\">.<\/span><\/p>\n<p>&nbsp;<\/p>\n","protected":false},"excerpt":{"rendered":"<p>Enciclop\u00e9dia Brasileira de Teleodontologia\u00a0\u00a0 \/\u00a0\u00a0Revista Brasileira de Teleodontologia\u00a0\u00a0 LISTA\u00a0(\u201cReferees\u201d): Assessor \/ Parecerista \/ Relator \/ [&hellip;]<\/p>\n","protected":false},"author":58,"featured_media":0,"parent":3336,"menu_order":0,"comment_status":"closed","ping_status":"closed","template":"","meta":{"footnotes":"","_links_to":"","_links_to_target":""},"class_list":["post-4322","page","type-page","status-publish","hentry"],"_links":{"self":[{"href":"https:\/\/sites.usp.br\/podae\/index.php?rest_route=\/wp\/v2\/pages\/4322","targetHints":{"allow":["GET"]}}],"collection":[{"href":"https:\/\/sites.usp.br\/podae\/index.php?rest_route=\/wp\/v2\/pages"}],"about":[{"href":"https:\/\/sites.usp.br\/podae\/index.php?rest_route=\/wp\/v2\/types\/page"}],"author":[{"embeddable":true,"href":"https:\/\/sites.usp.br\/podae\/index.php?rest_route=\/wp\/v2\/users\/58"}],"replies":[{"embeddable":true,"href":"https:\/\/sites.usp.br\/podae\/index.php?rest_route=%2Fwp%2Fv2%2Fcomments&post=4322"}],"version-history":[{"count":5,"href":"https:\/\/sites.usp.br\/podae\/index.php?rest_route=\/wp\/v2\/pages\/4322\/revisions"}],"predecessor-version":[{"id":8753,"href":"https:\/\/sites.usp.br\/podae\/index.php?rest_route=\/wp\/v2\/pages\/4322\/revisions\/8753"}],"up":[{"embeddable":true,"href":"https:\/\/sites.usp.br\/podae\/index.php?rest_route=\/wp\/v2\/pages\/3336"}],"wp:attachment":[{"href":"https:\/\/sites.usp.br\/podae\/index.php?rest_route=%2Fwp%2Fv2%2Fmedia&parent=4322"}],"curies":[{"name":"wp","href":"https:\/\/api.w.org\/{rel}","templated":true}]}}