{"id":4562,"date":"2019-06-14T11:02:03","date_gmt":"2019-06-14T14:02:03","guid":{"rendered":"http:\/\/sites.usp.br\/podae\/?page_id=4562"},"modified":"2021-01-05T15:26:50","modified_gmt":"2021-01-05T18:26:50","slug":"a","status":"publish","type":"page","link":"https:\/\/sites.usp.br\/podae\/?page_id=4562","title":{"rendered":"Luiz Carlos Pardini"},"content":{"rendered":"<p style=\"text-align: center;\"><strong><span style=\"font-size: 12px;\"><span style=\"font-family: Arial;\"><a href=\"https:\/\/sites.usp.br\/podae\/?page_id=120\"><span style=\"color: #0000ff;\">Enciclop\u00e9dia Brasileira de Teleodontologia<\/span><\/a>\u00a0\u00a0 <\/span><\/span><\/strong><span style=\"font-size: 12px;\"><span style=\"font-family: Arial;\">\/<\/span><\/span><strong><span style=\"font-size: 12px;\"><span style=\"font-family: Arial;\">\u00a0\u00a0<\/span><\/span><\/strong><strong><span style=\"font-size: 12px;\"><span style=\"font-family: Arial;\"><span style=\"color: #0000ff;\"><a style=\"color: #0000ff;\" href=\"https:\/\/sites.usp.br\/podae\/?page_id=10\">Revista Brasileira de Teleodontologia<\/a><\/span><\/span><\/span><\/strong><strong><span style=\"font-size: 12px;\"><span style=\"font-family: Arial;\">\u00a0\u00a0<\/span><\/span><\/strong><\/p>\n<p style=\"text-align: center;\"><strong><span style=\"font-size: 14px;\"><span style=\"font-family: Arial;\"><a href=\"https:\/\/sites.usp.br\/podae\/?page_id=3336\"><span style=\"color: #0000ff;\">LISTA<\/span><\/a>\u00a0<\/span><\/span><\/strong><span style=\"font-size: 14px;\"><span style=\"font-family: Arial;\">(<\/span><\/span><strong><span style=\"font-size: 14px;\"><span style=\"font-family: Arial;\">\u201cReferees\u201d<\/span><\/span><\/strong><span style=\"font-size: 14px;\"><span style=\"font-family: Arial;\">)<\/span><\/span><span style=\"font-size: 14px;\"><span style=\"font-family: Arial;\">:<\/span><\/span><strong><span style=\"font-size: 14px;\"><span style=\"font-family: Arial;\"> Assessor <\/span><\/span><\/strong><span style=\"font-size: 14px;\"><span style=\"font-family: Arial;\">\/<\/span><\/span><strong><span style=\"font-size: 14px;\"><span style=\"font-family: Arial;\"> Parecerista <\/span><\/span><\/strong><span style=\"font-size: 14px;\"><span style=\"font-family: Arial;\">\/<\/span><\/span><strong><span style=\"font-size: 14px;\"><span style=\"font-family: Arial;\"> Relator <\/span><\/span><\/strong><span style=\"font-size: 14px;\"><span style=\"font-family: Arial;\">\/<\/span><\/span><strong><span style=\"font-size: 14px;\"><span style=\"font-family: Arial;\"> Consultor\u00a0<\/span><\/span><\/strong><span style=\"font-size: 14px;\"><span style=\"font-family: Arial;\">&#8211;\u00a0<\/span><\/span><strong><span style=\"font-size: 14px;\"><span style=\"font-family: Arial;\">Publica\u00e7\u00e3o Cient\u00edfica Online <\/span><\/span><\/strong><span style=\"color: #ff0000;\"><span style=\"font-size: 10px;\"><strong><span style=\"color: #0000ff;\"><br \/>\n<\/span><\/strong><\/span><\/span><\/p>\n<hr \/>\n<address>\n<address style=\"text-align: right;\">\n<hr style=\"width: 321px;\" \/>\n<\/address>\n<\/address>\n<hr \/>\n<p><em><strong><span style=\"font-size: 12px;\"><span style=\"color: #ff0000; font-size: 14px;\">\u2666 <\/span><\/span><\/strong><\/em><em><em><span style=\"color: #ff0000;\"><em><strong><span style=\"color: #000000; font-size: 14px;\">Luiz Carlos Pardini <\/span><\/strong><\/em><\/span><\/em><\/em><span style=\"color: #ff0000;\"><span style=\"color: #ff0000;\"><span style=\"font-size: 10px;\"><strong><span style=\"color: #0000ff;\"><span style=\"color: #000000;\"><em><span style=\"color: #000000; font-size: 14px;\"> &#8211; <\/span><\/em><span style=\"color: #0000ff; font-size: 10px;\"><a style=\"color: #0000ff;\" href=\"https:\/\/scholar.google.com\/scholar?hl=en&amp;as_sdt=0,5&amp;q=%22Amadeu+Rodrigues+da+Silva+Junior%22\">[<\/a><a href=\"\/\/uspdigital.usp.br\/telefonia\/telFormularioEmail.jsp?codigoPessoaUsuario=0&amp;codigoPessoa=75623&amp;nomePessoa=Luiz Carlos Pardini&amp;print=s\"><span style=\"color: #0000ff;\">E-mailUSP<\/span><\/a>] | [<a style=\"color: #0000ff;\" href=\"http:\/\/buscatextual.cnpq.br\/buscatextual\/email.do?metodo=apresentar&amp;seqIdPessoa=396158&amp;nomeDestinatario=Luiz_Carlos_Pardini\">E-mailCNpQ<\/a>] <span style=\"color: #000000;\"><em>&#8211; <\/em><\/span><a style=\"color: #0000ff;\" href=\"http:\/\/lattes.cnpq.br\/5853462846099775\">Curr\u00edculo Lattes <\/a><span style=\"color: #000000;\"><em> &#8211; <\/em><\/span><\/span><\/span><\/span><\/strong><\/span><\/span><\/span><span style=\"color: #ff0000;\"><span style=\"color: #ff0000;\"><span style=\"font-size: 10px;\"><strong><span style=\"color: #0000ff;\"><span style=\"color: #000000;\"><span style=\"color: #0000ff; font-size: 10px;\"><a style=\"color: #0000ff;\" href=\"http:\/\/dgp.cnpq.br\/dgp\/espelhorh\/5853462846099775\">Diret\u00f3rio de Grupo CNPq<\/a><\/span><\/span><\/span><\/strong><\/span><\/span><\/span><span style=\"color: #ff0000;\"><span style=\"color: #ff0000;\"><span style=\"font-size: 10px;\"><strong><span style=\"color: #0000ff;\"><span style=\"color: #000000;\"><span style=\"color: #0000ff; font-size: 10px;\"><span style=\"color: #000000;\"><em> &#8211; <\/em><\/span><a href=\"http:\/\/buscatextual.cnpq.br\/buscatextual\/graficos.do?metodo=apresentar&amp;codRHCript=K4796807T1&amp;nome=Luiz%20Carlos%20Pardini&amp;chamadaExterna=true\">I<span style=\"color: #0000ff;\">ndicador de Produ\u00e7\u00e3o<\/span><\/a> &#8211; <\/span><\/span><\/span><\/strong><\/span><\/span><\/span><a href=\"http:\/\/www.scielo.br\/cgi-bin\/wxis.exe\/iah\/?IsisScript=iah\/iah.xis&amp;base=article^dlibrary&amp;fmt=iso.pft&amp;lang=i&amp;nextAction=lnk&amp;indexSearch=AU&amp;exprSearch=PARDINI,+LUIZ+CARLOS\"><span style=\"color: #ff0000;\"><span style=\"color: #ff0000;\"><span style=\"font-size: 10px;\"><strong><span style=\"color: #0000ff;\"><span style=\"color: #000000;\"><span style=\"color: #0000ff; font-size: 10px;\"><span style=\"color: #0000ff;\">Scielo<\/span> <\/span><\/span><\/span><\/strong><\/span><\/span><\/span><\/a><span style=\"color: #ff0000;\"><span style=\"color: #ff0000;\"><span style=\"font-size: 10px;\"><strong><span style=\"color: #0000ff;\"><span style=\"color: #000000;\"><span style=\"color: #0000ff; font-size: 10px;\">&#8211; <\/span><\/span><\/span><\/strong><\/span><\/span><\/span><span style=\"font-size: 10px;\"><strong><span style=\"color: #0000ff;\"><a style=\"color: #0000ff;\" href=\"\/\/www.researcherid.com\/ProfileView.action?SID=2BpY8DkV99Ynj3FAnEZ&amp;returnCode=ROUTER.Success&amp;queryString=KG0UuZjN5WlmNqvDyK2XsaRf8PrjBjCreUY6OcVSBaI%253D&amp;SrcApp=CR&amp;Init=Yes\">ResearchID<\/a> <\/span><\/strong><\/span><span style=\"color: #ff0000;\"><span style=\"color: #ff0000;\"><span style=\"font-size: 10px;\"><strong><span style=\"color: #0000ff;\"><span style=\"color: #000000;\"><span style=\"color: #0000ff; font-size: 10px;\">&#8211; <\/span><\/span><\/span><\/strong><\/span><\/span><\/span><span style=\"font-size: 10px;\"><strong><span style=\"color: #0000ff;\"><a style=\"color: #0000ff;\" href=\"https:\/\/orcid.org\/0000-0002-1479-0715\">ORCID<\/a><\/span><\/strong><\/span> <span style=\"color: #ff0000;\"><span style=\"color: #ff0000;\"><span style=\"font-size: 10px;\"><strong><span style=\"color: #0000ff;\"><span style=\"color: #000000;\"><span style=\"color: #0000ff; font-size: 10px;\"><span style=\"color: #000000;\"><em>&#8211; <\/em><\/span><\/span><\/span><\/span><\/strong><\/span><\/span><\/span><span style=\"color: #ff0000;\"><span style=\"color: #ff0000;\"><span style=\"font-size: 10px;\"><strong><span style=\"color: #0000ff;\"><span style=\"color: #000000;\"><span style=\"color: #0000ff; font-size: 10px;\"><a href=\"https:\/\/uspdigital.usp.br\/especialistas\/especialistaObter?codpub=97A0B465E6B9\"><span style=\"color: #0000ff;\">Especialis<\/span>ta(USP)<\/a> <\/span><\/span><\/span><\/strong><\/span><\/span><\/span><span style=\"color: #ff0000;\"><span style=\"color: #ff0000;\"><span style=\"font-size: 10px;\"><strong><span style=\"color: #0000ff;\"><span style=\"color: #000000;\"><span style=\"color: #0000ff; font-size: 10px;\"><a style=\"color: #0000ff;\" href=\"\/\/dedalus.usp.br\/F\/283UB5FKUFHCT75ICI9VP5K18YSFDS5Q5NUXPYHSU7BXUBPKEB-49069?func=find-c&amp;ccl_term=WRD+%3D+%28+%22Pardini+Luiz+Carlos%22+%29&amp;local_base=USP01&amp;x=39&amp;y=9\">Dedalus<\/a><\/span><\/span><\/span><\/strong><span style=\"color: #0000ff;\"><span style=\"color: #000000;\"><span style=\"color: #0000ff; font-size: 10px;\"><a style=\"color: #0000ff;\" href=\"\/\/dedalus.usp.br\/F\/283UB5FKUFHCT75ICI9VP5K18YSFDS5Q5NUXPYHSU7BXUBPKEB-49069?func=find-c&amp;ccl_term=WRD+%3D+%28+%22Pardini+Luiz+Carlos%22+%29&amp;local_base=USP01&amp;x=39&amp;y=9\">(<\/a><\/span><\/span><\/span><strong><span style=\"color: #0000ff;\"><span style=\"color: #000000;\"><span style=\"color: #0000ff; font-size: 10px;\"><a style=\"color: #0000ff;\" href=\"\/\/dedalus.usp.br\/F\/283UB5FKUFHCT75ICI9VP5K18YSFDS5Q5NUXPYHSU7BXUBPKEB-49069?func=find-c&amp;ccl_term=WRD+%3D+%28+%22Pardini+Luiz+Carlos%22+%29&amp;local_base=USP01&amp;x=39&amp;y=9\">USP<\/a><\/span><\/span><\/span><\/strong><\/span><\/span><\/span><span style=\"font-size: 10px;\"><span style=\"font-size: 10px;\">) <\/span><\/span><span style=\"color: #ff0000;\"><span style=\"color: #ff0000;\"><span style=\"font-size: 10px;\"><strong><span style=\"color: #0000ff;\"><span style=\"color: #000000;\"><span style=\"color: #0000ff; font-size: 10px;\"><span style=\"color: #000000;\">&#8211; <\/span><a style=\"color: #0000ff;\" href=\"\/\/social.stoa.usp.br\/pardini\">STOA<\/a><\/span><\/span><\/span><\/strong><span style=\"color: #0000ff;\"><span style=\"color: #000000;\"><span style=\"color: #0000ff; font-size: 10px;\"><a style=\"color: #0000ff;\" href=\"\/\/social.stoa.usp.br\/pardini\">(<\/a><\/span><\/span><\/span><strong><span style=\"color: #0000ff;\"><span style=\"color: #000000;\"><span style=\"color: #0000ff; font-size: 10px;\"><a style=\"color: #0000ff;\" href=\"\/\/social.stoa.usp.br\/pardini\">USP<\/a><\/span><\/span><\/span><\/strong><span style=\"color: #0000ff;\"><span style=\"color: #000000;\"><span style=\"color: #0000ff; font-size: 10px;\">)\u00a0<\/span><\/span><\/span><strong><span style=\"color: #0000ff;\"><span style=\"color: #000000;\"><span style=\"color: #0000ff; font-size: 10px;\"> &#8211; <\/span><\/span><\/span><\/strong><\/span><\/span><\/span><span style=\"font-size: 10px;\"><strong><span style=\"color: #000000;\">Biblioteca Digital<\/span> <\/strong>(<strong><a href=\"http:\/\/bdtd.ibict.br\/vufind\/Search\/Results?lookfor=%22Luiz+Carlos+Pardini%22&amp;type=AllFields&amp;limit=20&amp;sort=relevance\"><span style=\"color: #0000ff;\">BDTD<\/span><\/a><\/strong>) &#8211;<\/span> <span style=\"font-size: 10px;\"><strong><span style=\"color: #000000;\">Biblioteca Virtual de Sa\u00fade<\/span> <\/strong>(<strong><span style=\"color: #0000ff;\"><a style=\"color: #0000ff;\" href=\"http:\/\/pesquisa.bvs.br\/brasil\/?output=site&amp;lang=pt&amp;from=0&amp;sort=&amp;format=summary&amp;count=20&amp;fb=&amp;page=1&amp;q=Luiz+Carlos+Pardini&amp;index=au&amp;search_form_submit=Pesquisar\">BVS<\/a><\/span><\/strong>)<\/span><span style=\"color: #ff0000;\"><span style=\"color: #ff0000;\"><span style=\"font-size: 10px;\"><strong><span style=\"color: #0000ff;\"><span style=\"color: #000000;\"><span style=\"color: #0000ff; font-size: 10px;\"> &#8211; <a style=\"color: #0000ff;\" href=\"https:\/\/bdpi.usp.br\/result.php?search%5B%5D=Pardini%2C+Luiz+Carlos&amp;filter%5B%5D=unidadeUSP%3A%22FORP%22\">Reposit\u00f3rio USP<\/a> &#8211; <a style=\"color: #0000ff;\" href=\"\/\/academic.microsoft.com\/#\/search?iq=Composite(AA.AuN%253D%253D'luiz%2520carlos%2520pardini')&amp;q=luiz%20carlos%20pardini&amp;filters=&amp;from=32&amp;sort=0\">Microsoft Academic<\/a><span style=\"color: #000000;\"><em> &#8211; <\/em><span style=\"color: #0000ff;\"><a style=\"color: #0000ff;\" href=\"http:\/\/www.scopus.com\/authid\/detail.url?authorId=7003782775\">Scopus<\/a><\/span><em> &#8211;\u00a0<\/em><\/span> <a style=\"color: #0000ff;\" href=\"\/\/usp-br.academia.edu\/LPardini\">Academic<\/a>.<a href=\"\/\/www.academia.edu\/2916650\/Curriculo\"><span style=\"color: #0000ff;\">edu<\/span><\/a><span style=\"color: #000000;\"><em> &#8211; <\/em><\/span><a style=\"color: #0000ff;\" href=\"http:\/\/www.worldcat.org\/search?q=Luiz+Carlos+Pardini&amp;qt=results_page\">WorldCat<\/a><\/span><\/span><\/span><span style=\"color: #000000;\"> \/ <\/span><\/strong><span style=\"color: #0000ff;\"><strong><a style=\"color: #0000ff;\" href=\"http:\/\/www.worldcat.org\/identities\/np-pardini,%20luiz%20carlos\/\">WorldCatOverview<\/a><\/strong><\/span><\/span><\/span><\/span><span style=\"font-size: 10px;\"><strong><span style=\"color: #000000;\"><em>&#8211; <\/em><\/span><span style=\"color: #0000ff;\"><a style=\"color: #0000ff;\" href=\"\/\/scholar.google.com\/scholar?hl=en&amp;q=%22Luiz+Carlos+Pardini%22&amp;btnG=&amp;as_sdt=1%2C5&amp;as_sdtp=\"><span style=\"color: #0000ff;\">Google Schola<\/span>r<\/a><\/span> &#8211; <\/strong><\/span><a href=\"https:\/\/publons.com\/researcher\/2999417\/luiz-carlos-pardini\/\"><span style=\"color: #0000ff;\"><span style=\"font-size: 10px;\"><strong>Publons<\/strong><\/span><\/span><\/a><span style=\"color: #0000ff;\"><span style=\"font-size: 10px;\"> (<em><span style=\"color: #0000ff;\"><a style=\"color: #0000ff;\" href=\"https:\/\/publons.com\/researcher\/?is_core_collection=1&amp;order_by=verified_reviews_performed_last_12_months\"><strong>Search<\/strong><\/a><\/span><\/em>) <\/span><\/span><span style=\"font-size: 10px;\"><strong>&#8211; <\/strong><\/span><span style=\"color: #ff0000;\"><span style=\"color: #ff0000;\"><span style=\"font-size: 10px;\"><strong><a href=\"\/\/scholar.google.com.br\/citations?user=-QOIWgUAAAAJ&amp;hl=pt-BR\"><span style=\"color: #0000ff;\">Google Acad\u00eamico<\/span><\/a><\/strong><\/span><\/span><\/span><span style=\"font-size: 10px;\"><strong><em> &#8211; <\/em><a href=\"https:\/\/apps.webofknowledge.com\/Search.do?product=UA&amp;SID=4DJg81dW8h6F5AwYwCG&amp;search_mode=GeneralSearch&amp;prID=9b875310-79ca-4612-b707-3466a131a94d\"><span style=\"color: #0000ff;\">Web of Science<\/span><\/a><em> &#8211; <\/em><span style=\"color: #0000ff;\"><a style=\"color: #0000ff;\" href=\"https:\/\/www.ncbi.nlm.nih.gov\/pubmed\/?term=Pardini+LC%5BAuthor%5D\"><span style=\"color: #0000ff;\">PubMe<\/span><\/a><a style=\"color: #0000ff;\" href=\"http:\/\/www.ncbi.nlm.nih.gov\/pubmed\/?term=Luiz+Carlos+Pardini\">d<\/a><em> &#8211; <\/em><\/span><\/strong><a href=\"https:\/\/www.semanticscholar.org\/author\/Luiz-Carlos-Pardini\/120443799\"><strong><span style=\"color: #0000ff;\">SemanticScholar<\/span><\/strong><\/a> &#8211; <strong><span style=\"color: #0000ff;\"><a style=\"color: #0000ff;\" href=\"https:\/\/www.mendeley.com\/profiles\/luiz-carlos-pardini\/\">Mendeley<\/a>\u00a0<\/span><\/strong>&#8211; <strong><span style=\"color: #0000ff;\"><a href=\"https:\/\/br.linkedin.com\/in\/luiz-carlos-pardini-171057134\"><span style=\"color: #0000ff;\">Linkedi<\/span>n<\/a> <a href=\"https:\/\/br.linkedin.com\/in\/luiz-carlos-pardini-171057134\" target=\"_blank\" rel=\"noopener\">\/<\/a><\/span><\/strong><\/span> <strong style=\"color: #ff0000; font-size: 10px;\"><span style=\"color: #0000ff;\"><span style=\"color: #000000;\"><span style=\"color: #0000ff; font-size: 10px;\"><span style=\"color: #0000ff;\"><a style=\"color: #0000ff;\" href=\"\/\/www.researchgate.net\/profile\/Luiz_Pardini\">ReseachGate<\/a><\/span><\/span><\/span><\/span><\/strong><strong style=\"font-size: 10px;\"> \u00a0&#8211; <span style=\"color: #0000ff;\"><a style=\"color: #0000ff;\" href=\"https:\/\/pardinieducationalcoaching.blogspot.com\/\">Coaching<\/a><\/span>\u00a0<\/strong><\/p>\n<address>\n<address style=\"text-align: right;\">\n<hr style=\"width: 321px;\" \/>\n<\/address>\n<\/address>\n<hr \/>\n<hr \/>\n<p style=\"text-align: justify;\"><span style=\"font-family: Arial;\"><strong> Luiz Carlos Pardini <\/strong>(<strong>\u201cReferee\u201d<\/strong>)<strong>:\u00a0<\/strong><\/span><span style=\"font-family: Arial;\">Atividade Volunt\u00e1ria. <\/span><\/p>\n<p style=\"text-align: justify;\"><span style=\"font-family: Arial;\"><strong>Luiz Carlos Pardini<\/strong>:\u00a0<strong><span style=\"font-size: 14px;\">\u201cReferee\u201d <\/span><\/strong><span style=\"font-size: 14px;\">(<\/span><strong><span style=\"font-size: 14px;\">Assessor <\/span><span style=\"font-size: 14px;\">\/<\/span><span style=\"font-size: 14px;\"> Parecerista <\/span><span style=\"font-size: 14px;\">\/<\/span><span style=\"font-size: 14px;\"> Relator <\/span><span style=\"font-size: 14px;\">\/<\/span><span style=\"font-size: 14px;\"> Consultor<\/span><\/strong><span style=\"font-size: 14px;\">)<\/span><strong><span style=\"font-size: 14px;\"> dos <\/span><\/strong>textos enviados para (<strong><span style=\"color: #0000ff;\"><a style=\"color: #0000ff;\" href=\"https:\/\/sites.usp.br\/podae\/?page_id=3323\">E-mail<\/a><\/span><\/strong>) as publica\u00e7\u00f5es cient\u00edficas online\u00a0 (Livre Acesso \/ Acesso Aberto) na<strong> Enciclop\u00e9dia Brasileira de Teleodontologia <\/strong>(<strong>ISSN <span style=\"color: #0000ff;\"><a style=\"color: #0000ff;\" href=\"https:\/\/portal.issn.org\/resource\/ISSN\/2448-1181#\">2448-1181<\/a><\/span><\/strong>) e na<strong> Revista Brasileira de Teleodontologia <\/strong>(<strong>ISSN <span style=\"color: #0000ff;\"><a style=\"color: #0000ff;\" href=\"https:\/\/portal.issn.org\/resource\/ISSN\/1809-0745#\">1809-0745<\/a><\/span><\/strong>)<strong>.<\/strong><\/span><\/p>\n<p style=\"text-align: justify;\"><span style=\"font-family: Arial;\"><strong> Luiz Carlos Pardini, <\/strong>na fun\u00e7\u00e3o de \u201cad hoc\u201c, fundamenta as atua\u00e7\u00f5es acad\u00eamicas em harmonia com as informa\u00e7\u00f5es contidas na <strong><a href=\"http:\/\/lattes.cnpq.br\/\"><span style=\"color: #0000ff;\">Plataforma Lattes<\/span><\/a><\/strong> (<em>Conselho Nacional de Desenvolvimento Cient\u00edfico e Tecnol\u00f3gico<\/em>), compat\u00edveis com sua \u00e1rea profissional de atua\u00e7\u00e3o (Docente e Pesquisador).<\/span><\/p>\n<hr \/>\n<hr \/>\n<p style=\"text-align: justify;\"><em><strong><span style=\"font-size: 12px;\"><span style=\"color: #ff0000; font-size: 14px;\">\u2666 <\/span>CERTIFICA\u00c7\u00c3O: Atividades Volunt\u00e1rias (Per\u00edodos: 2011 ate presente data)<\/span><\/strong><\/em><\/p>\n<p style=\"text-align: justify;\"><span style=\"font-size: 13px;\">Para receber a senha objetivando a impress\u00e3o do certificado entrar em contato com Equipe: <a href=\"https:\/\/sites.usp.br\/podae\/?page_id=3323\"><span style=\"text-decoration: underline; color: #0000ff;\"><strong>E-mail<\/strong><\/span><\/a>.<br \/>\n<\/span><\/p>\n<div style=\"text-align: justify;\" align=\"justify\">\n<div style=\"text-align: center;\" align=\"justify\">\n<address style=\"text-align: right;\">\n<hr \/>\n<address>\u00a0<\/address>\n<\/address>\n<\/div>\n<\/div>\n<p style=\"text-align: justify;\"><span style=\"font-family: Arial;\">.<\/span><\/p>\n<p>&nbsp;<\/p>\n","protected":false},"excerpt":{"rendered":"<p>Enciclop\u00e9dia Brasileira de Teleodontologia\u00a0\u00a0 \/\u00a0\u00a0Revista Brasileira de Teleodontologia\u00a0\u00a0 LISTA\u00a0(\u201cReferees\u201d): Assessor \/ Parecerista \/ Relator \/ [&hellip;]<\/p>\n","protected":false},"author":58,"featured_media":0,"parent":3336,"menu_order":0,"comment_status":"closed","ping_status":"closed","template":"","meta":{"footnotes":"","_links_to":"","_links_to_target":""},"class_list":["post-4562","page","type-page","status-publish","hentry"],"_links":{"self":[{"href":"https:\/\/sites.usp.br\/podae\/index.php?rest_route=\/wp\/v2\/pages\/4562","targetHints":{"allow":["GET"]}}],"collection":[{"href":"https:\/\/sites.usp.br\/podae\/index.php?rest_route=\/wp\/v2\/pages"}],"about":[{"href":"https:\/\/sites.usp.br\/podae\/index.php?rest_route=\/wp\/v2\/types\/page"}],"author":[{"embeddable":true,"href":"https:\/\/sites.usp.br\/podae\/index.php?rest_route=\/wp\/v2\/users\/58"}],"replies":[{"embeddable":true,"href":"https:\/\/sites.usp.br\/podae\/index.php?rest_route=%2Fwp%2Fv2%2Fcomments&post=4562"}],"version-history":[{"count":5,"href":"https:\/\/sites.usp.br\/podae\/index.php?rest_route=\/wp\/v2\/pages\/4562\/revisions"}],"predecessor-version":[{"id":15622,"href":"https:\/\/sites.usp.br\/podae\/index.php?rest_route=\/wp\/v2\/pages\/4562\/revisions\/15622"}],"up":[{"embeddable":true,"href":"https:\/\/sites.usp.br\/podae\/index.php?rest_route=\/wp\/v2\/pages\/3336"}],"wp:attachment":[{"href":"https:\/\/sites.usp.br\/podae\/index.php?rest_route=%2Fwp%2Fv2%2Fmedia&parent=4562"}],"curies":[{"name":"wp","href":"https:\/\/api.w.org\/{rel}","templated":true}]}}