{"id":4652,"date":"2019-06-15T11:00:24","date_gmt":"2019-06-15T14:00:24","guid":{"rendered":"http:\/\/sites.usp.br\/podae\/?page_id=4652"},"modified":"2019-11-14T08:10:44","modified_gmt":"2019-11-14T11:10:44","slug":"xx-2","status":"publish","type":"page","link":"https:\/\/sites.usp.br\/podae\/?page_id=4652","title":{"rendered":"Amadeu Rodrigues da Silva J\u00fanior"},"content":{"rendered":"<p style=\"text-align: center;\"><strong><span style=\"font-size: 12px;\"><span style=\"font-family: Arial;\"><a href=\"https:\/\/sites.usp.br\/podae\/?page_id=120\"><span style=\"color: #0000ff;\">Enciclop\u00e9dia Brasileira de Teleodontologia<\/span><\/a>\u00a0\u00a0 <\/span><\/span><\/strong><span style=\"font-size: 14px;\"><span style=\"font-family: Arial;\">\/<\/span><\/span><strong><span style=\"font-size: 12px;\"><span style=\"font-family: Arial;\">\u00a0\u00a0<\/span><\/span><\/strong><strong><span style=\"font-size: 12px;\"><span style=\"font-family: Arial;\"><span style=\"color: #0000ff;\"><a style=\"color: #0000ff;\" href=\"https:\/\/sites.usp.br\/podae\/?page_id=10\">Revista Brasileira de Teleodontologia<\/a><\/span><\/span><\/span><\/strong><strong><span style=\"font-size: 12px;\"><span style=\"font-family: Arial;\">\u00a0<\/span><\/span><\/strong><\/p>\n<p style=\"text-align: center;\"><strong><span style=\"font-size: 14px;\"><span style=\"font-family: Arial;\"><a href=\"https:\/\/sites.usp.br\/podae\/?page_id=3336\"><span style=\"color: #0000ff;\">LISTA<\/span><\/a>\u00a0<\/span><\/span><\/strong><span style=\"font-size: 14px;\"><span style=\"font-family: Arial;\">(<\/span><\/span><strong><span style=\"font-size: 14px;\"><span style=\"font-family: Arial;\">\u201cReferees\u201d<\/span><\/span><\/strong><span style=\"font-size: 14px;\"><span style=\"font-family: Arial;\">)<\/span><\/span><span style=\"font-size: 14px;\"><span style=\"font-family: Arial;\">:<\/span><\/span><strong><span style=\"font-size: 14px;\"><span style=\"font-family: Arial;\"> Assessor <\/span><\/span><\/strong><span style=\"font-size: 14px;\"><span style=\"font-family: Arial;\">\/<\/span><\/span><strong><span style=\"font-size: 14px;\"><span style=\"font-family: Arial;\"> Parecerista <\/span><\/span><\/strong><span style=\"font-size: 14px;\"><span style=\"font-family: Arial;\">\/<\/span><\/span><strong><span style=\"font-size: 14px;\"><span style=\"font-family: Arial;\"> Relator <\/span><\/span><\/strong><span style=\"font-size: 14px;\"><span style=\"font-family: Arial;\">\/<\/span><\/span><strong><span style=\"font-size: 14px;\"><span style=\"font-family: Arial;\"> Consultor\u00a0<\/span><\/span><\/strong><span style=\"font-size: 14px;\"><span style=\"font-family: Arial;\">&#8211;\u00a0<\/span><\/span><strong><span style=\"font-size: 14px;\"><span style=\"font-family: Arial;\">Publica\u00e7\u00e3o Cient\u00edfica Online <\/span><\/span><\/strong><span style=\"color: #ff0000;\"><span style=\"font-size: 10px;\"><strong><span style=\"color: #0000ff;\"><br \/>\n<\/span><\/strong><\/span><\/span><\/p>\n<hr \/>\n<address>\n<address style=\"text-align: right;\">\n<hr style=\"width: 321px;\" \/>\n<\/address>\n<\/address>\n<hr \/>\n<p><em><strong><span style=\"font-size: 12px;\"><span style=\"color: #ff0000; font-size: 14px;\">\u2666 <\/span><\/span><\/strong><\/em><em><em><span style=\"color: #ff0000;\"><em><strong><span style=\"color: #000000; font-size: 14px;\">Amadeu <\/span><\/strong><\/em><\/span><\/em><\/em><span style=\"color: #ff0000;\"><span style=\"color: #ff0000;\"><span style=\"font-size: 10px;\"><strong><span style=\"color: #0000ff;\"><span style=\"color: #000000;\"><em><span style=\"color: #000000; font-size: 14px;\">Rodrigues da Silva J\u00fanior &#8211; <\/span><\/em> <span style=\"color: #0000ff;\"><a style=\"color: #0000ff;\" href=\"https:\/\/uspdigital.usp.br\/telefonia\/telFormularioEmail.jsp?codigoPessoaUsuario=0&amp;codigoPessoa=78306&amp;nomePessoa=Amadeu Rodrigues da Silva Junior&amp;print=s\">E-mail<\/a><\/span>\u00a0<em><span style=\"color: #000000; font-size: 14px;\">&#8211;<\/span><\/em> <span style=\"color: #0000ff;\"><a style=\"color: #0000ff;\" href=\"http:\/\/lattes.cnpq.br\/4941647300671224\">Curr\u00edculo Lattes<\/a><\/span> <em><span style=\"color: #000000; font-size: 14px;\">&#8211;<\/span><\/em> <span style=\"color: #0000ff;\"><a style=\"color: #0000ff;\" href=\"http:\/\/buscatextual.cnpq.br\/buscatextual\/graficos.do?metodo=apresentar&amp;codRHCript=K4460384H8&amp;nome=Amadeu%20Rodrigues%20da%20Silva%20Junior\">Indicador<span style=\"text-decoration: underline;\"> de Produ\u00e7\u00e3o<\/span><\/a><\/span> <em><span style=\"color: #000000; font-size: 14px;\">&#8211;<\/span><\/em> <span style=\"color: #0000ff;\"><a style=\"color: #0000ff;\" href=\"https:\/\/www.worldcat.org\/search?q=Amadeu+Rodrigues+da+Silva+Junior&amp;qt=results_page\">WorldCat<\/a><\/span> <em><span style=\"color: #000000; font-size: 14px;\">&#8211;<\/span><\/em> <span style=\"color: #0000ff;\"><a style=\"color: #0000ff;\" href=\"http:\/\/dedalus.usp.br\/F\/9ANJ5E1LYS89L6BR999TFBEHS8RE3HY1ARYSFJST7VUPJYRNRJ-58179?func=find-b&amp;request=Amadeu+Rodrigues+da+Silva+J%C3%BAnior+&amp;find_code=WRD&amp;local_base=USP01&amp;x=0&amp;y=0&amp;filter_code_1=WLN&amp;filter_request_1=&amp;filter_code_2=WYR&amp;filter_request_2=&amp;filter_code_3=WYR&amp;filter_request_3=&amp;filter_code_4=WMA&amp;filter_request_4=&amp;filter_code_5=WBA&amp;filter_request_5=\">Dedalus (USP)<\/a><\/span> &#8211; <a href=\"https:\/\/scholar.google.com\/scholar?hl=en&amp;as_sdt=0,5&amp;q=%22Amadeu+Rodrigues+da+Silva+Junior%22\"><span style=\"color: #0000ff;\">Google Scholar<\/span><br \/>\n<\/a> <\/span><\/span><\/strong><\/span><\/span><\/span><\/p>\n<address>\n<address style=\"text-align: right;\">\n<hr style=\"width: 321px;\" \/>\n<\/address>\n<\/address>\n<hr \/>\n<hr \/>\n<p style=\"text-align: justify;\"><span style=\"font-family: Arial;\"><strong>Amadeu Rodrigues da Silva J\u00fanior\u00a0<\/strong>(<strong>\u201cReferee\u201d<\/strong>)<strong>:\u00a0<\/strong><\/span><span style=\"font-family: Arial;\">Atividade Volunt\u00e1ria. <\/span><\/p>\n<p style=\"text-align: justify;\"><span style=\"font-family: Arial;\"><strong>Amadeu Rodrigues da Silva J\u00fanior<\/strong>:\u00a0<strong><span style=\"font-size: 14px;\">\u201cReferee\u201d <\/span><\/strong><span style=\"font-size: 14px;\">(<\/span><strong><span style=\"font-size: 14px;\">Assessor <\/span><span style=\"font-size: 14px;\">\/<\/span><span style=\"font-size: 14px;\"> Parecerista <\/span><span style=\"font-size: 14px;\">\/<\/span><span style=\"font-size: 14px;\"> Relator <\/span><span style=\"font-size: 14px;\">\/<\/span><span style=\"font-size: 14px;\"> Consultor<\/span><\/strong><span style=\"font-size: 14px;\">)<\/span><strong><span style=\"font-size: 14px;\"> dos <\/span><\/strong>textos enviados para (<strong><span style=\"color: #0000ff;\"><a style=\"color: #0000ff;\" href=\"https:\/\/sites.usp.br\/podae\/?page_id=3323\">E-mail<\/a><\/span><\/strong>) as publica\u00e7\u00f5es cient\u00edficas online\u00a0 (Livre Acesso \/ Acesso Aberto) na<strong> Enciclop\u00e9dia Brasileira de Teleodontologia <\/strong>(<strong>ISSN <span style=\"color: #0000ff;\"><a style=\"color: #0000ff;\" href=\"https:\/\/portal.issn.org\/resource\/ISSN\/2448-1181#\">2448-1181<\/a><\/span><\/strong>) e na<strong> Revista Brasileira de Teleodontologia <\/strong>(<strong>ISSN <span style=\"color: #0000ff;\"><a style=\"color: #0000ff;\" href=\"https:\/\/portal.issn.org\/resource\/ISSN\/1809-0745#\">1809-0745<\/a><\/span><\/strong>)<strong>.<\/strong><\/span><\/p>\n<p style=\"text-align: justify;\"><span style=\"font-family: Arial;\"><strong>Amadeu Rodrigues da Silva J\u00fanior, <\/strong>na fun\u00e7\u00e3o de \u201cad hoc\u201c, fundamenta as atua\u00e7\u00f5es acad\u00eamicas em harmonia com as informa\u00e7\u00f5es contidas na <strong><a href=\"http:\/\/lattes.cnpq.br\/\"><span style=\"color: #0000ff;\">Plataforma Lattes<\/span><\/a><\/strong> (<em>Conselho Nacional de Desenvolvimento Cient\u00edfico e Tecnol\u00f3gico<\/em>), compat\u00edveis com sua \u00e1rea profissional de atua\u00e7\u00e3o (Docente e Pesquisador).<\/span><\/p>\n<hr \/>\n<hr \/>\n<p style=\"text-align: justify;\"><em><strong><span style=\"font-size: 12px;\"><span style=\"color: #ff0000; font-size: 14px;\">\u2666 <\/span>CERTIFICA\u00c7\u00c3O: Atividades Volunt\u00e1rias (Per\u00edodos: 2011 &#8211; 26\/6\/2015)<\/span><\/strong><\/em><\/p>\n<p style=\"text-align: justify;\"><span style=\"font-size: 13px;\">Para receber a senha objetivando a impress\u00e3o do certificado entrar em contato com Equipe: <a href=\"https:\/\/sites.usp.br\/podae\/?page_id=3323\"><span style=\"text-decoration: underline; color: #0000ff;\"><strong>E-mail<\/strong><\/span><\/a>.<\/span><\/p>\n<div style=\"text-align: justify;\" align=\"justify\">\n<div style=\"text-align: center;\" align=\"justify\">\n<address style=\"text-align: right;\">\n<hr \/>\n<address>\u00a0<\/address>\n<\/address>\n<\/div>\n<\/div>\n<p style=\"text-align: justify;\"><span style=\"font-family: Arial;\">.<\/span><\/p>\n<p>&nbsp;<\/p>\n","protected":false},"excerpt":{"rendered":"<p>Enciclop\u00e9dia Brasileira de Teleodontologia\u00a0\u00a0 \/\u00a0\u00a0Revista Brasileira de Teleodontologia\u00a0 LISTA\u00a0(\u201cReferees\u201d): Assessor \/ Parecerista \/ Relator \/ [&hellip;]<\/p>\n","protected":false},"author":58,"featured_media":0,"parent":3336,"menu_order":0,"comment_status":"closed","ping_status":"closed","template":"","meta":{"footnotes":"","_links_to":"","_links_to_target":""},"class_list":["post-4652","page","type-page","status-publish","hentry"],"_links":{"self":[{"href":"https:\/\/sites.usp.br\/podae\/index.php?rest_route=\/wp\/v2\/pages\/4652","targetHints":{"allow":["GET"]}}],"collection":[{"href":"https:\/\/sites.usp.br\/podae\/index.php?rest_route=\/wp\/v2\/pages"}],"about":[{"href":"https:\/\/sites.usp.br\/podae\/index.php?rest_route=\/wp\/v2\/types\/page"}],"author":[{"embeddable":true,"href":"https:\/\/sites.usp.br\/podae\/index.php?rest_route=\/wp\/v2\/users\/58"}],"replies":[{"embeddable":true,"href":"https:\/\/sites.usp.br\/podae\/index.php?rest_route=%2Fwp%2Fv2%2Fcomments&post=4652"}],"version-history":[{"count":4,"href":"https:\/\/sites.usp.br\/podae\/index.php?rest_route=\/wp\/v2\/pages\/4652\/revisions"}],"predecessor-version":[{"id":9854,"href":"https:\/\/sites.usp.br\/podae\/index.php?rest_route=\/wp\/v2\/pages\/4652\/revisions\/9854"}],"up":[{"embeddable":true,"href":"https:\/\/sites.usp.br\/podae\/index.php?rest_route=\/wp\/v2\/pages\/3336"}],"wp:attachment":[{"href":"https:\/\/sites.usp.br\/podae\/index.php?rest_route=%2Fwp%2Fv2%2Fmedia&parent=4652"}],"curies":[{"name":"wp","href":"https:\/\/api.w.org\/{rel}","templated":true}]}}