{"id":5602,"date":"2019-08-05T17:13:40","date_gmt":"2019-08-05T20:13:40","guid":{"rendered":"http:\/\/sites.usp.br\/podae\/?page_id=5602"},"modified":"2019-10-30T08:29:33","modified_gmt":"2019-10-30T11:29:33","slug":"03-abordagem-articular-atividades-academicas-formacao-profissional-cirurgiao-dentista","status":"publish","type":"page","link":"https:\/\/sites.usp.br\/podae\/?page_id=5602","title":{"rendered":"03 Abordagem Articular (Cirurgi\u00e3o-Dentista): Atividades Acad\u00eamicas \u2013 Forma\u00e7\u00e3o Profissional"},"content":{"rendered":"<div style=\"text-align: left;\" align=\"center\">\n<p style=\"text-align: center;\"><span style=\"color: #800080;\"><strong><span style=\"font-size: 16px;\"><span style=\"font-family: Arial;\">ENCICLOP\u00c9DIA BRASILEIRA DE TELEODONTOLOGIA<br \/>\n<\/span><\/span><\/strong><\/span><strong><span style=\"font-size: 12px;\"><span style=\"font-family: Arial;\">ISSN <span style=\"color: #0000ff;\"><a style=\"color: #0000ff;\" href=\"https:\/\/portal.issn.org\/resource\/ISSN\/2448-1181#\">2448-1181<\/a><\/span><\/span><\/span><\/strong><strong><span style=\"font-size: 12px;\"><span style=\"font-family: Arial;\"> \/ <span style=\"color: #0000ff;\"><a style=\"color: #0000ff;\" href=\"https:\/\/sites.usp.br\/podae\/wp-content\/uploads\/sites\/36\/2019\/06\/Encicl.-Bras.Teleodontol.jpg\">SIBi<\/a><\/span> \/ <a href=\"https:\/\/sites.usp.br\/podae\/?page_id=3320\"><span style=\"color: #0000ff;\">Expediente<\/span><\/a> \/ <span style=\"color: #0000ff;\"><a style=\"color: #0000ff;\" href=\"https:\/\/sites.usp.br\/podae\/?page_id=120\">Fasc\u00edculos<\/a><\/span> (A-Z)<br \/>\n<\/span><\/span><\/strong><strong><span style=\"font-size: 12px;\"><span style=\"font-family: Arial;\"> Polo de Odontologia Digital Aplicado \u00e0 Educa\u00e7\u00e3o <\/span><\/span><\/strong><span style=\"font-size: 12px;\"><span style=\"font-family: Arial;\">(<\/span><\/span><strong><span style=\"font-size: 12px;\"><span style=\"font-family: Arial;\"><a href=\"https:\/\/sites.usp.br\/podae\/?page_id=89\"><span style=\"color: #0000ff;\">PODAE<\/span><\/a><\/span><\/span><\/strong><span style=\"font-size: 12px;\"><span style=\"font-family: Arial;\"><span style=\"color: #0000ff;\">)<\/span><\/span><\/span><strong><span style=\"font-size: 12px;\"><span style=\"font-family: Arial;\"><span style=\"color: #0000ff;\">: <\/span><a href=\"https:\/\/www.forp.usp.br\/\"><span style=\"color: #0000ff;\">FORP<\/span><\/a> \/ <span style=\"color: #0000ff;\"><a style=\"color: #0000ff;\" href=\"https:\/\/www5.usp.br\/\">USP<\/a><\/span><\/span><\/span><\/strong> <strong><span style=\"font-size: 12px;\"><span style=\"font-family: Arial;\"><br \/>\n<\/span><\/span><\/strong><span style=\"color: #000000;\"><strong><span style=\"font-size: 10px;\"><span style=\"color: #ff0000; font-size: 14px;\">\u2666<\/span> <\/span><\/strong><\/span><span style=\"color: #000000;\"><strong><span style=\"font-size: 10px;\"><span style=\"text-decoration: underline;\">SUM\u00c1RIOS<\/span><\/span><\/strong><\/span><strong><span style=\"font-size: 12px;\"><span style=\"font-family: Arial;\">: <\/span><\/span><\/strong><span style=\"color: #000000;\"><strong><span style=\"font-size: 10px;\"><span style=\"color: #0000ff;\"><a style=\"color: #0000ff;\" href=\"https:\/\/sites.usp.br\/podae\/?page_id=3288\"><span style=\"color: #0000ff;\">Fasc\u00edculo A<\/span><\/a><\/span> e <span style=\"color: #0000ff;\"><a style=\"color: #0000ff;\" href=\"https:\/\/sites.usp.br\/podae\/?page_id=3387\">Suplemento Anual<\/a><\/span><\/span><\/strong><\/span><strong><span style=\"font-size: 12px;\"><span style=\"font-family: Arial;\"><br \/>\n<\/span><\/span><\/strong><\/p>\n<hr style=\"width: 321px;\" \/>\n<\/div>\n<p><em><span style=\"color: #ff0000; font-size: 14px;\"><strong><span style=\"color: #0000ff;\"><span style=\"color: #000000; font-size: 14px;\"><span style=\"color: #ff0000; font-size: 14px;\">\u25ca<\/span><\/span><\/span><\/strong> <span style=\"color: #ff0000;\"><span style=\"color: #000000; font-size: 14px;\"><em><strong>Miguel Alfredo Isper <\/strong><\/em><strong>&#8211;<\/strong> <span style=\"font-size: 10px; color: #0000ff;\"><strong><strong><span style=\"font-size: 10px;\"><a style=\"color: #0000ff;\" href=\"http:\/\/buscatextual.cnpq.br\/buscatextual\/email.do?metodo=apresentar&amp;seqIdPessoa=672004&amp;nomeDestinatario=Miguel_Alfredo_Isper\">E-mail<\/a><\/span><\/strong><\/strong><\/span>\u00a0<strong>&#8211;<\/strong> <\/span><\/span><span style=\"color: #ff0000;\"><span style=\"font-size: 10px;\"><span style=\"color: #0000ff;\"><strong><span style=\"text-decoration: underline;\"><a style=\"color: #0000ff; text-decoration: underline;\" href=\"http:\/\/lattes.cnpq.br\/5865022676216466\">Curr\u00edculo Latte<\/a>s<\/span><\/strong><br \/>\n<\/span><\/span><\/span><\/span><\/em><\/p>\n<hr \/>\n<hr \/>\n<address style=\"text-align: right;\"><strong><span style=\"font-size: 10px;\">p\u00e1gina 3<\/span><\/strong><\/address>\n<hr \/>\n<p style=\"text-align: justify;\"><span style=\"color: #000000; font-family: Arial;\"><span style=\"font-size: 12px; line-height: 18px;\"><strong> ISPER, M.A. Abordagem Articular (Cirurgi\u00e3o-Dentista): Atividades Acad\u00eamicas \u2013 Forma\u00e7\u00e3o Profissional.<\/strong><strong> Encicl. Bras.Teleodontol., Volume 1 (Fasc\u00edculo<span style=\"color: #0000ff;\">\u00a0A<\/span>): p\u00e1gina 3, janeiro, 2011. ISSN 2448-1181<\/strong>.<\/span><\/span><\/p>\n<hr \/>\n<p style=\"text-align: justify;\"><span style=\"font-family: Arial;\"><strong>Arte de Educar<\/strong> \u00e9 cont\u00ednua na <strong>Inclus\u00e3o Educacional<\/strong>: <strong>Ensinar <\/strong><\/span><span style=\"font-family: Arial;\">(1\u00ba. Momento)<\/span><span style=\"font-family: Arial;\">. <strong>Arte de Educar<\/strong> reflete atitude, habilidade, conduta, procedimento (&#8220;<em>maneira de ser<\/em>&#8220;) do Educador [1,2,3,4]. <\/span><span style=\"font-family: Arial;\"><strong>Abordagem Articular<\/strong> amplia as: Atividades Acad\u00eamicas com atualiza\u00e7\u00e3o na Forma\u00e7\u00e3o Profissional (Cirurgi\u00e3o &#8211; Dentista). <\/span><\/p>\n<p style=\"text-align: justify;\"><span style=\"font-family: Arial;\"><strong>Gest\u00e3o Educadora<\/strong> efetiva estimula a\u00e7\u00e3o educacional (<strong>Ambiente Colaborativo de Aprendizagem) <\/strong>no Ensino Superior com a\u00e7\u00f5es no di\u00e1logo virtual como se fosse um &#8220;cronista&#8221; , e o educando apenas passivamente observa e escuta mas n\u00e3o ouve (n\u00e3o digere).<strong>Arte de Educar <\/strong>(<strong>Atividade de Primeiro Encontro<\/strong>) incentiva (<strong>Aprendizagem Significativa<\/strong>) e conduz o <strong>Modelo de Gest\u00e3o <\/strong>em<strong> Educa\u00e7\u00e3o <\/strong>(<strong>Odontologia)<\/strong>, obedecendo as orienta\u00e7\u00f5es do<strong> Conselho Federal de Odontologia<\/strong> &#8211; <strong><span style=\"color: #0000ff;\"><a href=\"http:\/\/cfo.org.br\/\"><span style=\"color: #0000ff;\">CFO<\/span><\/a><\/span><\/strong>). <\/span><span style=\"font-family: Arial;\"><strong>Educar <\/strong>(<strong>Qualidade do Ensino<\/strong>) promove as descobertas educacionais (cognitivo, psicomotor, \u00e9tico e reflex\u00e3o cr\u00edtica) e incentiva a colabora\u00e7\u00e3o (<strong>Educa\u00e7\u00e3o Participativa<\/strong>). M<\/span><span style=\"font-family: Arial;\">otivar, facilitar e despertar conduzem para <strong>Educa\u00e7\u00e3o Transformadora<\/strong>, transcendendo a Literatura Educacional das &#8220;Classifica\u00e7\u00f5es das Doen\u00e7as&#8221; [<strong><span style=\"color: #0000ff;\"><a style=\"color: #0000ff;\" href=\"http:\/\/sites.usp.br\/ebt\/wp-content\/uploads\/sites\/44\/2014\/11\/ICD10-2010.pdf\">3<\/a>] <\/span><\/strong><span style=\"color: #0000ff;\"><span style=\"color: #000000;\">e as orienta\u00e7\u00f5es das condutas e procedimentos em Odontologia [<\/span><\/span><strong><span style=\"color: #0000ff;\"><a style=\"color: #0000ff;\" href=\"http:\/\/www.who.int\/en\/\">4<\/a><\/span><\/strong>]. <\/span><\/p>\n<p style=\"text-align: justify;\"><span style=\"font-family: Arial;\"><strong>Arte de Educar<\/strong> est\u00e1 intimamente associada a <\/span><strong style=\"font-family: Arial;\">Gest\u00e3o em Estrat\u00e9gia Educacional<\/strong><span style=\"font-family: Arial;\">, inicia-se muito antes das contextualiza\u00e7\u00e3o e <\/span><span style=\"font-family: Arial;\">implanta\u00e7\u00e3o do <strong>Projeto Pol\u00edtico Pedag\u00f3gico <\/strong>(<strong>PPP<\/strong>).<\/span><\/p>\n<p style=\"text-align: justify;\"><span style=\"font-family: Arial;\">Neste s\u00e9culo XXI \u00e9 fundamental a necessidade da constante atualiza\u00e7\u00e3o profissional na \u00e1rea da Sa\u00fade (Odontologia)<\/span><span style=\"font-family: Arial;\"> com apoio das ferramentas virtuais facilitadoras (<strong><span style=\"color: #0000ff;\"><a style=\"color: #0000ff;\" href=\"http:\/\/www5.usp.br\/\">USP<\/a><\/span><\/strong> &#8211; <a href=\"https:\/\/uspdigital.usp.br\/jupiterweb\/listarGradeCurricular?codcg=58&amp;codcur=58012&amp;codhab=0&amp;tipo=N\"><strong><span style=\"color: #0000ff;\">FORP<\/span><\/strong><\/a> &#8211; <span style=\"color: #0000ff;\"><strong><a style=\"color: #0000ff;\" href=\"http:\/\/sites.usp.br\/podae\/\">PODAE<\/a><\/strong><\/span> &#8211; <strong><span style=\"color: #0000ff;\"><a style=\"color: #0000ff;\" href=\"http:\/\/sites.usp.br\/LACIRO\/\">Laciro<\/a><\/span><\/strong>) disponiblizada online <\/span><span style=\"font-family: Arial;\">.<br \/>\n<\/span><\/p>\n<hr \/>\n<div align=\"justify\">\n<div align=\"justify\">\n<div align=\"justify\">\n<div align=\"justify\">\n<div align=\"justify\">\n<div align=\"justify\">\n<div align=\"justify\"><span style=\"font-size: 12px;\"><em><strong><span style=\"text-decoration: underline;\">REFER\u00caNCIAS<\/span><\/strong><\/em><\/span><\/div>\n<div style=\"font-size: 12px;\" align=\"justify\">\n<div align=\"justify\"><span style=\"font-size: 12px;\">1.<\/span><span style=\"font-size: 12px;\">\u00a0BRASIL &#8211; Diretrizes e Bases da Educa\u00e7\u00e3o Nacional, 1996.\u00a0Di\u00e1rio Oficial da Uni\u00e3o &#8211; Se\u00e7\u00e3o 1 &#8211; 23\/12\/1996, p: 27833. [<span style=\"color: #0000ff;\"><strong><a style=\"color: #0000ff;\" href=\"http:\/\/sites.usp.br\/ebt\/wp-content\/uploads\/sites\/44\/2014\/11\/Lei_9.394.pdf\">Lei 9.394<\/a><\/strong><\/span>]<\/span><\/div>\n<div align=\"justify\">2. BRASIL &#8211; Regula o Exerc\u00edcio da Odontologia. Lei n\u00ba 5.081. 24\/08\/1966. Di\u00e1rio Oficial, Se\u00e7\u00e3o I. Parte I, 26\/08\/1966. [<strong><span style=\"color: #0000ff;\"><a style=\"color: #0000ff;\" href=\"http:\/\/www.planalto.gov.br\/ccivil_03\/leis\/L5081.htm\">Lei n\u00ba 5.081<\/a><\/span><\/strong>]<\/div>\n<div align=\"justify\"><span style=\"font-size: 12px;\">3. MESTRINER, S.F.; PARDINI, L.C.; MESTRINER, W.Jr. Impact of the bitewing radiography exam inclusion on the prevalence of dental caries in 12-year-old students in the city of Franca, S\u00e3o Paulo, Brazil. J. Appl. Oral Sci. 14(3):167-171.2006. [<strong><span style=\"color: #0000ff;\"><a style=\"color: #0000ff;\" href=\"http:\/\/www.scielo.br\/pdf\/jaos\/v14n3\/a04v14n3.pdf\">LINK<\/a><\/span><\/strong>].<br \/>\n<\/span><\/div>\n<div align=\"justify\"><span style=\"font-size: 12px;\">4. ROZENDO, C.A.; CASAGRANDE, L.D.R.; SCHNEIDER, J.F.; PARDINI, L.C. Uma an\u00e1lise das pr\u00e1ticas docentes de professores universit\u00e1rios da \u00e1rea de sa\u00fade. Rev. latino-am.enfermagem, Ribeir\u00e3o Preto, 7( 2): 15-23, abril 1999. [<strong><span style=\"color: #0000ff;\"><a style=\"color: #0000ff;\" href=\"http:\/\/www.scielo.br\/scielo.php?script=sci_arttext&amp;pid=S0104-11691999000200003&amp;lng=pt&amp;nrm=iso\">LINK<\/a><\/span><\/strong>].<\/span><\/div>\n<div style=\"font-size: 12px;\" align=\"justify\"><span style=\"font-size: 12px;\">5.<\/span>\u00a0<span style=\"font-size: 12px;\">World Health Organization: International Statistical Classification of Diseases and Related Health Problems, Tenth Revision Instruction Manual. Geneva, World Health Organization, 2004. [<span style=\"color: #0000ff;\"><strong><a style=\"color: #0000ff;\" href=\"http:\/\/sites.usp.br\/ebt\/wp-content\/uploads\/sites\/44\/2014\/11\/ICD10-2010.pdf\">ICD<\/a><\/strong><\/span>]..<\/span><\/div>\n<\/div>\n<\/div>\n<\/div>\n<\/div>\n<\/div>\n<\/div>\n<\/div>\n<div align=\"justify\">\n<div align=\"justify\">\n<div style=\"text-align: center;\" align=\"justify\">\n<address style=\"text-align: right;\">\n<hr \/>\n<hr \/>\n<\/address>\n<\/div>\n<\/div>\n<div style=\"text-align: left;\" align=\"center\">\n<div style=\"text-align: center;\" align=\"center\">\n<div align=\"justify\">\n<p><span style=\"font-size: 13px;\"><strong><span style=\"color: #ff0000;\"><em><span style=\"color: #ff0000; font-size: 14px;\">\u25ca <\/span><\/em><\/span><\/strong><\/span><span style=\"font-size: 10px;\"><strong>Pesquisador Volunt\u00e1rio do LACIRO (CNPq &#8211; <span style=\"color: #0000ff;\"><a style=\"color: #0000ff;\" href=\"http:\/\/dgp.cnpq.br\/dgp\/espelhogrupo\/7860212987967525\">Diret\u00f3rio de Grupo<\/a><\/span><\/strong><\/span><span style=\"font-size: 10px;\"><strong>)<\/strong><\/span><\/p>\n<\/div>\n<hr \/>\n<p style=\"text-align: justify;\"><span style=\"font-size: 10px;\"><strong><span style=\"text-decoration: underline;\">Recebido<\/span>\u00a0 2\/1\/2011 &#8211;\u00a0<span style=\"color: #0000ff;\"><a style=\"color: #0000ff;\" href=\"http:\/\/sites.usp.br\/ebt\/forp-expediente-encicl-bras-teleodontol\/parecerista-relator-consultor-avaliador\/\">Parecerista<\/a>\u00a0<\/span>2\/1\/2011- Reformulado 3\/1\/2011 &#8211;\u00a0<span style=\"text-decoration: underline;\">Publicado<\/span>\u00a0 3\/1\/2011 &#8211; Enciclop\u00e9dia Brasileira de Teleodontologia<\/strong><\/span><\/p>\n<hr \/>\n<p>&nbsp;<\/p>\n<\/div>\n<\/div>\n<\/div>\n","protected":false},"excerpt":{"rendered":"<p>ENCICLOP\u00c9DIA BRASILEIRA DE TELEODONTOLOGIA ISSN 2448-1181 \/ SIBi \/ Expediente \/ Fasc\u00edculos (A-Z) Polo de [&hellip;]<\/p>\n","protected":false},"author":58,"featured_media":0,"parent":5582,"menu_order":0,"comment_status":"closed","ping_status":"closed","template":"","meta":{"footnotes":"","_links_to":"","_links_to_target":""},"class_list":["post-5602","page","type-page","status-publish","hentry"],"_links":{"self":[{"href":"https:\/\/sites.usp.br\/podae\/index.php?rest_route=\/wp\/v2\/pages\/5602","targetHints":{"allow":["GET"]}}],"collection":[{"href":"https:\/\/sites.usp.br\/podae\/index.php?rest_route=\/wp\/v2\/pages"}],"about":[{"href":"https:\/\/sites.usp.br\/podae\/index.php?rest_route=\/wp\/v2\/types\/page"}],"author":[{"embeddable":true,"href":"https:\/\/sites.usp.br\/podae\/index.php?rest_route=\/wp\/v2\/users\/58"}],"replies":[{"embeddable":true,"href":"https:\/\/sites.usp.br\/podae\/index.php?rest_route=%2Fwp%2Fv2%2Fcomments&post=5602"}],"version-history":[{"count":4,"href":"https:\/\/sites.usp.br\/podae\/index.php?rest_route=\/wp\/v2\/pages\/5602\/revisions"}],"predecessor-version":[{"id":9758,"href":"https:\/\/sites.usp.br\/podae\/index.php?rest_route=\/wp\/v2\/pages\/5602\/revisions\/9758"}],"up":[{"embeddable":true,"href":"https:\/\/sites.usp.br\/podae\/index.php?rest_route=\/wp\/v2\/pages\/5582"}],"wp:attachment":[{"href":"https:\/\/sites.usp.br\/podae\/index.php?rest_route=%2Fwp%2Fv2%2Fmedia&parent=5602"}],"curies":[{"name":"wp","href":"https:\/\/api.w.org\/{rel}","templated":true}]}}