{"id":5639,"date":"2011-01-04T00:04:50","date_gmt":"2011-01-04T02:04:50","guid":{"rendered":"http:\/\/sites.usp.br\/podae\/?page_id=5639"},"modified":"2020-04-30T09:52:14","modified_gmt":"2020-04-30T12:52:14","slug":"04-teste-1","status":"publish","type":"page","link":"https:\/\/sites.usp.br\/podae\/?page_id=5639","title":{"rendered":"04 Abordagem Articular (Odontologia): Atividades Humanista e Formadora do Educando"},"content":{"rendered":"<div style=\"text-align: left;\" align=\"center\">\n<p style=\"text-align: center;\"><span style=\"color: #800080;\"><strong><span style=\"font-size: 16px;\"><span style=\"font-family: Arial;\">ENCICLOP\u00c9DIA BRASILEIRA DE TELEODONTOLOGIA<br \/>\n<\/span><\/span><\/strong><\/span><strong><span style=\"font-size: 12px;\"><span style=\"font-family: Arial;\">ISSN <span style=\"color: #0000ff;\"><a style=\"color: #0000ff;\" href=\"https:\/\/portal.issn.org\/resource\/ISSN\/2448-1181#\">2448-1181<\/a><\/span><\/span><\/span><\/strong><strong><span style=\"font-size: 12px;\"><span style=\"font-family: Arial;\"> \/ <span style=\"color: #0000ff;\"><a style=\"color: #0000ff;\" href=\"https:\/\/sites.usp.br\/podae\/wp-content\/uploads\/sites\/36\/2019\/06\/Encicl.-Bras.Teleodontol.jpg\">SIBi<\/a><\/span> \/ <a href=\"https:\/\/sites.usp.br\/podae\/?page_id=3320\"><span style=\"color: #0000ff;\">Expediente<\/span><\/a> \/ Fasc\u00edculos <\/span><\/span><\/strong><span style=\"font-size: 12px;\"><span style=\"font-family: Arial;\">(<\/span><\/span><strong><span style=\"font-size: 12px;\"><span style=\"font-family: Arial;\"><span style=\"color: #0000ff;\"><a style=\"color: #0000ff;\" href=\"https:\/\/sites.usp.br\/podae\/?page_id=120\">A-Z<\/a><\/span>)<br \/>\n<\/span><\/span><\/strong><strong><span style=\"font-size: 12px;\"><span style=\"font-family: Arial;\"> Polo de Odontologia Digital Aplicado \u00e0 Educa\u00e7\u00e3o <\/span><\/span><\/strong><span style=\"font-size: 12px;\"><span style=\"font-family: Arial;\">(<\/span><\/span><strong><span style=\"font-size: 12px;\"><span style=\"font-family: Arial;\"><a href=\"https:\/\/sites.usp.br\/podae\/?page_id=89\"><span style=\"color: #0000ff;\">PODAE<\/span><\/a><\/span><\/span><\/strong><span style=\"font-size: 12px;\"><span style=\"font-family: Arial;\"><span style=\"color: #0000ff;\">)<\/span><\/span><\/span><strong><span style=\"font-size: 12px;\"><span style=\"font-family: Arial;\"><span style=\"color: #0000ff;\">: <\/span><a href=\"https:\/\/www.forp.usp.br\/\"><span style=\"color: #0000ff;\">FORP<\/span><\/a> \/ <span style=\"color: #0000ff;\"><a style=\"color: #0000ff;\" href=\"https:\/\/www5.usp.br\/\">USP<\/a><\/span><\/span><\/span><\/strong> <strong><span style=\"font-size: 12px;\"><span style=\"font-family: Arial;\"><br \/>\n<\/span><\/span><\/strong><span style=\"color: #000000;\"><strong><span style=\"font-size: 10px;\"><span style=\"color: #ff0000; font-size: 14px;\">\u2666<\/span> <\/span><\/strong><\/span><span style=\"color: #000000;\"><strong><span style=\"font-size: 10px;\"><span style=\"text-decoration: underline;\">SUM\u00c1RIOS<\/span><\/span><\/strong><\/span><strong><span style=\"font-size: 12px;\"><span style=\"font-family: Arial;\">: <\/span><\/span><\/strong><span style=\"color: #000000;\"><strong><span style=\"font-size: 10px;\"><span style=\"color: #0000ff;\"><a style=\"color: #0000ff;\" href=\"https:\/\/sites.usp.br\/podae\/?page_id=3288\"><span style=\"color: #0000ff;\">Fasc\u00edculo A<\/span><\/a><\/span> e <span style=\"color: #0000ff;\"><a style=\"color: #0000ff;\" href=\"https:\/\/sites.usp.br\/podae\/?page_id=3387\">Suplemento Anual<\/a><\/span><\/span><\/strong><\/span><strong><span style=\"font-size: 12px;\"><span style=\"font-family: Arial;\"><br \/>\n<\/span><\/span><\/strong><\/p>\n<hr style=\"width: 321px;\" \/>\n<\/div>\n<p><em><span style=\"color: #ff0000; font-size: 14px;\"><strong><span style=\"color: #0000ff;\"><span style=\"color: #000000; font-size: 14px;\"><span style=\"color: #ff0000; font-size: 14px;\"><span style=\"color: #000000;\">Dion\u00edsio Vinha<\/span>\u00a0 <\/span><\/span><\/span><\/strong><\/span><\/em><strong>&#8211;<\/strong> <a href=\"http:\/\/buscatextual.cnpq.br\/buscatextual\/email.do?metodo=apresentar&amp;seqIdPessoa=11644&amp;nomeDestinatario=Dionisio_Vinha\"><span style=\"font-size: 10px; color: #0000ff;\"><strong><strong><span style=\"font-size: 10px;\">E-mail<\/span><\/strong><\/strong><\/span><\/a> <strong>&#8211;<\/strong> <span style=\"color: #ff0000;\"><span style=\"font-size: 10px;\"><span style=\"color: #0000ff;\"><a style=\"color: #0000ff;\" href=\"http:\/\/lattes.cnpq.br\/7764721506268656\"><strong><span style=\"text-decoration: underline;\">Curr\u00edculo Lattes<\/span><\/strong><\/a><br \/>\n<\/span><\/span><\/span><\/p>\n<hr \/>\n<hr \/>\n<address style=\"text-align: right;\"><strong><span style=\"font-size: 10px;\">p\u00e1gina 4<\/span><\/strong><\/address>\n<hr \/>\n<p style=\"text-align: justify;\"><span style=\"color: #000000; font-family: Arial;\"><span style=\"font-size: 12px; line-height: 18px;\"><strong> VINHA, D. Abordagem Articular (Odontologia): Atividades Humanista e Formadora do Educando.<\/strong><strong> Encicl. Bras.Teleodontol., Volume 1 (Fasc\u00edculo A): p\u00e1gina 4, janeiro, 2011. ISSN 2448-1181<\/strong>.<\/span><\/span><\/p>\n<hr \/>\n<p style=\"text-align: justify;\"><span style=\"font-family: Arial;\"><strong>Abordagem Articular <\/strong>em <strong>Odontologia <\/strong>(<strong>\u00c1rea da Sa\u00fade<\/strong>) contribui pa<strong>ra Atividades Formadoras <\/strong>do<strong> Educando.<\/strong><\/span><\/p>\n<p style=\"text-align: justify;\"><span style=\"font-family: Arial;\">As<strong> Atividades Formadoras do Educando\u00a0<\/strong> \u00e9 cont\u00ednua na <strong>Inclus\u00e3o Educacional<\/strong><\/span><span style=\"font-family: Arial;\"> ampliando a forma\u00e7\u00e3o cient\u00edfica com atualiza\u00e7\u00e3o na Forma\u00e7\u00e3o Profissional (Cirurgi\u00e3o &#8211; Dentista).<\/span><\/p>\n<p style=\"text-align: justify;\"><span style=\"font-family: Arial;\"><strong>CAMACHO<\/strong> et al (1999 e 2006) <\/span><span style=\"font-family: Arial;\">ampliaram os conhecimentos destacando em trabalhos de pesquisa [1,2] atualizando a Forma\u00e7\u00e3o Profissional (Cirurgi\u00e3o &#8211; Dentista). <\/span><\/p>\n<p style=\"text-align: justify;\"><span style=\"font-family: Arial;\"><strong>Gest\u00e3o Educadora<\/strong> efetiva estimula a\u00e7\u00e3o educacional (<strong>Ambiente Colaborativo de Aprendizagem) <\/strong>no Ensino Superior com a\u00e7\u00f5es no di\u00e1logo virtual como se fosse um &#8220;cronista&#8221; , e o educando apenas passivamente observa e escuta mas n\u00e3o ouve (n\u00e3o digere).<strong>Arte de Educar <\/strong>(<strong>Atividade de Primeiro Encontro<\/strong>) incentiva (<strong>Aprendizagem Significativa<\/strong>) e conduz o <strong>Modelo de Gest\u00e3o <\/strong>em<strong> Educa\u00e7\u00e3o <\/strong>(<strong>Odontologia)<\/strong>, obedecendo as orienta\u00e7\u00f5es do<strong> Conselho Federal de Odontologia<\/strong> &#8211; <strong><span style=\"color: #0000ff;\"><a href=\"http:\/\/cfo.org.br\/\"><span style=\"color: #0000ff;\">CFO<\/span><\/a><\/span><\/strong>). <\/span><span style=\"font-family: Arial;\"><strong>Educar <\/strong>(<strong>Qualidade do Ensino<\/strong>) promove as descobertas educacionais (cognitivo, psicomotor, \u00e9tico e reflex\u00e3o cr\u00edtica) e incentiva a colabora\u00e7\u00e3o (<strong>Educa\u00e7\u00e3o Participativa<\/strong>). M<\/span><span style=\"font-family: Arial;\">otivar, facilitar e despertar conduzem para <strong>Educa\u00e7\u00e3o Transformadora.<\/strong><\/span><\/p>\n<p style=\"text-align: justify;\"><span style=\"font-family: Arial;\"><strong>Arte de Educar<\/strong> est\u00e1 intimamente associada a <\/span><strong style=\"font-family: Arial;\">Gest\u00e3o em Estrat\u00e9gia Educacional<\/strong><span style=\"font-family: Arial;\">, inicia-se muito antes das contextualiza\u00e7\u00e3o e <\/span><span style=\"font-family: Arial;\">implanta\u00e7\u00e3o do <strong>Projeto Pol\u00edtico Pedag\u00f3gico <\/strong>(<strong>PPP<\/strong>). Em Odontologia a &#8220;<strong>Arte de Educar<\/strong>&#8221; \u00e9 o motor propulsor: &#8220;<em>Saber de Qualidade<\/em>&#8221; (<strong>BRASIL<\/strong>, <span style=\"text-decoration: underline;\"><span style=\"color: #0000ff;\"><strong><a style=\"color: #0000ff; text-decoration: underline;\" href=\"http:\/\/emec.mec.gov.br\/emec\/consulta-cadastro\/detalhamento\/d96957f455f6405d14c6542552b0f6eb\/NTU=\">Site do MEC<\/a><\/strong><\/span><\/span>). <strong>Arte de Educar<\/strong> \u00e9 foco em a\u00e7\u00f5es (formativa e assertiva), d<\/span><span style=\"font-family: Arial;\">esperta e auxilia o Ensino Superior com avalia\u00e7\u00f5es peri\u00f3dicas (<span style=\"color: #0000ff;\"><strong><a style=\"color: #0000ff;\" href=\"http:\/\/emec.mec.gov.br\/modulos\/visao_comum\/php\/login\/comum_login.php?691ba69561e311dd66adaae89947c631=YWJhX2F2YWxpYWRvcg==\">emec-Avaliador<\/a><\/strong><\/span>) associados aos processos comportamentais do Educando (&#8220;<em>desejo e vontade de aprender<\/em>&#8220;<\/span><span style=\"font-family: Arial;\">) com apoio das ferramentas virtuais facilitadoras (<strong><span style=\"color: #0000ff;\"><a style=\"color: #0000ff;\" href=\"http:\/\/www5.usp.br\/\">USP<\/a><\/span><\/strong> &#8211; <a href=\"https:\/\/uspdigital.usp.br\/jupiterweb\/listarGradeCurricular?codcg=58&amp;codcur=58012&amp;codhab=0&amp;tipo=N\"><strong><span style=\"color: #0000ff;\">FORP<\/span><\/strong><\/a> &#8211; <span style=\"color: #0000ff;\"><strong><a style=\"color: #0000ff;\" href=\"http:\/\/sites.usp.br\/podae\/\">PODAE<\/a><\/strong><\/span> &#8211; <strong><span style=\"color: #0000ff;\"><a style=\"color: #0000ff;\" href=\"http:\/\/sites.usp.br\/LACIRO\/\">Laciro<\/a><\/span><\/strong>), Diretrizes Educacionais (<strong>BRASIL<\/strong>, 1996, 2002) estabelecidas pelo <strong>Minist\u00e9rio da Educa\u00e7\u00e3o<\/strong> (<span style=\"color: #0000ff;\"><strong><a style=\"color: #0000ff;\" href=\"http:\/\/portal.mec.gov.br\/\">MEC<\/a><\/strong><\/span>) e <strong>Sistema Nacional de Avalia\u00e7\u00e3o da Educa\u00e7\u00e3o Superior<\/strong> (<span style=\"color: #0000ff;\"><strong><a href=\"http:\/\/sites.usp.br\/ebt\/wp-content\/uploads\/sites\/44\/2014\/11\/Lei_10861_2004_SINAES.pdf\"><span style=\"color: #0000ff;\">SINAES<\/span><\/a><\/strong><\/span>, <\/span><span style=\"font-family: Arial;\">2004) atuando na globaliza\u00e7\u00e3o e divulga\u00e7\u00e3o da ci\u00eancia (<a href=\"https:\/\/www.researchgate.net\/institution\/University_of_Sao_Paulo\">&#8220;<em><strong><span style=\"color: #0000ff;\">USP &#8211; &#8220;Top Institutions<\/span><\/strong><\/em>&#8220;<\/a>)..<br \/>\n<\/span><\/p>\n<hr \/>\n<div align=\"justify\">\n<div align=\"justify\">\n<div align=\"justify\">\n<div align=\"justify\">\n<div align=\"justify\">\n<div align=\"justify\">\n<div align=\"justify\"><span style=\"font-size: 12px;\"><em><strong><span style=\"text-decoration: underline;\">REFER\u00caNCIAS<\/span><\/strong><\/em><\/span><\/div>\n<div style=\"font-size: 12px;\" align=\"justify\">\n<div align=\"justify\"><span style=\"font-size: 12px;\">1. CAMACHO, G.B.; VINHA, D.; NONAKA, T.; PARDINI, L.C.; NOBRE, M. C. Emprego do exame radiogr\u00e1fico na verifica\u00e7\u00e3o da apta\u00e7\u00e3o de pr\u00f3teses fixas: uma an\u00e1lise cl\u00ednica. Expressa Extens\u00e3o (UFPel), 4(2):53-58, 1999.<\/span><\/div>\n<div align=\"justify\">2.\u00a0CAMACHO, G.B.; VINHA, D.; PANZER,H ; NONAKA, T ; GON\u00c7ALVES, M.\u00a0 Surface Roughness of a dental ceramic after polishing with differents vehicles and diamond pastes. Brazilian Dental Journal, v. 17, p. 191-194, 2006. [<strong><span style=\"color: #0000ff;\"><a style=\"color: #0000ff;\" href=\"http:\/\/www.scielo.br\/scielo.php?script=sci_arttext&amp;pid=S0103-64402006000300003&amp;lng=pt&amp;nrm=iso\">LINK<\/a><\/span><\/strong>].<\/div>\n<\/div>\n<\/div>\n<\/div>\n<\/div>\n<\/div>\n<\/div>\n<\/div>\n<div align=\"justify\">\n<div align=\"justify\">\n<div style=\"text-align: center;\" align=\"justify\">\n<address style=\"text-align: right;\">\n<hr \/>\n<hr \/>\n<\/address>\n<\/div>\n<\/div>\n<div style=\"text-align: left;\" align=\"center\">\n<div style=\"text-align: center;\" align=\"center\">\n<p style=\"text-align: justify;\"><span style=\"font-size: 10px;\"><strong><span style=\"text-decoration: underline;\">Recebido<\/span> 4\/1\/2011\u00a0 <span style=\"color: #0000ff;\"><a style=\"color: #0000ff;\" href=\"https:\/\/sites.usp.br\/podae\/?page_id=3336\">Parecerista<\/a> <\/span>4\/1\/2011\u00a0 <span style=\"text-decoration: underline;\">Reformulado<\/span> 4\/1\/2011\u00a0 <span style=\"text-decoration: underline;\">Publicado<\/span> 4\/1\/2011\u00a0 \u00a0Enciclop\u00e9dia Brasileira de Teleodontologia<\/strong><\/span><\/p>\n<hr \/>\n<p>&nbsp;<\/p>\n<\/div>\n<\/div>\n<\/div>\n","protected":false},"excerpt":{"rendered":"<p>ENCICLOP\u00c9DIA BRASILEIRA DE TELEODONTOLOGIA ISSN 2448-1181 \/ SIBi \/ Expediente \/ Fasc\u00edculos (A-Z) Polo de [&hellip;]<\/p>\n","protected":false},"author":58,"featured_media":0,"parent":5582,"menu_order":0,"comment_status":"closed","ping_status":"closed","template":"","meta":{"footnotes":"","_links_to":"","_links_to_target":""},"class_list":["post-5639","page","type-page","status-publish","hentry"],"_links":{"self":[{"href":"https:\/\/sites.usp.br\/podae\/index.php?rest_route=\/wp\/v2\/pages\/5639","targetHints":{"allow":["GET"]}}],"collection":[{"href":"https:\/\/sites.usp.br\/podae\/index.php?rest_route=\/wp\/v2\/pages"}],"about":[{"href":"https:\/\/sites.usp.br\/podae\/index.php?rest_route=\/wp\/v2\/types\/page"}],"author":[{"embeddable":true,"href":"https:\/\/sites.usp.br\/podae\/index.php?rest_route=\/wp\/v2\/users\/58"}],"replies":[{"embeddable":true,"href":"https:\/\/sites.usp.br\/podae\/index.php?rest_route=%2Fwp%2Fv2%2Fcomments&post=5639"}],"version-history":[{"count":5,"href":"https:\/\/sites.usp.br\/podae\/index.php?rest_route=\/wp\/v2\/pages\/5639\/revisions"}],"predecessor-version":[{"id":13378,"href":"https:\/\/sites.usp.br\/podae\/index.php?rest_route=\/wp\/v2\/pages\/5639\/revisions\/13378"}],"up":[{"embeddable":true,"href":"https:\/\/sites.usp.br\/podae\/index.php?rest_route=\/wp\/v2\/pages\/5582"}],"wp:attachment":[{"href":"https:\/\/sites.usp.br\/podae\/index.php?rest_route=%2Fwp%2Fv2%2Fmedia&parent=5639"}],"curies":[{"name":"wp","href":"https:\/\/api.w.org\/{rel}","templated":true}]}}