{"id":5874,"date":"2019-08-29T11:24:21","date_gmt":"2019-08-29T14:24:21","guid":{"rendered":"http:\/\/sites.usp.br\/podae\/?page_id=5874"},"modified":"2019-08-29T11:28:16","modified_gmt":"2019-08-29T14:28:16","slug":"teste-1","status":"publish","type":"page","link":"https:\/\/sites.usp.br\/podae\/?page_id=5874","title":{"rendered":"01 Editorial \u2013 7\u00ba F\u00f3rum Pedag\u00f3gico Online"},"content":{"rendered":"<p style=\"text-align: center;\"><span style=\"font-family: Arial;\"><strong> Enciclop\u00e9dia Brasileira de Teleodontologia<\/strong><\/span><\/p>\n<p style=\"text-align: center;\"><strong><span style=\"font-size: 14px;\"><span style=\"font-family: Arial;\"><span style=\"color: #0000ff;\"><em><span style=\"color: #000000;\"><span style=\"text-decoration: underline;\"><a href=\"https:\/\/sites.usp.br\/podae\/?page_id=3662\"><span style=\"color: #0000ff;\">7\u00ba F\u00f3rum Pedag\u00f3gico Online<\/span><\/a><br \/>\n<\/span><\/span><\/em><\/span><\/span><\/span><\/strong><\/p>\n<p style=\"text-align: center;\"><strong><span style=\"font-size: 14px;\"><span style=\"font-family: Arial;\"><span style=\"color: #0000ff;\"><span style=\"color: #000000;\"><span style=\"font-size: 15px;\"><em><span style=\"text-decoration: underline;\">Tema<\/span><\/em><\/span>: Caracter\u00edsticas Educacionais (Atividades Acad\u00eamicas<\/span><\/span><\/span><\/span><\/strong><span style=\"font-size: 14px;\"><span style=\"font-family: Arial;\"><span style=\"color: #0000ff;\"><span style=\"color: #000000;\">)<\/span><\/span><\/span><\/span><strong><span style=\"font-size: 14px;\"><span style=\"font-family: Arial;\"><br \/>\n<\/span><\/span><\/strong><strong><span style=\"font-size: 14px;\"><span style=\"font-family: Arial;\"><span style=\"color: #0000ff;\"><span style=\"color: #000000;\"><span style=\"font-size: 15px;\"><em><span style=\"text-decoration: underline;\">Eixo Educacional<\/span><\/em><\/span>: Perfil Profissional <\/span><\/span><\/span><\/span><\/strong><span style=\"font-size: 14px;\"><span style=\"font-family: Arial;\">(<\/span><\/span><strong><span style=\"font-size: 14px;\"><span style=\"font-family: Arial;\">Educando e Educador<\/span><\/span><\/strong><span style=\"font-size: 14px;\"><span style=\"font-family: Arial;\">)<\/span><\/span><span style=\"color: #ff0000;\"><span style=\"font-size: 10px;\"><strong><span style=\"color: #0000ff;\">\u00a0<\/span><\/strong><\/span><\/span><\/p>\n<address>\n<address style=\"text-align: right;\">\n<hr style=\"width: 321px;\" \/>\n<\/address>\n<\/address>\n<hr \/>\n<address style=\"text-align: right;\"><strong><span style=\"font-size: 12px;\"><span style=\"font-size: 10px;\"><span style=\"font-family: Arial;\"><span style=\"color: #0000ff;\"><span style=\"color: #000000;\">\u00a0Publica\u00e7\u00e3o Anual &#8211; <span style=\"color: #0000ff;\"><a style=\"color: #0000ff;\" href=\"https:\/\/sites.usp.br\/podae\/?page_id=3342\">Serie <\/a><a style=\"color: #0000ff;\" href=\"https:\/\/sites.usp.br\/podae\/?page_id=3342\">F<\/a>:<\/span><\/span> <\/span><\/span><span style=\"font-size: 12pxpx;\"><span style=\"font-family: Arial;\"><span style=\"color: #0000ff;\">(<\/span><\/span><\/span><span style=\"font-size: 12pxpx;\"><span style=\"font-family: Arial;\"><span style=\"color: #0000ff;\"><em><span style=\"color: #000000;\"><span style=\"text-decoration: underline;\">Suplemento<\/span><\/span><\/em>: <a style=\"color: #0000ff;\" href=\"https:\/\/sites.usp.br\/podae\/?page_id=3605\">Sum\u00e1rio<\/a><\/span><\/span><\/span><span style=\"font-size: 12pxpx;\"><span style=\"font-family: Arial;\"><span style=\"color: #0000ff;\"><span style=\"color: #000000;\">) \/ Maio e Outubro 2017 \/ <\/span><\/span><\/span><\/span>\u00a0p\u00e1gina 1 <\/span><\/span><\/strong><\/address>\n<hr \/>\n<p style=\"text-align: justify;\"><span style=\"font-family: Arial;\"><strong>Enciclop\u00e9dia Brasileira de Teleodontologia <\/strong>(ISSN\u00a02448-1181), periodicamente, estabelece a\u00e7\u00f5es construtivas educacionais efetivas contribuindo com o<strong> Ensino<\/strong> <strong>e <\/strong>o\u00a0<strong>Aprendizado<\/strong>:<strong> Design Educacional<\/strong>.<\/span><\/p>\n<p style=\"text-align: justify;\"><span style=\"font-family: Arial;\"><strong> 7\u00ba F\u00f3rum Pedag\u00f3gico Online<\/strong>\u00a0promove inser\u00e7\u00f5es e interven\u00e7\u00f5es educacionais com as atualiza\u00e7\u00f5es cient\u00edficas e t\u00e9cnicas atualizadas (Docentes e\/ou Discentes) nas\u00a0 \u00c1reas Biol\u00f3gicas, Exatas e Humanas.<br \/>\n<\/span><\/p>\n<p style=\"text-align: justify;\"><span style=\"font-family: Arial;\"><strong> 7\u00ba F\u00f3rum Pedag\u00f3gico Online<\/strong>\u00a0visa compor os conte\u00fados pedag\u00f3gicos de qualidade\u00a0<\/span><span style=\"font-family: Arial;\">estruturados divulgando as descobertas com as infer\u00eancias pedag\u00f3gicas fomentando a &#8220;<strong>Forma\u00e7\u00e3o Acad\u00eamica<\/strong>&#8220;.<br \/>\n<\/span><\/p>\n<p style=\"text-align: justify;\"><span style=\"font-family: Arial;\"><strong>7\u00ba F\u00f3rum Pedag\u00f3gico Online <\/strong>compartilhar\u00e1 as comunica\u00e7\u00f5es nos universos educacionais para a <strong>Comunidade Acad\u00eamica<\/strong>\u00a0(Comunica\u00e7\u00e3o Cient\u00edfica \/ Divulga\u00e7\u00e3o Cient\u00edfica \/ Publica\u00e7\u00e3o Cient\u00edfica).<\/span><\/p>\n<p style=\"text-align: justify;\"><span style=\"font-family: Arial;\"><strong>Encicl. Bras. Teleodontol <\/strong>(<span style=\"color: #0000ff;\"><strong><a style=\"color: #0000ff;\" href=\"https:\/\/portal.issn.org\/resource\/ISSN\/2448-1181#\">ISSN 2448-1181<\/a><\/strong><\/span>) tem pareceria com a <strong>Revista Brasileira de Teleodontologia\u00a0<\/strong>(<strong><a href=\"https:\/\/portal.issn.org\/resource\/ISSN\/1809-0745#\"><span style=\"color: #0000ff;\">ISSN 1809-0745<\/span><\/a><\/strong>) e recebe as colabora\u00e7\u00f5es volunt\u00e1rias dos <span style=\"color: #0000ff;\"><a style=\"color: #0000ff;\" href=\"https:\/\/sites.usp.br\/podae\/?page_id=3329\"><strong>Parecerista<\/strong>s<\/a><\/span> para as divulga\u00e7\u00f5es educacionais com a valoriza\u00e7\u00e3o no <strong>Ambiente de Aprendizagem.<\/strong>\u00a0\u00a0<\/span><\/p>\n<p style=\"text-align: justify;\"><span style=\"font-family: Arial;\">O s\u00e9culo XXI \u00e9 marcado como agente principal das inova\u00e7\u00f5es tecnol\u00f3gicas e pesquisas educacionais com destaque e \u00eanfase na \u00e1rea da sa\u00fade: <strong>Odontologia<\/strong>.\u00a0 Este interc\u00e2mbio de encorajamento objetiva <strong>Interatividade Online<\/strong> (<strong>Di\u00e1logo Virtual<\/strong>) com <strong>Educa\u00e7\u00e3o Participativa<\/strong> para motivar, facilitar, despertar e conduz a <strong>Educa\u00e7\u00e3o Transformadora<\/strong> estimulando <strong>Inclus\u00e3o Digital <\/strong>no processo educacional em <strong>Ambiente Colaborativo de Aprendizagem<\/strong> no Ensino Superior (<strong>Odontologia<\/strong>) com interven\u00e7\u00f5es construtivas (<strong>Discuss\u00e3o Participativa<\/strong>).<\/span><\/p>\n<div style=\"text-align: justify;\" align=\"justify\">\n<div style=\"text-align: center;\" align=\"justify\">\n<address style=\"text-align: right;\">\n<hr \/>\n<hr \/>\n<\/address>\n<\/div>\n<\/div>\n<div align=\"justify\"><span style=\"font-size: 10px;\"><strong><span style=\"text-decoration: underline;\">Publicado<\/span><\/strong> 1\/5\/2017<br \/>\n<\/span><\/div>\n<div style=\"text-align: center;\" align=\"justify\">\n<hr \/>\n<p><span style=\"font-size: 10px;\"><strong>Enciclop\u00e9dia Brasileira de Teleodontologia &#8211;\u00a0\u00a0<\/strong><\/span><strong style=\"font-size: 10px; text-align: center;\">ISSN <span style=\"color: #0000ff;\"><a style=\"color: #0000ff;\" href=\"https:\/\/portal.issn.org\/resource\/ISSN\/2448-1181#\">2448-1181\u00a0<\/a><\/span><\/strong><\/p>\n<\/div>\n<div style=\"text-align: left;\" align=\"center\">\n<hr \/>\n<\/div>\n<p>&nbsp;<\/p>\n","protected":false},"excerpt":{"rendered":"<p>Enciclop\u00e9dia Brasileira de Teleodontologia 7\u00ba F\u00f3rum Pedag\u00f3gico Online Tema: Caracter\u00edsticas Educacionais (Atividades Acad\u00eamicas) Eixo Educacional: [&hellip;]<\/p>\n","protected":false},"author":58,"featured_media":0,"parent":3662,"menu_order":0,"comment_status":"closed","ping_status":"closed","template":"","meta":{"footnotes":"","_links_to":"","_links_to_target":""},"class_list":["post-5874","page","type-page","status-publish","hentry"],"_links":{"self":[{"href":"https:\/\/sites.usp.br\/podae\/index.php?rest_route=\/wp\/v2\/pages\/5874","targetHints":{"allow":["GET"]}}],"collection":[{"href":"https:\/\/sites.usp.br\/podae\/index.php?rest_route=\/wp\/v2\/pages"}],"about":[{"href":"https:\/\/sites.usp.br\/podae\/index.php?rest_route=\/wp\/v2\/types\/page"}],"author":[{"embeddable":true,"href":"https:\/\/sites.usp.br\/podae\/index.php?rest_route=\/wp\/v2\/users\/58"}],"replies":[{"embeddable":true,"href":"https:\/\/sites.usp.br\/podae\/index.php?rest_route=%2Fwp%2Fv2%2Fcomments&post=5874"}],"version-history":[{"count":4,"href":"https:\/\/sites.usp.br\/podae\/index.php?rest_route=\/wp\/v2\/pages\/5874\/revisions"}],"predecessor-version":[{"id":5880,"href":"https:\/\/sites.usp.br\/podae\/index.php?rest_route=\/wp\/v2\/pages\/5874\/revisions\/5880"}],"up":[{"embeddable":true,"href":"https:\/\/sites.usp.br\/podae\/index.php?rest_route=\/wp\/v2\/pages\/3662"}],"wp:attachment":[{"href":"https:\/\/sites.usp.br\/podae\/index.php?rest_route=%2Fwp%2Fv2%2Fmedia&parent=5874"}],"curies":[{"name":"wp","href":"https:\/\/api.w.org\/{rel}","templated":true}]}}