{"id":6050,"date":"2019-09-03T08:50:37","date_gmt":"2019-09-03T11:50:37","guid":{"rendered":"http:\/\/sites.usp.br\/podae\/?page_id=6050"},"modified":"2019-10-27T10:51:02","modified_gmt":"2019-10-27T13:51:02","slug":"u-01-usp-ensino-pesquisa-e-extensao","status":"publish","type":"page","link":"https:\/\/sites.usp.br\/podae\/?page_id=6050","title":{"rendered":"U \u2013 Universidade: Multicentro do Saber \u2013 Atualiza\u00e7\u00e3o Midi\u00e1tica"},"content":{"rendered":"<div style=\"text-align: left;\" align=\"center\">\n<p style=\"text-align: center;\"><span style=\"color: #800080;\"><strong><span style=\"font-size: 16px;\"><span style=\"font-family: Arial;\">ENCICLOP\u00c9DIA BRASILEIRA DE TELEODONTOLOGIA<br \/>\n<\/span><\/span><\/strong><\/span><strong><span style=\"font-size: 12px;\"><span style=\"font-family: Arial;\"> ISSN <span style=\"color: #0000ff;\"><a style=\"color: #0000ff;\" href=\"https:\/\/portal.issn.org\/resource\/ISSN\/2448-1181#\">2448-1181<\/a><\/span><\/span><\/span><\/strong><strong><span style=\"font-size: 12px;\"><span style=\"font-family: Arial;\">\u00a0 \/ <span style=\"color: #0000ff;\">\u00a0<a style=\"color: #0000ff;\" href=\"https:\/\/sites.usp.br\/podae\/wp-content\/uploads\/sites\/36\/2019\/06\/Encicl.-Bras.Teleodontol.jpg\">SIBi<\/a><\/span>\u00a0 \/ <a href=\"https:\/\/sites.usp.br\/podae\/?page_id=3320\"><span style=\"color: #0000ff;\">\u00a0Expediente<\/span><\/a>\u00a0 \/\u00a0 Fasc\u00edculos (<span style=\"color: #0000ff;\"><a style=\"color: #0000ff;\" href=\"https:\/\/sites.usp.br\/podae\/?page_id=120\">A-Z<\/a>)<\/span><br \/>\n<\/span><\/span><\/strong><strong><span style=\"font-size: 12px;\"><span style=\"font-family: Arial;\"> Polo de Odontologia Digital Aplicado \u00e0 Educa\u00e7\u00e3o<\/span><\/span><\/strong> <span style=\"font-size: 12px;\"><span style=\"font-family: Arial;\"><span style=\"color: #0000ff;\"><span style=\"color: #000000;\">(<\/span><\/span><\/span><\/span><span style=\"color: #0000ff;\"><a style=\"color: #0000ff;\" href=\"https:\/\/sites.usp.br\/podae\/?page_id=89\"><strong><span style=\"font-size: 12px;\"><span style=\"font-family: Arial;\">PODAE<\/span><\/span><\/strong><\/a><\/span><span style=\"font-size: 12px;\"><span style=\"font-family: Arial;\"><span style=\"color: #0000ff;\"><span style=\"color: #000000;\">)<strong>:<\/strong><\/span><\/span><\/span><\/span><strong><span style=\"font-size: 12px;\"><span style=\"font-family: Arial;\"><span style=\"color: #0000ff;\"><span style=\"color: #000000;\"> <span style=\"color: #0000ff;\"><a style=\"color: #0000ff;\" href=\"https:\/\/www.forp.usp.br\/\">FORP<\/a><\/span> \/<a href=\"https:\/\/www5.usp.br\/\"><span style=\"color: #0000ff;\"> USP<\/span><\/a><\/span><\/span><\/span><\/span><\/strong><\/p>\n<div style=\"text-align: left;\" align=\"center\">\n<address style=\"text-align: right;\">\n<div align=\"center\">\n<hr style=\"width: 321px;\" \/>\n<\/div>\n<\/address>\n<\/div>\n<\/div>\n<address style=\"text-align: right;\">\n<hr style=\"width: 321px;\" \/>\n<div align=\"center\">\n<p><span style=\"color: #000000;\"><strong><span style=\"font-size: 10px;\"><span style=\"color: #ff0000; font-size: 14px;\">\u2666<\/span> <span style=\"text-decoration: underline;\">SUM\u00c1RIO<\/span>S: <a href=\"https:\/\/sites.usp.br\/podae\/?page_id=3372\"><span style=\"color: #0000ff;\"><span style=\"color: #0000ff;\">Fasc\u00edculo U<\/span><\/span><\/a>\u00a0 &#8211; <\/span><\/strong><\/span><strong><span style=\"font-size: 12px;\"><span style=\"font-family: Arial;\">Suplemento Anual\u00a0<\/span><\/span><\/strong> <span style=\"color: #000000;\"><span style=\"font-size: 10px;\">(<\/span><\/span><strong><span style=\"font-size: 10px;\">Abril e Agosto<\/span><\/strong><span style=\"color: #000000;\"><span style=\"font-size: 10px;\"><span style=\"color: #0000ff;\">)\u00a0\u00a0 <\/span><\/span><strong><span style=\"font-size: 10px;\">\/\u00a0\u00a0 <span style=\"text-decoration: underline;\">Visitantes:<\/span><\/span><\/strong><\/span><a href=\"https:\/\/contador.s12.com.br\"><img decoding=\"async\" class=\"\" src=\"https:\/\/contador.s12.com.br\/img-BCaBz2zddbZB7bxc-21.gif\" alt=\"contador de visitas gratis\" width=\"50\" height=\"10 border=\" \/><\/a><\/p>\n<hr style=\"width: 321px;\" \/>\n<\/div>\n<\/address>\n<address style=\"text-align: right;\">\u00a0<\/address>\n","protected":false},"excerpt":{"rendered":"<p>ENCICLOP\u00c9DIA BRASILEIRA DE TELEODONTOLOGIA ISSN 2448-1181\u00a0 \/ \u00a0SIBi\u00a0 \/ \u00a0Expediente\u00a0 \/\u00a0 Fasc\u00edculos (A-Z) Polo de [&hellip;]<\/p>\n","protected":false},"author":58,"featured_media":0,"parent":3372,"menu_order":0,"comment_status":"closed","ping_status":"closed","template":"","meta":{"footnotes":"","_links_to":"","_links_to_target":""},"class_list":["post-6050","page","type-page","status-publish","hentry"],"_links":{"self":[{"href":"https:\/\/sites.usp.br\/podae\/index.php?rest_route=\/wp\/v2\/pages\/6050","targetHints":{"allow":["GET"]}}],"collection":[{"href":"https:\/\/sites.usp.br\/podae\/index.php?rest_route=\/wp\/v2\/pages"}],"about":[{"href":"https:\/\/sites.usp.br\/podae\/index.php?rest_route=\/wp\/v2\/types\/page"}],"author":[{"embeddable":true,"href":"https:\/\/sites.usp.br\/podae\/index.php?rest_route=\/wp\/v2\/users\/58"}],"replies":[{"embeddable":true,"href":"https:\/\/sites.usp.br\/podae\/index.php?rest_route=%2Fwp%2Fv2%2Fcomments&post=6050"}],"version-history":[{"count":4,"href":"https:\/\/sites.usp.br\/podae\/index.php?rest_route=\/wp\/v2\/pages\/6050\/revisions"}],"predecessor-version":[{"id":9617,"href":"https:\/\/sites.usp.br\/podae\/index.php?rest_route=\/wp\/v2\/pages\/6050\/revisions\/9617"}],"up":[{"embeddable":true,"href":"https:\/\/sites.usp.br\/podae\/index.php?rest_route=\/wp\/v2\/pages\/3372"}],"wp:attachment":[{"href":"https:\/\/sites.usp.br\/podae\/index.php?rest_route=%2Fwp%2Fv2%2Fmedia&parent=6050"}],"curies":[{"name":"wp","href":"https:\/\/api.w.org\/{rel}","templated":true}]}}