{"id":6060,"date":"2019-09-03T09:05:00","date_gmt":"2019-09-03T12:05:00","guid":{"rendered":"http:\/\/sites.usp.br\/podae\/?page_id=6060"},"modified":"2020-06-18T11:31:22","modified_gmt":"2020-06-18T14:31:22","slug":"u-02-usp-pro-reitoria-de-graduacao-e-pos-graduacao-referencial-educacional","status":"publish","type":"page","link":"https:\/\/sites.usp.br\/podae\/?page_id=6060","title":{"rendered":"01 USP &#8211; Plataforma Institucional (Home Page): Visibilidade Online"},"content":{"rendered":"<div style=\"text-align: left;\" align=\"center\">\n<p style=\"text-align: center;\"><span style=\"color: #800080;\"><strong><span style=\"font-size: 16px;\"><span style=\"font-family: Arial;\">ENCICLOP\u00c9DIA BRASILEIRA DE TELEODONTOLOGIA<br \/>\n<\/span><\/span><\/strong><\/span><strong><span style=\"font-size: 12px;\"><span style=\"font-family: Arial;\">ISSN <span style=\"color: #0000ff;\"><a style=\"color: #0000ff;\" href=\"https:\/\/portal.issn.org\/resource\/ISSN\/2448-1181#\">2448-1181<\/a><\/span><\/span><\/span><\/strong><strong><span style=\"font-size: 12px;\"><span style=\"font-family: Arial;\"> \/ <span style=\"color: #0000ff;\"><a style=\"color: #0000ff;\" href=\"https:\/\/sites.usp.br\/podae\/wp-content\/uploads\/sites\/36\/2019\/06\/Encicl.-Bras.Teleodontol.jpg\">SIBi<\/a><\/span> \/ <a href=\"https:\/\/sites.usp.br\/podae\/?page_id=3320\"><span style=\"color: #0000ff;\">Expediente<\/span><\/a> \/ Fasc\u00edculos <\/span><\/span><\/strong><span style=\"font-size: 12px;\"><span style=\"font-family: Arial;\">(<\/span><\/span><strong><span style=\"font-size: 12px;\"><span style=\"font-family: Arial;\"><span style=\"color: #0000ff;\"><a style=\"color: #0000ff;\" href=\"https:\/\/sites.usp.br\/podae\/?page_id=120\">A-Z<\/a><\/span><\/span><\/span><\/strong><span style=\"font-size: 12px;\"><span style=\"font-family: Arial;\">)<\/span><\/span><strong><span style=\"font-size: 12px;\"><span style=\"font-family: Arial;\"><br \/>\n<\/span><\/span><\/strong><strong><span style=\"font-size: 12px;\"><span style=\"font-family: Arial;\"> Polo de Odontologia Digital Aplicado \u00e0 Educa\u00e7\u00e3o <\/span><\/span><\/strong><span style=\"font-size: 12px;\"><span style=\"font-family: Arial;\">(<\/span><\/span><strong><span style=\"font-size: 12px;\"><span style=\"font-family: Arial;\"><a href=\"https:\/\/sites.usp.br\/podae\/?page_id=89\"><span style=\"color: #0000ff;\">PODAE<\/span><\/a><\/span><\/span><\/strong><span style=\"font-size: 12px;\"><span style=\"font-family: Arial;\"><span style=\"color: #0000ff;\">)<\/span><\/span><\/span><strong><span style=\"font-size: 12px;\"><span style=\"font-family: Arial;\"><span style=\"color: #0000ff;\">: <\/span><a href=\"https:\/\/www.forp.usp.br\/\"><span style=\"color: #0000ff;\">FORP<\/span><\/a> \/ <span style=\"color: #0000ff;\"><a style=\"color: #0000ff;\" href=\"https:\/\/www5.usp.br\/\">USP<\/a><\/span><\/span><\/span><\/strong> <strong><span style=\"font-size: 12px;\"><span style=\"font-family: Arial;\"><br \/>\n<\/span><\/span><\/strong><span style=\"color: #000000;\"><strong><span style=\"font-size: 10px;\"><span style=\"color: #ff0000; font-size: 14px;\">\u2666<\/span> <\/span><\/strong><\/span><span style=\"color: #000000;\"><strong><span style=\"font-size: 10px;\"><span style=\"text-decoration: underline;\">SUM\u00c1RIOS<\/span><\/span><\/strong><\/span><strong><span style=\"font-size: 12px;\"><span style=\"font-family: Arial;\">: <\/span><\/span><\/strong><span style=\"color: #000000;\"><strong><span style=\"font-size: 10px;\"><span style=\"color: #0000ff;\"><a style=\"color: #0000ff;\" href=\"https:\/\/sites.usp.br\/podae\/?page_id=3372\"><span style=\"color: #0000ff;\">Fasc\u00edculo U<\/span><\/a><\/span>\u00a0 e\u00a0 <span style=\"color: #0000ff;\"><a style=\"color: #0000ff;\" href=\"https:\/\/sites.usp.br\/podae\/?page_id=6050\">Suplemento Anual<\/a><\/span><\/span><\/strong><\/span><strong><span style=\"font-size: 12px;\"><span style=\"font-family: Arial;\"><br \/>\n<\/span><\/span><\/strong><\/p>\n<div style=\"text-align: left;\" align=\"center\">\n<address style=\"text-align: right;\">\n<div align=\"center\">\n<hr style=\"width: 321px;\" \/>\n<\/div>\n<\/address>\n<\/div>\n<\/div>\n<p><span style=\"color: #ff0000;\"><span style=\"font-size: 10px;\"><em><em><span style=\"color: #ff0000;\"><em><strong><span style=\"color: #000000; font-size: 14px;\">Luiz Carlos Pardini <\/span><\/strong><\/em><\/span><\/em><\/em><span style=\"color: #ff0000;\"><span style=\"color: #ff0000;\"><span style=\"font-size: 10px;\"><strong><span style=\"color: #0000ff;\"><span style=\"color: #000000;\"><em><span style=\"color: #000000; font-size: 14px;\"> &#8211; <\/span><\/em><span style=\"color: #0000ff; font-size: 10px;\">\u00a0<a style=\"color: #0000ff;\" href=\"http:\/\/buscatextual.cnpq.br\/buscatextual\/email.do?metodo=apresentar&amp;seqIdPessoa=396158&amp;nomeDestinatario=Luiz_Carlos_Pardini\">E-mail<\/a>\u00a0<span style=\"color: #000000;\"><em>&#8211; <\/em><\/span><a style=\"color: #0000ff;\" href=\"http:\/\/lattes.cnpq.br\/5853462846099775\">Curr\u00edculo Lattes <\/a><span style=\"color: #000000;\"><em>&#8211;<\/em><\/span> <a style=\"color: #0000ff;\" href=\"https:\/\/sites.usp.br\/podae\/?page_id=4562\">Informa\u00e7\u00f5es Adicionais<\/a><\/span><\/span><\/span><\/strong><\/span><\/span><\/span><\/span><\/span><\/p>\n<hr \/>\n<hr \/>\n<address style=\"text-align: right;\"><strong><span style=\"font-size: 10px;\">p\u00e1gina 5<\/span><\/strong><\/address>\n<hr \/>\n<p style=\"text-align: justify;\"><span style=\"color: #000000; font-family: Arial;\"><span style=\"font-size: 12px; line-height: 18px;\"><strong>PARDINI, L.C. USP &#8211; Plataforma Institucional (Home Page): Visibilidade Online<\/strong><strong>. Encicl. Bras.Teleodontol., Volume 1 <\/strong>(<strong>Fasc\u00edculo U<\/strong>)<strong>: p\u00e1gina 1, janeiro, 2011. ISSN 2448-1181<\/strong>.<\/span><\/span><\/p>\n<hr \/>\n<p style=\"text-align: justify;\"><span style=\"font-family: Arial;\"><strong>Universidade de S\u00e3o Paulo, <\/strong>disponibiliza na Interneto (<strong>Plataforma Virtual Interativa<\/strong>) Site Institucional: <strong><a href=\"https:\/\/www5.usp.br\/\"><span style=\"color: #0000ff;\">USP<\/span><\/a><\/strong> <\/span><\/p>\n<p style=\"text-align: justify;\"><span style=\"font-family: Arial;\">Home Page (<strong>Plataforma Institucional<\/strong>) est\u00e1 em constante transforma\u00e7\u00f5es como foco na Comunidade Acad\u00eamica, sendo <\/span><span style=\"font-family: Arial;\">fundamental as peri\u00f3dicas avalia\u00e7\u00f5es mediante as coletas e inser\u00e7\u00f5es das\u00a0 informa\u00e7\u00f5e<\/span><span style=\"font-family: Arial;\">s.<\/span><\/p>\n<p style=\"text-align: justify;\"><span style=\"font-family: Arial;\">Neste s\u00e9culo XXI \u00e9 fundamental\u00a0 a necessidade da constante forma\u00e7\u00e3o profissional e atualiza\u00e7\u00e3o profissional. <\/span><\/p>\n<p style=\"text-align: justify;\"><span style=\"font-family: Arial;\">Cumpre enfatizar o desempenho <\/span><span style=\"font-family: Arial;\">no<strong> Ensino Superior <\/strong>(<strong>Doc\u00eancia Universit\u00e1ria<\/strong>) deve estar em harmonia com as considera\u00e7\u00f5es estabelecidas nas diretrizes da Minist\u00e9rio de Educa\u00e7\u00e3o (<span style=\"color: #0000ff;\"><strong><a style=\"color: #0000ff;\" href=\"https:\/\/www.mec.gov.br\/\">MEC<\/a><\/strong><\/span>) e fundamentada no <strong>Projeto Pol\u00edtico Pedag\u00f3gico<\/strong> (<strong>PPP<\/strong>) das <strong>Institui\u00e7\u00f5es de Ensino Superior<\/strong> (<span style=\"color: #0000ff;\"><strong><a style=\"color: #0000ff;\" href=\"http:\/\/emec.mec.gov.br\/emec\/educacao-superior\/ies\">IES<\/a><\/strong><\/span>)<br \/>\n<\/span><\/p>\n<p style=\"text-align: justify;\"><span style=\"font-family: Arial;\"><strong>Projeto Pol\u00edtico Pedag\u00f3gico<\/strong> (<strong>PPP<\/strong>) nas forma\u00e7\u00f5es acad\u00eamicas e profissionais do Educando com aux\u00edlio das ferramentas educacionais inovadoras (<\/span><span style=\"font-family: Arial;\"><strong>Multimeios Educativos Interativos Virtuais<\/strong>) <\/span><span style=\"font-family: Arial;\">consolida o <strong>Aprendizado Motivador<\/strong> [<strong>1,2<\/strong>] com destaque <strong>Abordagem Articular<\/strong> est\u00e1 associada com <strong>A\u00e7\u00e3o Educaciona<\/strong>l apoiada <\/span><span style=\"font-family: Arial;\"> no contexto educacional com a\u00e7\u00f5es atualizadas e modernizadoras (<strong>Cultura Digital<\/strong>).<\/span><\/p>\n<p style=\"text-align: justify;\"><span style=\"font-family: Arial;\"><strong>A\u00e7\u00e3o Educaciona<\/strong>l caminha \u201clado a lado\u201d em ampla e constante sintonia com metas educacionais e intera\u00e7\u00f5es com o Ensino e o Aprendizado na obten\u00e7\u00e3o de resultados sinalizados na proposta do Programa Educacional.<\/span><\/p>\n<p><span style=\"font-family: Arial;\"><strong>Universidade de S\u00e3o Paulo<\/strong> (<a href=\"https:\/\/www5.usp.br\/\"><strong><span style=\"color: #0000ff;\">USP<\/span><\/strong><\/a>) tem demonstrado sabedora das participa\u00e7\u00e3o da constru\u00e7\u00e3o educativo com a forma\u00e7\u00e3o de seus Educando que atuam no Brasil e Exterior<\/span><\/p>\n<hr \/>\n<div align=\"justify\">\n<div align=\"justify\">\n<div align=\"justify\">\n<div align=\"justify\">\n<div align=\"justify\">\n<div align=\"justify\">\n<div align=\"justify\">\n<div align=\"justify\">\n<div align=\"justify\">\n<div align=\"justify\"><span style=\"font-size: 12px;\"><em><strong><span style=\"text-decoration: underline;\">REFER\u00caNCIAS<\/span><\/strong><\/em><\/span><\/div>\n<div style=\"font-size: 12px;\" align=\"justify\">\n<div align=\"justify\"><span style=\"font-size: 12px;\">1.<\/span><span style=\"font-size: 12px;\"> BRASIL &#8211; Diretrizes e Bases da Educa\u00e7\u00e3o Nacional. Di\u00e1rio Oficial da Uni\u00e3o &#8211; Se\u00e7\u00e3o 1 &#8211; 23\/12\/1996, p: 27833. [<span style=\"color: #0000ff;\"><strong><a style=\"color: #0000ff;\" href=\"http:\/\/sites.usp.br\/ebt\/wp-content\/uploads\/sites\/44\/2014\/11\/Lei_9.394.pdf\">Lei 9.394<\/a><\/strong><\/span>]<\/span><\/div>\n<div style=\"text-align: justify;\" align=\"justify\"><span style=\"font-size: 12px;\">2. <span style=\"color: #0000ff;\"><span style=\"color: #ff0000; font-size: 12px;\"><span style=\"color: #000000;\">ROZENDO, C.A.; CASAGRANDE, L.D.R.; SCHNEIDER, J.F.; PARDINI. L.C. Uma an\u00e1lise das pr\u00e1ticas docentes de professores universit\u00e1rios da \u00e1rea de sa\u00fade. Rev. latino-am.enfermagem, Ribeir\u00e3o Preto, 7( 2): 15-23, abril 1999. [<strong><a style=\"color: #0000ff;\" href=\"http:\/\/www.scielo.br\/scielo.php?script=sci_arttext&amp;pid=S0104-11691999000200003&amp;lng=pt&amp;nrm=iso\">LINK<\/a><\/strong>].<\/span><\/span><\/span><\/span><\/div>\n<\/div>\n<\/div>\n<\/div>\n<\/div>\n<\/div>\n<\/div>\n<\/div>\n<\/div>\n<\/div>\n<\/div>\n<div align=\"justify\">\n<div align=\"justify\">\n<div style=\"text-align: center;\" align=\"justify\">\n<address style=\"text-align: right;\">\n<hr \/>\n<hr \/>\n<\/address>\n<\/div>\n<\/div>\n<div style=\"text-align: left;\" align=\"center\">\n<div style=\"text-align: center;\" align=\"center\">\n<div align=\"justify\">\n<p style=\"text-align: justify;\"><span style=\"font-size: 10px;\"><strong><span style=\"text-decoration: underline;\">Recebido<\/span> 2\/1\/2011 &#8211; <span style=\"color: #0000ff;\"><a style=\"color: #0000ff;\" href=\"https:\/\/sites.usp.br\/podae\/?page_id=3336\">Parecerista<\/a> <\/span>2\/1\/2011 &#8211; <span style=\"text-decoration: underline;\">Publicado<\/span> 2\/1\/2011 &#8211; Enciclop\u00e9dia Brasileira de Teleodontologia<\/strong><\/span><\/p>\n<hr \/>\n<\/div>\n<\/div>\n<\/div>\n<\/div>\n","protected":false},"excerpt":{"rendered":"<p>ENCICLOP\u00c9DIA BRASILEIRA DE TELEODONTOLOGIA ISSN 2448-1181 \/ SIBi \/ Expediente \/ Fasc\u00edculos (A-Z) Polo de [&hellip;]<\/p>\n","protected":false},"author":58,"featured_media":0,"parent":6054,"menu_order":0,"comment_status":"closed","ping_status":"closed","template":"","meta":{"footnotes":"","_links_to":"","_links_to_target":""},"class_list":["post-6060","page","type-page","status-publish","hentry"],"_links":{"self":[{"href":"https:\/\/sites.usp.br\/podae\/index.php?rest_route=\/wp\/v2\/pages\/6060","targetHints":{"allow":["GET"]}}],"collection":[{"href":"https:\/\/sites.usp.br\/podae\/index.php?rest_route=\/wp\/v2\/pages"}],"about":[{"href":"https:\/\/sites.usp.br\/podae\/index.php?rest_route=\/wp\/v2\/types\/page"}],"author":[{"embeddable":true,"href":"https:\/\/sites.usp.br\/podae\/index.php?rest_route=\/wp\/v2\/users\/58"}],"replies":[{"embeddable":true,"href":"https:\/\/sites.usp.br\/podae\/index.php?rest_route=%2Fwp%2Fv2%2Fcomments&post=6060"}],"version-history":[{"count":4,"href":"https:\/\/sites.usp.br\/podae\/index.php?rest_route=\/wp\/v2\/pages\/6060\/revisions"}],"predecessor-version":[{"id":14796,"href":"https:\/\/sites.usp.br\/podae\/index.php?rest_route=\/wp\/v2\/pages\/6060\/revisions\/14796"}],"up":[{"embeddable":true,"href":"https:\/\/sites.usp.br\/podae\/index.php?rest_route=\/wp\/v2\/pages\/6054"}],"wp:attachment":[{"href":"https:\/\/sites.usp.br\/podae\/index.php?rest_route=%2Fwp%2Fv2%2Fmedia&parent=6060"}],"curies":[{"name":"wp","href":"https:\/\/api.w.org\/{rel}","templated":true}]}}