{"id":6229,"date":"2019-09-07T08:45:18","date_gmt":"2019-09-07T11:45:18","guid":{"rendered":"http:\/\/sites.usp.br\/podae\/?page_id=6229"},"modified":"2019-09-07T09:15:04","modified_gmt":"2019-09-07T12:15:04","slug":"04-perfil-profissional-comunidade-cientifica-grupos-de-pesquisa-como-participar","status":"publish","type":"page","link":"https:\/\/sites.usp.br\/podae\/?page_id=6229","title":{"rendered":"04 Perfil Profissional (Comunidade Cient\u00edfica): Grupos de Pesquisa. Como Participar?"},"content":{"rendered":"<p style=\"text-align: center;\"><span style=\"font-family: Arial;\"><strong> Enciclop\u00e9dia Brasileira de Teleodontologia<\/strong><\/span><\/p>\n<p style=\"text-align: center;\"><strong><span style=\"font-size: 14px;\"><span style=\"font-family: Arial;\"><span style=\"color: #0000ff;\"><em><span style=\"color: #000000;\"><span style=\"text-decoration: underline;\"><a href=\"https:\/\/sites.usp.br\/podae\/?page_id=3607\"><span style=\"color: #0000ff;\">8\u00ba F\u00f3rum Pedag\u00f3gico Online<\/span><\/a><br \/>\n<\/span><\/span><\/em><\/span><\/span><\/span><\/strong><\/p>\n<p style=\"text-align: center;\"><strong><span style=\"font-size: 14px;\"><span style=\"font-family: Arial;\"><span style=\"color: #0000ff;\"><span style=\"color: #000000;\"><span style=\"font-size: 15px;\"><em><span style=\"text-decoration: underline;\">Tema<\/span><\/em><\/span>: Caracter\u00edsticas Educacionais (Atividades Acad\u00eamicas<\/span><\/span><\/span><\/span><\/strong><span style=\"font-size: 14px;\"><span style=\"font-family: Arial;\"><span style=\"color: #0000ff;\"><span style=\"color: #000000;\">)<\/span><\/span><\/span><\/span><strong><span style=\"font-size: 14px;\"><span style=\"font-family: Arial;\"><br \/>\n<\/span><\/span><\/strong><strong><span style=\"font-size: 14px;\"><span style=\"font-family: Arial;\"><span style=\"color: #0000ff;\"><span style=\"color: #000000;\"><span style=\"font-size: 15px;\"><em><span style=\"text-decoration: underline;\">Eixo Educacional<\/span><\/em><\/span>: Perfil Profissional <\/span><\/span><\/span><\/span><\/strong><span style=\"font-size: 14px;\"><span style=\"font-family: Arial;\">(<\/span><\/span><strong><span style=\"font-size: 14px;\"><span style=\"font-family: Arial;\">Educando e Educador<\/span><\/span><\/strong><span style=\"font-size: 14px;\"><span style=\"font-family: Arial;\">) <\/span><\/span><\/p>\n<address>\n<address><span style=\"color: #ff0000;\"><span style=\"font-size: 10px;\"><strong><span style=\"color: #0000ff;\"><em><span style=\"color: #000000; font-size: 14px;\">L<\/span><\/em><\/span><\/strong><\/span><\/span><span style=\"color: #ff0000;\"><span style=\"font-size: 10px;\"><strong><span style=\"color: #0000ff;\"><em><span style=\"color: #000000; font-size: 14px;\">uiz Carlos Pardini &#8211; <\/span><\/em><\/span><\/strong><\/span><\/span><span style=\"font-size: 10px;\"><strong><span style=\"color: #0000ff;\"><span style=\"color: #ff0000;\"><span style=\"color: #000000;\"><a style=\"color: #0000ff;\" href=\"https:\/\/uspdigital.usp.br\/telefonia\/telFormularioEmail.jsp?codigoPessoaUsuario=0&amp;codigoPessoa=75623&amp;nomePessoa=Luiz Carlos Pardini&amp;print=s\">E-mail<\/a> <em>&#8211; <\/em><\/span><\/span><\/span><\/strong><\/span><span style=\"font-size: 10px;\"><strong><span style=\"color: #0000ff;\"><span style=\"color: #ff0000;\"><span style=\"color: #000000;\"><a style=\"color: #0000ff;\" href=\"http:\/\/buscatextual.cnpq.br\/buscatextual\/visualizacv.do?metodo=apresentar&amp;id=K4796807T1\">Curr\u00edculo Lattes<\/a> &#8211; <\/span><\/span><\/span><\/strong><\/span><span style=\"font-size: 10px;\"><strong><span style=\"color: #0000ff;\"><span style=\"color: #ff0000;\"><span style=\"color: #000000;\"><span style=\"color: #0000ff;\"><a style=\"color: #0000ff;\" href=\"https:\/\/sites.usp.br\/podae\/?page_id=3338\">Informa\u00e7\u00f5es adicionais<\/a><\/span><\/span><\/span><\/span><\/strong><\/span><\/address>\n<address><span style=\"color: #ff0000;\"><span style=\"font-size: 10px;\"><strong><span style=\"color: #0000ff;\"><em><span style=\"color: #000000; font-size: 14px;\"> Maria da Gl\u00f3ria Chiarello de Mattos <\/span><\/em><\/span><\/strong><\/span><\/span><span style=\"font-size: 10px;\"><strong><span style=\"color: #0000ff;\"><span style=\"color: #ff0000;\"><span style=\"color: #000000;\"><em>&#8211;\u00a0<\/em><span style=\"color: #0000ff;\"> <a style=\"color: #0000ff;\" href=\"http:\/\/buscatextual.cnpq.br\/buscatextual\/email.do?metodo=apresentar&amp;seqIdPessoa=340844&amp;nomeDestinatario=Maria_da_Gloria_Chiarello_de_Mattos\">E-mail<\/a><\/span>\u00a0<em>&#8211;<\/em>\u00a0<a href=\"http:\/\/lattes.cnpq.br\/7354333829511417\"><span style=\"color: #0000ff;\">Curr\u00edculo Lattes<\/span><\/a> &#8211; <span style=\"color: #0000ff;\"><a style=\"color: #0000ff;\" href=\"https:\/\/sites.usp.br\/podae\/?page_id=3509\">Informa\u00e7\u00f5es Adicionais<\/a><\/span><\/span><\/span><\/span><\/strong><\/span><\/address>\n<\/address>\n<address>\n<address style=\"text-align: right;\">\n<hr style=\"width: 321px;\" \/>\n<\/address>\n<\/address>\n<hr \/>\n<address style=\"text-align: right;\"><strong><span style=\"font-size: 12px;\"><span style=\"font-size: 10px;\"><span style=\"font-family: Arial;\"><span style=\"color: #0000ff;\"><span style=\"color: #000000;\">Publica\u00e7\u00e3o Anual<\/span> <\/span><\/span><span style=\"font-size: 12pxpx;\"><span style=\"font-family: Arial;\"><span style=\"color: #0000ff;\">(<\/span><\/span><\/span><span style=\"font-size: 12pxpx;\"><span style=\"font-family: Arial;\"><span style=\"color: #0000ff;\"><em><span style=\"color: #000000;\"><span style=\"text-decoration: underline;\">Suplemento<\/span><\/span><\/em>: <a style=\"color: #0000ff;\" href=\"https:\/\/sites.usp.br\/podae\/?page_id=3605\">Sum\u00e1rio<\/a><\/span><\/span><\/span><span style=\"font-size: 12pxpx;\"><span style=\"font-family: Arial;\"><span style=\"color: #0000ff;\"><span style=\"color: #000000;\">) \/ Maio e Outubro 2018 \/ <\/span><\/span><\/span><\/span>p\u00e1gina 3<\/span><\/span><\/strong><\/address>\n<hr \/>\n<p><strong><span style=\"color: #000000; font-family: Arial;\"><span style=\"font-size: 12px; line-height: 18px;\">PARDINI, L.C., MATTOS, M.G.C. Perfil Profissional (Comunidade Cient\u00edfica): Grupos de Pesquisa. Como Participar? Encicl. Bras.Teleodontol., Volume 8 (<a href=\"https:\/\/sites.usp.br\/podae\/?page_id=3342\"><span style=\"color: #0000ff;\">S\u00e9rie F<\/span><\/a>): p\u00e1gina 3, maio, 2018. Suplemento. ISSN 2448-1181<\/span><\/span><\/strong><\/p>\n<hr \/>\n<p style=\"text-align: justify;\"><span style=\"font-family: Arial;\"><strong>Forma\u00e7\u00e3o Acad\u00eamica<\/strong>,na<strong> Faculdade de Odontologia de Ribeir\u00e3o Preto <\/strong> (<strong><span style=\"color: #0000ff;\"><a style=\"color: #0000ff;\" href=\"https:\/\/www.forp.usp.br\/?page_id=69\">FOR<\/a><a style=\"color: #0000ff;\" href=\"https:\/\/www.forp.usp.br\/?page_id=69\">P<\/a><\/span><\/strong>) mediante a <span style=\"color: #0000ff;\"><strong><a style=\"color: #0000ff;\" href=\"https:\/\/uspdigital.usp.br\/jupiterweb\/listarGradeCurricular?codcg=58&amp;codcur=58012&amp;codhab=0&amp;tipo=N\">Matriz Curricular<\/a> <\/strong><\/span>objetiva: Melhorar e Ampliar o Conhecimento. <\/span><span style=\"font-family: Arial;\"> para o aperfei\u00e7oamento, e como meta para a constante atividade profissional real\u00edstica e inovadora deve participar das ferramentas virtuais denominada de &#8220;<strong><span style=\"color: #0000ff;\"><a style=\"color: #0000ff;\" href=\"http:\/\/lattes.cnpq.br\/web\/dgp\/faq?p_p_id=54_INSTANCE_39Zlb9kA3d0e&amp;p_p_lifecycle=0&amp;p_p_state=normal&amp;p_p_mode=view&amp;p_p_col_id=column-3&amp;p_p_col_count=1&amp;_54_INSTANCE_39Zlb9kA3d0e_struts_action=%2Fwiki_display%2Fview&amp;_54_INSTANCE_39Zlb9kA3d0e_nodeName=Main&amp;_54_INSTANCE_39Zlb9kA3d0e_title=Grupos+de+Pesquisa\">GRUPO DE PESQUIS<\/a><\/span><\/strong>A (CNPQ);<\/span><\/p>\n<ul>\n<li style=\"text-align: justify;\"><span style=\"font-family: Arial;\"><strong>Pr\u00f3tese Parcial Remov\u00edvel: <span style=\"color: #000000; font-family: Arial;\"><span style=\"font-size: 12px; line-height: 18px;\">GRUPO DE PESQUISA<\/span><\/span><\/strong><\/span><\/li>\n<li style=\"text-align: justify;\"><span style=\"font-family: Arial;\"><strong>Eletromiografia: <span style=\"color: #000000; font-family: Arial;\"><span style=\"font-size: 12px; line-height: 18px;\">GRUPO DE PESQUISA<\/span><\/span><\/strong><\/span><\/li>\n<li style=\"text-align: justify;\"><span style=\"font-family: Arial;\"><strong>Laborat\u00f3rio de An\u00e1lise e Controle da Imagem Radiogr\u00e1fica Odontol\u00f3gica (LACIRO): <span style=\"color: #000000; font-family: Arial;\"><span style=\"font-size: 12px; line-height: 18px;\">GRUPO DE PESQUISA<\/span><\/span><\/strong><\/span><\/li>\n<li><span style=\"font-family: Arial;\"><strong>Laborat\u00f3rio Multidisciplinar de Ensino, Pesquisa e Extens\u00e3o em Teleodontologia<\/strong> (<strong>LaMEPET<\/strong>):<strong><span style=\"color: #000000; font-family: Arial;\"><span style=\"font-size: 12px; line-height: 18px;\">GRUPO DE PESQUISA<\/span><\/span><\/strong><\/span><\/li>\n<li><span style=\"font-family: Arial;\"><span style=\"color: #0000ff;\"><span style=\"color: #000000;\"><strong>Polo de Odontologia Digital Aplicado \u00e0 Educa\u00e7\u00e3o (PODAE): <span style=\"color: #000000; font-family: Arial;\"><span style=\"font-size: 12px; line-height: 18px;\">GRUPO DE PESQUISA<\/span><\/span><\/strong><\/span><\/span><\/span><\/li>\n<li><\/li>\n<li style=\"text-align: justify;\"><\/li>\n<\/ul>\n<p style=\"text-align: justify;\"><span style=\"font-family: Arial;\">Neste S\u00e9culo XXI se faz necess\u00e1rio a divulga\u00e7\u00e3o dos conhecimentos t\u00e9cnicos e cient\u00edficos.<\/span><\/p>\n<hr \/>\n<div align=\"justify\">\n<div align=\"justify\">\n<div align=\"justify\">\n<div align=\"justify\">\n<div align=\"justify\">\n<div align=\"justify\">\n<div align=\"justify\">\n<div align=\"justify\">\n<div align=\"justify\"><span style=\"font-size: 12px;\"><em><strong><span style=\"text-decoration: underline;\">REFER\u00caNCIAS<\/span><\/strong><\/em><\/span><\/div>\n<div style=\"font-size: 12px;\" align=\"justify\">\n<div align=\"justify\">1. TABA, M.Jr; NOVAES, A.B.Jr.; SOUZA, S.L.S.; GRISI, M.F.M.; PALIOTO, D.B.; PARDINI, L.C. Radiographic Evaluation of Dental Implants with Different Surface Treatments: An Experimental Study in Dogs. Implant Dentistry: 12(3):252-258, 2000. [<span style=\"color: #0000ff;\"><strong><a style=\"color: #0000ff;\" href=\"https:\/\/journals.lww.com\/implantdent\/Abstract\/2003\/12030\/Radiographic_Evaluation_of_Dental_Implants_with.19.aspx\">LINK<\/a><\/strong><\/span>]<\/div>\n<div style=\"font-size: 12px;\" align=\"justify\">\n<div align=\"justify\">\n<div align=\"justify\">2. FUJIWARA, C.A; MAGRO FILHO, O.; OLIVEIRA, N.T.C.; QUEIROZ, T.P.; ABLA, M.S.; PARDINI, L.C. Assessment of the interface between implant and abutments of five systems by scanning electronic microscopy. Journal of Osseointegration, 2(1):60-66, Aug, 2009. [<span style=\"color: #0000ff;\"><strong><a style=\"color: #0000ff;\" href=\"http:\/\/www.journalofosseointegration.eu\/index.php\/jo\/article\/view\/80\/76\">LINK<\/a><\/strong><\/span>].<\/div>\n<div align=\"justify\">3. MESTRINER, S.F.; PARDINI, L.C.; MESTRINER, W.Jr. Impact of the bitewing radiography exam inclusion on the prevalence of dental caries in 12-year-old students in the city of Franca, S\u00e3o Paulo, Brazil. J. Appl. Oral Sci. 14(3):167-171.2006. [<strong><a href=\"http:\/\/www.scielo.br\/pdf\/jaos\/v14n3\/a04v14n3.pdf\">LINK<\/a><\/strong>].<\/div>\n<div align=\"justify\">4. ROZENDO, C.A.; CASAGRANDE, L.D.R.; SCHNEIDER, J.F.; PARDINI, L.C. Uma an\u00e1lise das pr\u00e1ticas docentes de professores universit\u00e1rios da \u00e1rea de sa\u00fade. Rev. latino-am.enfermagem, Ribeir\u00e3o Preto, 7( 2): 15-23, abril 1999. [<strong><a href=\"http:\/\/www.scielo.br\/scielo.php?script=sci_arttext&amp;pid=S0104-11691999000200003&amp;lng=pt&amp;nrm=iso\">LINK<\/a><\/strong>].<\/div>\n<\/div>\n<\/div>\n<\/div>\n<\/div>\n<\/div>\n<\/div>\n<\/div>\n<\/div>\n<\/div>\n<\/div>\n<\/div>\n<div align=\"justify\">\n<address style=\"text-align: right;\">\n<div align=\"justify\">\n<div align=\"justify\">\n<div align=\"justify\">\n<div align=\"justify\">\n<div align=\"justify\">\n<div align=\"justify\">\n<div style=\"font-size: 12px;\" align=\"justify\">\n<div style=\"font-size: 12px;\" align=\"justify\"><span style=\"font-size: 12px;\">5.<\/span> <span style=\"font-size: 12px;\">World Health Organization: International Statistical Classification of Diseases and Related Health Problems, Tenth Revision Instruction Manual. Geneva, World Health Organization, 2004. [<span style=\"color: #0000ff;\"><strong><a style=\"color: #0000ff;\" href=\"http:\/\/sites.usp.br\/ebt\/wp-content\/uploads\/sites\/44\/2014\/11\/ICD10-2010.pdf\">ICD<\/a><\/strong><\/span>]<\/span><\/div>\n<\/div>\n<\/div>\n<\/div>\n<\/div>\n<\/div>\n<\/div>\n<\/div>\n<div align=\"justify\">\n<div align=\"justify\">\n<div style=\"text-align: center;\" align=\"justify\">\n<address style=\"text-align: right;\">\n<hr \/>\n<hr \/>\n<\/address>\n<\/div>\n<\/div>\n<div style=\"text-align: left;\" align=\"center\">\n<div style=\"text-align: center;\" align=\"center\">\n<div align=\"justify\">\n<p><span style=\"font-size: 10px;\"><strong><span style=\"text-decoration: underline;\">Recebido<\/span> 22\/4\/2018 &#8211; <span style=\"color: #0000ff;\"><a style=\"color: #0000ff;\" href=\"http:\/\/sites.usp.br\/ebt\/forp-expediente-encicl-bras-teleodontol\/parecerista-relator-consultor-avaliador\/\">Parecerista<\/a> <\/span>22\/4\/2018 &#8211; <span style=\"text-decoration: underline;\">Publicado<\/span> 2\/5\/2018 &#8211; Enciclop\u00e9dia Brasileira de Teleodontologia<\/strong><\/span><\/p>\n<hr \/>\n<p>&nbsp;<\/p>\n<\/div>\n<\/div>\n<\/div>\n<\/div>\n<\/address>\n<\/div>\n","protected":false},"excerpt":{"rendered":"<p>Enciclop\u00e9dia Brasileira de Teleodontologia 8\u00ba F\u00f3rum Pedag\u00f3gico Online Tema: Caracter\u00edsticas Educacionais (Atividades Acad\u00eamicas) Eixo Educacional: [&hellip;]<\/p>\n","protected":false},"author":58,"featured_media":0,"parent":3607,"menu_order":0,"comment_status":"closed","ping_status":"closed","template":"","meta":{"footnotes":"","_links_to":"","_links_to_target":""},"class_list":["post-6229","page","type-page","status-publish","hentry"],"_links":{"self":[{"href":"https:\/\/sites.usp.br\/podae\/index.php?rest_route=\/wp\/v2\/pages\/6229","targetHints":{"allow":["GET"]}}],"collection":[{"href":"https:\/\/sites.usp.br\/podae\/index.php?rest_route=\/wp\/v2\/pages"}],"about":[{"href":"https:\/\/sites.usp.br\/podae\/index.php?rest_route=\/wp\/v2\/types\/page"}],"author":[{"embeddable":true,"href":"https:\/\/sites.usp.br\/podae\/index.php?rest_route=\/wp\/v2\/users\/58"}],"replies":[{"embeddable":true,"href":"https:\/\/sites.usp.br\/podae\/index.php?rest_route=%2Fwp%2Fv2%2Fcomments&post=6229"}],"version-history":[{"count":4,"href":"https:\/\/sites.usp.br\/podae\/index.php?rest_route=\/wp\/v2\/pages\/6229\/revisions"}],"predecessor-version":[{"id":6237,"href":"https:\/\/sites.usp.br\/podae\/index.php?rest_route=\/wp\/v2\/pages\/6229\/revisions\/6237"}],"up":[{"embeddable":true,"href":"https:\/\/sites.usp.br\/podae\/index.php?rest_route=\/wp\/v2\/pages\/3607"}],"wp:attachment":[{"href":"https:\/\/sites.usp.br\/podae\/index.php?rest_route=%2Fwp%2Fv2%2Fmedia&parent=6229"}],"curies":[{"name":"wp","href":"https:\/\/api.w.org\/{rel}","templated":true}]}}