{"id":6307,"date":"2019-09-09T16:36:44","date_gmt":"2019-09-09T19:36:44","guid":{"rendered":"http:\/\/sites.usp.br\/podae\/?page_id=6307"},"modified":"2019-09-09T17:13:57","modified_gmt":"2019-09-09T20:13:57","slug":"14-perfil-profissional-odontopediatra-fatores-impulsionadores-trabalho-excelente-e-motivacao","status":"publish","type":"page","link":"https:\/\/sites.usp.br\/podae\/?page_id=6307","title":{"rendered":"14 Perfil Profissional (Odontopediatra): Fatores impulsionadores -Trabalho Excelente e Motiva\u00e7\u00e3o"},"content":{"rendered":"<p style=\"text-align: center;\"><span style=\"font-family: Arial;\"><strong> Enciclop\u00e9dia Brasileira de Teleodontologia<\/strong><\/span><\/p>\n<p style=\"text-align: center;\"><strong><span style=\"font-size: 14px;\"><span style=\"font-family: Arial;\"><span style=\"color: #0000ff;\"><em><span style=\"color: #000000;\"><span style=\"text-decoration: underline;\"><a href=\"https:\/\/sites.usp.br\/podae\/?page_id=3607\"><span style=\"color: #0000ff;\">8\u00ba F\u00f3rum Pedag\u00f3gico Online<\/span><\/a><br \/>\n<\/span><\/span><\/em><\/span><\/span><\/span><\/strong><\/p>\n<p style=\"text-align: center;\"><strong><span style=\"font-size: 14px;\"><span style=\"font-family: Arial;\"><span style=\"color: #0000ff;\"><span style=\"color: #000000;\"><span style=\"font-size: 15px;\"><em><span style=\"text-decoration: underline;\">Tema<\/span><\/em><\/span>: <\/span><\/span><\/span><\/span><\/strong> <strong><span style=\"font-size: 14px;\"><span style=\"font-family: Arial;\"><span style=\"color: #0000ff;\"><span style=\"color: #000000;\">Caracter\u00edsticas Educacionais <\/span><\/span><\/span><\/span><\/strong><span style=\"font-size: 14px;\"><span style=\"font-family: Arial;\"><span style=\"color: #0000ff;\"><span style=\"color: #000000;\">(<\/span><\/span><\/span><\/span><strong><span style=\"font-size: 14px;\"><span style=\"font-family: Arial;\"><span style=\"color: #0000ff;\"><span style=\"color: #000000;\">Atividades Acad\u00eamicas<\/span><\/span><\/span><\/span><\/strong><span style=\"font-size: 14px;\"><span style=\"font-family: Arial;\"><span style=\"color: #0000ff;\"><span style=\"color: #000000;\">)<\/span><\/span><\/span><\/span><strong><span style=\"font-size: 14px;\"><span style=\"font-family: Arial;\"><br \/>\n<\/span><\/span><\/strong><strong><span style=\"font-size: 14px;\"><span style=\"font-family: Arial;\"><span style=\"color: #0000ff;\"><span style=\"color: #000000;\"><span style=\"font-size: 15px;\"><em><span style=\"text-decoration: underline;\">Eixo Educacional<\/span><\/em><\/span>: Perfil Profissional <\/span><\/span><\/span><\/span><\/strong><span style=\"font-size: 14px;\"><span style=\"font-family: Arial;\">(<\/span><\/span><strong><span style=\"font-size: 14px;\"><span style=\"font-family: Arial;\">Educando e Educador<\/span><\/span><\/strong><span style=\"font-size: 14px;\"><span style=\"font-family: Arial;\">) <\/span><\/span><\/p>\n<p style=\"text-align: justify;\"><strong><span style=\"font-size: 10px;\"><span style=\"color: #ff0000;\"><em><span style=\"color: #ff0000; font-size: 14px;\"><span style=\"font-size: 13px;\">\u25ca<\/span> <\/span><\/em><\/span><\/span><span style=\"color: #ff0000;\"><span style=\"font-size: 10px;\"><span style=\"color: #0000ff;\"><em><span style=\"color: #000000; font-size: 14px;\">Yuri Jivago Silva Ribeiro &#8211; <\/span><\/em><\/span><\/span><\/span><span style=\"font-size: 10px;\"><span style=\"color: #0000ff;\"><span style=\"color: #ff0000;\"><span style=\"color: #000000;\"><a href=\"http:\/\/buscatextual.cnpq.br\/buscatextual\/email.do?metodo=apresentar&amp;seqIdPessoa=75213408&amp;nomeDestinatario=Yuri_Jivago_Silva_Ribeiro\"><span style=\"color: #0000ff;\">E-mail<\/span>]<\/a><em><span style=\"color: #000000; font-size: 14px;\"> &#8211;<\/span><\/em> <\/span><a href=\"http:\/\/lattes.cnpq.br\/2336294864932485\">C<span style=\"color: #0000ff;\">urr\u00edculo Latte<\/span>s<\/a><span style=\"color: #000000;\"> &#8211;<\/span><\/span><\/span><\/span><\/strong><\/p>\n<hr \/>\n<address style=\"text-align: right;\"><strong><span style=\"font-size: 12px;\"><span style=\"font-family: Arial;\"><span style=\"color: #0000ff;\"><span style=\"color: #000000;\"> Publica\u00e7\u00e3o Anual<\/span> <\/span><\/span><\/span><\/strong><span style=\"font-size: 12px;\"><span style=\"font-size: 12pxpx;\"><span style=\"font-family: Arial;\"><span style=\"color: #0000ff;\">(<\/span><\/span><\/span><\/span><strong><span style=\"font-size: 12px;\"><span style=\"font-size: 12pxpx;\"><span style=\"font-family: Arial;\"><span style=\"color: #0000ff;\"><em><span style=\"color: #000000;\"><span style=\"text-decoration: underline;\">Suplemento<\/span><\/span><\/em>: <a style=\"color: #0000ff;\" href=\"https:\/\/sites.usp.br\/podae\/?page_id=3605\">Sum\u00e1rio<\/a><\/span><\/span><\/span><\/span><\/strong><span style=\"font-size: 12px;\"><span style=\"font-size: 12pxpx;\"><span style=\"font-family: Arial;\"><span style=\"color: #0000ff;\"><span style=\"color: #000000;\">) \/ Maio e Setembro 2018 \/ <\/span><\/span><\/span><\/span><\/span><strong><span style=\"font-size: 12px;\"><span style=\"font-size: 10px;\">p\u00e1gina 14<\/span><br \/>\n<\/span><\/strong><\/address>\n<hr \/>\n<p><span style=\"color: #ff0000; font-size: 16px;\">\u2666 <\/span><strong><span style=\"color: #000000; font-family: Arial;\"><span style=\"font-size: 12px; line-height: 18px;\">RIBEIRO, Y.J.S. Perfil Profissional (Odontopediatra): Fatores impulsionadores -Trabalho Excelente e Motiva\u00e7\u00e3o. Encicl. Bras.Teleodontol., Volume 8 (<a href=\"https:\/\/sites.usp.br\/podae\/?page_id=3605\"><span style=\"color: #0000ff;\">S\u00e9rie F<\/span><\/a>): p\u00e1gina 14, maio, 2018. Suplemento. ISSN 2448-1181 <\/span><\/span><\/strong><\/p>\n<hr \/>\n<p style=\"text-align: justify;\"><span style=\"font-family: Arial;\"><strong>Perfil Profissional <\/strong>(Docente &#8211;\u00a0<strong>Odontopediatria<\/strong>): Democr\u00e1tico, Humano e Orientado<strong>r. <\/strong><em>Como conseguir estes objetivos<\/em>? Na disciplina de \u201c<strong>Metodologias e Din\u00e2mica no Ensino da Odontologia<\/strong>\u201d <a href=\"http:\/\/www.forp.usp.br\/\">(<span style=\"color: #0000ff;\"><strong>FORP<\/strong><\/span><\/a> \/ <strong><span style=\"color: #0000ff;\"><a style=\"color: #0000ff;\" href=\"http:\/\/www5.usp.br\/\">USP<\/a><\/span><\/strong>\u00a0 \/ PAE) realizei atividades pedag\u00f3gicas reflexivas: Pensar, Desenvolver e Escrever, sobre o tema proposto pelo Docente (Prof. Dr. Luiz Carlos Pardini):\u00a0 <em>Perfil Profissional em Odontopediatria<\/em>. <\/span><\/p>\n<p style=\"text-align: justify;\"><span style=\"font-family: Arial;\"><strong>Perfil Profissional\u00a0<\/strong>(<strong>Odontopediatria<\/strong>) deve estar embasado\u00a0 nos conhecimentos (Conte\u00fados Program\u00e1tico) estabelecidos pelo<strong>\u00a0C<\/strong><\/span><span style=\"font-family: Arial;\"><strong>onselho Federal de Odo<\/strong>ntologia\u00a0( <a href=\"http:\/\/cfo.org.br\/\">CFO<\/a>\u00a0&#8211; Programa do Curso de Odontologia) e\u00a0<strong>Minist\u00e9rio da Educa\u00e7\u00e3o<\/strong>\u00a0 (<a href=\"http:\/\/emec.mec.gov.br\/\">e-Mec<\/a>) com a inser\u00e7\u00e3o da <strong>Proposta Pol\u00edtica Pedag\u00f3gica<\/strong> (PPP)\u00a0<\/span><span style=\"font-family: 'Arial','sans-serif';\">da Institui\u00e7\u00f5es <strong>Educa\u00e7\u00e3o Superior. <\/strong>[<strong>1,2,3<\/strong>]<\/span><\/p>\n<p style=\"text-align: justify;\"><span style=\"font-family: 'Arial','sans-serif';\"><strong> Perfil Profissional\u00a0<\/strong>(<strong>Docente<\/strong> &#8211; <strong>Odontopediatria<\/strong>): Formar Educandos (futuros profissionais &#8211; Cirurgi\u00f5es &#8211; Dentistas) que saibam, antes de tudo ser motivador, essa palavra chave de um excelente Odontopediatra. <strong>Perfil Profissional<\/strong>\u00a0(Cirurgi\u00e3o &#8211; Dentista: Odontopediatra) deve sempre pensar na expectativa e ansiedade do paciente (e seus familiares) em rela\u00e7\u00e3o ao Diagnostico, Planejamento,Tratamento e Controle Peri\u00f3dico. <strong>Perfil Profissional<\/strong>\u00a0(Docente &#8211; Odontopediatria) deve gerar as motiva\u00e7\u00f5es no Educando (aluno \/\u00a0 aprendiz), por exemplo,\u00a0 determinado assunto (tema) construindo atividade educacionais com a\u00e7\u00f5es educadoras em <strong>T\u00e9cnicas d Ensino<\/strong> (F\u00f3rum de Discuss\u00e3o, Segunda Opini\u00e3o, Casos Cl\u00ednicos, Debates, Semin\u00e1rios) estimulando \u00e0 <\/span><span style=\"font-family: 'Arial','sans-serif';\">cr\u00edtica reflexiva compartilhando atua\u00e7\u00f5es que s\u00e3o fatores que nos impulsiona a fazer um trabalho pleno. <\/span><\/p>\n<p style=\"text-align: justify;\"><span style=\"font-family: 'Arial','sans-serif';\">Surge uma pergunta reflexiva: <em>Devo ser\u00a0 professor que queira formar\u00a0 profissional mais humano e ser autorit\u00e1rio em sala de au<\/em>la?. <\/span><\/p>\n<p style=\"text-align: justify;\"><span style=\"font-family: Arial;\"><strong>Perfil Profissional\u00a0<\/strong>(<strong>Docente<\/strong> &#8211; <strong>Odontopediatria<\/strong>): Devo ser um profissional em sala de aula, democr\u00e1tico, humano e orientador. Quero estimular a constru\u00e7\u00e3o do <strong>Perfil Profissional\u00a0<\/strong>(<strong>Odontopediatra<\/strong>), que ao graduar, saiba crescer frente \u00e0s dificuldades imediatas (T\u00e9cnicas e\/o Cient\u00edficas), pois profissionais de excel\u00eancias surgem e s\u00e3o forjados quando enfrentam as dificuldades. <strong>Perfil Profissional\u00a0<\/strong>(<strong>Odontopediatra<\/strong>) tem que dedicar \u00e0 profiss\u00e3o com muito amor, pois diariamente lidar\u00e1 com as muitas adversidades profissionais, mas \u00e9 atrav\u00e9s delas que staurgem tamb\u00e9m as ideias (ex. como posso atender essa crian\u00e7a frente a uma limita\u00e7\u00e3o motora? O que fazer para entret\u00ea-lo enquanto atendo? Como convercer os familiares da import\u00e2ncia do Tratamento).<span style=\"font-family: 'Arial','sans-serif';\"><strong><br \/>\n<\/strong><\/span><\/span><\/p>\n<p style=\"text-align: justify;\"><span style=\"font-family: Arial;\">Neste s\u00e9culo XX Perfil Profissional (Odontopediatria): Fatores impulsionador Trabalho Excelente: Motiva\u00e7\u00e3o<\/span><\/p>\n<hr \/>\n<div align=\"justify\">\n<div align=\"justify\">\n<div align=\"justify\"><span style=\"font-size: 12px;\"><em><strong><span style=\"text-decoration: underline;\">REFER\u00caNCIAS<\/span><\/strong><\/em><\/span><\/div>\n<div style=\"font-size: 12px;\" align=\"justify\">\n<div align=\"justify\"><span style=\"font-size: 12px;\">1.<\/span><span style=\"font-size: 12px;\"> BRASIL &#8211; Diretrizes e Bases da Educa\u00e7\u00e3o Nacional, 1996. [<span style=\"color: #0000ff;\"><strong><a style=\"color: #0000ff;\" href=\"http:\/\/sites.usp.br\/ebt\/wp-content\/uploads\/sites\/44\/2014\/11\/Lei_9.394.pdf\">Lei 9.394<\/a><\/strong><\/span>]<\/span><\/div>\n<div align=\"justify\">2. BRASIL &#8211; Regula o Exerc\u00edcio da Odontologia. Lei n\u00ba 5.081 de 24\/08\/1966. Di\u00e1rio Oficial, Se\u00e7\u00e3o I. Parte I, 26\/08\/1966. [<strong><span style=\"color: #0000ff;\"><a style=\"color: #0000ff;\" href=\"http:\/\/www.planalto.gov.br\/ccivil_03\/leis\/L5081.htm\">Lei n\u00ba 5.081<\/a><\/span><\/strong>]<\/div>\n<div align=\"justify\"><span style=\"font-size: 12px;\">3. BRASIL &#8211; Diretrizes Curriculares Nacionais do Curso de Gradua\u00e7\u00e3o em Odontologia, 2002. [<span style=\"color: #0000ff;\"><strong><a style=\"color: #0000ff;\" href=\"http:\/\/sites.usp.br\/ebt\/wp-content\/uploads\/sites\/44\/2014\/11\/Resolu\u00e7\u00e3o-19-02-2002.pdf\">Resolu\u00e7\u00e3o CNE\/CES 3<\/a><\/strong><\/span>]<\/span><\/div>\n<\/div>\n<\/div>\n<\/div>\n<div align=\"justify\">\n<div align=\"justify\">\n<div style=\"text-align: center;\" align=\"justify\">\n<address style=\"text-align: right;\">\n<hr \/>\n<hr \/>\n<\/address>\n<\/div>\n<\/div>\n<div style=\"text-align: left;\" align=\"center\">\n<div style=\"text-align: center;\" align=\"center\">\n<div align=\"justify\">\n<p><span style=\"font-size: 13px;\"><strong><span style=\"color: #ff0000;\"><em><span style=\"color: #ff0000; font-size: 14px;\">\u25ca <\/span><\/em><\/span><\/strong><\/span><span style=\"font-size: 10px;\"><strong>F\u00f3rum de Discuss\u00e3o (Sala de Aula) &#8211; <span style=\"color: #0000ff;\"><a style=\"color: #0000ff;\" href=\"http:\/\/www5.usp.br\/\">USP<\/a><\/span> \/ <span style=\"color: #0000ff;\"><a style=\"color: #0000ff;\" href=\"https:\/\/uspdigital.usp.br\/wsusuario\/\">SistemasUSP<\/a><\/span> \/ <\/strong><\/span><span style=\"font-size: 10px;\"><strong><span style=\"color: #0000ff;\"><a style=\"color: #0000ff;\" href=\"http:\/\/www.forp.usp.br\/\">FORP<\/a><\/span><\/strong><\/span><span style=\"font-size: 10px;\"><strong> \/ <span style=\"color: #0000ff;\"><a style=\"color: #0000ff;\" href=\"http:\/\/www.prpg.usp.br\/index.php\/pt-br\/faca-pos-na-usp\/ache-um-programa?art_title=&amp;unidades%5B%5D=Faculdade+de+Odontologia+de+Ribeir%C3%A3o+Preto&amp;area_pos_graduacao%5B%5D=Ci%C3%AAncias+Biol%C3%B3gicas+e+da+Sa%C3%BAde&amp;art_language=pt-BR&amp;boxchecked=0&amp;search=programas_de_ps_graduaco&amp;task=search\">PgPG <\/a><\/span>(<span style=\"color: #0000ff;\"><a style=\"color: #0000ff;\" href=\"http:\/\/143.107.206.201\/pradua-mainmenu-61\/13-cursos-oferecidos\/246-programa-de-pradua-em-odontopediatria.html\">58135<\/a><\/span>). Disciplina\u00a0 (<a href=\"https:\/\/uspdigital.usp.br\/janus\/Disciplina?sgldis=8035743&amp;origem=C&amp;\"><span style=\"color: #0000ff;\">Conte\u00fado Program\u00e1tico<\/span><\/a>): <em>Metodologias e Din\u00e2mica no Ensino da Odontologia<\/em><\/strong><\/span><span style=\"font-size: 10px;\"><strong>. Respons\u00e1vel (5\/5\/2000 at\u00e9 presente data):<\/strong><\/span><span style=\"font-size: 10px;\"><strong> Prof. Dr. Luiz Carlos Carlos Pardini (<span style=\"color: #0000ff;\"><a style=\"color: #0000ff;\" href=\"http:\/\/sites.usp.br\/ebt\/forp-expediente-encicl-bras-teleodontol\/parecerista-relator-consultor-avaliador\/luiz-carlos-pardini\/\">Informa\u00e7\u00f5es Adicionais<\/a><\/span>).<\/strong><\/span><\/p>\n<hr \/>\n<p><span style=\"font-size: 10px;\"><strong><span style=\"text-decoration: underline;\">Recebido<\/span> 6\/6\/2018 &#8211; <span style=\"color: #0000ff;\"><a style=\"color: #0000ff;\" href=\"http:\/\/sites.usp.br\/ebt\/forp-expediente-encicl-bras-teleodontol\/parecerista-relator-consultor-avaliador\/\">Parecerista<\/a> <\/span>15\/062018 &#8211; Reformulado 23\/06\/2018- <span style=\"text-decoration: underline;\">Publicado<\/span> 02\/04\/2011 &#8211; Enciclop\u00e9dia Brasileira de Teleodontologia<\/strong><br \/>\n<\/span><\/p>\n<\/div>\n<\/div>\n<hr \/>\n<\/div>\n<address style=\"text-align: right;\">\u00a0<\/address>\n<\/div>\n","protected":false},"excerpt":{"rendered":"<p>Enciclop\u00e9dia Brasileira de Teleodontologia 8\u00ba F\u00f3rum Pedag\u00f3gico Online Tema: Caracter\u00edsticas Educacionais (Atividades Acad\u00eamicas) Eixo Educacional: [&hellip;]<\/p>\n","protected":false},"author":58,"featured_media":0,"parent":3607,"menu_order":0,"comment_status":"closed","ping_status":"closed","template":"","meta":{"footnotes":"","_links_to":"","_links_to_target":""},"class_list":["post-6307","page","type-page","status-publish","hentry"],"_links":{"self":[{"href":"https:\/\/sites.usp.br\/podae\/index.php?rest_route=\/wp\/v2\/pages\/6307","targetHints":{"allow":["GET"]}}],"collection":[{"href":"https:\/\/sites.usp.br\/podae\/index.php?rest_route=\/wp\/v2\/pages"}],"about":[{"href":"https:\/\/sites.usp.br\/podae\/index.php?rest_route=\/wp\/v2\/types\/page"}],"author":[{"embeddable":true,"href":"https:\/\/sites.usp.br\/podae\/index.php?rest_route=\/wp\/v2\/users\/58"}],"replies":[{"embeddable":true,"href":"https:\/\/sites.usp.br\/podae\/index.php?rest_route=%2Fwp%2Fv2%2Fcomments&post=6307"}],"version-history":[{"count":4,"href":"https:\/\/sites.usp.br\/podae\/index.php?rest_route=\/wp\/v2\/pages\/6307\/revisions"}],"predecessor-version":[{"id":6338,"href":"https:\/\/sites.usp.br\/podae\/index.php?rest_route=\/wp\/v2\/pages\/6307\/revisions\/6338"}],"up":[{"embeddable":true,"href":"https:\/\/sites.usp.br\/podae\/index.php?rest_route=\/wp\/v2\/pages\/3607"}],"wp:attachment":[{"href":"https:\/\/sites.usp.br\/podae\/index.php?rest_route=%2Fwp%2Fv2%2Fmedia&parent=6307"}],"curies":[{"name":"wp","href":"https:\/\/api.w.org\/{rel}","templated":true}]}}