{"id":6958,"date":"2019-09-23T14:44:14","date_gmt":"2019-09-23T17:44:14","guid":{"rendered":"http:\/\/sites.usp.br\/podae\/?page_id=6958"},"modified":"2020-04-28T14:58:07","modified_gmt":"2020-04-28T17:58:07","slug":"2010-2","status":"publish","type":"page","link":"https:\/\/sites.usp.br\/podae\/?page_id=6958","title":{"rendered":"Parecerista (Modelo Relat\u00f3rio Avalia\u00e7\u00e3o): Refer\u00eancias"},"content":{"rendered":"","protected":true},"excerpt":{"rendered":"","protected":true},"author":58,"featured_media":0,"parent":3329,"menu_order":0,"comment_status":"closed","ping_status":"closed","template":"","meta":{"footnotes":"","_links_to":"","_links_to_target":""},"class_list":["post-6958","page","type-page","status-publish","post-password-required","hentry"],"_links":{"self":[{"href":"https:\/\/sites.usp.br\/podae\/index.php?rest_route=\/wp\/v2\/pages\/6958","targetHints":{"allow":["GET"]}}],"collection":[{"href":"https:\/\/sites.usp.br\/podae\/index.php?rest_route=\/wp\/v2\/pages"}],"about":[{"href":"https:\/\/sites.usp.br\/podae\/index.php?rest_route=\/wp\/v2\/types\/page"}],"author":[{"embeddable":true,"href":"https:\/\/sites.usp.br\/podae\/index.php?rest_route=\/wp\/v2\/users\/58"}],"replies":[{"embeddable":true,"href":"https:\/\/sites.usp.br\/podae\/index.php?rest_route=%2Fwp%2Fv2%2Fcomments&post=6958"}],"version-history":[{"count":5,"href":"https:\/\/sites.usp.br\/podae\/index.php?rest_route=\/wp\/v2\/pages\/6958\/revisions"}],"predecessor-version":[{"id":7456,"href":"https:\/\/sites.usp.br\/podae\/index.php?rest_route=\/wp\/v2\/pages\/6958\/revisions\/7456"}],"up":[{"embeddable":true,"href":"https:\/\/sites.usp.br\/podae\/index.php?rest_route=\/wp\/v2\/pages\/3329"}],"wp:attachment":[{"href":"https:\/\/sites.usp.br\/podae\/index.php?rest_route=%2Fwp%2Fv2%2Fmedia&parent=6958"}],"curies":[{"name":"wp","href":"https:\/\/api.w.org\/{rel}","templated":true}]}}