{"id":7185,"date":"2019-09-24T16:11:14","date_gmt":"2019-09-24T19:11:14","guid":{"rendered":"http:\/\/sites.usp.br\/podae\/?page_id=7185"},"modified":"2019-10-28T15:25:24","modified_gmt":"2019-10-28T18:25:24","slug":"editorial","status":"publish","type":"page","link":"https:\/\/sites.usp.br\/podae\/?page_id=7185","title":{"rendered":"01 Editorial. 1\u00aa Oficina Educacional Online (Odontologia): Como Participar?"},"content":{"rendered":"<div style=\"text-align: left;\" align=\"center\">\n<p style=\"text-align: center;\"><span style=\"color: #800080;\"><strong><span style=\"font-size: 16px;\"><span style=\"font-family: Arial;\">ENCICLOP\u00c9DIA BRASILEIRA DE TELEODONTOLOGIA<br \/>\n<\/span><\/span><\/strong><\/span><strong><span style=\"font-size: 12px;\"><span style=\"font-family: Arial;\">ISSN <span style=\"color: #0000ff;\"><a style=\"color: #0000ff;\" href=\"https:\/\/portal.issn.org\/resource\/ISSN\/2448-1181#\">2448-1181<\/a><\/span><\/span><\/span><\/strong><strong><span style=\"font-size: 12px;\"><span style=\"font-family: Arial;\"> \/ <span style=\"color: #0000ff;\"><a style=\"color: #0000ff;\" href=\"https:\/\/sites.usp.br\/podae\/wp-content\/uploads\/sites\/36\/2019\/06\/Encicl.-Bras.Teleodontol.jpg\">SIBi<\/a><\/span> \/ <a href=\"https:\/\/sites.usp.br\/podae\/?page_id=3320\"><span style=\"color: #0000ff;\">Expediente<\/span><\/a> \/ \u00a0 Fasc\u00edculos <\/span><\/span><\/strong><span style=\"font-size: 12px;\"><span style=\"font-family: Arial;\">(<\/span><\/span><strong><span style=\"font-size: 12px;\"><span style=\"font-family: Arial;\"><span style=\"color: #0000ff;\"><a style=\"color: #0000ff;\" href=\"https:\/\/sites.usp.br\/podae\/?page_id=120\"><span style=\"color: #0000ff;\">A-Z<\/span><\/a><\/span><\/span><\/span><\/strong><span style=\"font-size: 12px;\"><span style=\"font-family: Arial;\">)<\/span><\/span><strong><span style=\"font-size: 12px;\"><span style=\"font-family: Arial;\"><br \/>\n<\/span><\/span><\/strong><strong><span style=\"font-size: 12px;\"><span style=\"font-family: Arial;\"> Polo de Odontologia Digital Aplicado \u00e0 Educa\u00e7\u00e3o <\/span><\/span><\/strong><span style=\"font-size: 12px;\"><span style=\"font-family: Arial;\">(<\/span><\/span><strong><span style=\"font-size: 12px;\"><span style=\"font-family: Arial;\"><a href=\"https:\/\/sites.usp.br\/podae\/?page_id=89\"><span style=\"color: #0000ff;\">PODAE<\/span><\/a><\/span><\/span><\/strong><span style=\"font-size: 12px;\"><span style=\"font-family: Arial;\"><span style=\"color: #0000ff;\">)<\/span><\/span><\/span><strong><span style=\"font-size: 12px;\"><span style=\"font-family: Arial;\"><span style=\"color: #0000ff;\">: <\/span><a href=\"https:\/\/www.forp.usp.br\/\"><span style=\"color: #0000ff;\">FORP<\/span><\/a> \/ <span style=\"color: #0000ff;\"><a style=\"color: #0000ff;\" href=\"https:\/\/www5.usp.br\/\">USP<\/a><\/span><\/span><\/span><\/strong> <strong><span style=\"font-size: 12px;\"><span style=\"font-family: Arial;\"><br \/>\n<\/span><\/span><\/strong> <a href=\"https:\/\/sites.usp.br\/podae\/?page_id=7073\"><strong><span style=\"font-size: 14px;\"><span style=\"font-family: Arial;\"><span style=\"color: #0000ff;\"><em><span style=\"color: #000000;\"><span style=\"text-decoration: underline; color: #0000ff;\">1\u00aa Oficina Educacional Online<\/span><\/span><\/em><\/span><\/span><\/span><\/strong><strong><span style=\"font-size: 14px;\"><span style=\"font-family: Arial;\"><span style=\"color: #0000ff;\"><em><span style=\"color: #000000;\">\u00a0<\/span><\/em><\/span><\/span><\/span><\/strong><\/a><strong><span style=\"font-size: 12px;\"><span style=\"font-family: Arial;\"><br \/>\n<\/span><\/span><\/strong><span style=\"color: #000000;\"><strong><span style=\"font-size: 10px;\"><span style=\"color: #ff0000; font-size: 14px;\">\u2666<\/span> <\/span><\/strong><\/span><span style=\"color: #000000;\"><strong><span style=\"font-size: 10px;\"><span style=\"text-decoration: underline;\">SUM\u00c1RIOS<\/span><\/span><\/strong><\/span><strong><span style=\"font-size: 12px;\"><span style=\"font-family: Arial;\">: <\/span><\/span><\/strong><span style=\"color: #000000;\"><strong><span style=\"font-size: 10px;\"><span style=\"color: #0000ff;\"><a style=\"color: #0000ff;\" href=\"https:\/\/sites.usp.br\/podae\/?page_id=3360\"><span style=\"color: #0000ff;\">Fasc\u00edculo O<\/span><\/a><\/span>\u00a0e <a href=\"https:\/\/sites.usp.br\/podae\/?page_id=7071\"><span style=\"color: #0000ff;\">Suplemento Anual<\/span> <\/a><\/span><\/strong><\/span><\/p>\n<hr style=\"width: 321px;\" \/>\n<hr style=\"width: 321px;\" \/>\n<\/div>\n<hr \/>\n<address style=\"text-align: right;\"><strong><span style=\"font-size: 12px;\"><span style=\"font-family: Arial;\"><span style=\"color: #0000ff;\"><span style=\"color: #000000;\">p\u00e1gina 1<\/span><\/span><\/span><\/span><\/strong><\/address>\n<hr \/>\n<p style=\"text-align: justify;\"><span style=\"font-family: Arial;\"><strong>1\u00aa Oficina Educacional Online <\/strong>(<strong>Odontologia<\/strong>) <strong>\u00a0<\/strong>promovido pela Equipe do <strong>Polo de Odontologia Digital Aplicado \u00e0 Educa\u00e7\u00e3o <\/strong>(<strong><span style=\"color: #0000ff;\"><a style=\"color: #0000ff;\" href=\"https:\/\/sites.usp.br\/podae\/\">PODA<\/a><\/span>E),<\/strong> est\u00e1 associado com a\u00e7\u00f5es educadoras da <strong>Enciclop\u00e9dia Brasileira de Teleodontologia<\/strong> (ISSN 2448-1181 &#8211; <strong>Encicl. Bras. Teleodontol<\/strong>.). A miss\u00e3o \u00e9 contribuir para a <strong>Forma\u00e7\u00e3o Acad\u00eamica<\/strong> e<strong> Profissional<\/strong> estimulando a <strong>Inclus\u00e3o Digital<\/strong> e a <strong>Discuss\u00e3o Participativa<\/strong> (<strong>Di\u00e1logo Interativo<\/strong>) estimulando a busca do saber: &#8220;<strong>Estudo Pessoal<\/strong>&#8220;.<\/span><\/p>\n<p style=\"text-align: justify;\"><span style=\"font-family: Arial;\"><strong>1\u00aa Oficina Educacional Online <\/strong>(<strong>Odontologia<\/strong>) gera e motiva as continuas a\u00e7\u00f5es (&#8220;buscar&#8217; e &#8220;procurar&#8221;) com atualiza\u00e7\u00f5es que est\u00e3o sempre e rapidamente disponibilizadas (&#8220;Livre Acesso&#8221;) nos multimeios (Tecnologia da Informa\u00e7\u00e3o &#8211; TI), com destaque para <strong>World Wide Web<\/strong> (WWW): <strong>Rede Mundial de Computador<\/strong> (&#8220;Internet&#8221;).<\/span><\/p>\n<p style=\"text-align: justify;\"><span style=\"font-family: Arial;\"><strong>1\u00aa Oficina Educacional Online <\/strong>(<strong>Odontologia<\/strong>) publica conte\u00fados com informa\u00e7\u00f5es (t\u00e9cnicas e\/ou cient\u00edficas) enviadas por Educadores, Educando e Pesquisadores<\/span><span style=\"font-family: Arial;\">. <\/span><\/p>\n<p style=\"text-align: justify;\"><span style=\"font-family: Arial;\"><strong>1\u00aa Oficina Educacional Online <\/strong>(<strong>Odontologia<\/strong>) publica no formato de &#8220;<strong>Hipertexto<\/strong>&#8221; (<\/span><span style=\"font-family: Arial;\"><strong>Titulo,<\/strong> <strong>Conte\u00fado e Refer\u00eancias<\/strong>) associados ao &#8220;<strong><span style=\"font-size: 14px;\"><span style=\"font-size: 15px;\"><em><span style=\"color: #000000;\"><span style=\"text-decoration: underline;\">Tema do Evento<\/span><\/span><\/em><\/span><\/span><\/strong>&#8220;. S\u00e3o disponibilizados (<em>publicados periodicamente<\/em>), em meses espec\u00edficos objetivando o amplo debate cient\u00edfico e a intersec\u00e7\u00e3o educacional: <strong>\u00c1rea da Sa\u00fade<\/strong> (\u00c1reas Correlatas: <em>Humanas<\/em> e<em> Exatas<\/em>).<\/span><\/p>\n<p style=\"text-align: justify;\"><span style=\"font-family: Arial;\"><strong>1\u00ba Atividade Educativa Online <\/strong>estabelece condi\u00e7\u00f5es para a<strong> &#8220;Formata\u00e7\u00e3o&#8221; <\/strong>compat\u00edvel com os crit\u00e9rios da proposta educacional (&#8220;<a href=\"https:\/\/sites.usp.br\/podae\/?page_id=3395\"><strong><span style=\"color: #0000ff;\">Normas de Publica\u00e7\u00e3o<\/span><\/strong><\/a>&#8220;). O Autor Respons\u00e1vel dever\u00e1 enviar: <em>arquivo.doc<\/em> (Editor Chefe): <a href=\"https:\/\/sites.usp.br\/podae\/?page_id=3323\"><em><strong><span style=\"color: #0000ff;\">E-Mail<\/span><\/strong><\/em><\/a><\/span><\/p>\n<p style=\"text-align: center;\"><span style=\"font-family: Arial;\"><strong><span style=\"font-size: 14px;\"><span style=\"font-size: 15px;\"><em><span style=\"color: #000000;\"><span style=\"text-decoration: underline;\">Data Limite<\/span><\/span><\/em><\/span><\/span><\/strong>: <strong>2011<\/strong><\/span><\/p>\n<ul>\n<li style=\"text-align: justify;\"><span style=\"font-family: Arial;\">1\u00ba Semestre (at\u00e9 30 Abril)<\/span><\/li>\n<li style=\"text-align: justify;\"><span style=\"font-family: Arial;\">2\u00ba Semestre (at\u00e9 31 de Agosto)<br \/>\n<\/span><\/li>\n<\/ul>\n<p>&nbsp;<\/p>\n<p><span style=\"font-family: Arial;\"><strong>1\u00ba Atividade Educativa Online<\/strong> contar\u00e1 com Avalia\u00e7\u00f5es Volunt\u00e1rias dos <a href=\"https:\/\/sites.usp.br\/podae\/?page_id=3336\"><strong><span style=\"color: #0000ff;\">Pareceristas<\/span><\/strong><\/a> que analisar\u00e3o o &#8220;Texto Online&#8221; (Hipertexto): Aprova\u00e7\u00e3o, Reprova\u00e7\u00e3o ou Reformula\u00e7\u00e3o (Reenviar em 7 dias). <\/span><span style=\"font-family: Arial;\"><strong>Publica\u00e7\u00e3o Online <\/strong>(<em>Suplemento<\/em>): Ordem de recebimento e devida aceita\u00e7\u00e3o do Editor.<\/span><\/p>\n<p style=\"text-align: justify;\"><span style=\"font-family: Arial;\">Neste s\u00e9culo XXI a modernidade tecnol\u00f3gica \u00e9 uma das ferramentas midi\u00e1ticas conduzindo para os conhecimentos digitais (Livre Acesso) ampliando as atua\u00e7\u00f5es educacionais e profissionais estimulando as a\u00e7\u00f5es participativas.<\/span><\/p>\n<p style=\"text-align: right;\"><span style=\"font-family: Arial;\"><strong>Equipe Editorial<\/strong><\/span><\/p>\n<hr \/>\n<div align=\"justify\"><span style=\"font-size: 10px;\"><strong><span style=\"text-decoration: underline;\">Publicado<\/span><\/strong> 1\/4\/2011<br \/>\n<\/span><\/div>\n<div style=\"text-align: center;\" align=\"justify\">\n<hr \/>\n<hr \/>\n<p><strong><span style=\"font-size: 12px;\"><span style=\"font-family: Arial;\"><span style=\"font-size: 10px;\"><strong>Encicl. Bras. Teledontol<\/strong>. <strong>ISSN 2448-1181 <\/strong><\/span><\/span><\/span><\/strong><\/p>\n<\/div>\n<div style=\"text-align: left;\" align=\"center\">\n<hr \/>\n<\/div>\n","protected":false},"excerpt":{"rendered":"<p>ENCICLOP\u00c9DIA BRASILEIRA DE TELEODONTOLOGIA ISSN 2448-1181 \/ SIBi \/ Expediente \/ \u00a0 Fasc\u00edculos (A-Z) Polo [&hellip;]<\/p>\n","protected":false},"author":58,"featured_media":0,"parent":7073,"menu_order":0,"comment_status":"closed","ping_status":"closed","template":"","meta":{"footnotes":"","_links_to":"","_links_to_target":""},"class_list":["post-7185","page","type-page","status-publish","hentry"],"_links":{"self":[{"href":"https:\/\/sites.usp.br\/podae\/index.php?rest_route=\/wp\/v2\/pages\/7185","targetHints":{"allow":["GET"]}}],"collection":[{"href":"https:\/\/sites.usp.br\/podae\/index.php?rest_route=\/wp\/v2\/pages"}],"about":[{"href":"https:\/\/sites.usp.br\/podae\/index.php?rest_route=\/wp\/v2\/types\/page"}],"author":[{"embeddable":true,"href":"https:\/\/sites.usp.br\/podae\/index.php?rest_route=\/wp\/v2\/users\/58"}],"replies":[{"embeddable":true,"href":"https:\/\/sites.usp.br\/podae\/index.php?rest_route=%2Fwp%2Fv2%2Fcomments&post=7185"}],"version-history":[{"count":4,"href":"https:\/\/sites.usp.br\/podae\/index.php?rest_route=\/wp\/v2\/pages\/7185\/revisions"}],"predecessor-version":[{"id":9394,"href":"https:\/\/sites.usp.br\/podae\/index.php?rest_route=\/wp\/v2\/pages\/7185\/revisions\/9394"}],"up":[{"embeddable":true,"href":"https:\/\/sites.usp.br\/podae\/index.php?rest_route=\/wp\/v2\/pages\/7073"}],"wp:attachment":[{"href":"https:\/\/sites.usp.br\/podae\/index.php?rest_route=%2Fwp%2Fv2%2Fmedia&parent=7185"}],"curies":[{"name":"wp","href":"https:\/\/api.w.org\/{rel}","templated":true}]}}