{"id":7208,"date":"2013-05-01T00:13:56","date_gmt":"2013-05-01T03:13:56","guid":{"rendered":"http:\/\/sites.usp.br\/podae\/?page_id=7208"},"modified":"2019-09-26T16:52:46","modified_gmt":"2019-09-26T19:52:46","slug":"editorial-3a-oficina-educacional-online-odontologia","status":"publish","type":"page","link":"https:\/\/sites.usp.br\/podae\/?page_id=7208","title":{"rendered":"01 Editorial. 3\u00aa Oficina Educacional Online (Odontologia). Como Particpar?"},"content":{"rendered":"<div style=\"text-align: left;\" align=\"center\">\n<p style=\"text-align: center;\"><span style=\"color: #800080;\"><strong><span style=\"font-size: 16px;\"><span style=\"font-family: Arial;\">ENCICLOP\u00c9DIA BRASILEIRA DE TELEODONTOLOGIA<br \/>\n<\/span><\/span><\/strong><\/span><strong><span style=\"font-size: 12px;\"><span style=\"font-family: Arial;\"><a href=\"https:\/\/sites.usp.br\/podae\/?page_id=7071\"> S<span style=\"color: #0000ff;\">uplemento Anual<\/span><\/a> &#8211; ISSN <span style=\"color: #0000ff;\"><a style=\"color: #0000ff;\" href=\"https:\/\/portal.issn.org\/resource\/ISSN\/2448-1181#\">2448-1181<\/a><\/span><\/span><\/span><\/strong><\/p>\n<p style=\"text-align: center;\"><strong><span style=\"font-size: 14px;\"><span style=\"font-family: Arial;\"><span style=\"color: #0000ff;\"><em><span style=\"color: #000000;\"><span style=\"text-decoration: underline;\"><a href=\"https:\/\/sites.usp.br\/podae\/?page_id=7087\"><span style=\"color: #0000ff;\">3\u00aa Oficina Educacional Online<\/span><\/a><br \/>\n<\/span><\/span><\/em><\/span><\/span><\/span><\/strong><\/p>\n<p style=\"text-align: center;\"><strong><span style=\"font-size: 14px;\"><span style=\"font-family: Arial;\"><span style=\"color: #0000ff;\"><span style=\"color: #000000;\"><span style=\"font-size: 15px;\"><em><span style=\"text-decoration: underline;\">Tema <\/span><\/em><\/span>: <\/span><\/span><\/span><\/span><\/strong><strong><span style=\"font-size: 14px;\"><span style=\"font-family: Arial;\"><span style=\"color: #0000ff;\"><span style=\"color: #000000;\">Caracter\u00edsticas Educacionais <\/span><\/span><\/span><\/span><\/strong><span style=\"font-size: 14px;\"><span style=\"font-family: Arial;\"><span style=\"color: #0000ff;\"><span style=\"color: #000000;\">(<\/span><\/span><\/span><\/span><strong><span style=\"font-size: 14px;\"><span style=\"font-family: Arial;\"><span style=\"color: #0000ff;\"><span style=\"color: #000000;\">Atividades Acad\u00eamicas<\/span><\/span><\/span><\/span><\/strong><span style=\"font-size: 14px;\"><span style=\"font-family: Arial;\"><span style=\"color: #0000ff;\"><span style=\"color: #000000;\">)<\/span><\/span><\/span><\/span><strong><span style=\"font-size: 14px;\"><span style=\"font-family: Arial;\"><span style=\"color: #0000ff;\"><span style=\"color: #000000;\"><br \/>\n<\/span><\/span><\/span><\/span><\/strong><strong><span style=\"font-size: 14px;\"><span style=\"font-family: Arial;\"><span style=\"color: #0000ff;\"><span style=\"color: #000000;\"><span style=\"font-size: 15px;\"><em><span style=\"text-decoration: underline;\">Eixo Educacional<\/span><\/em><\/span><\/span><\/span><\/span><\/span><\/strong><strong><span style=\"font-size: 14px;\"><span style=\"font-family: Arial;\"><span style=\"color: #0000ff;\"><span style=\"color: #000000;\"><em>: <\/em>Perfil Profissional <\/span><\/span><\/span><\/span><\/strong><span style=\"font-size: 14px;\"><span style=\"font-family: Arial;\"><span style=\"color: #0000ff;\"><span style=\"color: #000000;\">(<\/span><\/span><\/span><\/span><strong><span style=\"font-size: 14px;\"><span style=\"font-family: Arial;\"><span style=\"color: #0000ff;\"><span style=\"color: #000000;\">Educando e Educador<\/span><\/span><\/span><\/span><\/strong><span style=\"font-size: 14px;\"><span style=\"font-family: Arial;\"><span style=\"color: #0000ff;\"><span style=\"color: #000000;\">) <\/span><\/span><\/span><\/span><\/p>\n<hr \/>\n<div style=\"text-align: left;\" align=\"center\">\n<p style=\"text-align: center;\"><span style=\"font-family: Arial;\"><strong><span style=\"font-size: 12px;\"><span style=\"color: #0000ff;\"><span style=\"color: #000000;\"> <span style=\"color: #fd8725; font-size: 14px;\">\u2666 <\/span><\/span><\/span><\/span><\/strong><\/span><span style=\"font-family: Arial;\"><strong><span style=\"font-size: 12px;\"><span style=\"color: #0000ff;\"><span style=\"color: #000000;\"><span style=\"font-size: 10px;\">Encicl. Bras. Teleodontol. (ISSN <span style=\"color: #0000ff;\"><a style=\"color: #0000ff;\" href=\"https:\/\/portal.issn.org\/resource\/ISSN\/2448-1181#\">2448-1181<\/a><\/span> &#8211; <span style=\"color: #0000ff;\"><a style=\"color: #0000ff;\" href=\"https:\/\/sites.usp.br\/podae\/wp-content\/uploads\/sites\/36\/2019\/06\/Encicl.-Bras.Teleodontol.jpg\">SIBi<\/a><\/span>), Volume 2 (<a href=\"https:\/\/sites.usp.br\/podae\/?page_id=3360\"><span style=\"color: #0000ff;\">S\u00e9rie O<\/span><\/a><\/span><\/span><\/span><\/span><\/strong><span style=\"font-size: 12px;\"><span style=\"color: #0000ff;\"><span style=\"color: #000000;\"><span style=\"font-size: 10px;\">)<\/span><\/span><\/span><\/span><strong><span style=\"font-size: 12px;\"><span style=\"color: #0000ff;\"><span style=\"color: #000000;\"><span style=\"font-size: 10px;\">: Junho e Novembro 2013 \/<\/span><\/span><\/span><\/span><\/strong><\/span><span style=\"font-family: Arial;\"><strong><span style=\"font-size: 12px;\"><span style=\"color: #0000ff;\"><span style=\"color: #000000;\"><span style=\"font-size: 10px;\"> p\u00e1gina 1 <\/span><\/span><\/span><\/span><\/strong> <\/span><\/p>\n<hr \/>\n<\/div>\n<p style=\"text-align: justify;\"><span style=\"font-family: Arial;\"><strong>3\u00aa Oficina Educacional Online,<\/strong> promovido pela Equipe do <strong>Polo de Odontologia Digital Aplicado \u00e0 Educa\u00e7\u00e3o <\/strong>(<strong><span style=\"color: #0000ff;\"><a style=\"color: #0000ff;\" href=\"https:\/\/sites.usp.br\/podae\/\">PODAE<\/a><\/span><\/strong>)<strong>,<\/strong> est\u00e1 associado com a\u00e7\u00f5es educadoras da <strong>Enciclop\u00e9dia Brasileira de Teleodontologia<\/strong> (ISSN 2448-1181 &#8211; <strong>Encicl. Bras. Teleodontol<\/strong>.). A miss\u00e3o \u00e9 contribuir para a <strong>Forma\u00e7\u00e3o Acad\u00eamica<\/strong> e<strong> Profissional<\/strong> estimulando a <strong>Inclus\u00e3o Digital<\/strong> e a <strong>Discuss\u00e3o Participativa<\/strong> (<strong>Di\u00e1logo Interativo<\/strong>) estimulando a busca do saber: &#8220;<strong>Estudo Pessoal<\/strong>&#8220;.<\/span><\/p>\n<p style=\"text-align: justify;\"><span style=\"font-family: Arial;\"><strong>3\u00aa Oficina Educacional Online<\/strong> gera e motiva as continuas a\u00e7\u00f5es (&#8220;buscar&#8217; e &#8220;procurar&#8221;) com atualiza\u00e7\u00f5es que est\u00e3o sempre e rapidamente disponibilizadas (&#8220;Livre Acesso&#8221;) nos multimeios (Tecnologia da Informa\u00e7\u00e3o &#8211; TI), com destaque para <strong>World Wide Web<\/strong> (WWW): <strong>Rede Mundial de Computador<\/strong> (&#8220;Internet&#8221;).<\/span><\/p>\n<p style=\"text-align: justify;\"><span style=\"font-family: Arial;\"><strong>3\u00aa Oficina Educacional Online <\/strong>publica conte\u00fados com informa\u00e7\u00f5es (t\u00e9cnicas e\/ou cient\u00edficas) enviadas por Educadores, Educando e Pesquisadores<\/span><span style=\"font-family: Arial;\">. <\/span><\/p>\n<p style=\"text-align: justify;\"><span style=\"font-family: Arial;\"><strong>3\u00aa Oficina Educacional Online<\/strong> publica no formato de &#8220;<strong>Hipertexto<\/strong>&#8221; (<\/span><span style=\"font-family: Arial;\"><strong>Titulo,<\/strong> <strong>Conte\u00fado e Refer\u00eancias<\/strong>) associados ao &#8220;<strong><span style=\"font-size: 14px;\"><span style=\"font-size: 15px;\"><em><span style=\"color: #000000;\"><span style=\"text-decoration: underline;\">Tema do Evento<\/span><\/span><\/em><\/span><\/span><\/strong>&#8220;. S\u00e3o disponibilizados (<em>publicados periodicamente<\/em>), em meses espec\u00edficos objetivando o amplo debate cient\u00edfico e a intersec\u00e7\u00e3o educacional: <strong>\u00c1rea da Sa\u00fade<\/strong> (\u00c1reas Correlatas: <em>Humanas<\/em> e<em> Exatas<\/em>).<\/span><\/p>\n<p style=\"text-align: justify;\"><span style=\"font-family: Arial;\"><strong>3\u00aa Oficina Educacional Online <\/strong>estabelece condi\u00e7\u00f5es para a<strong> &#8220;Formata\u00e7\u00e3o&#8221; <\/strong>compat\u00edvel com os crit\u00e9rios da proposta educacional (&#8220;<a href=\"https:\/\/sites.usp.br\/podae\/?page_id=3395\"><strong><span style=\"color: #0000ff;\">Normas de Publica\u00e7\u00e3o<\/span><\/strong><\/a>&#8220;). O Autor Respons\u00e1vel dever\u00e1 enviar: <em>arquivo.doc<\/em> (Editor Chefe): <a href=\"https:\/\/sites.usp.br\/podae\/?page_id=3323\"><em><strong><span style=\"color: #0000ff;\">E-Mail<\/span><\/strong><\/em><\/a><\/span><\/p>\n<p style=\"text-align: center;\"><span style=\"font-family: Arial;\"><strong><span style=\"font-size: 14px;\"><span style=\"font-size: 15px;\"><em><span style=\"color: #000000;\"><span style=\"text-decoration: underline;\">Data Limite<\/span><\/span><\/em><\/span><\/span><\/strong>: <strong>2013<\/strong><\/span><\/p>\n<ul>\n<li style=\"text-align: justify;\"><span style=\"font-family: Arial;\">1\u00ba Semestre (at\u00e9 30 Junho)<\/span><\/li>\n<li style=\"text-align: justify;\"><span style=\"font-family: Arial;\">2\u00ba Semestre (at\u00e9 30 de Novembro)<br \/>\n<\/span><\/li>\n<\/ul>\n<p>&nbsp;<\/p>\n<p><span style=\"font-family: Arial;\"><strong>3\u00aa Oficina Educacional Onlin<\/strong>e contar\u00e1 com Avalia\u00e7\u00f5es Volunt\u00e1rias dos <a href=\"https:\/\/sites.usp.br\/podae\/?page_id=3336\"><strong><span style=\"color: #0000ff;\">Pareceristas<\/span><\/strong><\/a> que analisar\u00e3o o &#8220;Texto Online&#8221; (Hipertexto): Aprova\u00e7\u00e3o, Reprova\u00e7\u00e3o ou Reformula\u00e7\u00e3o (Reenviar em 7 dias). <\/span><span style=\"font-family: Arial;\"><strong>Publica\u00e7\u00e3o Online <\/strong>(<em>Suplemento<\/em>): Ordem de recebimento e devida aceita\u00e7\u00e3o do Editor.<\/span><\/p>\n<p style=\"text-align: justify;\"><span style=\"font-family: Arial;\">Neste s\u00e9culo XXI a modernidade tecnol\u00f3gica \u00e9 uma das ferramentas midi\u00e1ticas conduzindo para os conhecimentos digitais (Livre Acesso) ampliando as atua\u00e7\u00f5es educacionais e profissionais estimulando as a\u00e7\u00f5es participativas. <\/span><\/p>\n<p style=\"text-align: right;\"><span style=\"font-family: Arial;\"><strong>Equipe Editorial<\/strong><\/span><\/p>\n<hr \/>\n<div align=\"justify\"><span style=\"font-size: 10px;\"><strong><span style=\"text-decoration: underline;\">Publicado<\/span><\/strong> 1\/6\/2013<br \/>\n<\/span><\/div>\n<div style=\"text-align: center;\" align=\"justify\">\n<hr \/>\n<hr \/>\n<p><span style=\"font-size: 10px;\"><strong>Enciclop\u00e9dia Brasileira de Teleodontologia<\/strong> &#8211; <strong>ISSN 2448-1181 <\/strong><\/span><\/p>\n<\/div>\n<div style=\"text-align: left;\" align=\"center\">\n<hr \/>\n<\/div>\n<\/div>\n","protected":false},"excerpt":{"rendered":"<p>ENCICLOP\u00c9DIA BRASILEIRA DE TELEODONTOLOGIA Suplemento Anual &#8211; ISSN 2448-1181 3\u00aa Oficina Educacional Online Tema : [&hellip;]<\/p>\n","protected":false},"author":58,"featured_media":0,"parent":7087,"menu_order":0,"comment_status":"closed","ping_status":"closed","template":"","meta":{"footnotes":"","_links_to":"","_links_to_target":""},"class_list":["post-7208","page","type-page","status-publish","hentry"],"_links":{"self":[{"href":"https:\/\/sites.usp.br\/podae\/index.php?rest_route=\/wp\/v2\/pages\/7208","targetHints":{"allow":["GET"]}}],"collection":[{"href":"https:\/\/sites.usp.br\/podae\/index.php?rest_route=\/wp\/v2\/pages"}],"about":[{"href":"https:\/\/sites.usp.br\/podae\/index.php?rest_route=\/wp\/v2\/types\/page"}],"author":[{"embeddable":true,"href":"https:\/\/sites.usp.br\/podae\/index.php?rest_route=\/wp\/v2\/users\/58"}],"replies":[{"embeddable":true,"href":"https:\/\/sites.usp.br\/podae\/index.php?rest_route=%2Fwp%2Fv2%2Fcomments&post=7208"}],"version-history":[{"count":5,"href":"https:\/\/sites.usp.br\/podae\/index.php?rest_route=\/wp\/v2\/pages\/7208\/revisions"}],"predecessor-version":[{"id":7697,"href":"https:\/\/sites.usp.br\/podae\/index.php?rest_route=\/wp\/v2\/pages\/7208\/revisions\/7697"}],"up":[{"embeddable":true,"href":"https:\/\/sites.usp.br\/podae\/index.php?rest_route=\/wp\/v2\/pages\/7087"}],"wp:attachment":[{"href":"https:\/\/sites.usp.br\/podae\/index.php?rest_route=%2Fwp%2Fv2%2Fmedia&parent=7208"}],"curies":[{"name":"wp","href":"https:\/\/api.w.org\/{rel}","templated":true}]}}