{"id":7300,"date":"2019-09-24T23:34:51","date_gmt":"2019-09-25T02:34:51","guid":{"rendered":"http:\/\/sites.usp.br\/podae\/?page_id=7300"},"modified":"2019-09-24T23:36:08","modified_gmt":"2019-09-25T02:36:08","slug":"ox-em-construcao-recebimento-e-avaliacao-dos-hipertextos-cod-o00-14-esta-bloqueado-ox-em-construcao-recebimento-e-avaliacao-dos-hipertextos-cod-o00-14","status":"publish","type":"page","link":"https:\/\/sites.usp.br\/podae\/?page_id=7300","title":{"rendered":"OX Em Constru\u00e7\u00e3o: Recebimento e Avalia\u00e7\u00e3o dos Hipertextos (Cod. O00-14)"},"content":{"rendered":"","protected":false},"excerpt":{"rendered":"","protected":false},"author":58,"featured_media":0,"parent":3360,"menu_order":0,"comment_status":"closed","ping_status":"closed","template":"","meta":{"footnotes":"","_links_to":"","_links_to_target":""},"class_list":["post-7300","page","type-page","status-publish","hentry"],"_links":{"self":[{"href":"https:\/\/sites.usp.br\/podae\/index.php?rest_route=\/wp\/v2\/pages\/7300","targetHints":{"allow":["GET"]}}],"collection":[{"href":"https:\/\/sites.usp.br\/podae\/index.php?rest_route=\/wp\/v2\/pages"}],"about":[{"href":"https:\/\/sites.usp.br\/podae\/index.php?rest_route=\/wp\/v2\/types\/page"}],"author":[{"embeddable":true,"href":"https:\/\/sites.usp.br\/podae\/index.php?rest_route=\/wp\/v2\/users\/58"}],"replies":[{"embeddable":true,"href":"https:\/\/sites.usp.br\/podae\/index.php?rest_route=%2Fwp%2Fv2%2Fcomments&post=7300"}],"version-history":[{"count":2,"href":"https:\/\/sites.usp.br\/podae\/index.php?rest_route=\/wp\/v2\/pages\/7300\/revisions"}],"predecessor-version":[{"id":7302,"href":"https:\/\/sites.usp.br\/podae\/index.php?rest_route=\/wp\/v2\/pages\/7300\/revisions\/7302"}],"up":[{"embeddable":true,"href":"https:\/\/sites.usp.br\/podae\/index.php?rest_route=\/wp\/v2\/pages\/3360"}],"wp:attachment":[{"href":"https:\/\/sites.usp.br\/podae\/index.php?rest_route=%2Fwp%2Fv2%2Fmedia&parent=7300"}],"curies":[{"name":"wp","href":"https:\/\/api.w.org\/{rel}","templated":true}]}}