{"id":7385,"date":"2019-09-25T09:48:49","date_gmt":"2019-09-25T12:48:49","guid":{"rendered":"http:\/\/sites.usp.br\/podae\/?page_id=7385"},"modified":"2019-09-27T12:39:20","modified_gmt":"2019-09-27T15:39:20","slug":"00-5a-oficina-online-pesquisa-odontologica-ampliando-conhecimentos-tecnicos-e-cientificos-como-participar","status":"publish","type":"page","link":"https:\/\/sites.usp.br\/podae\/?page_id=7385","title":{"rendered":"02 Oficina Educacional Online (Interatividade): A\u00e7\u00e3o Participativa"},"content":{"rendered":"<p style=\"text-align: center;\"><span style=\"font-family: Arial;\"><strong><span style=\"color: #800080;\"> ENCICLOP\u00c9DIA BRASILEIRA DE TELEODONTOLOGIA<\/span><br \/>\n<\/strong><\/span><strong><span style=\"font-size: 12px;\"><span style=\"font-family: Arial;\"><span style=\"color: #0000ff;\"><a style=\"color: #0000ff;\" href=\"https:\/\/sites.usp.br\/podae\/?page_id=7071\">Suplemento Anual<\/a><\/span> &#8211; ISSN <span style=\"color: #0000ff;\"><a style=\"color: #0000ff;\" href=\"https:\/\/portal.issn.org\/resource\/ISSN\/2448-1181#\">2448-1181<\/a><\/span><\/span><\/span><\/strong><\/p>\n<p style=\"text-align: center;\"><strong><span style=\"font-size: 14px;\"><span style=\"font-family: Arial;\"><span style=\"color: #0000ff;\"><em><span style=\"color: #000000;\"><span style=\"text-decoration: underline;\"> <a href=\"https:\/\/sites.usp.br\/podae\/?page_id=7109\"><span style=\"color: #0000ff; text-decoration: underline;\">6\u00aa Oficina Educacional Online<\/span><\/a><\/span><br \/>\n<\/span><\/em><\/span><\/span><\/span><\/strong><\/p>\n<p style=\"text-align: center;\"><strong><span style=\"font-size: 14px;\"><span style=\"font-family: Arial;\"><span style=\"color: #0000ff;\"><span style=\"color: #000000;\"><span style=\"font-size: 15px;\"><em><span style=\"text-decoration: underline;\">Tema<\/span><\/em><\/span>: Caracter\u00edsticas Educacionais (Atividades Acad\u00eamicas<\/span><\/span><\/span><\/span><\/strong><span style=\"font-size: 14px;\"><span style=\"font-family: Arial;\"><span style=\"color: #0000ff;\"><span style=\"color: #000000;\">)<\/span><\/span><\/span><\/span><strong><span style=\"font-size: 14px;\"><span style=\"font-family: Arial;\"><br \/>\n<\/span><\/span><\/strong><strong><span style=\"font-size: 14px;\"><span style=\"font-family: Arial;\"><span style=\"color: #0000ff;\"><span style=\"color: #000000;\"><span style=\"font-size: 15px;\"><em><span style=\"text-decoration: underline;\">Eixo Educacional<\/span><\/em><\/span>: Perfil Profissional <\/span><\/span><\/span><\/span><\/strong><span style=\"font-size: 14px;\"><span style=\"font-family: Arial;\">(<\/span><\/span><strong><span style=\"font-size: 14px;\"><span style=\"font-family: Arial;\">Educando e Educador<\/span><\/span><\/strong><span style=\"font-size: 14px;\"><span style=\"font-family: Arial;\">) <\/span><\/span><\/p>\n<address>\n<address><span style=\"color: #ff0000;\"><span style=\"font-size: 10px;\"><strong><span style=\"color: #0000ff;\"><em><span style=\"color: #000000; font-size: 14px;\">L<\/span><\/em><\/span><\/strong><\/span><\/span><span style=\"color: #ff0000;\"><span style=\"font-size: 10px;\"><strong><span style=\"color: #0000ff;\"><em><span style=\"color: #000000; font-size: 14px;\">uiz Carlos Pardini &#8211; <\/span><\/em><\/span><\/strong><\/span><\/span><span style=\"font-size: 10px;\"><strong><span style=\"color: #0000ff;\"><span style=\"color: #ff0000;\"><span style=\"color: #000000;\"><a style=\"color: #0000ff;\" href=\"https:\/\/uspdigital.usp.br\/telefonia\/telFormularioEmail.jsp?codigoPessoaUsuario=0&amp;codigoPessoa=75623&amp;nomePessoa=Luiz Carlos Pardini&amp;print=s\">E-mail<\/a> <em>&#8211; <\/em><\/span><\/span><\/span><\/strong><\/span><span style=\"font-size: 10px;\"><strong><span style=\"color: #0000ff;\"><span style=\"color: #ff0000;\"><span style=\"color: #000000;\"><a style=\"color: #0000ff;\" href=\"http:\/\/buscatextual.cnpq.br\/buscatextual\/visualizacv.do?metodo=apresentar&amp;id=K4796807T1\">Curr\u00edculo Lattes<\/a> &#8211; <\/span><\/span><\/span><\/strong><\/span><span style=\"font-size: 10px;\"><strong><span style=\"color: #0000ff;\"><span style=\"color: #ff0000;\"><span style=\"color: #000000;\"><span style=\"color: #0000ff;\"><a style=\"color: #0000ff;\" href=\"https:\/\/sites.usp.br\/podae\/?page_id=3338\">Informa\u00e7\u00f5es adicionais<\/a><\/span><\/span><\/span><\/span><\/strong><\/span><\/address>\n<address><span style=\"color: #ff0000;\"><span style=\"font-size: 10px;\"><strong><span style=\"color: #0000ff;\"><em><span style=\"color: #000000; font-size: 14px;\"> Marcelo Rodrigues Azenha <\/span><\/em><\/span><\/strong><\/span><\/span><span style=\"font-size: 10px;\"><strong><span style=\"color: #0000ff;\"><span style=\"color: #ff0000;\"><span style=\"color: #000000;\"><em>&#8211; <\/em><span style=\"color: #0000ff;\"> E-mail<\/span> <em>&#8211;<\/em> <span style=\"color: #0000ff;\">Curr\u00edculo Lattes<\/span> &#8211; <span style=\"color: #0000ff;\">Informa\u00e7\u00f5es Adicionais<\/span><\/span><\/span><\/span><\/strong><\/span><\/address>\n<\/address>\n<address>\n<address style=\"text-align: right;\">\n<hr style=\"width: 321px;\" \/>\n<\/address>\n<\/address>\n<hr \/>\n<address style=\"text-align: right;\"><strong><span style=\"font-size: 12px;\"><span style=\"font-size: 12pxpx;\"><span style=\"font-family: Arial;\"><span style=\"color: #0000ff;\"><em><span style=\"color: #000000;\"><span style=\"text-decoration: underline;\">Suplemento<\/span><\/span><\/em>: <\/span><\/span><\/span><\/span><\/strong><span style=\"font-size: 12px;\"><span style=\"font-size: 12pxpx;\"><span style=\"font-family: Arial;\"><span style=\"color: #0000ff;\"><span style=\"color: #000000;\">Junho e Novembro 2016 \/ <\/span><\/span><\/span><\/span><\/span><strong><span style=\"font-size: 12px;\"> <span style=\"font-size: 10px;\">p\u00e1gina 3<\/span><br \/>\n<\/span><\/strong><\/address>\n<hr \/>\n<p style=\"text-align: justify;\"><strong><span style=\"color: #000000; font-family: Arial;\"><span style=\"font-size: 12px; line-height: 18px;\">PARDINI, L.C., AZENHA, M.R. Oficina Educacional Online (Interatividade): A\u00e7\u00e3o Participativa. Encicl. Bras.Teleodontol., Volume 6 (<a href=\"https:\/\/sites.usp.br\/podae\/?page_id=3360\"><span style=\"color: #0000ff;\">S\u00e9rie O<\/span><\/a>): p\u00e1gina 2, maio, 2016. Suplemento. ISSN 2448-1181<\/span><\/span><\/strong><\/p>\n<hr \/>\n<p style=\"text-align: justify;\"><span style=\"font-family: Arial;\"><strong>Oficina Educacional Online <\/strong>na \u00e1rea da Sa\u00fade (<strong>Odontologia<\/strong>) estimula as participa\u00e7\u00f5es dos Educadores e Educando ampliando as<strong> A\u00e7\u00f5es Educacionais <\/strong>neste<strong> S\u00e9culo XXI.<\/strong><\/span><\/p>\n<p style=\"text-align: justify;\"><span style=\"font-family: Arial;\">Neste S\u00e9culo XXI se faz necess\u00e1rio a divulga\u00e7\u00e3o dos conhecimentos t\u00e9cnicos e cient\u00edficos<\/span><span style=\"font-family: Arial;\"> objetiva ampliar (A\u00e7\u00e3o Pedag\u00f3gica Participativa) ampliar o os conhecimento (T\u00e9cnicos e Cient\u00edficos) <\/span><span style=\"font-family: Arial;\"> para o aperfei\u00e7oamento das atividades profissionais real\u00edsticas e inovadora com as ferramentas virtuais de divulga\u00e7\u00e3o nas &#8220;<strong>Comunidades Acad\u00eamicas<\/strong>&#8221; com a publica\u00e7\u00e3o de trabalhos cient\u00edficos [1,2,3,4].<\/span><\/p>\n<hr \/>\n<div align=\"justify\">\n<div align=\"justify\">\n<div align=\"justify\">\n<div align=\"justify\">\n<div align=\"justify\">\n<div align=\"justify\">\n<div align=\"justify\">\n<div align=\"justify\">\n<div align=\"justify\"><span style=\"font-size: 12px;\"><em><strong><span style=\"text-decoration: underline;\">REFER\u00caNCIAS<\/span><\/strong><\/em><\/span><\/div>\n<div style=\"font-size: 12px;\" align=\"justify\">\n<div align=\"justify\">1. TABA, M.Jr; NOVAES, A.B.Jr.; SOUZA, S.L.S.; GRISI, M.F.M.; PALIOTO, D.B.; PARDINI, L.C. Radiographic Evaluation of Dental Implants with Different Surface Treatments: An Experimental Study in Dogs. Implant Dentistry: 12(3):252-258, 2000. [<span style=\"color: #0000ff;\"><strong><a style=\"color: #0000ff;\" href=\"https:\/\/journals.lww.com\/implantdent\/Abstract\/2003\/12030\/Radiographic_Evaluation_of_Dental_Implants_with.19.aspx\">LINK<\/a><\/strong><\/span>]<\/div>\n<div style=\"font-size: 12px;\" align=\"justify\">\n<div align=\"justify\">\n<div align=\"justify\">2. FUJIWARA, C.A; MAGRO FILHO, O.; OLIVEIRA, N.T.C.; QUEIROZ, T.P.; ABLA, M.S.; PARDINI, L.C. Assessment of the interface between implant and abutments of five systems by scanning electronic microscopy. Journal of Osseointegration, 2(1):60-66, Aug, 2009. [<span style=\"color: #0000ff;\"><strong><a style=\"color: #0000ff;\" href=\"http:\/\/www.journalofosseointegration.eu\/index.php\/jo\/article\/view\/80\/76\">LINK<\/a><\/strong><\/span>].<\/div>\n<div align=\"justify\">3. MESTRINER, S.F.; PARDINI, L.C.; MESTRINER, W.Jr. Impact of the bitewing radiography exam inclusion on the prevalence of dental caries in 12-year-old students in the city of Franca, S\u00e3o Paulo, Brazil. J. Appl. Oral Sci. 14(3):167-171.2006. [<strong><a href=\"http:\/\/www.scielo.br\/pdf\/jaos\/v14n3\/a04v14n3.pdf\">LINK<\/a><\/strong>].<\/div>\n<div align=\"justify\">4. ROZENDO, C.A.; CASAGRANDE, L.D.R.; SCHNEIDER, J.F.; PARDINI, L.C. Uma an\u00e1lise das pr\u00e1ticas docentes de professores universit\u00e1rios da \u00e1rea de sa\u00fade. Rev. latino-am.enfermagem, Ribeir\u00e3o Preto, 7( 2): 15-23, abril 1999. [<strong><a href=\"http:\/\/www.scielo.br\/scielo.php?script=sci_arttext&amp;pid=S0104-11691999000200003&amp;lng=pt&amp;nrm=iso\">LINK<\/a><\/strong>].<\/div>\n<\/div>\n<\/div>\n<\/div>\n<\/div>\n<\/div>\n<\/div>\n<\/div>\n<\/div>\n<\/div>\n<\/div>\n<\/div>\n<div align=\"justify\">\n<address style=\"text-align: right;\">\n<div align=\"justify\">\n<div align=\"justify\">\n<div style=\"text-align: center;\" align=\"justify\">\n<address style=\"text-align: right;\">\n<hr \/>\n<hr \/>\n<\/address>\n<\/div>\n<\/div>\n<div style=\"text-align: left;\" align=\"center\">\n<div style=\"text-align: center;\" align=\"center\">\n<div align=\"justify\">\n<p><span style=\"font-size: 10px;\"><strong><span style=\"text-decoration: underline;\">Recebido<\/span> 1\/6\/2016- <span style=\"color: #0000ff;\"><a style=\"color: #0000ff;\" href=\"http:\/\/sites.usp.br\/ebt\/forp-expediente-encicl-bras-teleodontol\/parecerista-relator-consultor-avaliador\/\">Parecerista<\/a> <\/span>1\/6\/2016 &#8211; <span style=\"text-decoration: underline;\">Publicado<\/span> 6\/6\/2016 &#8211; Enciclop\u00e9dia Brasileira de Teleodontologia<\/strong><\/span><\/p>\n<hr \/>\n<p>&nbsp;<\/p>\n<\/div>\n<\/div>\n<\/div>\n<\/div>\n<\/address>\n<\/div>\n","protected":false},"excerpt":{"rendered":"<p>ENCICLOP\u00c9DIA BRASILEIRA DE TELEODONTOLOGIA Suplemento Anual &#8211; ISSN 2448-1181 6\u00aa Oficina Educacional Online Tema: Caracter\u00edsticas [&hellip;]<\/p>\n","protected":false},"author":58,"featured_media":0,"parent":7109,"menu_order":0,"comment_status":"closed","ping_status":"closed","template":"","meta":{"footnotes":"","_links_to":"","_links_to_target":""},"class_list":["post-7385","page","type-page","status-publish","hentry"],"_links":{"self":[{"href":"https:\/\/sites.usp.br\/podae\/index.php?rest_route=\/wp\/v2\/pages\/7385","targetHints":{"allow":["GET"]}}],"collection":[{"href":"https:\/\/sites.usp.br\/podae\/index.php?rest_route=\/wp\/v2\/pages"}],"about":[{"href":"https:\/\/sites.usp.br\/podae\/index.php?rest_route=\/wp\/v2\/types\/page"}],"author":[{"embeddable":true,"href":"https:\/\/sites.usp.br\/podae\/index.php?rest_route=\/wp\/v2\/users\/58"}],"replies":[{"embeddable":true,"href":"https:\/\/sites.usp.br\/podae\/index.php?rest_route=%2Fwp%2Fv2%2Fcomments&post=7385"}],"version-history":[{"count":4,"href":"https:\/\/sites.usp.br\/podae\/index.php?rest_route=\/wp\/v2\/pages\/7385\/revisions"}],"predecessor-version":[{"id":7739,"href":"https:\/\/sites.usp.br\/podae\/index.php?rest_route=\/wp\/v2\/pages\/7385\/revisions\/7739"}],"up":[{"embeddable":true,"href":"https:\/\/sites.usp.br\/podae\/index.php?rest_route=\/wp\/v2\/pages\/7109"}],"wp:attachment":[{"href":"https:\/\/sites.usp.br\/podae\/index.php?rest_route=%2Fwp%2Fv2%2Fmedia&parent=7385"}],"curies":[{"name":"wp","href":"https:\/\/api.w.org\/{rel}","templated":true}]}}