{"id":8378,"date":"2019-10-04T16:03:22","date_gmt":"2019-10-04T19:03:22","guid":{"rendered":"http:\/\/sites.usp.br\/podae\/?page_id=8378"},"modified":"2019-10-09T14:34:23","modified_gmt":"2019-10-09T17:34:23","slug":"maria","status":"publish","type":"page","link":"https:\/\/sites.usp.br\/podae\/?page_id=8378","title":{"rendered":"Maria Cristina Borsatto"},"content":{"rendered":"<p style=\"text-align: center;\"><strong><span style=\"font-size: 12px;\"><span style=\"font-family: Arial;\"><a href=\"https:\/\/sites.usp.br\/podae\/?page_id=120\"><span style=\"color: #0000ff;\">Enciclop\u00e9dia Brasileira de Teleodontologia<\/span><\/a> <\/span><\/span><\/strong><span style=\"font-size: 12px;\"><span style=\"font-family: Arial;\">\/<\/span><\/span> <strong><span style=\"font-size: 12px;\"><span style=\"font-family: Arial;\"><span style=\"color: #0000ff;\"><a style=\"color: #0000ff;\" href=\"https:\/\/sites.usp.br\/podae\/?page_id=10\">Revista Brasileira de Teleodontologia<\/a><\/span><\/span><\/span><\/strong><\/p>\n<p style=\"text-align: center;\"><strong><span style=\"font-size: 14px;\"><span style=\"font-family: Arial;\"><a href=\"https:\/\/sites.usp.br\/podae\/?page_id=3336\"><span style=\"color: #0000ff;\">LISTA<\/span><\/a> <\/span><\/span><\/strong><span style=\"font-size: 14px;\"><span style=\"font-family: Arial;\">(<\/span><\/span><strong><span style=\"font-size: 14px;\"><span style=\"font-family: Arial;\">\u201cReferees\u201d<\/span><\/span><\/strong><span style=\"font-size: 14px;\"><span style=\"font-family: Arial;\">)<\/span><\/span><span style=\"font-size: 14px;\"><span style=\"font-family: Arial;\">:<\/span><\/span><strong><span style=\"font-size: 14px;\"><span style=\"font-family: Arial;\"> Assessor <\/span><\/span><\/strong><span style=\"font-size: 14px;\"><span style=\"font-family: Arial;\">\/<\/span><\/span><strong><span style=\"font-size: 14px;\"><span style=\"font-family: Arial;\"> Parecerista <\/span><\/span><\/strong><span style=\"font-size: 14px;\"><span style=\"font-family: Arial;\">\/<\/span><\/span><strong><span style=\"font-size: 14px;\"><span style=\"font-family: Arial;\"> Relator <\/span><\/span><\/strong><span style=\"font-size: 14px;\"><span style=\"font-family: Arial;\">\/<\/span><\/span><strong><span style=\"font-size: 14px;\"><span style=\"font-family: Arial;\"> Consultor <\/span><\/span><\/strong><span style=\"font-size: 14px;\"><span style=\"font-family: Arial;\">&#8211; <\/span><\/span><strong><span style=\"font-size: 14px;\"><span style=\"font-family: Arial;\">Publica\u00e7\u00e3o Cient\u00edfica Online <\/span><\/span><\/strong><span style=\"color: #ff0000;\"><span style=\"font-size: 10px;\"><strong><span style=\"color: #0000ff;\"><br \/>\n<\/span><\/strong><\/span><\/span><\/p>\n<hr \/>\n<address>\n<address style=\"text-align: right;\">\n<hr style=\"width: 321px;\" \/>\n<\/address>\n<\/address>\n<hr \/>\n<p><em><strong><span style=\"font-size: 12px;\"><span style=\"color: #ff0000; font-size: 14px;\">\u2666 <\/span><\/span><\/strong><\/em><em><em><span style=\"color: #ff0000;\"><em><strong><span style=\"color: #000000; font-size: 14px;\">Maria Cristina Borsatto <\/span><\/strong><\/em><\/span><\/em><\/em><span style=\"color: #ff0000;\"><span style=\"color: #ff0000;\"><span style=\"font-size: 10px;\"><strong><span style=\"color: #0000ff;\"><span style=\"color: #000000;\"><em><span style=\"color: #000000; font-size: 14px;\"> &#8211;<\/span><\/em><span style=\"color: #0000ff; font-size: 10px;\"><a style=\"color: #0000ff;\" href=\"http:\/\/buscatextual.cnpq.br\/buscatextual\/email.do?metodo=apresentar&amp;seqIdPessoa=100078&amp;nomeDestinatario=Maria_Cristina_Borsatto\"> E-mail<\/a>\u00a0<span style=\"color: #000000;\"><em>&#8211; <\/em><\/span><a style=\"color: #0000ff;\" href=\"http:\/\/lattes.cnpq.br\/5250087490365411\">Curr\u00edculo Lattes<\/a> <span style=\"color: #000000;\"><em>&#8211;<\/em><\/span> <a style=\"color: #0000ff;\" href=\"http:\/\/buscatextual.cnpq.br\/buscatextual\/graficos.do?metodo=apresentar&amp;codRHCript=K4727582P9&amp;nome=Maria%20Cristina%20Borsatto\">Indicadores de Produ\u00e7\u00e3o<\/a>\u00a0<span style=\"color: #000000;\">&#8211; <span style=\"color: #0000ff;\"><a style=\"color: #0000ff;\" href=\"http:\/\/dgp.cnpq.br\/dgp\/espelhorh\/5250087490365411\">Diret\u00f3rio de Grupo<\/a><\/span><\/span>\u00a0 <\/span><\/span><\/span><\/strong><\/span><\/span><\/span><span style=\"color: #ff0000;\"><span style=\"color: #ff0000;\"><span style=\"font-size: 10px;\"><strong><span style=\"color: #0000ff;\"><span style=\"color: #000000;\"><span style=\"color: #0000ff; font-size: 10px;\"><span style=\"color: #000000;\"><em>&#8211; <\/em><\/span><a style=\"color: #0000ff;\" href=\"http:\/\/www.scielo.br\/cgi-bin\/wxis.exe\/iah\/?IsisScript=iah\/iah.xis&amp;base=article^dlibrary&amp;fmt=iso.pft&amp;lang=i&amp;nextAction=lnk&amp;indexSearch=AU&amp;exprSearch=BORSATTO,+MARIA+CRISTINA\">SciELO<\/a>\u00a0&#8211; <a style=\"color: #0000ff;\" href=\"https:\/\/pesquisa.bvsalud.org\/portal\/?output=site&amp;lang=pt&amp;from=0&amp;format=summary&amp;count=20&amp;page=1&amp;q=au:(%22Borsatto%2C%2BMaria%2BCristina%22)&amp;index=tw&amp;search_form_submit=Pesquisar\">LILAC<\/a>\u00a0 &#8211;\u00a0 <\/span><\/span><\/span><\/strong><\/span><\/span><\/span><strong style=\"color: #ff0000; font-size: 10px;\"><span style=\"color: #0000ff;\"><span style=\"color: #000000;\"><span style=\"color: #0000ff; font-size: 10px;\"><a style=\"color: #0000ff;\" href=\"https:\/\/academic.microsoft.com\/search?q=maria%20cristina%20borsatto&amp;qe=%40%40%40Composite(AA.AuN%3D%3D%27maria%20cristina%20borsatto%27)&amp;f=&amp;orderBy=0&amp;skip=0&amp;take=10\">Microsoft Academic<\/a><span style=\"color: #000000;\"><em>\u00a0<\/em><\/span><\/span><\/span><\/span><\/strong><span style=\"color: #ff0000;\"><span style=\"font-size: 10px;\"><strong><span style=\"color: #0000ff;\"><span style=\"color: #000000;\"><span style=\"color: #0000ff; font-size: 10px;\"> &#8211;\u00a0<a style=\"color: #0000ff;\" href=\"https:\/\/bv.fapesp.br\/pt\/pesquisador\/33583\/maria-cristina-borsatto\/\"><span style=\"color: #0000ff;\">FAPESP<\/span><\/a> &#8211;\u00a0 <\/span><\/span><\/span><\/strong><\/span><\/span><a href=\"https:\/\/publons.com\/researcher\/1571295\/maria-cristina-borsatto\/\"><span style=\"color: #0000ff;\"><span style=\"font-size: 10px;\"><strong>Publon<\/strong><\/span><\/span><\/a><span style=\"color: #ff0000;\"><span style=\"font-size: 10px;\"><strong><span style=\"color: #0000ff;\"><span style=\"color: #000000;\"><span style=\"color: #0000ff; font-size: 10px;\"> &#8211; <\/span><\/span><\/span><\/strong><\/span><\/span><strong style=\"font-size: 10px;\"><span style=\"color: #0000ff;\"><a style=\"font-size: 10px;\" href=\"https:\/\/www.semanticscholar.org\/search?q=Maria%20Cristina%20Borsatto&amp;sort=relevance\">S<span style=\"color: #0000ff;\">emanticSchola<\/span>r<\/a><\/span><\/strong><span style=\"color: #ff0000;\"><span style=\"font-size: 10px;\"><strong><span style=\"color: #0000ff;\"><span style=\"color: #000000;\"><span style=\"color: #0000ff; font-size: 10px;\"> \u00a0&#8211;<\/span><\/span><\/span><\/strong><\/span><\/span> <strong style=\"color: #ff0000; font-size: 10px;\"><span style=\"color: #0000ff;\"><span style=\"font-size: 10px;\"><a style=\"color: #0000ff;\" href=\"https:\/\/www.worldcat.org\/search?q=Maria+Cristina+Borsatto&amp;qt=results_page\"><span style=\"color: #0000ff;\">WorldCa<\/span>t<\/a><\/span><\/span><span style=\"color: #000000;\">\u00a0<\/span><\/strong><span style=\"color: #ff0000;\"><span style=\"font-size: 10px;\"><strong><span style=\"color: #0000ff;\"><span style=\"color: #000000;\"><span style=\"color: #0000ff; font-size: 10px;\"><span style=\"color: #000000;\"><em>\u00a0<\/em><\/span><\/span><\/span><\/span><\/strong><\/span><\/span><span style=\"color: #ff0000;\"><span style=\"font-size: 10px;\"><strong><span style=\"color: #0000ff;\"><span style=\"color: #000000;\"><span style=\"color: #0000ff; font-size: 10px;\">&#8211;\u00a0<\/span><\/span><\/span><\/strong><\/span><\/span><span style=\"color: #0000ff;\"><strong style=\"font-size: 10px;\"><a style=\"color: #0000ff;\" href=\"http:\/\/www.worldcat.org\/identities\/np-borsatto,%20maria%20cristina\/\">WorldCatOverview<\/a><\/strong><\/span><span style=\"color: #ff0000;\"><span style=\"font-size: 10px;\"><strong><span style=\"color: #0000ff;\"><span style=\"color: #000000;\"><span style=\"color: #0000ff; font-size: 10px;\">\u00a0 &#8211; <\/span><\/span><\/span><\/strong><\/span><\/span><strong style=\"font-size: 10px;\"><span style=\"color: #0000ff;\"><a style=\"color: #0000ff;\" href=\"https:\/\/publons.com\/researcher\/1571295\/maria-cristina-borsatto\/\">Orcid<\/a>\u00a0<\/span><\/strong><span style=\"color: #ff0000;\"><span style=\"font-size: 10px;\"><strong><span style=\"color: #0000ff;\"><span style=\"color: #000000;\"><span style=\"color: #0000ff; font-size: 10px;\">&#8211;\u00a0\u00a0<\/span><\/span><\/span><\/strong><\/span><\/span><a href=\"https:\/\/scholar.google.com.br\/scholar?hl=pt-BR&amp;as_sdt=0%2C5&amp;q=Maria+Cristina+Borsatto+&amp;btnG=\"><span style=\"color: #ff0000;\"><span style=\"font-size: 10px;\"><strong><span style=\"color: #0000ff;\">Google Acad\u00eamico<\/span><\/strong><\/span><\/span><\/a><span style=\"font-size: 10px;\"><strong><em>\u00a0<\/em><\/strong><\/span><span style=\"color: #ff0000;\"><span style=\"font-size: 10px;\"><strong><span style=\"color: #0000ff;\"><span style=\"color: #000000;\"><span style=\"color: #0000ff; font-size: 10px;\">&#8211; <\/span><\/span><\/span><\/strong><\/span><\/span><strong style=\"font-size: 10px;\"><span style=\"color: #000000;\">Biblioteca Digital<\/span>\u00a0<\/strong><span style=\"font-size: 10px;\">(<\/span><strong style=\"font-size: 10px;\"><span style=\"color: #0000ff;\"><a style=\"font-size: 10px;\" href=\"http:\/\/bdtd.ibict.br\/vufind\/Search\/Results?lookfor=%22Maria+Cristina+Borsatto%22&amp;type=AllFields&amp;limit=20&amp;sort=relevance\"><span style=\"color: #0000ff;\">BDT<\/span>D<\/a><\/span><\/strong><span style=\"color: #ff0000;\"><span style=\"font-size: 10px;\"><strong><span style=\"color: #0000ff;\"><span style=\"color: #000000;\"><span style=\"color: #0000ff; font-size: 10px;\"> \u00a0&#8211; <\/span><\/span><\/span><\/strong><\/span><\/span><strong style=\"font-size: 10px;\"><span style=\"color: #000000;\">Biblioteca Virtual de Sa\u00fade<\/span>\u00a0<\/strong><span style=\"font-size: 10px;\">(<\/span><a style=\"font-size: 10px;\" href=\"https:\/\/pesquisa.bvsalud.org\/brasil\/?output=site&amp;lang=pt&amp;from=0&amp;sort=&amp;format=summary&amp;count=20&amp;fb=&amp;page=1&amp;q=Borsatto%2C+Maria+Cristina+&amp;index=au&amp;search_form_submit=Pesquisar\"><strong><span style=\"color: #0000ff;\">BVS<\/span><\/strong><\/a><span style=\"font-size: 10px;\">)\u00a0&#8211; <\/span><strong style=\"color: #ff0000; font-size: 10px;\"><span style=\"color: #0000ff;\"><span style=\"color: #000000;\"><span style=\"color: #0000ff; font-size: 10px;\"><a style=\"color: #0000ff;\" href=\"https:\/\/www.scopus.com\/authid\/detail.uri?authorId=35607260700\">Scopus<\/a>\u00a0<\/span><\/span><\/span><\/strong><span style=\"color: #ff0000;\"><span style=\"font-size: 10px;\"><strong><span style=\"color: #0000ff;\"><span style=\"color: #000000;\"><span style=\"color: #0000ff; font-size: 10px;\"><span style=\"color: #000000;\"><em>&#8211;<\/em><\/span><\/span><\/span><\/span><\/strong><\/span><\/span><span style=\"color: #ff0000;\"><span style=\"font-size: 10px;\"><strong><span style=\"color: #0000ff;\"><span style=\"color: #000000;\"><span style=\"color: #0000ff; font-size: 10px;\">\u00a0<\/span><\/span><\/span><\/strong><\/span><\/span><strong style=\"color: #ff0000; font-size: 10px;\"><span style=\"color: #0000ff;\"><span style=\"color: #000000;\"><span style=\"color: #0000ff; font-size: 10px;\"><a style=\"color: #0000ff;\" href=\"https:\/\/www.researchgate.net\/profile\/Maria_Cristina_Borsatto\">ReseachGate<\/a><span style=\"color: #000000;\"><em>\u00a0&#8211;<\/em><\/span><\/span><\/span><\/span><\/strong><span style=\"color: #ff0000;\"><span style=\"font-size: 10px;\"><strong><span style=\"color: #0000ff;\"><span style=\"color: #000000;\"><span style=\"color: #0000ff; font-size: 10px;\"> \u00a0<\/span><\/span><\/span><\/strong><\/span><\/span><strong style=\"font-size: 10px;\"><span style=\"color: #0000ff;\"><a href=\"https:\/\/br.linkedin.com\/in\/maria-cristina-borsatto-11863434?trk=people-guest_profile-result-card_result-card_full-click\"><span style=\"color: #0000ff;\">LinkedIn<\/span><\/a>\u00a0<\/span><\/strong><span style=\"color: #ff0000;\"><span style=\"font-size: 10px;\"><strong><span style=\"color: #0000ff;\"><span style=\"color: #000000;\"><span style=\"color: #0000ff; font-size: 10px;\">&#8211;\u00a0<\/span><\/span><\/span><\/strong><\/span><\/span><span style=\"color: #ff0000;\"><span style=\"font-size: 10px;\"><strong><span style=\"color: #0000ff;\"><span style=\"color: #000000;\"><span style=\"color: #0000ff; font-size: 10px;\"> &#8211; <\/span><\/span><\/span><\/strong><\/span><\/span><span style=\"font-size: 10px;\"><strong>\u00a0<\/strong><\/span><\/p>\n<address>\n<address style=\"text-align: right;\">\n<hr style=\"width: 321px;\" \/>\n<\/address>\n<\/address>\n<hr \/>\n<hr \/>\n<p style=\"text-align: justify;\"><span style=\"font-family: Arial;\"><strong>Maria Cristina Borsatto <\/strong>(<strong>\u201cReferee\u201d<\/strong>)<strong>: <\/strong><\/span><span style=\"font-family: Arial;\">Atividade Volunt\u00e1ria. <\/span><\/p>\n<p style=\"text-align: justify;\"><span style=\"font-family: Arial;\"><strong>Maria Cristina Borsatto<\/strong>: <strong><span style=\"font-size: 14px;\">\u201cReferee\u201d <\/span><\/strong><span style=\"font-size: 14px;\">(<\/span><strong><span style=\"font-size: 14px;\">Assessor <\/span><span style=\"font-size: 14px;\">\/<\/span><span style=\"font-size: 14px;\"> Parecerista <\/span><span style=\"font-size: 14px;\">\/<\/span><span style=\"font-size: 14px;\"> Relator <\/span><span style=\"font-size: 14px;\">\/<\/span><span style=\"font-size: 14px;\"> Consultor<\/span><\/strong><span style=\"font-size: 14px;\">)<\/span><strong><span style=\"font-size: 14px;\"> dos <\/span><\/strong>textos enviados para (<strong><span style=\"color: #0000ff;\"><a style=\"color: #0000ff;\" href=\"https:\/\/sites.usp.br\/podae\/?page_id=3323\">E-mail<\/a><\/span><\/strong>) as publica\u00e7\u00f5es cient\u00edficas online (Livre Acesso \/ Acesso Aberto) na<strong> Enciclop\u00e9dia Brasileira de Teleodontologia <\/strong>(<strong>ISSN <span style=\"color: #0000ff;\"><a style=\"color: #0000ff;\" href=\"https:\/\/portal.issn.org\/resource\/ISSN\/2448-1181#\">2448-1181<\/a><\/span><\/strong>) e na<strong> Revista Brasileira de Teleodontologia <\/strong>(<strong>ISSN <span style=\"color: #0000ff;\"><a style=\"color: #0000ff;\" href=\"https:\/\/portal.issn.org\/resource\/ISSN\/1809-0745#\">1809-0745<\/a><\/span><\/strong>)<strong>.<\/strong><\/span><\/p>\n<p style=\"text-align: justify;\"><span style=\"font-family: Arial;\"><strong>Maria Cristina Borsatto, <\/strong>na fun\u00e7\u00e3o de \u201cad hoc\u201c, fundamenta as atua\u00e7\u00f5es acad\u00eamicas em harmonia com as informa\u00e7\u00f5es contidas na <strong><a href=\"http:\/\/lattes.cnpq.br\/\"><span style=\"color: #0000ff;\">Plataforma Lattes<\/span><\/a><\/strong> (<em>Conselho Nacional de Desenvolvimento Cient\u00edfico e Tecnol\u00f3gico<\/em>), compat\u00edveis com sua \u00e1rea profissional de atua\u00e7\u00e3o (Docente e Pesquisador).<\/span><\/p>\n<hr \/>\n<hr \/>\n<p style=\"text-align: justify;\"><em><strong><span style=\"font-size: 12px;\"><span style=\"color: #ff0000; font-size: 14px;\">\u2666 <\/span>CERTIFICA\u00c7\u00c3O: Atividades Volunt\u00e1rias (Per\u00edodos: 2011- at\u00e9 a presente data)<\/span><\/strong><\/em><\/p>\n<p style=\"text-align: justify;\"><span style=\"font-size: 13px;\">Para receber a senha objetivando a impress\u00e3o do certificado entrar em contato com Equipe: <a href=\"https:\/\/sites.usp.br\/podae\/?page_id=3323\"><span style=\"text-decoration: underline; color: #0000ff;\"><strong>E-mail<\/strong><\/span><\/a>.<br \/>\n<\/span><\/p>\n<div style=\"text-align: justify;\" align=\"justify\">\n<div style=\"text-align: center;\" align=\"justify\">\n<address style=\"text-align: right;\">\n<hr \/>\n<address>\u00a0<\/address>\n<\/address>\n<\/div>\n<\/div>\n<p style=\"text-align: justify;\"><span style=\"font-family: Arial;\">.<\/span><\/p>\n<p>&nbsp;<\/p>\n","protected":false},"excerpt":{"rendered":"<p>Enciclop\u00e9dia Brasileira de Teleodontologia \/ Revista Brasileira de Teleodontologia LISTA (\u201cReferees\u201d): Assessor \/ Parecerista \/ [&hellip;]<\/p>\n","protected":false},"author":58,"featured_media":0,"parent":3336,"menu_order":0,"comment_status":"closed","ping_status":"closed","template":"","meta":{"footnotes":"","_links_to":"","_links_to_target":""},"class_list":["post-8378","page","type-page","status-publish","hentry"],"_links":{"self":[{"href":"https:\/\/sites.usp.br\/podae\/index.php?rest_route=\/wp\/v2\/pages\/8378","targetHints":{"allow":["GET"]}}],"collection":[{"href":"https:\/\/sites.usp.br\/podae\/index.php?rest_route=\/wp\/v2\/pages"}],"about":[{"href":"https:\/\/sites.usp.br\/podae\/index.php?rest_route=\/wp\/v2\/types\/page"}],"author":[{"embeddable":true,"href":"https:\/\/sites.usp.br\/podae\/index.php?rest_route=\/wp\/v2\/users\/58"}],"replies":[{"embeddable":true,"href":"https:\/\/sites.usp.br\/podae\/index.php?rest_route=%2Fwp%2Fv2%2Fcomments&post=8378"}],"version-history":[{"count":5,"href":"https:\/\/sites.usp.br\/podae\/index.php?rest_route=\/wp\/v2\/pages\/8378\/revisions"}],"predecessor-version":[{"id":8654,"href":"https:\/\/sites.usp.br\/podae\/index.php?rest_route=\/wp\/v2\/pages\/8378\/revisions\/8654"}],"up":[{"embeddable":true,"href":"https:\/\/sites.usp.br\/podae\/index.php?rest_route=\/wp\/v2\/pages\/3336"}],"wp:attachment":[{"href":"https:\/\/sites.usp.br\/podae\/index.php?rest_route=%2Fwp%2Fv2%2Fmedia&parent=8378"}],"curies":[{"name":"wp","href":"https:\/\/api.w.org\/{rel}","templated":true}]}}