{"id":8754,"date":"2019-10-10T08:13:52","date_gmt":"2019-10-10T11:13:52","guid":{"rendered":"http:\/\/sites.usp.br\/podae\/?page_id=8754"},"modified":"2019-10-10T09:01:01","modified_gmt":"2019-10-10T12:01:01","slug":"heitor-panzeri","status":"publish","type":"page","link":"https:\/\/sites.usp.br\/podae\/?page_id=8754","title":{"rendered":"Heitor Panzeri"},"content":{"rendered":"<p style=\"text-align: center;\"><strong><span style=\"font-size: 12px;\"><span style=\"font-family: Arial;\"><a href=\"https:\/\/sites.usp.br\/podae\/?page_id=120\"><span style=\"color: #0000ff;\">Enciclop\u00e9dia Brasileira de Teleodontologia<\/span><\/a> <\/span><\/span><\/strong><span style=\"font-size: 12px;\"><span style=\"font-family: Arial;\">\/<\/span><\/span> <strong><span style=\"font-size: 12px;\"><span style=\"font-family: Arial;\"><span style=\"color: #0000ff;\"><a style=\"color: #0000ff;\" href=\"https:\/\/sites.usp.br\/podae\/?page_id=10\">Revista Brasileira de Teleodontologia<\/a><\/span><\/span><\/span><\/strong><\/p>\n<p style=\"text-align: center;\"><strong><span style=\"font-size: 14px;\"><span style=\"font-family: Arial;\"><a href=\"https:\/\/sites.usp.br\/podae\/?page_id=3336\"><span style=\"color: #0000ff;\">LISTA<\/span><\/a> <\/span><\/span><\/strong><span style=\"font-size: 14px;\"><span style=\"font-family: Arial;\">(<\/span><\/span><strong><span style=\"font-size: 14px;\"><span style=\"font-family: Arial;\">\u201cReferees\u201d<\/span><\/span><\/strong><span style=\"font-size: 14px;\"><span style=\"font-family: Arial;\">)<\/span><\/span><span style=\"font-size: 14px;\"><span style=\"font-family: Arial;\">:<\/span><\/span><strong><span style=\"font-size: 14px;\"><span style=\"font-family: Arial;\"> Assessor <\/span><\/span><\/strong><span style=\"font-size: 14px;\"><span style=\"font-family: Arial;\">\/<\/span><\/span><strong><span style=\"font-size: 14px;\"><span style=\"font-family: Arial;\"> Parecerista <\/span><\/span><\/strong><span style=\"font-size: 14px;\"><span style=\"font-family: Arial;\">\/<\/span><\/span><strong><span style=\"font-size: 14px;\"><span style=\"font-family: Arial;\"> Relator <\/span><\/span><\/strong><span style=\"font-size: 14px;\"><span style=\"font-family: Arial;\">\/<\/span><\/span><strong><span style=\"font-size: 14px;\"><span style=\"font-family: Arial;\"> Consultor <\/span><\/span><\/strong><span style=\"font-size: 14px;\"><span style=\"font-family: Arial;\">&#8211; <\/span><\/span><strong><span style=\"font-size: 14px;\"><span style=\"font-family: Arial;\">Publica\u00e7\u00e3o Cient\u00edfica Online <\/span><\/span><\/strong><span style=\"color: #ff0000;\"><span style=\"font-size: 10px;\"><strong><span style=\"color: #0000ff;\"><br \/>\n<\/span><\/strong><\/span><\/span><\/p>\n<hr \/>\n<address>\n<address style=\"text-align: right;\">\n<hr style=\"width: 321px;\" \/>\n<\/address>\n<\/address>\n<hr \/>\n<p><em><strong><span style=\"font-size: 12px;\"><span style=\"color: #ff0000; font-size: 14px;\">\u2666 <\/span><\/span><\/strong><\/em><em><em><span style=\"color: #ff0000;\"><em><strong><span style=\"color: #000000; font-size: 14px;\">Heitor Panzeri\u00a0 <\/span><\/strong><\/em><\/span><\/em><\/em><span style=\"color: #ff0000;\"><span style=\"color: #ff0000;\"><span style=\"font-size: 10px;\"><strong><span style=\"color: #0000ff;\"><span style=\"color: #000000;\"><em><span style=\"color: #000000; font-size: 14px;\">&#8211; <\/span><\/em><span style=\"color: #0000ff; font-size: 10px;\"><a style=\"color: #0000ff;\" href=\"http:\/\/buscatextual.cnpq.br\/buscatextual\/email.do?metodo=apresentar&amp;seqIdPessoa=40818&amp;nomeDestinatario=Heitor_Panzeri\">E-mail<\/a> <span style=\"color: #000000;\"><em>&#8211; <\/em><\/span><a href=\"http:\/\/lattes.cnpq.br\/6804071459907042\"><span style=\"color: #0000ff;\">Curr\u00edculo Lattes<\/span><\/a> <span style=\"color: #000000;\"><em>&#8211;<\/em><\/span> <a href=\"http:\/\/buscatextual.cnpq.br\/buscatextual\/graficos.do?metodo=apresentar&amp;codRHCript=K4780267D1&amp;nome=Heitor%20Panzeri\"><span style=\"color: #0000ff;\">Indicador de Produ\u00e7\u00e3o<\/span><\/a> <span style=\"color: #000000;\">&#8211; <\/span><\/span><\/span><\/span><\/strong><\/span><\/span><\/span><span style=\"color: #ff0000;\"><span style=\"color: #ff0000;\"><span style=\"font-size: 10px;\"><strong><span style=\"color: #0000ff;\"><span style=\"color: #000000;\"><span style=\"color: #0000ff; font-size: 10px;\"><a href=\"http:\/\/www.scielo.br\/cgi-bin\/wxis.exe\/iah\/?IsisScript=iah\/iah.xis&amp;base=article^dlibrary&amp;fmt=iso.pft&amp;lang=i&amp;nextAction=lnk&amp;indexSearch=AU&amp;exprSearch=PANZERI,+HEITOR\"><span style=\"color: #0000ff;\">Scielo <\/span><\/a>&#8211; <a href=\"https:\/\/academic.microsoft.com\/search?q=Heitor%20Panzeri&amp;f=&amp;orderBy=0&amp;skip=0&amp;take=10\">Microsoft Academic<\/a><span style=\"color: #000000;\"><em> &#8211; <\/em><\/span> <a href=\"https:\/\/www.worldcat.org\/search?q=Heitor+Panzeri&amp;qt=results_page\"><span style=\"color: #0000ff;\">WorldCat<\/span><\/a><\/span><\/span><\/span> <\/strong> <\/span><\/span><\/span><span style=\"font-size: 10px;\"><strong><span style=\"color: #000000;\"><em>&#8211; <\/em><\/span><span style=\"color: #0000ff;\"><a style=\"color: #0000ff;\" href=\"https:\/\/scholar.google.com\/scholar?hl=en&amp;as_sdt=0%2C5&amp;q=%22Heitor+Panzeri%22&amp;btnG=\">Google Scholar<\/a><\/span> &#8211; <\/strong><\/span><span style=\"color: #0000ff;\"><span style=\"font-size: 10px;\"><strong><a href=\"https:\/\/scholar.google.com.br\/scholar?hl=pt-BR&amp;as_sdt=0%2C5&amp;q=Heitor+Panzeri&amp;btnG=\"><span style=\"color: #0000ff;\">Google Acad\u00eamic<\/span>o<\/a><\/strong><\/span><\/span><span style=\"font-size: 10px;\"><strong>\u00a0&#8211; <\/strong><\/span><a href=\"https:\/\/www.ncbi.nlm.nih.gov\/pubmed\/?term=Panzeri%2C+Heitor\"><span style=\"font-size: 10px; color: #0000ff;\"><strong><span style=\"color: #0000ff;\">PubMed<\/span><\/strong><\/span><\/a><span style=\"font-size: 10px;\"><strong> &#8211;<\/strong><\/span><span style=\"font-size: 10px;\"><strong> <span style=\"color: #000000;\">Biblioteca Digital<\/span> <\/strong>(<a href=\"http:\/\/bdtd.ibict.br\/vufind\/Search\/Results?lookfor=%22Heitor+Panzeri%22&amp;type=AllFields&amp;limit=20&amp;sort=relevance\"><span style=\"color: #0000ff;\"><strong><span style=\"color: #0000ff;\">BDTD<\/span><\/strong><\/span><\/a><\/span><span style=\"font-size: 10px;\"> ) <\/span><span style=\"font-size: 10px;\"><strong><span style=\"color: #000000;\">Biblioteca Virtual de Sa\u00fade<\/span> <\/strong>(<strong><span style=\"color: #0000ff;\">BV<\/span><\/strong><strong><span style=\"color: #0000ff;\">S<\/span><\/strong>) <\/span><span style=\"font-size: 10px;\"><strong>&#8211;<\/strong><\/span><span style=\"color: #0000ff;\"><a style=\"color: #0000ff;\" href=\"https:\/\/www.semanticscholar.org\/search?q=Heitor%20Panzeri&amp;sort=relevance\"><span style=\"font-size: 10px;\"> <strong>SemanticSchola<\/strong><strong>r<\/strong> <\/span><\/a><\/span><span style=\"font-size: 10px;\"><strong> &#8211; <\/strong><\/span><a href=\"https:\/\/publons.com\/researcher\/2673223\/heitor-panzeri\/\"><span style=\"color: #0000ff;\"><span style=\"font-size: 10px;\"><strong>Publon <\/strong><\/span><\/span><span style=\"font-size: 10px;\">(<\/span><span style=\"color: #0000ff;\"><span style=\"font-size: 10px;\"><strong>ReserchID<\/strong><\/span><\/span><\/a><span style=\"color: #0000ff;\"><span style=\"font-size: 10px;\"><span style=\"color: #0000ff;\">)<\/span><\/span><\/span><span style=\"font-size: 10px;\"><strong> &#8211;<\/strong><\/span><span style=\"font-size: 10px;\"><strong> <span style=\"color: #0000ff;\"><a href=\"https:\/\/bv.fapesp.br\/pt\/pesquisador\/4606\/heitor-panzeri\/\"><span style=\"color: #0000ff;\">FAPE<\/span><\/a>SP<\/span> &#8211;\u00a0<\/strong><\/span><\/p>\n<address>\n<address style=\"text-align: right;\">\n<hr style=\"width: 321px;\" \/>\n<\/address>\n<\/address>\n<hr \/>\n<hr \/>\n<p style=\"text-align: justify;\"><span style=\"font-family: Arial;\"><strong>Heitor Panzeri <\/strong>(<strong>\u201cReferee\u201d<\/strong>)<strong>: <\/strong><\/span><span style=\"font-family: Arial;\">Atividade Volunt\u00e1ria. <\/span><\/p>\n<p style=\"text-align: justify;\"><span style=\"font-family: Arial;\"><strong>Heitor Panzeri<\/strong>: <strong><span style=\"font-size: 14px;\">\u201cReferee\u201d <\/span><\/strong><span style=\"font-size: 14px;\">(<\/span><strong><span style=\"font-size: 14px;\">Assessor <\/span><span style=\"font-size: 14px;\">\/<\/span><span style=\"font-size: 14px;\"> Parecerista <\/span><span style=\"font-size: 14px;\">\/<\/span><span style=\"font-size: 14px;\"> Relator <\/span><span style=\"font-size: 14px;\">\/<\/span><span style=\"font-size: 14px;\"> Consultor<\/span><\/strong><span style=\"font-size: 14px;\">)<\/span><strong><span style=\"font-size: 14px;\"> dos <\/span><\/strong>textos enviados <\/span><span style=\"font-family: Arial;\">(<strong><span style=\"color: #0000ff;\"><a style=\"color: #0000ff;\" href=\"https:\/\/sites.usp.br\/podae\/?page_id=3323\">E-mail<\/a><\/span><\/strong>)<\/span><span style=\"font-family: Arial;\"> para as publica\u00e7\u00f5es cient\u00edficas online (Livre Acesso \/ Acesso Aberto) na<strong> Enciclop\u00e9dia Brasileira de Teleodontologia <\/strong>(<strong>ISSN <span style=\"color: #0000ff;\"><a style=\"color: #0000ff;\" href=\"https:\/\/portal.issn.org\/resource\/ISSN\/2448-1181#\">2448-1181<\/a><\/span><\/strong>) e na<strong> Revista Brasileira de Teleodontologia <\/strong>(<strong>ISSN <span style=\"color: #0000ff;\"><a style=\"color: #0000ff;\" href=\"https:\/\/portal.issn.org\/resource\/ISSN\/1809-0745#\">1809-0745<\/a><\/span><\/strong>)<strong>.<\/strong><\/span><\/p>\n<p style=\"text-align: justify;\"><span style=\"font-family: Arial;\"><strong>Heitor Panzeri, <\/strong>na fun\u00e7\u00e3o de \u201cad hoc\u201c, fundamenta as atua\u00e7\u00f5es acad\u00eamicas em harmonia com as informa\u00e7\u00f5es contidas na <strong><a href=\"http:\/\/lattes.cnpq.br\/\"><span style=\"color: #0000ff;\">Plataforma Lattes<\/span><\/a><\/strong> (<em>Conselho Nacional de Desenvolvimento Cient\u00edfico e Tecnol\u00f3gico<\/em>), compat\u00edveis com sua \u00e1rea profissional de atua\u00e7\u00e3o (Docente e Pesquisador).<\/span><\/p>\n<hr \/>\n<hr \/>\n<p style=\"text-align: justify;\"><em><strong><span style=\"font-size: 12px;\"><span style=\"color: #ff0000; font-size: 14px;\">\u2666 <\/span>CERTIFICA\u00c7\u00c3O: Atividades Volunt\u00e1rias (Per\u00edodos: 2011 a 2014)<\/span><\/strong><\/em><\/p>\n<p style=\"text-align: justify;\"><span style=\"font-size: 13px;\">Para receber a senha objetivando a impress\u00e3o do certificado entrar em contato com Equipe: <a href=\"https:\/\/sites.usp.br\/podae\/?page_id=3323\"><span style=\"text-decoration: underline; color: #0000ff;\"><strong>E-mail<\/strong><\/span><\/a>.<br \/>\n<\/span><\/p>\n<div style=\"text-align: justify;\" align=\"justify\">\n<div style=\"text-align: center;\" align=\"justify\">\n<address style=\"text-align: right;\">\n<hr \/>\n<address>\u00a0<\/address>\n<\/address>\n<\/div>\n<\/div>\n<p style=\"text-align: justify;\"><span style=\"font-family: Arial;\">.<\/span><\/p>\n<p>&nbsp;<\/p>\n","protected":false},"excerpt":{"rendered":"<p>Enciclop\u00e9dia Brasileira de Teleodontologia \/ Revista Brasileira de Teleodontologia LISTA (\u201cReferees\u201d): Assessor \/ Parecerista \/ [&hellip;]<\/p>\n","protected":false},"author":58,"featured_media":0,"parent":3336,"menu_order":0,"comment_status":"closed","ping_status":"closed","template":"","meta":{"footnotes":"","_links_to":"","_links_to_target":""},"class_list":["post-8754","page","type-page","status-publish","hentry"],"_links":{"self":[{"href":"https:\/\/sites.usp.br\/podae\/index.php?rest_route=\/wp\/v2\/pages\/8754","targetHints":{"allow":["GET"]}}],"collection":[{"href":"https:\/\/sites.usp.br\/podae\/index.php?rest_route=\/wp\/v2\/pages"}],"about":[{"href":"https:\/\/sites.usp.br\/podae\/index.php?rest_route=\/wp\/v2\/types\/page"}],"author":[{"embeddable":true,"href":"https:\/\/sites.usp.br\/podae\/index.php?rest_route=\/wp\/v2\/users\/58"}],"replies":[{"embeddable":true,"href":"https:\/\/sites.usp.br\/podae\/index.php?rest_route=%2Fwp%2Fv2%2Fcomments&post=8754"}],"version-history":[{"count":4,"href":"https:\/\/sites.usp.br\/podae\/index.php?rest_route=\/wp\/v2\/pages\/8754\/revisions"}],"predecessor-version":[{"id":8784,"href":"https:\/\/sites.usp.br\/podae\/index.php?rest_route=\/wp\/v2\/pages\/8754\/revisions\/8784"}],"up":[{"embeddable":true,"href":"https:\/\/sites.usp.br\/podae\/index.php?rest_route=\/wp\/v2\/pages\/3336"}],"wp:attachment":[{"href":"https:\/\/sites.usp.br\/podae\/index.php?rest_route=%2Fwp%2Fv2%2Fmedia&parent=8754"}],"curies":[{"name":"wp","href":"https:\/\/api.w.org\/{rel}","templated":true}]}}