{"id":9813,"date":"2019-11-08T11:58:05","date_gmt":"2019-11-08T14:58:05","guid":{"rendered":"http:\/\/sites.usp.br\/podae\/?page_id=9813"},"modified":"2019-11-08T12:13:01","modified_gmt":"2019-11-08T15:13:01","slug":"adel","status":"publish","type":"page","link":"https:\/\/sites.usp.br\/podae\/?page_id=9813","title":{"rendered":"Adel Martinez Martinez"},"content":{"rendered":"<p style=\"text-align: center;\"><strong><span style=\"font-size: 12px;\"><span style=\"font-family: Arial;\"><a href=\"https:\/\/sites.usp.br\/podae\/?page_id=120\"><span style=\"color: #0000ff;\">Enciclop\u00e9dia Brasileira de Teleodontologia<\/span><\/a> <\/span><\/span><\/strong><span style=\"font-size: 14px;\"><span style=\"font-family: Arial;\">\/<\/span><\/span> <strong><span style=\"font-size: 12px;\"><span style=\"font-family: Arial;\"><span style=\"color: #0000ff;\"><a style=\"color: #0000ff;\" href=\"https:\/\/sites.usp.br\/podae\/?page_id=10\">Revista Brasileira de Teleodontologia<\/a><\/span><\/span><\/span><\/strong><\/p>\n<p style=\"text-align: center;\"><strong><span style=\"font-size: 14px;\"><span style=\"font-family: Arial;\"><a href=\"https:\/\/sites.usp.br\/podae\/?page_id=3336\"><span style=\"color: #0000ff;\">LISTA<\/span><\/a> <\/span><\/span><\/strong><span style=\"font-size: 14px;\"><span style=\"font-family: Arial;\">(<\/span><\/span><strong><span style=\"font-size: 14px;\"><span style=\"font-family: Arial;\">\u201cReferees\u201d<\/span><\/span><\/strong><span style=\"font-size: 14px;\"><span style=\"font-family: Arial;\">)<\/span><\/span><span style=\"font-size: 14px;\"><span style=\"font-family: Arial;\">:<\/span><\/span><strong><span style=\"font-size: 14px;\"><span style=\"font-family: Arial;\"> Assessor <\/span><\/span><\/strong><span style=\"font-size: 14px;\"><span style=\"font-family: Arial;\">\/<\/span><\/span><strong><span style=\"font-size: 14px;\"><span style=\"font-family: Arial;\"> Parecerista <\/span><\/span><\/strong><span style=\"font-size: 14px;\"><span style=\"font-family: Arial;\">\/<\/span><\/span><strong><span style=\"font-size: 14px;\"><span style=\"font-family: Arial;\"> Relator <\/span><\/span><\/strong><span style=\"font-size: 14px;\"><span style=\"font-family: Arial;\">\/<\/span><\/span><strong><span style=\"font-size: 14px;\"><span style=\"font-family: Arial;\"> Consultor <\/span><\/span><\/strong><span style=\"font-size: 14px;\"><span style=\"font-family: Arial;\">&#8211; <\/span><\/span><strong><span style=\"font-size: 14px;\"><span style=\"font-family: Arial;\">Publica\u00e7\u00e3o Cient\u00edfica Online <\/span><\/span><\/strong><span style=\"color: #ff0000;\"><span style=\"font-size: 10px;\"><strong><span style=\"color: #0000ff;\"><br \/>\n<\/span><\/strong><\/span><\/span><\/p>\n<hr \/>\n<address>\n<address style=\"text-align: right;\">\n<hr style=\"width: 321px;\" \/>\n<\/address>\n<\/address>\n<hr \/>\n<p><em><strong><span style=\"font-size: 12px;\"><span style=\"color: #ff0000; font-size: 14px;\">\u2666 <\/span><\/span><\/strong><\/em><em><em><span style=\"color: #ff0000;\"><em><strong><span style=\"color: #000000; font-size: 14px;\">Adel Martinez Martinez<\/span><\/strong><\/em><\/span><\/em><\/em><span style=\"color: #ff0000;\"><span style=\"color: #ff0000;\"><span style=\"font-size: 10px;\"><strong><span style=\"color: #0000ff;\"><span style=\"color: #000000;\"><em><span style=\"color: #000000; font-size: 14px;\"> &#8211;\u00a0 <\/span><\/em><span style=\"color: #0000ff;\"><a href=\"https:\/\/www.unicartagena.edu.co\/\"><span style=\"color: #0000ff;\">Universidad\u00a0 de Cartagena<\/span><\/a>\u00a0 &#8211; \u00a0 <\/span><a href=\"https:\/\/scienti.colciencias.gov.co\/cvlac\/visualizador\/generarCurriculoCv.do?cod_rh=0000421146\"><span style=\"color: #0000ff;\">Cvlac<\/span><\/a> <\/span><\/span><\/strong><\/span><\/span><\/span><\/p>\n<address>\n<address style=\"text-align: right;\">\n<hr style=\"width: 321px;\" \/>\n<\/address>\n<\/address>\n<hr \/>\n<hr \/>\n<p style=\"text-align: justify;\"><span style=\"font-family: Arial;\"><strong>Adel Martinez Martinez \u00a0 <\/strong>(<strong>\u201cReferee\u201d<\/strong>)<strong>: <\/strong><\/span><span style=\"font-family: Arial;\">Atividade Volunt\u00e1ria. <\/span><\/p>\n<p style=\"text-align: justify;\"><span style=\"font-family: Arial;\"><strong>Adel Martinez Martinez\u00a0<\/strong> <strong><span style=\"font-size: 14px;\">\u201cReferee\u201d <\/span><\/strong><span style=\"font-size: 14px;\">(<\/span><strong><span style=\"font-size: 14px;\">Assessor <\/span><span style=\"font-size: 14px;\">\/<\/span><span style=\"font-size: 14px;\"> Parecerista <\/span><span style=\"font-size: 14px;\">\/<\/span><span style=\"font-size: 14px;\"> Relator <\/span><span style=\"font-size: 14px;\">\/<\/span><span style=\"font-size: 14px;\"> Consultor<\/span><\/strong><span style=\"font-size: 14px;\">)<\/span><strong><span style=\"font-size: 14px;\"> dos <\/span><\/strong>textos enviados para (<strong><span style=\"color: #0000ff;\"><a style=\"color: #0000ff;\" href=\"https:\/\/sites.usp.br\/podae\/?page_id=3323\">E-mail<\/a><\/span><\/strong>) as publica\u00e7\u00f5es cient\u00edficas online (Livre Acesso \/ Acesso Aberto) na<strong> Enciclop\u00e9dia Brasileira de Teleodontologia <\/strong>(<strong>ISSN <span style=\"color: #0000ff;\"><a style=\"color: #0000ff;\" href=\"https:\/\/portal.issn.org\/resource\/ISSN\/2448-1181#\">2448-1181<\/a><\/span><\/strong>) e na<strong> Revista Brasileira de Teleodontologia <\/strong>(<strong>ISSN <span style=\"color: #0000ff;\"><a style=\"color: #0000ff;\" href=\"https:\/\/portal.issn.org\/resource\/ISSN\/1809-0745#\">1809-0745<\/a><\/span><\/strong>)<strong>.<\/strong><\/span><\/p>\n<p style=\"text-align: justify;\"><span style=\"font-family: Arial;\"><strong>Adel Martinez Martinez , <\/strong>na fun\u00e7\u00e3o de \u201cad hoc\u201c, fundamenta as atua\u00e7\u00f5es acad\u00eamicas em harmonia com as informa\u00e7\u00f5es contidas na <strong><a href=\"https:\/\/scienti.colciencias.gov.co\/cvlac\/Login\/logOut.do\"><span style=\"color: #0000ff;\">Cvlac<\/span><\/a><\/strong> (<em>Curr\u00edculo Vitae en linea de Colciencias<\/em>), compat\u00edveis com sua \u00e1rea profissional de atua\u00e7\u00e3o (Docente e Pesquisador).<\/span><\/p>\n<hr \/>\n<hr \/>\n<p style=\"text-align: justify;\"><em><strong><span style=\"font-size: 12px;\"><span style=\"color: #ff0000; font-size: 14px;\">\u2666 <\/span>CERTIFICA\u00c7\u00c3O: Atividades Volunt\u00e1rias (Per\u00edodos: 2019\u00a0 &#8211;\u00a0\u00a0\u00a0\u00a0 )<\/span><\/strong><\/em><\/p>\n<p style=\"text-align: justify;\"><span style=\"font-size: 13px;\">Para receber a senha objetivando a impress\u00e3o do certificado entrar em contato com Equipe: <a href=\"https:\/\/sites.usp.br\/podae\/?page_id=3323\"><span style=\"text-decoration: underline; color: #0000ff;\"><strong>E-mail<\/strong><\/span><\/a>.<\/span><\/p>\n<div style=\"text-align: justify;\" align=\"justify\">\n<div style=\"text-align: center;\" align=\"justify\">\n<address style=\"text-align: right;\">\n<hr \/>\n<address>\u00a0<\/address>\n<\/address>\n<\/div>\n<\/div>\n<p style=\"text-align: justify;\"><span style=\"font-family: Arial;\">.<\/span><\/p>\n<p>&nbsp;<\/p>\n","protected":false},"excerpt":{"rendered":"<p>Enciclop\u00e9dia Brasileira de Teleodontologia \/ Revista Brasileira de Teleodontologia LISTA (\u201cReferees\u201d): Assessor \/ Parecerista \/ [&hellip;]<\/p>\n","protected":false},"author":58,"featured_media":0,"parent":3336,"menu_order":0,"comment_status":"closed","ping_status":"closed","template":"","meta":{"footnotes":"","_links_to":"","_links_to_target":""},"class_list":["post-9813","page","type-page","status-publish","hentry"],"_links":{"self":[{"href":"https:\/\/sites.usp.br\/podae\/index.php?rest_route=\/wp\/v2\/pages\/9813","targetHints":{"allow":["GET"]}}],"collection":[{"href":"https:\/\/sites.usp.br\/podae\/index.php?rest_route=\/wp\/v2\/pages"}],"about":[{"href":"https:\/\/sites.usp.br\/podae\/index.php?rest_route=\/wp\/v2\/types\/page"}],"author":[{"embeddable":true,"href":"https:\/\/sites.usp.br\/podae\/index.php?rest_route=\/wp\/v2\/users\/58"}],"replies":[{"embeddable":true,"href":"https:\/\/sites.usp.br\/podae\/index.php?rest_route=%2Fwp%2Fv2%2Fcomments&post=9813"}],"version-history":[{"count":4,"href":"https:\/\/sites.usp.br\/podae\/index.php?rest_route=\/wp\/v2\/pages\/9813\/revisions"}],"predecessor-version":[{"id":9819,"href":"https:\/\/sites.usp.br\/podae\/index.php?rest_route=\/wp\/v2\/pages\/9813\/revisions\/9819"}],"up":[{"embeddable":true,"href":"https:\/\/sites.usp.br\/podae\/index.php?rest_route=\/wp\/v2\/pages\/3336"}],"wp:attachment":[{"href":"https:\/\/sites.usp.br\/podae\/index.php?rest_route=%2Fwp%2Fv2%2Fmedia&parent=9813"}],"curies":[{"name":"wp","href":"https:\/\/api.w.org\/{rel}","templated":true}]}}