{"id":578,"date":"2021-12-07T08:43:28","date_gmt":"2021-12-07T11:43:28","guid":{"rendered":"https:\/\/sites.usp.br\/podalab\/?page_id=578"},"modified":"2022-01-25T19:26:32","modified_gmt":"2022-01-25T22:26:32","slug":"primario","status":"publish","type":"page","link":"https:\/\/sites.usp.br\/podalab\/primario\/","title":{"rendered":"Prim\u00e1rio"},"content":{"rendered":"\t\t<div data-elementor-type=\"wp-page\" data-elementor-id=\"578\" class=\"elementor elementor-578\" data-elementor-post-type=\"page\">\n\t\t\t\t\t\t<section class=\"elementor-section elementor-top-section elementor-element elementor-element-9560e12 elementor-section-full_width elementor-section-height-min-height elementor-section-height-default elementor-section-items-middle\" data-id=\"9560e12\" data-element_type=\"section\" data-settings=\"{&quot;background_background&quot;:&quot;classic&quot;}\">\n\t\t\t\t\t\t<div class=\"elementor-container elementor-column-gap-default\">\n\t\t\t\t\t<div class=\"elementor-column elementor-col-100 elementor-top-column elementor-element elementor-element-602803c\" data-id=\"602803c\" data-element_type=\"column\">\n\t\t\t<div class=\"elementor-widget-wrap elementor-element-populated\">\n\t\t\t\t\t\t<section class=\"elementor-section elementor-inner-section elementor-element elementor-element-75fb972 elementor-section-boxed elementor-section-height-default elementor-section-height-default\" data-id=\"75fb972\" data-element_type=\"section\">\n\t\t\t\t\t\t<div class=\"elementor-container elementor-column-gap-default\">\n\t\t\t\t\t<div class=\"elementor-column elementor-col-33 elementor-inner-column elementor-element elementor-element-3afed59\" data-id=\"3afed59\" data-element_type=\"column\">\n\t\t\t<div class=\"elementor-widget-wrap\">\n\t\t\t\t\t\t\t<\/div>\n\t\t<\/div>\n\t\t\t\t<div class=\"elementor-column elementor-col-33 elementor-inner-column elementor-element elementor-element-37b05e2\" data-id=\"37b05e2\" data-element_type=\"column\">\n\t\t\t<div class=\"elementor-widget-wrap elementor-element-populated\">\n\t\t\t\t\t\t<div class=\"elementor-element elementor-element-730aba6 elementor-widget elementor-widget-spacer\" data-id=\"730aba6\" data-element_type=\"widget\" data-widget_type=\"spacer.default\">\n\t\t\t\t<div class=\"elementor-widget-container\">\n\t\t\t\t\t<div class=\"elementor-spacer\">\n\t\t\t<div class=\"elementor-spacer-inner\"><\/div>\n\t\t<\/div>\n\t\t\t\t<\/div>\n\t\t\t\t<\/div>\n\t\t\t\t<div class=\"elementor-element elementor-element-c938777 elementor-widget elementor-widget-heading\" data-id=\"c938777\" data-element_type=\"widget\" data-widget_type=\"heading.default\">\n\t\t\t\t<div class=\"elementor-widget-container\">\n\t\t\t<h2 class=\"elementor-heading-title elementor-size-xxl\"> Do res\u00edduo ao material:<\/h2>\t\t<\/div>\n\t\t\t\t<\/div>\n\t\t\t\t<div class=\"elementor-element elementor-element-1240f01 elementor-widget-divider--separator-type-pattern elementor-widget-divider--view-line elementor-widget elementor-widget-divider\" data-id=\"1240f01\" data-element_type=\"widget\" data-widget_type=\"divider.default\">\n\t\t\t\t<div class=\"elementor-widget-container\">\n\t\t\t\t\t<div class=\"elementor-divider\" style=\"--divider-pattern-url: url(&quot;data:image\/svg+xml,%3Csvg xmlns=&#039;http:\/\/www.w3.org\/2000\/svg&#039; preserveAspectRatio=&#039;none&#039; overflow=&#039;visible&#039; height=&#039;100%&#039; viewBox=&#039;0 0 20 16&#039; fill=&#039;none&#039; stroke=&#039;black&#039; stroke-width=&#039;2.9&#039; stroke-linecap=&#039;square&#039; stroke-miterlimit=&#039;10&#039;%3E%3Cg transform=&#039;translate(-12.000000, 0)&#039;%3E%3Cpath d=&#039;M28,0L10,18&#039;\/%3E%3Cpath d=&#039;M18,0L0,18&#039;\/%3E%3Cpath d=&#039;M48,0L30,18&#039;\/%3E%3Cpath d=&#039;M38,0L20,18&#039;\/%3E%3C\/g%3E%3C\/svg%3E&quot;);\">\n\t\t\t<span class=\"elementor-divider-separator\">\n\t\t\t\t\t\t<\/span>\n\t\t<\/div>\n\t\t\t\t<\/div>\n\t\t\t\t<\/div>\n\t\t\t\t<div class=\"elementor-element elementor-element-ece9e1c elementor-widget elementor-widget-heading\" data-id=\"ece9e1c\" data-element_type=\"widget\" data-widget_type=\"heading.default\">\n\t\t\t\t<div class=\"elementor-widget-container\">\n\t\t\t<h2 class=\"elementor-heading-title elementor-size-default\">Processamento prim\u00e1rio<\/h2>\t\t<\/div>\n\t\t\t\t<\/div>\n\t\t\t\t\t<\/div>\n\t\t<\/div>\n\t\t\t\t<div class=\"elementor-column elementor-col-33 elementor-inner-column elementor-element elementor-element-f21f366\" data-id=\"f21f366\" data-element_type=\"column\">\n\t\t\t<div class=\"elementor-widget-wrap\">\n\t\t\t\t\t\t\t<\/div>\n\t\t<\/div>\n\t\t\t\t\t<\/div>\n\t\t<\/section>\n\t\t\t\t\t<\/div>\n\t\t<\/div>\n\t\t\t\t\t<\/div>\n\t\t<\/section>\n\t\t\t\t<section class=\"elementor-section elementor-top-section elementor-element elementor-element-3b5c24f elementor-section-boxed elementor-section-height-default elementor-section-height-default\" data-id=\"3b5c24f\" data-element_type=\"section\" data-settings=\"{&quot;background_background&quot;:&quot;classic&quot;}\">\n\t\t\t\t\t\t<div class=\"elementor-container elementor-column-gap-default\">\n\t\t\t\t\t<div class=\"elementor-column elementor-col-100 elementor-top-column elementor-element elementor-element-7a6c163\" data-id=\"7a6c163\" data-element_type=\"column\">\n\t\t\t<div class=\"elementor-widget-wrap elementor-element-populated\">\n\t\t\t\t\t\t<div class=\"elementor-element elementor-element-ba0c927 elementor-widget elementor-widget-spacer\" data-id=\"ba0c927\" data-element_type=\"widget\" data-widget_type=\"spacer.default\">\n\t\t\t\t<div class=\"elementor-widget-container\">\n\t\t\t\t\t<div class=\"elementor-spacer\">\n\t\t\t<div class=\"elementor-spacer-inner\"><\/div>\n\t\t<\/div>\n\t\t\t\t<\/div>\n\t\t\t\t<\/div>\n\t\t\t\t<div class=\"elementor-element elementor-element-ce552f0 elementor-widget elementor-widget-video\" data-id=\"ce552f0\" data-element_type=\"widget\" data-settings=\"{&quot;youtube_url&quot;:&quot;https:\\\/\\\/youtu.be\\\/-86HrZzZBpw&quot;,&quot;video_type&quot;:&quot;youtube&quot;,&quot;controls&quot;:&quot;yes&quot;}\" data-widget_type=\"video.default\">\n\t\t\t\t<div class=\"elementor-widget-container\">\n\t\t\t\t\t<div class=\"elementor-wrapper elementor-open-inline\">\n\t\t\t<div class=\"elementor-video\"><\/div>\t\t<\/div>\n\t\t\t\t<\/div>\n\t\t\t\t<\/div>\n\t\t\t\t<div class=\"elementor-element elementor-element-4be1eef elementor-widget elementor-widget-text-editor\" data-id=\"4be1eef\" data-element_type=\"widget\" data-widget_type=\"text-editor.default\">\n\t\t\t\t<div class=\"elementor-widget-container\">\n\t\t\t\t\t\t\t<p style=\"text-align: center;\"><em>Nossa visita \u00e0 Serraria Ecol\u00f3gica de Guarulhos, SP.\u00a0 Saiba mais sobre a Serraria <a href=\"https:\/\/sites.usp.br\/podalab\/inspiracoes\/\" target=\"_blank\" rel=\"noopener\">aqui<\/a><br \/><\/em><\/p>\t\t\t\t\t\t<\/div>\n\t\t\t\t<\/div>\n\t\t\t\t<div class=\"elementor-element elementor-element-859497f elementor-widget elementor-widget-text-editor\" data-id=\"859497f\" data-element_type=\"widget\" data-widget_type=\"text-editor.default\">\n\t\t\t\t<div class=\"elementor-widget-container\">\n\t\t\t\t\t\t\t<p>A primeira etapa de beneficiamento da madeira, recebe o nome de processamento prim\u00e1rio, ou desdobro, processo em que os troncos e galhos s\u00e3o transformados em pe\u00e7as serradas com caracter\u00edsticas mais ou menos padronizadas. A madeira de poda urbana \u00e9 geralmente cortada em comprimentos curtos, e tamb\u00e9m podem ser serrada em se\u00e7\u00f5es comerciais (ripas, caibros, vigas e t\u00e1buas), sendo que o corte pode ser tangencial ou radial (ver figuras 1 e 2) Por ter dimens\u00f5es variadas e geralmente se\u00e7\u00f5es menores, o processamento prim\u00e1rio das madeiras de poda, geralmente podem resultar em pe\u00e7as menos padronizadas. A falta de homogeneidade dimensional e a diversidade de esp\u00e9cies de madeiras provenientes da poda urbana \u00e9 enorme, principalmente no Brasil. De modo que cada regi\u00e3o e cada tipo de madeira demanda um processo de desdobro diferente. Estudos apontam que at\u00e9 30% dos res\u00edduos verdes poderiam ser aplicados em artefatos de alto valor agregado (NZOKOU, 2019), mas para isso, \u00e9 necess\u00e1rio uma gest\u00e3o muito bem organizada dos fluxos de gera\u00e7\u00e3o, processamento e destina\u00e7\u00e3o destes res\u00edduos.\u00a0<\/p>\t\t\t\t\t\t<\/div>\n\t\t\t\t<\/div>\n\t\t\t\t<section class=\"elementor-section elementor-inner-section elementor-element elementor-element-1bce153 elementor-section-boxed elementor-section-height-default elementor-section-height-default\" data-id=\"1bce153\" data-element_type=\"section\" data-settings=\"{&quot;background_background&quot;:&quot;classic&quot;}\">\n\t\t\t\t\t\t<div class=\"elementor-container elementor-column-gap-default\">\n\t\t\t\t\t<div class=\"elementor-column elementor-col-100 elementor-inner-column elementor-element elementor-element-a3be266\" data-id=\"a3be266\" data-element_type=\"column\">\n\t\t\t<div class=\"elementor-widget-wrap elementor-element-populated\">\n\t\t\t\t\t\t<div class=\"elementor-element elementor-element-04cf12a elementor-widget elementor-widget-image\" data-id=\"04cf12a\" data-element_type=\"widget\" data-widget_type=\"image.default\">\n\t\t\t\t<div class=\"elementor-widget-container\">\n\t\t\t\t\t\t\t\t\t\t<figure class=\"wp-caption\">\n\t\t\t\t\t\t\t\t\t\t<img fetchpriority=\"high\" decoding=\"async\" width=\"919\" height=\"221\" src=\"https:\/\/sites.usp.br\/podalab\/wp-content\/uploads\/sites\/1036\/2022\/01\/Desdobro-1.png\" class=\"attachment-large size-large wp-image-2605\" alt=\"\" srcset=\"https:\/\/sites.usp.br\/podalab\/wp-content\/uploads\/sites\/1036\/2022\/01\/Desdobro-1.png 919w, https:\/\/sites.usp.br\/podalab\/wp-content\/uploads\/sites\/1036\/2022\/01\/Desdobro-1-300x72.png 300w, https:\/\/sites.usp.br\/podalab\/wp-content\/uploads\/sites\/1036\/2022\/01\/Desdobro-1-768x185.png 768w\" sizes=\"(max-width: 919px) 100vw, 919px\" \/>\t\t\t\t\t\t\t\t\t\t\t<figcaption class=\"widget-image-caption wp-caption-text\">Figura 1 - Esquema ilustrativo do m\u00e9todo de desdobro para pe\u00e7as tangenciais. Fonte: Rocha e Trugilho (2006)<\/figcaption>\n\t\t\t\t\t\t\t\t\t\t<\/figure>\n\t\t\t\t\t\t\t<\/div>\n\t\t\t\t<\/div>\n\t\t\t\t\t<\/div>\n\t\t<\/div>\n\t\t\t\t\t<\/div>\n\t\t<\/section>\n\t\t\t\t<div class=\"elementor-element elementor-element-dc441c7 elementor-widget elementor-widget-spacer\" data-id=\"dc441c7\" data-element_type=\"widget\" data-widget_type=\"spacer.default\">\n\t\t\t\t<div class=\"elementor-widget-container\">\n\t\t\t\t\t<div class=\"elementor-spacer\">\n\t\t\t<div class=\"elementor-spacer-inner\"><\/div>\n\t\t<\/div>\n\t\t\t\t<\/div>\n\t\t\t\t<\/div>\n\t\t\t\t\t<\/div>\n\t\t<\/div>\n\t\t\t\t\t<\/div>\n\t\t<\/section>\n\t\t\t\t<section class=\"elementor-section elementor-top-section elementor-element elementor-element-dc0662e elementor-section-boxed elementor-section-height-default elementor-section-height-default\" data-id=\"dc0662e\" data-element_type=\"section\" data-settings=\"{&quot;background_background&quot;:&quot;gradient&quot;}\">\n\t\t\t\t\t\t<div class=\"elementor-container elementor-column-gap-default\">\n\t\t\t\t\t<div class=\"elementor-column elementor-col-100 elementor-top-column elementor-element elementor-element-7b48f9d\" data-id=\"7b48f9d\" data-element_type=\"column\">\n\t\t\t<div class=\"elementor-widget-wrap elementor-element-populated\">\n\t\t\t\t\t\t<div class=\"elementor-element elementor-element-55bfbea elementor-widget elementor-widget-spacer\" data-id=\"55bfbea\" data-element_type=\"widget\" data-widget_type=\"spacer.default\">\n\t\t\t\t<div class=\"elementor-widget-container\">\n\t\t\t\t\t<div class=\"elementor-spacer\">\n\t\t\t<div class=\"elementor-spacer-inner\"><\/div>\n\t\t<\/div>\n\t\t\t\t<\/div>\n\t\t\t\t<\/div>\n\t\t\t\t<div class=\"elementor-element elementor-element-f965219 elementor-widget elementor-widget-text-editor\" data-id=\"f965219\" data-element_type=\"widget\" data-widget_type=\"text-editor.default\">\n\t\t\t\t<div class=\"elementor-widget-container\">\n\t\t\t\t\t\t\t<p>No p\u00e1tio destinado a estocagem de madeira bruta \u00e9 imprescind\u00edvel a instala\u00e7\u00e3o de um sistema de classifica\u00e7\u00e3o das pe\u00e7as, principalmente por classes diam\u00e9tricas, por esp\u00e9cies e tamb\u00e9m por qualidade da madeira em tora. \u00c9 recomend\u00e1vel ainda que seja realizado o descascamento das toras e aplica\u00e7\u00e3o de produto para selar os topos e assim reduzir a velocidade de secagem da madeira verde, evitando o excesso de rachaduras e defeitos. No processo de obten\u00e7\u00e3o de madeira serrada, quanto maior for o n\u00edvel de automa\u00e7\u00e3o de uma ind\u00fastria, maior ser\u00e1 a sua efici\u00eancia, ou seja, maior ser\u00e1 a quantidade de m3 serrados por oper\u00e1rio num turno (Rocha e Trugilho, 2006).\u00a0 A figura 1 apresenta um esquema ilustrativo do m\u00e9todo de desdobro visando \u00e0 obten\u00e7\u00e3o de t\u00e1buas tangenciais, com indica\u00e7\u00e3o de equipamentos, em que 1 e 2 serra fita; 3 serra circular m\u00faltipla de um eixo; 4 serra circular refiladeira.<\/p><p>A figura 2 apresenta um esquema ilustrativo do m\u00e9todo de desdobro visando \u00e0 obten\u00e7\u00e3o de t\u00e1buas radiais, neste caso a sequ\u00eancia de utiliza\u00e7\u00e3o de equipamentos \u00e9: 1, 2 e 3 serra fita; 4 e 5 serra circular m\u00faltipla de um eixo; 6 serra circular refiladeira<\/p>\t\t\t\t\t\t<\/div>\n\t\t\t\t<\/div>\n\t\t\t\t<div class=\"elementor-element elementor-element-23e5679 elementor-widget elementor-widget-spacer\" data-id=\"23e5679\" data-element_type=\"widget\" data-widget_type=\"spacer.default\">\n\t\t\t\t<div class=\"elementor-widget-container\">\n\t\t\t\t\t<div class=\"elementor-spacer\">\n\t\t\t<div class=\"elementor-spacer-inner\"><\/div>\n\t\t<\/div>\n\t\t\t\t<\/div>\n\t\t\t\t<\/div>\n\t\t\t\t\t<\/div>\n\t\t<\/div>\n\t\t\t\t\t<\/div>\n\t\t<\/section>\n\t\t\t\t<section class=\"elementor-section elementor-top-section elementor-element elementor-element-466b0e0 elementor-section-boxed elementor-section-height-default elementor-section-height-default\" data-id=\"466b0e0\" data-element_type=\"section\">\n\t\t\t\t\t\t<div class=\"elementor-container elementor-column-gap-default\">\n\t\t\t\t\t<div class=\"elementor-column elementor-col-100 elementor-top-column elementor-element elementor-element-375ab04\" data-id=\"375ab04\" data-element_type=\"column\">\n\t\t\t<div class=\"elementor-widget-wrap elementor-element-populated\">\n\t\t\t\t\t\t<div class=\"elementor-element elementor-element-38c76fd elementor-widget elementor-widget-image\" data-id=\"38c76fd\" data-element_type=\"widget\" data-widget_type=\"image.default\">\n\t\t\t\t<div class=\"elementor-widget-container\">\n\t\t\t\t\t\t\t\t\t\t<figure class=\"wp-caption\">\n\t\t\t\t\t\t\t\t\t\t<img decoding=\"async\" width=\"800\" height=\"496\" src=\"https:\/\/sites.usp.br\/podalab\/wp-content\/uploads\/sites\/1036\/2022\/01\/Desdobro-3.png\" class=\"attachment-large size-large wp-image-2606\" alt=\"\" srcset=\"https:\/\/sites.usp.br\/podalab\/wp-content\/uploads\/sites\/1036\/2022\/01\/Desdobro-3.png 800w, https:\/\/sites.usp.br\/podalab\/wp-content\/uploads\/sites\/1036\/2022\/01\/Desdobro-3-300x186.png 300w, https:\/\/sites.usp.br\/podalab\/wp-content\/uploads\/sites\/1036\/2022\/01\/Desdobro-3-768x476.png 768w\" sizes=\"(max-width: 800px) 100vw, 800px\" \/>\t\t\t\t\t\t\t\t\t\t\t<figcaption class=\"widget-image-caption wp-caption-text\">Figura 2 - Esquema ilustrativo do m\u00e9todo de desdobro para pe\u00e7as radiais. Fonte: Rocha e Trugilho (2006)<\/figcaption>\n\t\t\t\t\t\t\t\t\t\t<\/figure>\n\t\t\t\t\t\t\t<\/div>\n\t\t\t\t<\/div>\n\t\t\t\t\t<\/div>\n\t\t<\/div>\n\t\t\t\t\t<\/div>\n\t\t<\/section>\n\t\t\t\t<\/div>\n\t\t","protected":false},"excerpt":{"rendered":"<p>Do res\u00edduo ao material: Processamento prim\u00e1rio https:\/\/youtu.be\/-86HrZzZBpw Nossa visita \u00e0 Serraria Ecol\u00f3gica de Guarulhos, SP.\u00a0 Saiba mais sobre a Serraria aqui A primeira etapa de beneficiamento da madeira, recebe o nome de processamento prim\u00e1rio, ou desdobro, processo em que os troncos e galhos s\u00e3o transformados em pe\u00e7as serradas com caracter\u00edsticas mais ou menos padronizadas. A [&hellip;]<\/p>\n","protected":false},"author":22656,"featured_media":0,"parent":0,"menu_order":0,"comment_status":"closed","ping_status":"closed","template":"","meta":{"_monsterinsights_skip_tracking":false,"_monsterinsights_sitenote_active":false,"_monsterinsights_sitenote_note":"","_monsterinsights_sitenote_category":0,"ocean_post_layout":"","ocean_both_sidebars_style":"","ocean_both_sidebars_content_width":0,"ocean_both_sidebars_sidebars_width":0,"ocean_sidebar":"0","ocean_second_sidebar":"0","ocean_disable_margins":"enable","ocean_add_body_class":"","ocean_shortcode_before_top_bar":"","ocean_shortcode_after_top_bar":"","ocean_shortcode_before_header":"","ocean_shortcode_after_header":"","ocean_has_shortcode":"","ocean_shortcode_after_title":"","ocean_shortcode_before_footer_widgets":"","ocean_shortcode_after_footer_widgets":"","ocean_shortcode_before_footer_bottom":"","ocean_shortcode_after_footer_bottom":"","ocean_display_top_bar":"default","ocean_display_header":"default","ocean_header_style":"","ocean_center_header_left_menu":"0","ocean_custom_header_template":"0","ocean_custom_logo":0,"ocean_custom_retina_logo":0,"ocean_custom_logo_max_width":0,"ocean_custom_logo_tablet_max_width":0,"ocean_custom_logo_mobile_max_width":0,"ocean_custom_logo_max_height":0,"ocean_custom_logo_tablet_max_height":0,"ocean_custom_logo_mobile_max_height":0,"ocean_header_custom_menu":"0","ocean_menu_typo_font_family":"0","ocean_menu_typo_font_subset":"","ocean_menu_typo_font_size":0,"ocean_menu_typo_font_size_tablet":0,"ocean_menu_typo_font_size_mobile":0,"ocean_menu_typo_font_size_unit":"px","ocean_menu_typo_font_weight":"","ocean_menu_typo_font_weight_tablet":"","ocean_menu_typo_font_weight_mobile":"","ocean_menu_typo_transform":"","ocean_menu_typo_transform_tablet":"","ocean_menu_typo_transform_mobile":"","ocean_menu_typo_line_height":0,"ocean_menu_typo_line_height_tablet":0,"ocean_menu_typo_line_height_mobile":0,"ocean_menu_typo_line_height_unit":"","ocean_menu_typo_spacing":0,"ocean_menu_typo_spacing_tablet":0,"ocean_menu_typo_spacing_mobile":0,"ocean_menu_typo_spacing_unit":"","ocean_menu_link_color":"","ocean_menu_link_color_hover":"","ocean_menu_link_color_active":"","ocean_menu_link_background":"","ocean_menu_link_hover_background":"","ocean_menu_link_active_background":"","ocean_menu_social_links_bg":"","ocean_menu_social_hover_links_bg":"","ocean_menu_social_links_color":"","ocean_menu_social_hover_links_color":"","ocean_disable_title":"default","ocean_disable_heading":"default","ocean_post_title":"","ocean_post_subheading":"","ocean_post_title_style":"","ocean_post_title_background_color":"","ocean_post_title_background":0,"ocean_post_title_bg_image_position":"","ocean_post_title_bg_image_attachment":"","ocean_post_title_bg_image_repeat":"","ocean_post_title_bg_image_size":"","ocean_post_title_height":0,"ocean_post_title_bg_overlay":0.5,"ocean_post_title_bg_overlay_color":"","ocean_disable_breadcrumbs":"default","ocean_breadcrumbs_color":"","ocean_breadcrumbs_separator_color":"","ocean_breadcrumbs_links_color":"","ocean_breadcrumbs_links_hover_color":"","ocean_display_footer_widgets":"default","ocean_display_footer_bottom":"default","ocean_custom_footer_template":"0","footnotes":"","_links_to":"","_links_to_target":""},"class_list":["post-578","page","type-page","status-publish","hentry","entry"],"_links":{"self":[{"href":"https:\/\/sites.usp.br\/podalab\/wp-json\/wp\/v2\/pages\/578","targetHints":{"allow":["GET"]}}],"collection":[{"href":"https:\/\/sites.usp.br\/podalab\/wp-json\/wp\/v2\/pages"}],"about":[{"href":"https:\/\/sites.usp.br\/podalab\/wp-json\/wp\/v2\/types\/page"}],"author":[{"embeddable":true,"href":"https:\/\/sites.usp.br\/podalab\/wp-json\/wp\/v2\/users\/22656"}],"replies":[{"embeddable":true,"href":"https:\/\/sites.usp.br\/podalab\/wp-json\/wp\/v2\/comments?post=578"}],"version-history":[{"count":4,"href":"https:\/\/sites.usp.br\/podalab\/wp-json\/wp\/v2\/pages\/578\/revisions"}],"predecessor-version":[{"id":2887,"href":"https:\/\/sites.usp.br\/podalab\/wp-json\/wp\/v2\/pages\/578\/revisions\/2887"}],"wp:attachment":[{"href":"https:\/\/sites.usp.br\/podalab\/wp-json\/wp\/v2\/media?parent=578"}],"curies":[{"name":"wp","href":"https:\/\/api.w.org\/{rel}","templated":true}]}}