{"id":62,"date":"2014-02-12T11:28:30","date_gmt":"2014-02-12T13:28:30","guid":{"rendered":"http:\/\/sites.usp.br\/polifonia\/?page_id=62"},"modified":"2024-07-12T17:43:43","modified_gmt":"2024-07-12T19:43:43","slug":"coordenacao","status":"publish","type":"page","link":"https:\/\/sites.usp.br\/polifonia\/coordenacao\/","title":{"rendered":"Coordena\u00e7\u00e3o"},"content":{"rendered":"<p>Renato Melo Ribeiro \u00e9 Professor do Departamento de Administra\u00e7\u00e3o Escolar e Economia da Educa\u00e7\u00e3o &#8211; EDA, da Faculdade de Educa\u00e7\u00e3o da Universidade de S\u00e3o Paulo (FEUSP), contratado para ministrar a disciplina \u201cPol\u00edtica e Organiza\u00e7\u00e3o da Educa\u00e7\u00e3o B\u00e1sica no Brasil\u201d para estudantes de Licenciaturas, desde julho de 2024. \u00c9 Doutor em Educa\u00e7\u00e3o pelo Programa de P\u00f3s-Gradua\u00e7\u00e3o em Educa\u00e7\u00e3o da FEUSP e Mestre em Educa\u00e7\u00e3o pela FEUSP, na \u00e1rea de Estado, Sociedade e Educa\u00e7\u00e3o.<\/p>\n<p>Desde fevereiro 2014, atua como Educador (servidor n\u00e3o docente) do Programa de Forma\u00e7\u00e3o de Professores da FEUSP e, desde 2019, integra como membro titular a Comiss\u00e3o de Est\u00e1gios, Estudos Independentes e Trabalho Complementar de Curso da Faculdade de Educa\u00e7\u00e3o da USP. Graduado em Letras (Portugu\u00eas\/Lingu\u00edstica) pela Faculdade de Filosofia, Letras e Ci\u00eancias Humanas (FFLCH) da USP e licenciado em Letras\/Portugu\u00eas pela FEUSP, atuou como Professor de L\u00edngua Portuguesa nas redes municipais de S\u00e3o Paulo (2008-2014) e Guarulhos\/SP (2007-2014); e tamb\u00e9m foi consultor pedag\u00f3gico da Editora Moderna \u2013 Grupo Santillana (2006-2007).<\/p>\n<p>Seus interesses de pesquisa e de atua\u00e7\u00e3o concentram-se nos temas da Avalia\u00e7\u00e3o Educacional, Gest\u00e3o educacional, An\u00e1lise do Discurso e Forma\u00e7\u00e3o de Educadores (cf. https:\/\/lattes.cnpq.br\/9034016164642864).<\/p>\n<p>&nbsp;<\/p>\n<p><iframe title=\"&quot;A USP e a escola p\u00fablica&quot; - discurso de Renato Ribeiro no Conselho Universit\u00e1rio 08 dez 2015\" width=\"604\" height=\"340\" src=\"https:\/\/www.youtube.com\/embed\/2k1Z3U1Ys0k?feature=oembed\" frameborder=\"0\" allow=\"accelerometer; autoplay; clipboard-write; encrypted-media; gyroscope; picture-in-picture; web-share\" referrerpolicy=\"strict-origin-when-cross-origin\" allowfullscreen><\/iframe><\/p>\n","protected":false},"excerpt":{"rendered":"<p>Renato Melo Ribeiro \u00e9 Professor do Departamento de Administra\u00e7\u00e3o Escolar e Economia da Educa\u00e7\u00e3o &#8211; EDA, da Faculdade de Educa\u00e7\u00e3o da Universidade de S\u00e3o Paulo (FEUSP), contratado para ministrar a disciplina \u201cPol\u00edtica e Organiza\u00e7\u00e3o da Educa\u00e7\u00e3o B\u00e1sica no Brasil\u201d para estudantes de Licenciaturas, desde julho de 2024. \u00c9 Doutor em Educa\u00e7\u00e3o pelo Programa de P\u00f3s-Gradua\u00e7\u00e3o [&hellip;]<\/p>\n","protected":false},"author":24156,"featured_media":0,"parent":0,"menu_order":0,"comment_status":"closed","ping_status":"closed","template":"","meta":{"footnotes":"","_links_to":"","_links_to_target":""},"class_list":["post-62","page","type-page","status-publish","hentry"],"_links":{"self":[{"href":"https:\/\/sites.usp.br\/polifonia\/wp-json\/wp\/v2\/pages\/62","targetHints":{"allow":["GET"]}}],"collection":[{"href":"https:\/\/sites.usp.br\/polifonia\/wp-json\/wp\/v2\/pages"}],"about":[{"href":"https:\/\/sites.usp.br\/polifonia\/wp-json\/wp\/v2\/types\/page"}],"author":[{"embeddable":true,"href":"https:\/\/sites.usp.br\/polifonia\/wp-json\/wp\/v2\/users\/24156"}],"replies":[{"embeddable":true,"href":"https:\/\/sites.usp.br\/polifonia\/wp-json\/wp\/v2\/comments?post=62"}],"version-history":[{"count":4,"href":"https:\/\/sites.usp.br\/polifonia\/wp-json\/wp\/v2\/pages\/62\/revisions"}],"predecessor-version":[{"id":152,"href":"https:\/\/sites.usp.br\/polifonia\/wp-json\/wp\/v2\/pages\/62\/revisions\/152"}],"wp:attachment":[{"href":"https:\/\/sites.usp.br\/polifonia\/wp-json\/wp\/v2\/media?parent=62"}],"curies":[{"name":"wp","href":"https:\/\/api.w.org\/{rel}","templated":true}]}}