{"id":64,"date":"2024-07-12T17:30:54","date_gmt":"2024-07-12T19:30:54","guid":{"rendered":"http:\/\/sites.usp.br\/polifonia\/?page_id=64"},"modified":"2025-10-22T12:33:27","modified_gmt":"2025-10-22T14:33:27","slug":"projetos","status":"publish","type":"page","link":"https:\/\/sites.usp.br\/polifonia\/projetos\/","title":{"rendered":"Projetos"},"content":{"rendered":"<p><strong>INTRODU\u00c7\u00c3O \u00c0 POLIFONIA EDUCACIONAL: MAPEAMENTOS TENSIVOS<\/strong><\/p>\n<p>Para saber mais sobre o Curso &#8220;INTRODU\u00c7\u00c3O \u00c0 POLIFONIA EDUCACIONAL&#8221;, escreva para <em>renatomeloribeiro@gmail.com<\/em> .<\/p>\n<p><strong><em>CLUBINHO<\/em> DE EDUCA\u00c7\u00c3O INTEGRAL<\/strong><\/p>\n<p>Projeto de atividade extensionista curricular (AEX) de apoio \u00e0 educa\u00e7\u00e3o em tempo integral de crian\u00e7as do Ensino Fundamental da rede p\u00fablica, por meio de atividades extracurriculares &#8211; oficinas, din\u00e2micas, minicursos, jogos, c\u00edrculos de leitura, visitas monitoradas, gincanas pedag\u00f3gicas, entre outras &#8211; realizadas na Feusp e\/ou em outros espa\u00e7os do Campus, com objetivo de incidir na qualidade da aprendizagem dos estudantes, bem como em seu desenvolvimento integral &#8211; emocional, social, f\u00edsico e intelectual.<\/p>\n<p>Al\u00e9m da execu\u00e7\u00e3o did\u00e1tico-pedag\u00f3gica das atividades com as crian\u00e7as, o &#8220;Clubinho&#8221; demandar\u00e1 a\u00e7\u00f5es de gest\u00e3o, divulga\u00e7\u00e3o, rela\u00e7\u00e3o com fam\u00edlias, organiza\u00e7\u00e3o de espa\u00e7os, recursos materiais, estabelecimento de parcerias, registro escrito e fotogr\u00e1fico das a\u00e7\u00f5es, entre outras atividades que se fizerem necess\u00e1rias para a operacionaliza\u00e7\u00e3o da presta\u00e7\u00e3o de servi\u00e7os \u00e0 comunidade como modalidade de extens\u00e3o curricular.<\/p>\n<p>Mais informa\u00e7\u00f5es no Sistema J\u00fapiter &#8211; USP: AEX-FE-00008.01 &#8211; Clubinho de Educa\u00e7\u00e3o Integral da Feusp.<\/p>\n<p><strong>OFICINA LEGISLATIVA EM EDUCA\u00c7\u00c3O<\/strong><\/p>\n<p>Em parceria com o Portal e-Cidadania do Senado Federal, o projeto desenvolve a\u00e7\u00f5es para aproximar estudantes universit\u00e1rios do processo legislativo brasileiro, no que diz respeito \u00e0 tem\u00e1tica da &#8220;Pol\u00edtica Educacional&#8221;. A iniciativa pretende estimular a participa\u00e7\u00e3o digital de estudantes na constru\u00e7\u00e3o de proposi\u00e7\u00f5es legislativas de iniciativa popular, bem como na participa\u00e7\u00e3o em consultas p\u00fablicas e eventos interativos sobre propostas educacionais que circulam no Senado Federal.<\/p>\n<p>Neste 2\u00ba sem. de 2024, a Oficina originou um projeto de Inicia\u00e7\u00e3o Cient\u00edfica sobre proposi\u00e7\u00f5es legislativas em educa\u00e7\u00e3o, sob a chancela da Comiss\u00e3o de Pesquisa e Inova\u00e7\u00e3o\u00a0 (CPqI) da Feusp.<\/p>\n<p><strong><em>CAF\u00c9 POLIF\u00d4NICO<\/em> &#8211; CURSOS E EVENTOS<\/strong><\/p>\n<p>O Projeto &#8220;<em>Caf\u00e9 Polif\u00f4nico<\/em> &#8211; Cursos e Eventos&#8221; articula um conjunto de a\u00e7\u00f5es formativas\u00a0 &#8211; cursos de extens\u00e3o e eventos &#8211; em torno da abordagem polif\u00f4nica de controv\u00e9rsias educacionais contempor\u00e2neas. Neste 2\u00ba sem. de 2024, entre as atividades, vale destacar:<\/p>\n<p>1) <strong>Curso de Difus\u00e3o<\/strong> (10h): <em>Discursos sobre qualidade escolar: polissemia, polifonia e circula\u00e7\u00e3o midi\u00e1tica<\/em>, nos dias 03\/09\/2024 (ter\u00e7a-feira; 18h-22h) e\u00a0 05\/09\/2024 (quinta-feira; 18h-22).<\/p>\n","protected":false},"excerpt":{"rendered":"<p>INTRODU\u00c7\u00c3O \u00c0 POLIFONIA EDUCACIONAL: MAPEAMENTOS TENSIVOS Para saber mais sobre o Curso &#8220;INTRODU\u00c7\u00c3O \u00c0 POLIFONIA EDUCACIONAL&#8221;, escreva para renatomeloribeiro@gmail.com . CLUBINHO DE EDUCA\u00c7\u00c3O INTEGRAL Projeto de atividade extensionista curricular (AEX) de apoio \u00e0 educa\u00e7\u00e3o em tempo integral de crian\u00e7as do Ensino Fundamental da rede p\u00fablica, por meio de atividades extracurriculares &#8211; oficinas, din\u00e2micas, minicursos, jogos, [&hellip;]<\/p>\n","protected":false},"author":24156,"featured_media":0,"parent":0,"menu_order":0,"comment_status":"closed","ping_status":"closed","template":"","meta":{"footnotes":"","_links_to":"","_links_to_target":""},"class_list":["post-64","page","type-page","status-publish","hentry"],"_links":{"self":[{"href":"https:\/\/sites.usp.br\/polifonia\/wp-json\/wp\/v2\/pages\/64","targetHints":{"allow":["GET"]}}],"collection":[{"href":"https:\/\/sites.usp.br\/polifonia\/wp-json\/wp\/v2\/pages"}],"about":[{"href":"https:\/\/sites.usp.br\/polifonia\/wp-json\/wp\/v2\/types\/page"}],"author":[{"embeddable":true,"href":"https:\/\/sites.usp.br\/polifonia\/wp-json\/wp\/v2\/users\/24156"}],"replies":[{"embeddable":true,"href":"https:\/\/sites.usp.br\/polifonia\/wp-json\/wp\/v2\/comments?post=64"}],"version-history":[{"count":5,"href":"https:\/\/sites.usp.br\/polifonia\/wp-json\/wp\/v2\/pages\/64\/revisions"}],"predecessor-version":[{"id":364,"href":"https:\/\/sites.usp.br\/polifonia\/wp-json\/wp\/v2\/pages\/64\/revisions\/364"}],"wp:attachment":[{"href":"https:\/\/sites.usp.br\/polifonia\/wp-json\/wp\/v2\/media?parent=64"}],"curies":[{"name":"wp","href":"https:\/\/api.w.org\/{rel}","templated":true}]}}