{"id":1172,"date":"2023-05-19T16:09:26","date_gmt":"2023-05-19T19:09:26","guid":{"rendered":"https:\/\/sites.usp.br\/polinguas\/?page_id=1172"},"modified":"2025-07-23T15:11:13","modified_gmt":"2025-07-23T18:11:13","slug":"nossa-equipe","status":"publish","type":"page","link":"https:\/\/sites.usp.br\/polinguas\/nossa-equipe\/","title":{"rendered":"Nossa Equipe"},"content":{"rendered":"<h4>Coordena\u00e7\u00e3o<\/h4>\n<p><img decoding=\"async\" class=\"alignleft wp-image-1405\" src=\"https:\/\/sites.usp.br\/polinguas\/wp-content\/uploads\/sites\/1234\/2023\/07\/foto-professora-maite-270x300.jpeg\" alt=\"\" width=\"211\" height=\"234\" srcset=\"https:\/\/sites.usp.br\/polinguas\/wp-content\/uploads\/sites\/1234\/2023\/07\/foto-professora-maite-270x300.jpeg 270w, https:\/\/sites.usp.br\/polinguas\/wp-content\/uploads\/sites\/1234\/2023\/07\/foto-professora-maite-922x1024.jpeg 922w, https:\/\/sites.usp.br\/polinguas\/wp-content\/uploads\/sites\/1234\/2023\/07\/foto-professora-maite-768x853.jpeg 768w, https:\/\/sites.usp.br\/polinguas\/wp-content\/uploads\/sites\/1234\/2023\/07\/foto-professora-maite.jpeg 960w\" sizes=\"(max-width: 211px) 100vw, 211px\" \/><\/p>\n<p>&nbsp;<\/p>\n<p>&nbsp;<\/p>\n<p>&nbsp;<\/p>\n<p>&nbsp;<\/p>\n<p>&nbsp;<\/p>\n<p>&nbsp;<\/p>\n<p><strong><a href=\"https:\/\/dlm.fflch.usp.br\/maria-teresa-celada\">Maria Teresa Celada<\/a> &#8211;\u00a0<\/strong>FFLCH<\/p>\n<h4>Vice-coordena\u00e7\u00e3o<\/h4>\n<p><img decoding=\"async\" class=\"alignnone wp-image-4247 \" src=\"https:\/\/sites.usp.br\/polinguas\/wp-content\/uploads\/sites\/1234\/2025\/05\/Challenges_of_Scientific_Dissemination_NeuroMat_55-e1748363638593-300x300.jpg\" alt=\"\" width=\"184\" height=\"184\" srcset=\"https:\/\/sites.usp.br\/polinguas\/wp-content\/uploads\/sites\/1234\/2025\/05\/Challenges_of_Scientific_Dissemination_NeuroMat_55-e1748363638593-300x300.jpg 300w, https:\/\/sites.usp.br\/polinguas\/wp-content\/uploads\/sites\/1234\/2025\/05\/Challenges_of_Scientific_Dissemination_NeuroMat_55-e1748363638593-150x150.jpg 150w, https:\/\/sites.usp.br\/polinguas\/wp-content\/uploads\/sites\/1234\/2025\/05\/Challenges_of_Scientific_Dissemination_NeuroMat_55-e1748363638593-768x768.jpg 768w, https:\/\/sites.usp.br\/polinguas\/wp-content\/uploads\/sites\/1234\/2025\/05\/Challenges_of_Scientific_Dissemination_NeuroMat_55-e1748363638593-45x45.jpg 45w, https:\/\/sites.usp.br\/polinguas\/wp-content\/uploads\/sites\/1234\/2025\/05\/Challenges_of_Scientific_Dissemination_NeuroMat_55-e1748363638593.jpg 960w\" sizes=\"(max-width: 184px) 100vw, 184px\" \/><\/p>\n<p><strong><a href=\"https:\/\/www.ib.usp.br\/telefones-ib\/docentes-ib\/58-andre-frazao-helene.html\">Andr\u00e9 Fraz\u00e3o Helene<\/a> &#8211; <\/strong>IB<\/p>\n<h4>\u00a0Coordena\u00e7\u00e3o PROIAD-<i>l\u00ednguas<\/i>\u00a02022-2023<\/h4>\n<p><img decoding=\"async\" class=\"\" src=\"https:\/\/sites.usp.br\/polinguas\/wp-content\/uploads\/sites\/1234\/2023\/01\/Foto1_Ana-Duboc-150x150.jpg\" sizes=\"(max-width: 150px) 100vw, 150px\" srcset=\"https:\/\/sites.usp.br\/polinguas\/wp-content\/uploads\/sites\/1234\/2023\/01\/Foto1_Ana-Duboc-150x150.jpg 150w, https:\/\/sites.usp.br\/polinguas\/wp-content\/uploads\/sites\/1234\/2023\/01\/Foto1_Ana-Duboc-45x45.jpg 45w\" alt=\"\" width=\"169\" height=\"169\" \/><\/p>\n<p><strong><a href=\"http:\/\/lattes.cnpq.br\/8933339247096718\">Ana Paula Duboc<\/a> &#8211;\u00a0<\/strong>FEUSP<\/p>\n<p><img loading=\"lazy\" decoding=\"async\" class=\" wp-image-1399 alignleft\" src=\"https:\/\/sites.usp.br\/polinguas\/wp-content\/uploads\/sites\/1234\/2023\/07\/foto-professora-heloisa-222x300.jpeg\" alt=\"\" width=\"151\" height=\"204\" srcset=\"https:\/\/sites.usp.br\/polinguas\/wp-content\/uploads\/sites\/1234\/2023\/07\/foto-professora-heloisa-222x300.jpeg 222w, https:\/\/sites.usp.br\/polinguas\/wp-content\/uploads\/sites\/1234\/2023\/07\/foto-professora-heloisa.jpeg 289w\" sizes=\"(max-width: 151px) 100vw, 151px\" \/><\/p>\n<p>&nbsp;<\/p>\n<p>&nbsp;<\/p>\n<p>&nbsp;<\/p>\n<p>&nbsp;<\/p>\n<p>&nbsp;<\/p>\n<p><strong><a href=\"https:\/\/dlm.fflch.usp.br\/frances\/heloisa_costa\">Heloisa Brito de Albuquerque Costa<\/a> &#8211;<\/strong> FFLCH<\/p>\n<p><img loading=\"lazy\" decoding=\"async\" class=\"\" src=\"https:\/\/sites.usp.br\/polinguas\/wp-content\/uploads\/sites\/1234\/2023\/05\/IMG-20190609-WA0050-2-150x150.jpg\" sizes=\"(max-width: 150px) 100vw, 150px\" srcset=\"https:\/\/sites.usp.br\/polinguas\/wp-content\/uploads\/sites\/1234\/2023\/05\/IMG-20190609-WA0050-2-150x150.jpg 150w, https:\/\/sites.usp.br\/polinguas\/wp-content\/uploads\/sites\/1234\/2023\/05\/IMG-20190609-WA0050-2-45x45.jpg 45w\" alt=\"\" width=\"164\" height=\"164\" \/><\/p>\n<p><strong><a href=\"http:\/\/lattes.cnpq.br\/4537401692636107\">Livia de Araujo Donnini Rodrigues <\/a>&#8211;<\/strong> FEUSP<\/p>\n<h4>Demais membros<\/h4>\n<p><img loading=\"lazy\" decoding=\"async\" class=\"\" src=\"https:\/\/sites.usp.br\/polinguas\/wp-content\/uploads\/sites\/1234\/2023\/05\/valdir.jpg\" sizes=\"(max-width: 600px) 100vw, 600px\" srcset=\"https:\/\/sites.usp.br\/polinguas\/wp-content\/uploads\/sites\/1234\/2023\/05\/valdir.jpg 600w, https:\/\/sites.usp.br\/polinguas\/wp-content\/uploads\/sites\/1234\/2023\/05\/valdir-300x300.jpg 300w, https:\/\/sites.usp.br\/polinguas\/wp-content\/uploads\/sites\/1234\/2023\/05\/valdir-150x150.jpg 150w, https:\/\/sites.usp.br\/polinguas\/wp-content\/uploads\/sites\/1234\/2023\/05\/valdir-45x45.jpg 45w\" alt=\"\" width=\"200\" height=\"199\" \/><\/p>\n<p><a href=\"https:\/\/flp.fflch.usp.br\/docentes\/valdir\"><strong>Valdir Heitor Barzotto<\/strong><\/a> (Coordenador de<span style=\"font-weight: 400;\"> abril de 2021 a abril de 2025)\u00a0<\/span>&#8211; FEUSP<\/p>\n<p><img loading=\"lazy\" decoding=\"async\" src=\"https:\/\/sites.usp.br\/polinguas\/wp-content\/uploads\/sites\/1234\/2023\/01\/20151208_111117-150x150.jpg\" sizes=\"(max-width: 150px) 100vw, 150px\" srcset=\"https:\/\/sites.usp.br\/polinguas\/wp-content\/uploads\/sites\/1234\/2023\/01\/20151208_111117-150x150.jpg 150w, https:\/\/sites.usp.br\/polinguas\/wp-content\/uploads\/sites\/1234\/2023\/01\/20151208_111117-45x45.jpg 45w\" alt=\"\" width=\"150\" height=\"150\" \/><\/p>\n<p><strong><a href=\"https:\/\/dlm.fflch.usp.br\/espanhol\/adrian_fanjul\">Adrian Pablo Fanjul<\/a> &#8211;\u00a0<\/strong>FFLCH<\/p>\n<p><img loading=\"lazy\" decoding=\"async\" class=\"\" src=\"https:\/\/sites.usp.br\/polinguas\/wp-content\/uploads\/sites\/1234\/2023\/01\/eliane_lousada2_1.jpg\" alt=\"\" width=\"125\" height=\"150\" \/><\/p>\n<p><b style=\"color: #ff9900;\"><a href=\"https:\/\/dlm.fflch.usp.br\/frances\/eliane_lousada\">Eliane<\/a><\/b><b style=\"color: #ff9900;\">\u00a0<a href=\"https:\/\/dlm.fflch.usp.br\/frances\/eliane_lousada\">Lousada<\/a> &#8211;\u00a0<\/b>FFLCH<\/p>\n<p><img loading=\"lazy\" decoding=\"async\" src=\"https:\/\/sites.usp.br\/polinguas\/wp-content\/uploads\/sites\/1234\/2023\/05\/elisabeta-150x150.jpg\" sizes=\"(max-width: 150px) 100vw, 150px\" srcset=\"https:\/\/sites.usp.br\/polinguas\/wp-content\/uploads\/sites\/1234\/2023\/05\/elisabeta-150x150.jpg 150w, https:\/\/sites.usp.br\/polinguas\/wp-content\/uploads\/sites\/1234\/2023\/05\/elisabeta-45x45.jpg 45w\" alt=\"\" width=\"150\" height=\"150\" \/><\/p>\n<p><strong><a href=\"https:\/\/italiano.fflch.usp.br\/elisabetta-santoro\">Elisabetta Santoro<\/a> &#8211;\u00a0<\/strong>FFLCH<\/p>\n<p><img loading=\"lazy\" decoding=\"async\" class=\"alignleft wp-image-1400 \" src=\"https:\/\/sites.usp.br\/polinguas\/wp-content\/uploads\/sites\/1234\/2023\/07\/WhatsApp-Image-2023-07-26-at-09.59.58-150x150.jpeg\" alt=\"\" width=\"155\" height=\"155\" srcset=\"https:\/\/sites.usp.br\/polinguas\/wp-content\/uploads\/sites\/1234\/2023\/07\/WhatsApp-Image-2023-07-26-at-09.59.58-150x150.jpeg 150w, https:\/\/sites.usp.br\/polinguas\/wp-content\/uploads\/sites\/1234\/2023\/07\/WhatsApp-Image-2023-07-26-at-09.59.58-45x45.jpeg 45w\" sizes=\"(max-width: 155px) 100vw, 155px\" \/><\/p>\n<p>&nbsp;<\/p>\n<p>&nbsp;<\/p>\n<p>&nbsp;<\/p>\n<p>&nbsp;<\/p>\n<p><strong>F\u00e1bio Barbosa de Lima<\/strong> &#8211; FFLCH<\/p>\n<p><img loading=\"lazy\" decoding=\"async\" class=\"\" src=\"https:\/\/sites.usp.br\/polinguas\/wp-content\/uploads\/sites\/1234\/2023\/05\/leiko-150x150.jpg\" sizes=\"(max-width: 150px) 100vw, 150px\" srcset=\"https:\/\/sites.usp.br\/polinguas\/wp-content\/uploads\/sites\/1234\/2023\/05\/leiko-150x150.jpg 150w, https:\/\/sites.usp.br\/polinguas\/wp-content\/uploads\/sites\/1234\/2023\/05\/leiko-45x45.jpg 45w, https:\/\/sites.usp.br\/polinguas\/wp-content\/uploads\/sites\/1234\/2023\/05\/leiko.jpg 200w\" alt=\"\" width=\"163\" height=\"163\" \/><\/p>\n<p><a href=\"https:\/\/letrasorientais.fflch.usp.br\/institucional\/docentes\/leiko\"><strong>Leiko Matsubara Morales<\/strong> <\/a>&#8211; FFLCH<\/p>\n<p><img loading=\"lazy\" decoding=\"async\" class=\" wp-image-1350 alignleft\" src=\"https:\/\/sites.usp.br\/polinguas\/wp-content\/uploads\/sites\/1234\/2023\/07\/WhatsApp-Image-2023-07-21-at-17.09.35-203x300.jpeg\" alt=\"\" width=\"160\" height=\"236\" srcset=\"https:\/\/sites.usp.br\/polinguas\/wp-content\/uploads\/sites\/1234\/2023\/07\/WhatsApp-Image-2023-07-21-at-17.09.35-203x300.jpeg 203w, https:\/\/sites.usp.br\/polinguas\/wp-content\/uploads\/sites\/1234\/2023\/07\/WhatsApp-Image-2023-07-21-at-17.09.35-694x1024.jpeg 694w, https:\/\/sites.usp.br\/polinguas\/wp-content\/uploads\/sites\/1234\/2023\/07\/WhatsApp-Image-2023-07-21-at-17.09.35.jpeg 721w\" sizes=\"(max-width: 160px) 100vw, 160px\" \/><\/p>\n<p>&nbsp;<\/p>\n<p>&nbsp;<\/p>\n<p>&nbsp;<\/p>\n<p>&nbsp;<\/p>\n<p>&nbsp;<\/p>\n<p>&nbsp;<\/p>\n<p><strong>Marisa Grigoletto<\/strong> &#8211; FFLCH<\/p>\n<p><img loading=\"lazy\" decoding=\"async\" class=\"\" src=\"https:\/\/sites.usp.br\/polinguas\/wp-content\/uploads\/sites\/1234\/2023\/05\/Screen-Shot-2022-03-03-at-15.05.43-150x150.png\" sizes=\"(max-width: 150px) 100vw, 150px\" srcset=\"https:\/\/sites.usp.br\/polinguas\/wp-content\/uploads\/sites\/1234\/2023\/05\/Screen-Shot-2022-03-03-at-15.05.43-150x150.png 150w, https:\/\/sites.usp.br\/polinguas\/wp-content\/uploads\/sites\/1234\/2023\/05\/Screen-Shot-2022-03-03-at-15.05.43-45x45.png 45w\" alt=\"\" width=\"161\" height=\"161\" \/><\/p>\n<p><strong><a href=\"https:\/\/www.escavador.com\/sobre\/551817\/milan-puh\">Milan Puh<\/a> &#8211; FFLCH<\/strong><\/p>\n<p><img loading=\"lazy\" decoding=\"async\" class=\" wp-image-1349 alignleft\" src=\"https:\/\/sites.usp.br\/polinguas\/wp-content\/uploads\/sites\/1234\/2023\/07\/WhatsApp-Image-2023-07-21-at-17.06.58-225x300.jpeg\" alt=\"\" width=\"168\" height=\"224\" srcset=\"https:\/\/sites.usp.br\/polinguas\/wp-content\/uploads\/sites\/1234\/2023\/07\/WhatsApp-Image-2023-07-21-at-17.06.58-225x300.jpeg 225w, https:\/\/sites.usp.br\/polinguas\/wp-content\/uploads\/sites\/1234\/2023\/07\/WhatsApp-Image-2023-07-21-at-17.06.58-768x1024.jpeg 768w, https:\/\/sites.usp.br\/polinguas\/wp-content\/uploads\/sites\/1234\/2023\/07\/WhatsApp-Image-2023-07-21-at-17.06.58.jpeg 1009w\" sizes=\"(max-width: 168px) 100vw, 168px\" \/><\/p>\n<p>&nbsp;<\/p>\n<p>&nbsp;<\/p>\n<p>&nbsp;<\/p>\n<p>&nbsp;<\/p>\n<p>&nbsp;<\/p>\n<p><strong><a href=\"https:\/\/www.escavador.com\/sobre\/8100695\/monica-ferreira-mayrink-okuinghttons\">Monica Ferreira Mayrink o Kuinghttons<\/a> &#8211; FFLCH<\/strong><\/p>\n<p><img loading=\"lazy\" decoding=\"async\" class=\"\" src=\"https:\/\/sites.usp.br\/polinguas\/wp-content\/uploads\/sites\/1234\/2023\/01\/d_arabe_paulo.jpg\" sizes=\"(max-width: 200px) 100vw, 200px\" srcset=\"https:\/\/sites.usp.br\/polinguas\/wp-content\/uploads\/sites\/1234\/2023\/01\/d_arabe_paulo.jpg 200w, https:\/\/sites.usp.br\/polinguas\/wp-content\/uploads\/sites\/1234\/2023\/01\/d_arabe_paulo-150x150.jpg 150w, https:\/\/sites.usp.br\/polinguas\/wp-content\/uploads\/sites\/1234\/2023\/01\/d_arabe_paulo-45x45.jpg 45w\" alt=\"\" width=\"179\" height=\"179\" \/><\/p>\n<p><strong><a href=\"https:\/\/letrasorientais.fflch.usp.br\/institucional\/docentes\/paulo\">Paulo Daniel Elias Farah<\/a> &#8211; <\/strong>FFLCH<\/p>\n<p><img loading=\"lazy\" decoding=\"async\" class=\"\" src=\"https:\/\/sites.usp.br\/polinguas\/wp-content\/uploads\/sites\/1234\/2023\/05\/20200714_180253-3-2-150x150.jpg\" sizes=\"(max-width: 150px) 100vw, 150px\" srcset=\"https:\/\/sites.usp.br\/polinguas\/wp-content\/uploads\/sites\/1234\/2023\/05\/20200714_180253-3-2-150x150.jpg 150w, https:\/\/sites.usp.br\/polinguas\/wp-content\/uploads\/sites\/1234\/2023\/05\/20200714_180253-3-2-45x45.jpg 45w\" alt=\"\" width=\"164\" height=\"164\" \/><\/p>\n<p><a href=\"http:\/\/lattes.cnpq.br\/0429289966249345\"><strong>Vera L\u00facia Marinelli<\/strong><\/a> &#8211; FEUSP<\/p>\n<h2>Nossas Estagi\u00e1rias:<\/h2>\n<p><img loading=\"lazy\" decoding=\"async\" class=\"alignnone wp-image-4243\" src=\"https:\/\/sites.usp.br\/polinguas\/wp-content\/uploads\/sites\/1234\/2025\/05\/WhatsApp-Image-2025-05-08-at-17.30.04-e1748286347840-300x300.jpeg\" alt=\"\" width=\"181\" height=\"181\" srcset=\"https:\/\/sites.usp.br\/polinguas\/wp-content\/uploads\/sites\/1234\/2025\/05\/WhatsApp-Image-2025-05-08-at-17.30.04-e1748286347840-300x300.jpeg 300w, https:\/\/sites.usp.br\/polinguas\/wp-content\/uploads\/sites\/1234\/2025\/05\/WhatsApp-Image-2025-05-08-at-17.30.04-e1748286347840-1024x1024.jpeg 1024w, https:\/\/sites.usp.br\/polinguas\/wp-content\/uploads\/sites\/1234\/2025\/05\/WhatsApp-Image-2025-05-08-at-17.30.04-e1748286347840-150x150.jpeg 150w, https:\/\/sites.usp.br\/polinguas\/wp-content\/uploads\/sites\/1234\/2025\/05\/WhatsApp-Image-2025-05-08-at-17.30.04-e1748286347840-768x768.jpeg 768w, https:\/\/sites.usp.br\/polinguas\/wp-content\/uploads\/sites\/1234\/2025\/05\/WhatsApp-Image-2025-05-08-at-17.30.04-e1748286347840-45x45.jpeg 45w, https:\/\/sites.usp.br\/polinguas\/wp-content\/uploads\/sites\/1234\/2025\/05\/WhatsApp-Image-2025-05-08-at-17.30.04-e1748286347840.jpeg 1200w\" sizes=\"(max-width: 181px) 100vw, 181px\" \/><\/p>\n<p><a href=\"http:\/\/lattes.cnpq.br\/6011117818756994\"><strong>J\u00falia Dias<\/strong><\/a> &#8211; FFLCH (mar. 2025 a atualmente)<\/p>\n<p><img loading=\"lazy\" decoding=\"async\" class=\"alignnone wp-image-3759\" src=\"https:\/\/sites.usp.br\/polinguas\/wp-content\/uploads\/sites\/1234\/2025\/02\/Maina-Cristina-estagiaria-do-PoLinguas-300x300.jpg\" alt=\"\" width=\"153\" height=\"153\" srcset=\"https:\/\/sites.usp.br\/polinguas\/wp-content\/uploads\/sites\/1234\/2025\/02\/Maina-Cristina-estagiaria-do-PoLinguas-300x300.jpg 300w, https:\/\/sites.usp.br\/polinguas\/wp-content\/uploads\/sites\/1234\/2025\/02\/Maina-Cristina-estagiaria-do-PoLinguas-1024x1024.jpg 1024w, https:\/\/sites.usp.br\/polinguas\/wp-content\/uploads\/sites\/1234\/2025\/02\/Maina-Cristina-estagiaria-do-PoLinguas-150x150.jpg 150w, https:\/\/sites.usp.br\/polinguas\/wp-content\/uploads\/sites\/1234\/2025\/02\/Maina-Cristina-estagiaria-do-PoLinguas-768x768.jpg 768w, https:\/\/sites.usp.br\/polinguas\/wp-content\/uploads\/sites\/1234\/2025\/02\/Maina-Cristina-estagiaria-do-PoLinguas-1536x1536.jpg 1536w, https:\/\/sites.usp.br\/polinguas\/wp-content\/uploads\/sites\/1234\/2025\/02\/Maina-Cristina-estagiaria-do-PoLinguas-45x45.jpg 45w, https:\/\/sites.usp.br\/polinguas\/wp-content\/uploads\/sites\/1234\/2025\/02\/Maina-Cristina-estagiaria-do-PoLinguas.jpg 1599w\" sizes=\"(max-width: 153px) 100vw, 153px\" \/><\/p>\n<p><a href=\"http:\/\/lattes.cnpq.br\/7215891869775036\"><strong>Main\u00e1 Cristina<\/strong><\/a> &#8211; FFLCH (set. 2024 a fev. 2025)<\/p>\n<p><img loading=\"lazy\" decoding=\"async\" src=\"https:\/\/sites.usp.br\/polinguas\/wp-content\/uploads\/sites\/1234\/2023\/05\/WhatsApp-Image-2023-05-25-at-09.00.29-150x150.jpeg\" sizes=\"(max-width: 150px) 100vw, 150px\" srcset=\"https:\/\/sites.usp.br\/polinguas\/wp-content\/uploads\/sites\/1234\/2023\/05\/WhatsApp-Image-2023-05-25-at-09.00.29-150x150.jpeg 150w, https:\/\/sites.usp.br\/polinguas\/wp-content\/uploads\/sites\/1234\/2023\/05\/WhatsApp-Image-2023-05-25-at-09.00.29-45x45.jpeg 45w\" alt=\"\" width=\"150\" height=\"150\" \/><\/p>\n<p><a href=\"http:\/\/lattes.cnpq.br\/6303777241106056\"><strong>Ana Carolina<\/strong><\/a> &#8211; FFLCH (mar. 2023 a set. 2023)<\/p>\n<p><img loading=\"lazy\" decoding=\"async\" class=\"alignleft wp-image-1348 size-thumbnail\" src=\"https:\/\/sites.usp.br\/polinguas\/wp-content\/uploads\/sites\/1234\/2023\/07\/WhatsApp-Image-2023-07-21-at-17.06.57-150x150.jpeg\" alt=\"\" width=\"150\" height=\"150\" srcset=\"https:\/\/sites.usp.br\/polinguas\/wp-content\/uploads\/sites\/1234\/2023\/07\/WhatsApp-Image-2023-07-21-at-17.06.57-150x150.jpeg 150w, https:\/\/sites.usp.br\/polinguas\/wp-content\/uploads\/sites\/1234\/2023\/07\/WhatsApp-Image-2023-07-21-at-17.06.57-45x45.jpeg 45w\" sizes=\"(max-width: 150px) 100vw, 150px\" \/><\/p>\n<p>&nbsp;<\/p>\n<p>&nbsp;<\/p>\n<p>&nbsp;<\/p>\n<p>&nbsp;<\/p>\n<p><a href=\"http:\/\/lattes.cnpq.br\/1930805636822588\"><strong>Giovanna Coppi<\/strong><\/a> &#8211; FFLCH (set. 2022 a mar. 2023)<\/p>\n<p><img loading=\"lazy\" decoding=\"async\" src=\"https:\/\/sites.usp.br\/polinguas\/wp-content\/uploads\/sites\/1234\/2023\/05\/Snapchat-101627178_2-150x150.jpg\" sizes=\"(max-width: 150px) 100vw, 150px\" srcset=\"https:\/\/sites.usp.br\/polinguas\/wp-content\/uploads\/sites\/1234\/2023\/05\/Snapchat-101627178_2-150x150.jpg 150w, https:\/\/sites.usp.br\/polinguas\/wp-content\/uploads\/sites\/1234\/2023\/05\/Snapchat-101627178_2-45x45.jpg 45w\" alt=\"\" width=\"150\" height=\"150\" \/><\/p>\n<p><strong>Helen Mendes &#8211; <\/strong>ECA (dez. 2022 a jun. 2023)<\/p>\n<p><img loading=\"lazy\" decoding=\"async\" class=\"alignleft wp-image-1351 size-thumbnail\" src=\"https:\/\/sites.usp.br\/polinguas\/wp-content\/uploads\/sites\/1234\/2023\/07\/319969642_648759893617656_1379368618953229045_n-150x150.jpg\" alt=\"\" width=\"150\" height=\"150\" srcset=\"https:\/\/sites.usp.br\/polinguas\/wp-content\/uploads\/sites\/1234\/2023\/07\/319969642_648759893617656_1379368618953229045_n-150x150.jpg 150w, https:\/\/sites.usp.br\/polinguas\/wp-content\/uploads\/sites\/1234\/2023\/07\/319969642_648759893617656_1379368618953229045_n-300x300.jpg 300w, https:\/\/sites.usp.br\/polinguas\/wp-content\/uploads\/sites\/1234\/2023\/07\/319969642_648759893617656_1379368618953229045_n-45x45.jpg 45w, https:\/\/sites.usp.br\/polinguas\/wp-content\/uploads\/sites\/1234\/2023\/07\/319969642_648759893617656_1379368618953229045_n.jpg 640w\" sizes=\"(max-width: 150px) 100vw, 150px\" \/><\/p>\n<p>&nbsp;<\/p>\n<p>&nbsp;<\/p>\n<p>&nbsp;<\/p>\n<p>&nbsp;<\/p>\n<p><a href=\"http:\/\/lattes.cnpq.br\/5263399605891352\"><strong>Jade Castilho<\/strong><\/a> &#8211; ECA (jan. 2023 a jul. 2023)<\/p>\n","protected":false},"excerpt":{"rendered":"<p>Coordena\u00e7\u00e3o &nbsp; &nbsp; &nbsp; &nbsp; &nbsp; &nbsp; Maria Teresa Celada &#8211;\u00a0FFLCH Vice-coordena\u00e7\u00e3o Andr\u00e9 Fraz\u00e3o Helene &#8211; IB \u00a0Coordena\u00e7\u00e3o PROIAD-l\u00ednguas\u00a02022-2023 Ana Paula Duboc &#8211;\u00a0FEUSP &nbsp; &nbsp; &nbsp; &nbsp; &nbsp; Heloisa Brito de Albuquerque Costa &#8211; FFLCH Livia de Araujo Donnini Rodrigues &#8211; FEUSP Demais membros Valdir Heitor Barzotto (Coordenador de abril de 2021 a abril de [&hellip;]<\/p>\n","protected":false},"author":23416,"featured_media":0,"parent":0,"menu_order":0,"comment_status":"closed","ping_status":"closed","template":"","meta":{"footnotes":"","_links_to":"","_links_to_target":""},"class_list":["post-1172","page","type-page","status-publish","hentry"],"_links":{"self":[{"href":"https:\/\/sites.usp.br\/polinguas\/wp-json\/wp\/v2\/pages\/1172","targetHints":{"allow":["GET"]}}],"collection":[{"href":"https:\/\/sites.usp.br\/polinguas\/wp-json\/wp\/v2\/pages"}],"about":[{"href":"https:\/\/sites.usp.br\/polinguas\/wp-json\/wp\/v2\/types\/page"}],"author":[{"embeddable":true,"href":"https:\/\/sites.usp.br\/polinguas\/wp-json\/wp\/v2\/users\/23416"}],"replies":[{"embeddable":true,"href":"https:\/\/sites.usp.br\/polinguas\/wp-json\/wp\/v2\/comments?post=1172"}],"version-history":[{"count":7,"href":"https:\/\/sites.usp.br\/polinguas\/wp-json\/wp\/v2\/pages\/1172\/revisions"}],"predecessor-version":[{"id":4432,"href":"https:\/\/sites.usp.br\/polinguas\/wp-json\/wp\/v2\/pages\/1172\/revisions\/4432"}],"wp:attachment":[{"href":"https:\/\/sites.usp.br\/polinguas\/wp-json\/wp\/v2\/media?parent=1172"}],"curies":[{"name":"wp","href":"https:\/\/api.w.org\/{rel}","templated":true}]}}