{"id":1231,"date":"2023-06-17T18:48:58","date_gmt":"2023-06-17T21:48:58","guid":{"rendered":"https:\/\/sites.usp.br\/polinguas\/?page_id=1231"},"modified":"2025-02-06T15:25:54","modified_gmt":"2025-02-06T18:25:54","slug":"repositorio","status":"publish","type":"page","link":"https:\/\/sites.usp.br\/polinguas\/repositorio\/","title":{"rendered":"Reposit\u00f3rio"},"content":{"rendered":"<blockquote class=\"wp-embedded-content\" data-secret=\"J7xD1oU3wp\"><p><a href=\"https:\/\/sites.usp.br\/polinguas\/ciclo-plurilingue-2\/\">Ciclo pluril\u00edngue: Percursos para colabora\u00e7\u00e3o cient\u00edfica, do gloss\u00e1rio ao projeto<\/a><\/p><\/blockquote>\n<p><iframe class=\"wp-embedded-content\" sandbox=\"allow-scripts\" security=\"restricted\" style=\"position: absolute; visibility: hidden;\" title=\"&#8220;Ciclo pluril\u00edngue: Percursos para colabora\u00e7\u00e3o cient\u00edfica, do gloss\u00e1rio ao projeto&#8221; &#8212; PoL\u00ednguas USP\" src=\"https:\/\/sites.usp.br\/polinguas\/ciclo-plurilingue-2\/embed\/#?secret=lCbkwcsg4r#?secret=J7xD1oU3wp\" data-secret=\"J7xD1oU3wp\" width=\"600\" height=\"338\" frameborder=\"0\" marginwidth=\"0\" marginheight=\"0\" scrolling=\"no\"><\/iframe><\/p>\n<blockquote class=\"wp-embedded-content\" data-secret=\"6k6dxwqXM9\"><p><a href=\"https:\/\/sites.usp.br\/polinguas\/videos-2\/\">V\u00eddeos<\/a><\/p><\/blockquote>\n<p><iframe class=\"wp-embedded-content\" sandbox=\"allow-scripts\" security=\"restricted\" style=\"position: absolute; visibility: hidden;\" title=\"&#8220;V\u00eddeos&#8221; &#8212; PoL\u00ednguas USP\" src=\"https:\/\/sites.usp.br\/polinguas\/videos-2\/embed\/#?secret=pdWoodbpOr#?secret=6k6dxwqXM9\" data-secret=\"6k6dxwqXM9\" width=\"600\" height=\"338\" frameborder=\"0\" marginwidth=\"0\" marginheight=\"0\" scrolling=\"no\"><\/iframe><\/p>\n","protected":false},"excerpt":{"rendered":"<p>Ciclo pluril\u00edngue: Percursos para colabora\u00e7\u00e3o cient\u00edfica, do gloss\u00e1rio ao projeto V\u00eddeos<\/p>\n","protected":false},"author":23458,"featured_media":0,"parent":0,"menu_order":0,"comment_status":"closed","ping_status":"closed","template":"elementor_theme","meta":{"footnotes":"","_links_to":"","_links_to_target":""},"class_list":["post-1231","page","type-page","status-publish","hentry"],"_links":{"self":[{"href":"https:\/\/sites.usp.br\/polinguas\/wp-json\/wp\/v2\/pages\/1231","targetHints":{"allow":["GET"]}}],"collection":[{"href":"https:\/\/sites.usp.br\/polinguas\/wp-json\/wp\/v2\/pages"}],"about":[{"href":"https:\/\/sites.usp.br\/polinguas\/wp-json\/wp\/v2\/types\/page"}],"author":[{"embeddable":true,"href":"https:\/\/sites.usp.br\/polinguas\/wp-json\/wp\/v2\/users\/23458"}],"replies":[{"embeddable":true,"href":"https:\/\/sites.usp.br\/polinguas\/wp-json\/wp\/v2\/comments?post=1231"}],"version-history":[{"count":4,"href":"https:\/\/sites.usp.br\/polinguas\/wp-json\/wp\/v2\/pages\/1231\/revisions"}],"predecessor-version":[{"id":3715,"href":"https:\/\/sites.usp.br\/polinguas\/wp-json\/wp\/v2\/pages\/1231\/revisions\/3715"}],"wp:attachment":[{"href":"https:\/\/sites.usp.br\/polinguas\/wp-json\/wp\/v2\/media?parent=1231"}],"curies":[{"name":"wp","href":"https:\/\/api.w.org\/{rel}","templated":true}]}}