{"id":1300,"date":"2023-07-19T19:46:27","date_gmt":"2023-07-19T22:46:27","guid":{"rendered":"https:\/\/sites.usp.br\/polinguas\/?page_id=1300"},"modified":"2024-03-18T16:16:26","modified_gmt":"2024-03-18T19:16:26","slug":"2o-semestre-frances","status":"publish","type":"page","link":"https:\/\/sites.usp.br\/polinguas\/2o-semestre-frances\/","title":{"rendered":"\u00a0Franc\u00eas para Objetivo Universit\u00e1rio \u2013 prepara\u00e7\u00e3o para a mobilidade acad\u00eamica \u2013\u00a0M\u00f3dulo 1 : Primeiras intera\u00e7\u00f5es em contexto universit\u00e1rio franc\u00f3fono\u00a0"},"content":{"rendered":"<p><img fetchpriority=\"high\" decoding=\"async\" class=\"wp-image-1879 size-medium alignleft\" src=\"https:\/\/sites.usp.br\/polinguas\/wp-content\/uploads\/sites\/1234\/2024\/03\/logos-300x300.png\" alt=\"\" width=\"300\" height=\"300\" srcset=\"https:\/\/sites.usp.br\/polinguas\/wp-content\/uploads\/sites\/1234\/2024\/03\/logos-300x300.png 300w, https:\/\/sites.usp.br\/polinguas\/wp-content\/uploads\/sites\/1234\/2024\/03\/logos-1024x1024.png 1024w, https:\/\/sites.usp.br\/polinguas\/wp-content\/uploads\/sites\/1234\/2024\/03\/logos-150x150.png 150w, https:\/\/sites.usp.br\/polinguas\/wp-content\/uploads\/sites\/1234\/2024\/03\/logos-768x768.png 768w, https:\/\/sites.usp.br\/polinguas\/wp-content\/uploads\/sites\/1234\/2024\/03\/logos-45x45.png 45w, https:\/\/sites.usp.br\/polinguas\/wp-content\/uploads\/sites\/1234\/2024\/03\/logos.png 1080w\" sizes=\"(max-width: 300px) 100vw, 300px\" \/>O curso\u00a0<b>Franc\u00eas para Objetivo Universit\u00e1rio \u2013 prepara\u00e7\u00e3o para a mobilidade acad\u00eamica \u2013\u00a0<\/b><b>M\u00f3dulo 1 : Primeiras intera\u00e7\u00f5es em contexto universit\u00e1rio franc\u00f3fono<\/b> foi destinado a estudantes de gradua\u00e7\u00e3o e teve por objetivo desenvolver habilidades de comunica\u00e7\u00e3o oral e escrita espec\u00edficas para o contexto universit\u00e1rio aos estudantes que est\u00e3o iniciando seu aprendizado em franc\u00eas e que se preparam para realizar um programa de mobilidade acad\u00eamica em um pa\u00eds de l\u00edngua francesa. O curso foi ministrado na modalidade presencia no pr\u00e9dio de Letras da FFLCH-USP<\/p>\n<p><strong>Bolsista PROIAD respons\u00e1vel:\u00a0<\/strong>\u00a0Evellyn Dutra da Costa<\/p>\n<p><strong>Professores respons\u00e1veis:\u00a0<\/strong>Profa. Dra. Heloisa Albuquerque-Costa (<a>heloisaalbuqcosta@usp.br<\/a>)\u00a0 e\u00a0 Profa. Dra. Vera L\u00facia Marinelli (<a>vemar@usp.br<\/a>)<\/p>\n","protected":false},"excerpt":{"rendered":"<p>O curso\u00a0Franc\u00eas para Objetivo Universit\u00e1rio \u2013 prepara\u00e7\u00e3o para a mobilidade acad\u00eamica \u2013\u00a0M\u00f3dulo 1 : Primeiras intera\u00e7\u00f5es em contexto universit\u00e1rio franc\u00f3fono foi destinado a estudantes de gradua\u00e7\u00e3o e teve por objetivo desenvolver habilidades de comunica\u00e7\u00e3o oral e escrita espec\u00edficas para o contexto universit\u00e1rio aos estudantes que est\u00e3o iniciando seu aprendizado em franc\u00eas e que se preparam [&hellip;]<\/p>\n","protected":false},"author":23458,"featured_media":0,"parent":0,"menu_order":0,"comment_status":"closed","ping_status":"closed","template":"","meta":{"footnotes":"","_links_to":"","_links_to_target":""},"class_list":["post-1300","page","type-page","status-publish","hentry"],"_links":{"self":[{"href":"https:\/\/sites.usp.br\/polinguas\/wp-json\/wp\/v2\/pages\/1300","targetHints":{"allow":["GET"]}}],"collection":[{"href":"https:\/\/sites.usp.br\/polinguas\/wp-json\/wp\/v2\/pages"}],"about":[{"href":"https:\/\/sites.usp.br\/polinguas\/wp-json\/wp\/v2\/types\/page"}],"author":[{"embeddable":true,"href":"https:\/\/sites.usp.br\/polinguas\/wp-json\/wp\/v2\/users\/23458"}],"replies":[{"embeddable":true,"href":"https:\/\/sites.usp.br\/polinguas\/wp-json\/wp\/v2\/comments?post=1300"}],"version-history":[{"count":5,"href":"https:\/\/sites.usp.br\/polinguas\/wp-json\/wp\/v2\/pages\/1300\/revisions"}],"predecessor-version":[{"id":1923,"href":"https:\/\/sites.usp.br\/polinguas\/wp-json\/wp\/v2\/pages\/1300\/revisions\/1923"}],"wp:attachment":[{"href":"https:\/\/sites.usp.br\/polinguas\/wp-json\/wp\/v2\/media?parent=1300"}],"curies":[{"name":"wp","href":"https:\/\/api.w.org\/{rel}","templated":true}]}}