{"id":1488,"date":"2023-08-21T10:47:23","date_gmt":"2023-08-21T13:47:23","guid":{"rendered":"https:\/\/sites.usp.br\/polinguas\/?page_id=1488"},"modified":"2024-03-18T16:18:31","modified_gmt":"2024-03-18T19:18:31","slug":"2o-semestre-ingles","status":"publish","type":"page","link":"https:\/\/sites.usp.br\/polinguas\/2o-semestre-ingles\/","title":{"rendered":"Academic English: reading strategies"},"content":{"rendered":"<p><img fetchpriority=\"high\" decoding=\"async\" class=\"wp-image-1879 size-medium alignleft\" src=\"https:\/\/sites.usp.br\/polinguas\/wp-content\/uploads\/sites\/1234\/2024\/03\/logos-300x300.png\" alt=\"\" width=\"300\" height=\"300\" srcset=\"https:\/\/sites.usp.br\/polinguas\/wp-content\/uploads\/sites\/1234\/2024\/03\/logos-300x300.png 300w, https:\/\/sites.usp.br\/polinguas\/wp-content\/uploads\/sites\/1234\/2024\/03\/logos-1024x1024.png 1024w, https:\/\/sites.usp.br\/polinguas\/wp-content\/uploads\/sites\/1234\/2024\/03\/logos-150x150.png 150w, https:\/\/sites.usp.br\/polinguas\/wp-content\/uploads\/sites\/1234\/2024\/03\/logos-768x768.png 768w, https:\/\/sites.usp.br\/polinguas\/wp-content\/uploads\/sites\/1234\/2024\/03\/logos-45x45.png 45w, https:\/\/sites.usp.br\/polinguas\/wp-content\/uploads\/sites\/1234\/2024\/03\/logos.png 1080w\" sizes=\"(max-width: 300px) 100vw, 300px\" \/>O curso\u00a0<b>Academic English: reading strategies<\/b> foi voltado para estudantes da gradua\u00e7\u00e3o e teve por objetivo introduzir algumas ferramentas e estrat\u00e9gias de leitura no intuito de fomentar uma leitura mais aut\u00f4noma. Foram abordadas estrat\u00e9gias de pr\u00e9-leitura, leitura e p\u00f3s-leitura por meio de videoaulas e a disponibiliza\u00e7\u00e3o de atividades autodirigidas. Houve tamb\u00e9m plant\u00f5es de d\u00favida e f\u00f3runs de discuss\u00e3o. O curso foi ministrado \u00e0 dist\u00e2ncia de maneira ass\u00edncrona pelo Moodle.<\/p>\n<p><strong>Bolsista PROIAD respons\u00e1vel<\/strong><strong>:<\/strong> \u00a0Thais Malagoli Braga (<a>thais.malagoli.braga@usp.br<\/a>)<\/p>\n<p><strong>Professores respons\u00e1veis<\/strong>: Profa. Dra. Ana Paula Martinez Duboc (<a>anaduboc@usp.br<\/a>) e Profa. Dra. L\u00edvia de Ara\u00fajo Donnini Rodrigues<\/p>\n","protected":false},"excerpt":{"rendered":"<p>O curso\u00a0Academic English: reading strategies foi voltado para estudantes da gradua\u00e7\u00e3o e teve por objetivo introduzir algumas ferramentas e estrat\u00e9gias de leitura no intuito de fomentar uma leitura mais aut\u00f4noma. Foram abordadas estrat\u00e9gias de pr\u00e9-leitura, leitura e p\u00f3s-leitura por meio de videoaulas e a disponibiliza\u00e7\u00e3o de atividades autodirigidas. Houve tamb\u00e9m plant\u00f5es de d\u00favida e f\u00f3runs [&hellip;]<\/p>\n","protected":false},"author":23531,"featured_media":0,"parent":0,"menu_order":0,"comment_status":"closed","ping_status":"closed","template":"","meta":{"footnotes":"","_links_to":"","_links_to_target":""},"class_list":["post-1488","page","type-page","status-publish","hentry"],"_links":{"self":[{"href":"https:\/\/sites.usp.br\/polinguas\/wp-json\/wp\/v2\/pages\/1488","targetHints":{"allow":["GET"]}}],"collection":[{"href":"https:\/\/sites.usp.br\/polinguas\/wp-json\/wp\/v2\/pages"}],"about":[{"href":"https:\/\/sites.usp.br\/polinguas\/wp-json\/wp\/v2\/types\/page"}],"author":[{"embeddable":true,"href":"https:\/\/sites.usp.br\/polinguas\/wp-json\/wp\/v2\/users\/23531"}],"replies":[{"embeddable":true,"href":"https:\/\/sites.usp.br\/polinguas\/wp-json\/wp\/v2\/comments?post=1488"}],"version-history":[{"count":5,"href":"https:\/\/sites.usp.br\/polinguas\/wp-json\/wp\/v2\/pages\/1488\/revisions"}],"predecessor-version":[{"id":1930,"href":"https:\/\/sites.usp.br\/polinguas\/wp-json\/wp\/v2\/pages\/1488\/revisions\/1930"}],"wp:attachment":[{"href":"https:\/\/sites.usp.br\/polinguas\/wp-json\/wp\/v2\/media?parent=1488"}],"curies":[{"name":"wp","href":"https:\/\/api.w.org\/{rel}","templated":true}]}}