{"id":1589,"date":"2023-09-18T17:05:35","date_gmt":"2023-09-18T20:05:35","guid":{"rendered":"https:\/\/sites.usp.br\/polinguas\/?page_id=1589"},"modified":"2025-02-13T15:39:19","modified_gmt":"2025-02-13T18:39:19","slug":"eventos","status":"publish","type":"page","link":"https:\/\/sites.usp.br\/polinguas\/eventos\/","title":{"rendered":"Eventos do GT"},"content":{"rendered":"\t\t<div data-elementor-type=\"wp-page\" data-elementor-id=\"1589\" class=\"elementor elementor-1589\" data-elementor-post-type=\"page\">\n\t\t\t\t\t\t<section class=\"elementor-section elementor-top-section elementor-element elementor-element-7913aa42 elementor-section-boxed elementor-section-height-default elementor-section-height-default\" data-id=\"7913aa42\" data-element_type=\"section\">\n\t\t\t\t\t\t<div class=\"elementor-container elementor-column-gap-default\">\n\t\t\t\t\t<div class=\"elementor-column elementor-col-100 elementor-top-column elementor-element elementor-element-18abdb23\" data-id=\"18abdb23\" data-element_type=\"column\">\n\t\t\t<div class=\"elementor-widget-wrap elementor-element-populated\">\n\t\t\t\t\t\t<div class=\"elementor-element elementor-element-502fbf1a elementor-widget elementor-widget-text-editor\" data-id=\"502fbf1a\" data-element_type=\"widget\" data-widget_type=\"text-editor.default\">\n\t\t\t\t<div class=\"elementor-widget-container\">\n\t\t\t\t\t\t\t<p>Confira os semin\u00e1rios que o GT-PoL\u00ednguas promoveu na USP:<\/p><h2 style=\"text-align: left;\"><a href=\"https:\/\/sites.usp.br\/polinguas\/i-seminario-sobre-politicas-linguisticas\/\">I Semin\u00e1rio sobre Pol\u00edticas Lingu\u00edsticas na USP <\/a>&#8211; <strong>Por uma pol\u00edtica lingu\u00edstica para a USP<\/strong><\/h2><h2 style=\"text-align: left;\"><a style=\"font-weight: var( --e-global-typography-text-font-weight );\" href=\"https:\/\/sites.usp.br\/polinguas\/ii-seminario-sobre-politicas-linguisticas-na-usp\/\">II Semin\u00e1rio sobre Pol\u00edticas Lingu\u00edsticas na USP<\/a>\u00a0&#8211;\u00a0L\u00ednguas na universidade: institucionaliza\u00e7\u00e3o de uma pol\u00edtica<\/h2><h2 style=\"text-align: left;\"><a href=\"https:\/\/sites.usp.br\/polinguas\/iii-seminario-sobre-politicas-linguisticas-na-usp\/\">III Semin\u00e1rio sobre Pol\u00edticas Lingu\u00edsticas na USP<\/a>\u00a0&#8211;\u00a0L\u00ednguas na universidade: condicionantes e expans\u00e3o<\/h2><div>Confira os eventos que o PoL\u00ednguas promoveu junto ao PROIAD L\u00ednguas:<\/div><div><h2><a href=\"https:\/\/sites.usp.br\/polinguas\/i-encontro-de-formacao-polinguas\/\">I Encontro de forma\u00e7\u00e3o PoL\u00ednguas<\/a>: experi\u00eancias e reflex\u00f5es ao redor do PROIAD L\u00ednguas<\/h2><\/div>\t\t\t\t\t\t<\/div>\n\t\t\t\t<\/div>\n\t\t\t\t\t<\/div>\n\t\t<\/div>\n\t\t\t\t\t<\/div>\n\t\t<\/section>\n\t\t\t\t<\/div>\n\t\t","protected":false},"excerpt":{"rendered":"<p>Confira os semin\u00e1rios que o GT-PoL\u00ednguas promoveu na USP: I Semin\u00e1rio sobre Pol\u00edticas Lingu\u00edsticas na USP &#8211; Por uma pol\u00edtica lingu\u00edstica para a USP II Semin\u00e1rio sobre Pol\u00edticas Lingu\u00edsticas na USP\u00a0&#8211;\u00a0L\u00ednguas na universidade: institucionaliza\u00e7\u00e3o de uma pol\u00edtica III Semin\u00e1rio sobre Pol\u00edticas Lingu\u00edsticas na USP\u00a0&#8211;\u00a0L\u00ednguas na universidade: condicionantes e expans\u00e3o Confira os eventos que o PoL\u00ednguas [&hellip;]<\/p>\n","protected":false},"author":23768,"featured_media":0,"parent":0,"menu_order":0,"comment_status":"closed","ping_status":"closed","template":"","meta":{"footnotes":"","_links_to":"","_links_to_target":""},"class_list":["post-1589","page","type-page","status-publish","hentry"],"_links":{"self":[{"href":"https:\/\/sites.usp.br\/polinguas\/wp-json\/wp\/v2\/pages\/1589","targetHints":{"allow":["GET"]}}],"collection":[{"href":"https:\/\/sites.usp.br\/polinguas\/wp-json\/wp\/v2\/pages"}],"about":[{"href":"https:\/\/sites.usp.br\/polinguas\/wp-json\/wp\/v2\/types\/page"}],"author":[{"embeddable":true,"href":"https:\/\/sites.usp.br\/polinguas\/wp-json\/wp\/v2\/users\/23768"}],"replies":[{"embeddable":true,"href":"https:\/\/sites.usp.br\/polinguas\/wp-json\/wp\/v2\/comments?post=1589"}],"version-history":[{"count":4,"href":"https:\/\/sites.usp.br\/polinguas\/wp-json\/wp\/v2\/pages\/1589\/revisions"}],"predecessor-version":[{"id":3751,"href":"https:\/\/sites.usp.br\/polinguas\/wp-json\/wp\/v2\/pages\/1589\/revisions\/3751"}],"wp:attachment":[{"href":"https:\/\/sites.usp.br\/polinguas\/wp-json\/wp\/v2\/media?parent=1589"}],"curies":[{"name":"wp","href":"https:\/\/api.w.org\/{rel}","templated":true}]}}