{"id":166,"date":"2023-02-08T10:40:30","date_gmt":"2023-02-08T13:40:30","guid":{"rendered":"https:\/\/sites.usp.br\/polinguas\/?page_id=166"},"modified":"2025-02-06T15:07:10","modified_gmt":"2025-02-06T18:07:10","slug":"i-seminario-sobre-politicas-linguisticas","status":"publish","type":"page","link":"https:\/\/sites.usp.br\/polinguas\/i-seminario-sobre-politicas-linguisticas\/","title":{"rendered":"I Semin\u00e1rio sobre Pol\u00edticas Lingu\u00edsticas na USP"},"content":{"rendered":"\t\t<div data-elementor-type=\"wp-page\" data-elementor-id=\"166\" class=\"elementor elementor-166\" data-elementor-post-type=\"page\">\n\t\t\t\t\t\t<section class=\"elementor-section elementor-top-section elementor-element elementor-element-2de509ba elementor-section-boxed elementor-section-height-default elementor-section-height-default\" data-id=\"2de509ba\" data-element_type=\"section\">\n\t\t\t\t\t\t<div class=\"elementor-container elementor-column-gap-default\">\n\t\t\t\t\t<div class=\"elementor-column elementor-col-100 elementor-top-column elementor-element elementor-element-4625da6f\" data-id=\"4625da6f\" data-element_type=\"column\">\n\t\t\t<div class=\"elementor-widget-wrap elementor-element-populated\">\n\t\t\t\t\t\t<div class=\"elementor-element elementor-element-18bc34c9 elementor-widget elementor-widget-text-editor\" data-id=\"18bc34c9\" data-element_type=\"widget\" data-widget_type=\"text-editor.default\">\n\t\t\t\t<div class=\"elementor-widget-container\">\n\t\t\t\t\t\t\t<h5><span style=\"color: #000000;\">Tema do Evento: Por uma pol\u00edtica lingu\u00edstica para a USP<\/span><\/h5><p><img decoding=\"async\" class=\"alignleft\" src=\"https:\/\/sites.usp.br\/polinguas\/wp-content\/uploads\/sites\/1234\/2023\/11\/Untitled-design-1-300x300.png\" alt=\"\" width=\"205\" height=\"205\" \/><\/p><p>Realizado entre 10 e 11 de outubro de 2022, o evento aconteceu no pr\u00e9dio da Reitoria da Universidade de S\u00e3o Paulo por iniciativa do <strong>GT Interunidades em Pol\u00edticas Lingu\u00edsticas para a USP (PoL\u00ednguas-USP) e com apoio da Pr\u00f3 Reitoria de Cultura e Extens\u00e3o (PRCEU) da Universidade<\/strong>.<\/p><p>O evento foi pensado para reunir representantes das unidades de ensino e pesquisa, dos institutos especializados e dos museus dos diferentes campi da Universidade para refletir, coletivamente, sobre a constru\u00e7\u00e3o de uma Pol\u00edtica Lingu\u00edstica para a USP.<\/p><p><span style=\"font-weight: 400;\">Nesse sentido, contando com apoio da PRCEU, foram encaminhados convites a todas as dire\u00e7\u00f5es dessas unidades, institutos e museus, bem como aos respectivos Escrit\u00f3rios de Internacionaliza\u00e7\u00e3o (CCInts, CRInts, Coordena\u00e7\u00e3o de RI, GCARI, AUCANI) com o objetivo de que cada uma dessas inst\u00e2ncias nomeasse seu(s) representante(s) para participar do evento.<\/span><\/p><h5><span style=\"color: #000000;\">Saiba mais sobre o evento: <\/span><a href=\"https:\/\/drive.google.com\/drive\/folders\/190iAl5u3clgr-_GJjV60PApesS4Vs816\"><strong><span style=\"color: #000000;\">Relat\u00f3rio do I Semin\u00e1rio sobre Pol\u00edticas Lingu\u00edsticas na USP (Clique aqui)<\/span><\/strong><\/a><\/h5><p>A seguir, algumas imagens do evento:<\/p><p><img fetchpriority=\"high\" decoding=\"async\" src=\"https:\/\/sites.usp.br\/polinguas\/wp-content\/uploads\/sites\/1234\/2023\/11\/seminario-300x225.png\" alt=\"\" width=\"396\" height=\"297\" \/> <img decoding=\"async\" src=\"https:\/\/sites.usp.br\/polinguas\/wp-content\/uploads\/sites\/1234\/2023\/11\/mais-do-seminario-300x225.png\" alt=\"\" width=\"397\" height=\"298\" \/><\/p><h6><span style=\"color: #808080;\">Voc\u00ea tamb\u00e9m pode assistir \u00e0s grava\u00e7\u00f5es dos dois dias do Semin\u00e1rio:<\/span><\/h6>\t\t\t\t\t\t<\/div>\n\t\t\t\t<\/div>\n\t\t\t\t\t<\/div>\n\t\t<\/div>\n\t\t\t\t\t<\/div>\n\t\t<\/section>\n\t\t\t\t<section class=\"elementor-section elementor-top-section elementor-element elementor-element-f42a49c elementor-section-boxed elementor-section-height-default elementor-section-height-default\" data-id=\"f42a49c\" data-element_type=\"section\">\n\t\t\t\t\t\t<div class=\"elementor-container elementor-column-gap-default\">\n\t\t\t\t\t<div class=\"elementor-column elementor-col-50 elementor-top-column elementor-element elementor-element-5ee1df3\" data-id=\"5ee1df3\" data-element_type=\"column\">\n\t\t\t<div class=\"elementor-widget-wrap elementor-element-populated\">\n\t\t\t\t\t\t<div class=\"elementor-element elementor-element-902a03a elementor-widget elementor-widget-video\" data-id=\"902a03a\" data-element_type=\"widget\" data-settings=\"{&quot;youtube_url&quot;:&quot;https:\\\/\\\/www.youtube.com\\\/watch?v=bnYBOAyUj5U&amp;t=4436s&quot;,&quot;video_type&quot;:&quot;youtube&quot;,&quot;controls&quot;:&quot;yes&quot;}\" data-widget_type=\"video.default\">\n\t\t\t\t<div class=\"elementor-widget-container\">\n\t\t\t\t\t<div class=\"elementor-wrapper elementor-open-inline\">\n\t\t\t<div class=\"elementor-video\"><\/div>\t\t<\/div>\n\t\t\t\t<\/div>\n\t\t\t\t<\/div>\n\t\t\t\t\t<\/div>\n\t\t<\/div>\n\t\t\t\t<div class=\"elementor-column elementor-col-50 elementor-top-column elementor-element elementor-element-9708c46\" data-id=\"9708c46\" data-element_type=\"column\">\n\t\t\t<div class=\"elementor-widget-wrap elementor-element-populated\">\n\t\t\t\t\t\t<div class=\"elementor-element elementor-element-8f09bd4 elementor-widget elementor-widget-video\" data-id=\"8f09bd4\" data-element_type=\"widget\" data-settings=\"{&quot;youtube_url&quot;:&quot;https:\\\/\\\/www.youtube.com\\\/watch?v=MSw1h69l4iU&amp;t=26s&quot;,&quot;video_type&quot;:&quot;youtube&quot;,&quot;controls&quot;:&quot;yes&quot;}\" data-widget_type=\"video.default\">\n\t\t\t\t<div class=\"elementor-widget-container\">\n\t\t\t\t\t<div class=\"elementor-wrapper elementor-open-inline\">\n\t\t\t<div class=\"elementor-video\"><\/div>\t\t<\/div>\n\t\t\t\t<\/div>\n\t\t\t\t<\/div>\n\t\t\t\t\t<\/div>\n\t\t<\/div>\n\t\t\t\t\t<\/div>\n\t\t<\/section>\n\t\t\t\t<section class=\"elementor-section elementor-top-section elementor-element elementor-element-ab2259c elementor-section-boxed elementor-section-height-default elementor-section-height-default\" data-id=\"ab2259c\" data-element_type=\"section\">\n\t\t\t\t\t\t<div class=\"elementor-container elementor-column-gap-default\">\n\t\t\t\t\t<div class=\"elementor-column elementor-col-100 elementor-top-column elementor-element elementor-element-5f6368c\" data-id=\"5f6368c\" data-element_type=\"column\">\n\t\t\t<div class=\"elementor-widget-wrap elementor-element-populated\">\n\t\t\t\t\t\t<div class=\"elementor-element elementor-element-30b95f1 elementor-widget elementor-widget-image\" data-id=\"30b95f1\" data-element_type=\"widget\" data-widget_type=\"image.default\">\n\t\t\t\t<div class=\"elementor-widget-container\">\n\t\t\t\t\t\t\t\t\t\t\t\t\t<img loading=\"lazy\" decoding=\"async\" width=\"604\" height=\"453\" src=\"https:\/\/sites.usp.br\/polinguas\/wp-content\/uploads\/sites\/1234\/2023\/11\/personas-queridas-1024x768.png\" class=\"attachment-large size-large wp-image-1623\" alt=\"\" srcset=\"https:\/\/sites.usp.br\/polinguas\/wp-content\/uploads\/sites\/1234\/2023\/11\/personas-queridas-1024x768.png 1024w, https:\/\/sites.usp.br\/polinguas\/wp-content\/uploads\/sites\/1234\/2023\/11\/personas-queridas-300x225.png 300w, https:\/\/sites.usp.br\/polinguas\/wp-content\/uploads\/sites\/1234\/2023\/11\/personas-queridas-768x576.png 768w, https:\/\/sites.usp.br\/polinguas\/wp-content\/uploads\/sites\/1234\/2023\/11\/personas-queridas-1536x1152.png 1536w, https:\/\/sites.usp.br\/polinguas\/wp-content\/uploads\/sites\/1234\/2023\/11\/personas-queridas-2048x1536.png 2048w, https:\/\/sites.usp.br\/polinguas\/wp-content\/uploads\/sites\/1234\/2023\/11\/personas-queridas-80x60.png 80w\" sizes=\"(max-width: 604px) 100vw, 604px\" \/>\t\t\t\t\t\t\t\t\t\t\t\t\t<\/div>\n\t\t\t\t<\/div>\n\t\t\t\t\t<\/div>\n\t\t<\/div>\n\t\t\t\t\t<\/div>\n\t\t<\/section>\n\t\t\t\t<section class=\"elementor-section elementor-top-section elementor-element elementor-element-1b6b03f elementor-section-boxed elementor-section-height-default elementor-section-height-default\" data-id=\"1b6b03f\" data-element_type=\"section\">\n\t\t\t\t\t\t<div class=\"elementor-container elementor-column-gap-default\">\n\t\t\t\t\t<div class=\"elementor-column elementor-col-100 elementor-top-column elementor-element elementor-element-101e35c\" data-id=\"101e35c\" data-element_type=\"column\">\n\t\t\t<div class=\"elementor-widget-wrap elementor-element-populated\">\n\t\t\t\t\t\t<section class=\"elementor-section elementor-inner-section elementor-element elementor-element-7d7d74b elementor-section-boxed elementor-section-height-default elementor-section-height-default\" data-id=\"7d7d74b\" data-element_type=\"section\">\n\t\t\t\t\t\t<div class=\"elementor-container elementor-column-gap-default\">\n\t\t\t\t\t<div class=\"elementor-column elementor-col-50 elementor-inner-column elementor-element elementor-element-2f84d8c\" data-id=\"2f84d8c\" data-element_type=\"column\">\n\t\t\t<div class=\"elementor-widget-wrap\">\n\t\t\t\t\t\t\t<\/div>\n\t\t<\/div>\n\t\t\t\t<div class=\"elementor-column elementor-col-50 elementor-inner-column elementor-element elementor-element-a678460\" data-id=\"a678460\" data-element_type=\"column\">\n\t\t\t<div class=\"elementor-widget-wrap\">\n\t\t\t\t\t\t\t<\/div>\n\t\t<\/div>\n\t\t\t\t\t<\/div>\n\t\t<\/section>\n\t\t\t\t\t<\/div>\n\t\t<\/div>\n\t\t\t\t\t<\/div>\n\t\t<\/section>\n\t\t\t\t<\/div>\n\t\t","protected":false},"excerpt":{"rendered":"<p>Tema do Evento: Por uma pol\u00edtica lingu\u00edstica para a USP Realizado entre 10 e 11 de outubro de 2022, o evento aconteceu no pr\u00e9dio da Reitoria da Universidade de S\u00e3o Paulo por iniciativa do GT Interunidades em Pol\u00edticas Lingu\u00edsticas para a USP (PoL\u00ednguas-USP) e com apoio da Pr\u00f3 Reitoria de Cultura e Extens\u00e3o (PRCEU) da [&hellip;]<\/p>\n","protected":false},"author":23400,"featured_media":0,"parent":0,"menu_order":0,"comment_status":"closed","ping_status":"closed","template":"","meta":{"footnotes":"","_links_to":"","_links_to_target":""},"class_list":["post-166","page","type-page","status-publish","hentry"],"_links":{"self":[{"href":"https:\/\/sites.usp.br\/polinguas\/wp-json\/wp\/v2\/pages\/166","targetHints":{"allow":["GET"]}}],"collection":[{"href":"https:\/\/sites.usp.br\/polinguas\/wp-json\/wp\/v2\/pages"}],"about":[{"href":"https:\/\/sites.usp.br\/polinguas\/wp-json\/wp\/v2\/types\/page"}],"author":[{"embeddable":true,"href":"https:\/\/sites.usp.br\/polinguas\/wp-json\/wp\/v2\/users\/23400"}],"replies":[{"embeddable":true,"href":"https:\/\/sites.usp.br\/polinguas\/wp-json\/wp\/v2\/comments?post=166"}],"version-history":[{"count":4,"href":"https:\/\/sites.usp.br\/polinguas\/wp-json\/wp\/v2\/pages\/166\/revisions"}],"predecessor-version":[{"id":3693,"href":"https:\/\/sites.usp.br\/polinguas\/wp-json\/wp\/v2\/pages\/166\/revisions\/3693"}],"wp:attachment":[{"href":"https:\/\/sites.usp.br\/polinguas\/wp-json\/wp\/v2\/media?parent=166"}],"curies":[{"name":"wp","href":"https:\/\/api.w.org\/{rel}","templated":true}]}}