{"id":1748,"date":"2024-01-22T18:14:42","date_gmt":"2024-01-22T21:14:42","guid":{"rendered":"https:\/\/sites.usp.br\/polinguas\/?page_id=1748"},"modified":"2025-02-13T15:40:46","modified_gmt":"2025-02-13T18:40:46","slug":"proximos-eventos-na-area","status":"publish","type":"page","link":"https:\/\/sites.usp.br\/polinguas\/proximos-eventos-na-area\/","title":{"rendered":"Pr\u00f3ximos eventos na \u00e1rea"},"content":{"rendered":"<p><span style=\"font-weight: 400;\">Confira os pr\u00f3ximos eventos na \u00e1rea de L\u00ednguas e Universidade:<\/span><\/p>\n<div>\n<h2><a href=\"https:\/\/sites.usp.br\/polinguas\/i-encontro-de-formacao-polinguas\/\">I Encontro de forma\u00e7\u00e3o PoL\u00ednguas<\/a>: experi\u00eancias e reflex\u00f5es ao redor do PROIAD L\u00ednguas<\/h2>\n<\/div>\n","protected":false},"excerpt":{"rendered":"<p>Confira os pr\u00f3ximos eventos na \u00e1rea de L\u00ednguas e Universidade: I Encontro de forma\u00e7\u00e3o PoL\u00ednguas: experi\u00eancias e reflex\u00f5es ao redor do PROIAD L\u00ednguas<\/p>\n","protected":false},"author":23768,"featured_media":0,"parent":0,"menu_order":0,"comment_status":"closed","ping_status":"closed","template":"","meta":{"footnotes":"","_links_to":"","_links_to_target":""},"class_list":["post-1748","page","type-page","status-publish","hentry"],"_links":{"self":[{"href":"https:\/\/sites.usp.br\/polinguas\/wp-json\/wp\/v2\/pages\/1748","targetHints":{"allow":["GET"]}}],"collection":[{"href":"https:\/\/sites.usp.br\/polinguas\/wp-json\/wp\/v2\/pages"}],"about":[{"href":"https:\/\/sites.usp.br\/polinguas\/wp-json\/wp\/v2\/types\/page"}],"author":[{"embeddable":true,"href":"https:\/\/sites.usp.br\/polinguas\/wp-json\/wp\/v2\/users\/23768"}],"replies":[{"embeddable":true,"href":"https:\/\/sites.usp.br\/polinguas\/wp-json\/wp\/v2\/comments?post=1748"}],"version-history":[{"count":4,"href":"https:\/\/sites.usp.br\/polinguas\/wp-json\/wp\/v2\/pages\/1748\/revisions"}],"predecessor-version":[{"id":3752,"href":"https:\/\/sites.usp.br\/polinguas\/wp-json\/wp\/v2\/pages\/1748\/revisions\/3752"}],"wp:attachment":[{"href":"https:\/\/sites.usp.br\/polinguas\/wp-json\/wp\/v2\/media?parent=1748"}],"curies":[{"name":"wp","href":"https:\/\/api.w.org\/{rel}","templated":true}]}}