{"id":1820,"date":"2024-03-11T16:52:27","date_gmt":"2024-03-11T19:52:27","guid":{"rendered":"https:\/\/sites.usp.br\/polinguas\/?page_id=1820"},"modified":"2025-08-22T11:34:21","modified_gmt":"2025-08-22T14:34:21","slug":"cursos-proiad-2024","status":"publish","type":"page","link":"https:\/\/sites.usp.br\/polinguas\/cursos-proiad-2024\/","title":{"rendered":"Cursos PROIAD 2024"},"content":{"rendered":"\t\t<div data-elementor-type=\"wp-page\" data-elementor-id=\"1820\" class=\"elementor elementor-1820\" data-elementor-post-type=\"page\">\n\t\t\t\t\t\t<section class=\"elementor-section elementor-top-section elementor-element elementor-element-4ebf312 elementor-section-boxed elementor-section-height-default elementor-section-height-default\" data-id=\"4ebf312\" data-element_type=\"section\">\n\t\t\t\t\t\t<div class=\"elementor-container elementor-column-gap-default\">\n\t\t\t\t\t<div class=\"elementor-column elementor-col-100 elementor-top-column elementor-element elementor-element-f430141\" data-id=\"f430141\" data-element_type=\"column\">\n\t\t\t<div class=\"elementor-widget-wrap elementor-element-populated\">\n\t\t\t\t\t\t<div class=\"elementor-element elementor-element-3894bb6 elementor-widget__width-initial elementor-absolute elementor-widget-mobile__width-initial elementor-widget elementor-widget-image\" data-id=\"3894bb6\" data-element_type=\"widget\" data-settings=\"{&quot;_position&quot;:&quot;absolute&quot;}\" data-widget_type=\"image.default\">\n\t\t\t\t<div class=\"elementor-widget-container\">\n\t\t\t\t\t\t\t\t\t\t\t\t\t\t<a href=\"https:\/\/sites.usp.br\/polinguas\/relatos-monitores-proiad-2024\/\">\n\t\t\t\t\t\t\t<img fetchpriority=\"high\" decoding=\"async\" width=\"500\" height=\"213\" src=\"https:\/\/sites.usp.br\/polinguas\/wp-content\/uploads\/sites\/1234\/2025\/08\/Botao-Link-Relatos-2024-e1755873248441.png\" class=\"attachment-large size-large wp-image-4614\" alt=\"\" srcset=\"https:\/\/sites.usp.br\/polinguas\/wp-content\/uploads\/sites\/1234\/2025\/08\/Botao-Link-Relatos-2024-e1755873248441.png 500w, https:\/\/sites.usp.br\/polinguas\/wp-content\/uploads\/sites\/1234\/2025\/08\/Botao-Link-Relatos-2024-e1755873248441-300x128.png 300w\" sizes=\"(max-width: 500px) 100vw, 500px\" \/>\t\t\t\t\t\t\t\t<\/a>\n\t\t\t\t\t\t\t\t\t\t\t\t\t<\/div>\n\t\t\t\t<\/div>\n\t\t\t\t\t<\/div>\n\t\t<\/div>\n\t\t\t\t\t<\/div>\n\t\t<\/section>\n\t\t\t\t<section class=\"elementor-section elementor-top-section elementor-element elementor-element-6721711b elementor-section-boxed elementor-section-height-default elementor-section-height-default\" data-id=\"6721711b\" data-element_type=\"section\">\n\t\t\t\t\t\t<div class=\"elementor-container elementor-column-gap-default\">\n\t\t\t\t\t<div class=\"elementor-column elementor-col-100 elementor-top-column elementor-element elementor-element-344f730c\" data-id=\"344f730c\" data-element_type=\"column\">\n\t\t\t<div class=\"elementor-widget-wrap elementor-element-populated\">\n\t\t\t\t\t\t<div class=\"elementor-element elementor-element-52578611 elementor-widget elementor-widget-text-editor\" data-id=\"52578611\" data-element_type=\"widget\" data-widget_type=\"text-editor.default\">\n\t\t\t\t<div class=\"elementor-widget-container\">\n\t\t\t\t\t\t\t<h4>&nbsp;Confira a divulga\u00e7\u00e3o de cursos nas seguintes 12 \u00e1reas lingu\u00edsticas:<\/h4>\t\t\t\t\t\t<\/div>\n\t\t\t\t<\/div>\n\t\t\t\t\t<\/div>\n\t\t<\/div>\n\t\t\t\t\t<\/div>\n\t\t<\/section>\n\t\t\t\t<section class=\"elementor-section elementor-top-section elementor-element elementor-element-c3bf3a2 elementor-section-boxed elementor-section-height-default elementor-section-height-default\" data-id=\"c3bf3a2\" data-element_type=\"section\">\n\t\t\t\t\t\t<div class=\"elementor-container elementor-column-gap-default\">\n\t\t\t\t\t<div class=\"elementor-column elementor-col-25 elementor-top-column elementor-element elementor-element-83a34ce\" data-id=\"83a34ce\" data-element_type=\"column\">\n\t\t\t<div class=\"elementor-widget-wrap elementor-element-populated\">\n\t\t\t\t\t\t<div class=\"elementor-element elementor-element-433cd13 elementor-widget elementor-widget-image\" data-id=\"433cd13\" data-element_type=\"widget\" data-widget_type=\"image.default\">\n\t\t\t\t<div class=\"elementor-widget-container\">\n\t\t\t\t\t\t\t\t\t\t\t\t\t\t<a href=\"https:\/\/sites.usp.br\/polinguas\/cursos-de-alemao-2024\/\">\n\t\t\t\t\t\t\t<img decoding=\"async\" width=\"604\" height=\"604\" src=\"https:\/\/sites.usp.br\/polinguas\/wp-content\/uploads\/sites\/1234\/2024\/03\/ale-1024x1024.png\" class=\"attachment-large size-large wp-image-2009\" alt=\"\" srcset=\"https:\/\/sites.usp.br\/polinguas\/wp-content\/uploads\/sites\/1234\/2024\/03\/ale-1024x1024.png 1024w, https:\/\/sites.usp.br\/polinguas\/wp-content\/uploads\/sites\/1234\/2024\/03\/ale-300x300.png 300w, https:\/\/sites.usp.br\/polinguas\/wp-content\/uploads\/sites\/1234\/2024\/03\/ale-150x150.png 150w, https:\/\/sites.usp.br\/polinguas\/wp-content\/uploads\/sites\/1234\/2024\/03\/ale-768x768.png 768w, https:\/\/sites.usp.br\/polinguas\/wp-content\/uploads\/sites\/1234\/2024\/03\/ale-45x45.png 45w, https:\/\/sites.usp.br\/polinguas\/wp-content\/uploads\/sites\/1234\/2024\/03\/ale.png 1080w\" sizes=\"(max-width: 604px) 100vw, 604px\" \/>\t\t\t\t\t\t\t\t<\/a>\n\t\t\t\t\t\t\t\t\t\t\t\t\t<\/div>\n\t\t\t\t<\/div>\n\t\t\t\t\t<\/div>\n\t\t<\/div>\n\t\t\t\t<div class=\"elementor-column elementor-col-25 elementor-top-column elementor-element elementor-element-d08c24b\" data-id=\"d08c24b\" data-element_type=\"column\">\n\t\t\t<div class=\"elementor-widget-wrap elementor-element-populated\">\n\t\t\t\t\t\t<div class=\"elementor-element elementor-element-c1e2e7d elementor-widget elementor-widget-image\" data-id=\"c1e2e7d\" data-element_type=\"widget\" data-widget_type=\"image.default\">\n\t\t\t\t<div class=\"elementor-widget-container\">\n\t\t\t\t\t\t\t\t\t\t\t\t\t\t<a href=\"https:\/\/sites.usp.br\/polinguas\/cursos-de-arabe-2024\/\">\n\t\t\t\t\t\t\t<img decoding=\"async\" width=\"604\" height=\"604\" src=\"https:\/\/sites.usp.br\/polinguas\/wp-content\/uploads\/sites\/1234\/2024\/03\/17-1024x1024.png\" class=\"attachment-large size-large wp-image-1873\" alt=\"\" srcset=\"https:\/\/sites.usp.br\/polinguas\/wp-content\/uploads\/sites\/1234\/2024\/03\/17-1024x1024.png 1024w, https:\/\/sites.usp.br\/polinguas\/wp-content\/uploads\/sites\/1234\/2024\/03\/17-300x300.png 300w, https:\/\/sites.usp.br\/polinguas\/wp-content\/uploads\/sites\/1234\/2024\/03\/17-150x150.png 150w, https:\/\/sites.usp.br\/polinguas\/wp-content\/uploads\/sites\/1234\/2024\/03\/17-768x768.png 768w, https:\/\/sites.usp.br\/polinguas\/wp-content\/uploads\/sites\/1234\/2024\/03\/17-45x45.png 45w, https:\/\/sites.usp.br\/polinguas\/wp-content\/uploads\/sites\/1234\/2024\/03\/17.png 1080w\" sizes=\"(max-width: 604px) 100vw, 604px\" \/>\t\t\t\t\t\t\t\t<\/a>\n\t\t\t\t\t\t\t\t\t\t\t\t\t<\/div>\n\t\t\t\t<\/div>\n\t\t\t\t\t<\/div>\n\t\t<\/div>\n\t\t\t\t<div class=\"elementor-column elementor-col-25 elementor-top-column elementor-element elementor-element-6e69750\" data-id=\"6e69750\" data-element_type=\"column\">\n\t\t\t<div class=\"elementor-widget-wrap elementor-element-populated\">\n\t\t\t\t\t\t<div class=\"elementor-element elementor-element-a4f441b elementor-widget elementor-widget-image\" data-id=\"a4f441b\" data-element_type=\"widget\" data-widget_type=\"image.default\">\n\t\t\t\t<div class=\"elementor-widget-container\">\n\t\t\t\t\t\t\t\t\t\t\t\t\t\t<a href=\"https:\/\/sites.usp.br\/polinguas\/cursos-armenio-2024\/%20\">\n\t\t\t\t\t\t\t<img loading=\"lazy\" decoding=\"async\" width=\"604\" height=\"604\" src=\"https:\/\/sites.usp.br\/polinguas\/wp-content\/uploads\/sites\/1234\/2024\/03\/18-1024x1024.png\" class=\"attachment-large size-large wp-image-1874\" alt=\"\" srcset=\"https:\/\/sites.usp.br\/polinguas\/wp-content\/uploads\/sites\/1234\/2024\/03\/18-1024x1024.png 1024w, https:\/\/sites.usp.br\/polinguas\/wp-content\/uploads\/sites\/1234\/2024\/03\/18-300x300.png 300w, https:\/\/sites.usp.br\/polinguas\/wp-content\/uploads\/sites\/1234\/2024\/03\/18-150x150.png 150w, https:\/\/sites.usp.br\/polinguas\/wp-content\/uploads\/sites\/1234\/2024\/03\/18-768x768.png 768w, https:\/\/sites.usp.br\/polinguas\/wp-content\/uploads\/sites\/1234\/2024\/03\/18-45x45.png 45w, https:\/\/sites.usp.br\/polinguas\/wp-content\/uploads\/sites\/1234\/2024\/03\/18.png 1080w\" sizes=\"(max-width: 604px) 100vw, 604px\" \/>\t\t\t\t\t\t\t\t<\/a>\n\t\t\t\t\t\t\t\t\t\t\t\t\t<\/div>\n\t\t\t\t<\/div>\n\t\t\t\t\t<\/div>\n\t\t<\/div>\n\t\t\t\t<div class=\"elementor-column elementor-col-25 elementor-top-column elementor-element elementor-element-77fc552\" data-id=\"77fc552\" data-element_type=\"column\">\n\t\t\t<div class=\"elementor-widget-wrap elementor-element-populated\">\n\t\t\t\t\t\t<div class=\"elementor-element elementor-element-51b0ecf elementor-widget elementor-widget-image\" data-id=\"51b0ecf\" data-element_type=\"widget\" data-widget_type=\"image.default\">\n\t\t\t\t<div class=\"elementor-widget-container\">\n\t\t\t\t\t\t\t\t\t\t\t\t\t\t<a href=\"https:\/\/sites.usp.br\/polinguas\/cursos-de-chines-2024\/\">\n\t\t\t\t\t\t\t<img loading=\"lazy\" decoding=\"async\" width=\"604\" height=\"604\" src=\"https:\/\/sites.usp.br\/polinguas\/wp-content\/uploads\/sites\/1234\/2024\/03\/15-1024x1024.png\" class=\"attachment-large size-large wp-image-1871\" alt=\"\" srcset=\"https:\/\/sites.usp.br\/polinguas\/wp-content\/uploads\/sites\/1234\/2024\/03\/15-1024x1024.png 1024w, https:\/\/sites.usp.br\/polinguas\/wp-content\/uploads\/sites\/1234\/2024\/03\/15-300x300.png 300w, https:\/\/sites.usp.br\/polinguas\/wp-content\/uploads\/sites\/1234\/2024\/03\/15-150x150.png 150w, https:\/\/sites.usp.br\/polinguas\/wp-content\/uploads\/sites\/1234\/2024\/03\/15-768x768.png 768w, https:\/\/sites.usp.br\/polinguas\/wp-content\/uploads\/sites\/1234\/2024\/03\/15-45x45.png 45w, https:\/\/sites.usp.br\/polinguas\/wp-content\/uploads\/sites\/1234\/2024\/03\/15.png 1080w\" sizes=\"(max-width: 604px) 100vw, 604px\" \/>\t\t\t\t\t\t\t\t<\/a>\n\t\t\t\t\t\t\t\t\t\t\t\t\t<\/div>\n\t\t\t\t<\/div>\n\t\t\t\t\t<\/div>\n\t\t<\/div>\n\t\t\t\t\t<\/div>\n\t\t<\/section>\n\t\t\t\t<section class=\"elementor-section elementor-top-section elementor-element elementor-element-6f73256 elementor-section-boxed elementor-section-height-default elementor-section-height-default\" data-id=\"6f73256\" data-element_type=\"section\">\n\t\t\t\t\t\t<div class=\"elementor-container elementor-column-gap-default\">\n\t\t\t\t\t<div class=\"elementor-column elementor-col-25 elementor-top-column elementor-element elementor-element-e284afd\" data-id=\"e284afd\" data-element_type=\"column\">\n\t\t\t<div class=\"elementor-widget-wrap elementor-element-populated\">\n\t\t\t\t\t\t<div class=\"elementor-element elementor-element-b29f89e elementor-widget elementor-widget-image\" data-id=\"b29f89e\" data-element_type=\"widget\" data-widget_type=\"image.default\">\n\t\t\t\t<div class=\"elementor-widget-container\">\n\t\t\t\t\t\t\t\t\t\t\t\t\t\t<a href=\"https:\/\/sites.usp.br\/polinguas\/cursos-de-coreano-2024\/\">\n\t\t\t\t\t\t\t<img loading=\"lazy\" decoding=\"async\" width=\"604\" height=\"604\" src=\"https:\/\/sites.usp.br\/polinguas\/wp-content\/uploads\/sites\/1234\/2024\/03\/16-1024x1024.png\" class=\"attachment-large size-large wp-image-1872\" alt=\"\" srcset=\"https:\/\/sites.usp.br\/polinguas\/wp-content\/uploads\/sites\/1234\/2024\/03\/16-1024x1024.png 1024w, https:\/\/sites.usp.br\/polinguas\/wp-content\/uploads\/sites\/1234\/2024\/03\/16-300x300.png 300w, https:\/\/sites.usp.br\/polinguas\/wp-content\/uploads\/sites\/1234\/2024\/03\/16-150x150.png 150w, https:\/\/sites.usp.br\/polinguas\/wp-content\/uploads\/sites\/1234\/2024\/03\/16-768x768.png 768w, https:\/\/sites.usp.br\/polinguas\/wp-content\/uploads\/sites\/1234\/2024\/03\/16-45x45.png 45w, https:\/\/sites.usp.br\/polinguas\/wp-content\/uploads\/sites\/1234\/2024\/03\/16.png 1080w\" sizes=\"(max-width: 604px) 100vw, 604px\" \/>\t\t\t\t\t\t\t\t<\/a>\n\t\t\t\t\t\t\t\t\t\t\t\t\t<\/div>\n\t\t\t\t<\/div>\n\t\t\t\t\t<\/div>\n\t\t<\/div>\n\t\t\t\t<div class=\"elementor-column elementor-col-25 elementor-top-column elementor-element elementor-element-edd9698\" data-id=\"edd9698\" data-element_type=\"column\">\n\t\t\t<div class=\"elementor-widget-wrap elementor-element-populated\">\n\t\t\t\t\t\t<div class=\"elementor-element elementor-element-aa4f2ff elementor-widget elementor-widget-image\" data-id=\"aa4f2ff\" data-element_type=\"widget\" data-widget_type=\"image.default\">\n\t\t\t\t<div class=\"elementor-widget-container\">\n\t\t\t\t\t\t\t\t\t\t\t\t\t\t<a href=\"https:\/\/sites.usp.br\/polinguas\/cursos-de-espanhol-2024\/\">\n\t\t\t\t\t\t\t<img loading=\"lazy\" decoding=\"async\" width=\"604\" height=\"604\" src=\"https:\/\/sites.usp.br\/polinguas\/wp-content\/uploads\/sites\/1234\/2024\/03\/14-1-1024x1024.png\" class=\"attachment-large size-large wp-image-1870\" alt=\"\" srcset=\"https:\/\/sites.usp.br\/polinguas\/wp-content\/uploads\/sites\/1234\/2024\/03\/14-1-1024x1024.png 1024w, https:\/\/sites.usp.br\/polinguas\/wp-content\/uploads\/sites\/1234\/2024\/03\/14-1-300x300.png 300w, https:\/\/sites.usp.br\/polinguas\/wp-content\/uploads\/sites\/1234\/2024\/03\/14-1-150x150.png 150w, https:\/\/sites.usp.br\/polinguas\/wp-content\/uploads\/sites\/1234\/2024\/03\/14-1-768x768.png 768w, https:\/\/sites.usp.br\/polinguas\/wp-content\/uploads\/sites\/1234\/2024\/03\/14-1-45x45.png 45w, https:\/\/sites.usp.br\/polinguas\/wp-content\/uploads\/sites\/1234\/2024\/03\/14-1.png 1080w\" sizes=\"(max-width: 604px) 100vw, 604px\" \/>\t\t\t\t\t\t\t\t<\/a>\n\t\t\t\t\t\t\t\t\t\t\t\t\t<\/div>\n\t\t\t\t<\/div>\n\t\t\t\t\t<\/div>\n\t\t<\/div>\n\t\t\t\t<div class=\"elementor-column elementor-col-25 elementor-top-column elementor-element elementor-element-390f11d\" data-id=\"390f11d\" data-element_type=\"column\">\n\t\t\t<div class=\"elementor-widget-wrap elementor-element-populated\">\n\t\t\t\t\t\t<div class=\"elementor-element elementor-element-d66a501 elementor-widget elementor-widget-image\" data-id=\"d66a501\" data-element_type=\"widget\" data-widget_type=\"image.default\">\n\t\t\t\t<div class=\"elementor-widget-container\">\n\t\t\t\t\t\t\t\t\t\t\t\t\t\t<a href=\"https:\/\/sites.usp.br\/polinguas\/cursos-de-frances-2024\/\">\n\t\t\t\t\t\t\t<img loading=\"lazy\" decoding=\"async\" width=\"604\" height=\"604\" src=\"https:\/\/sites.usp.br\/polinguas\/wp-content\/uploads\/sites\/1234\/2024\/03\/1-2-1024x1024.png\" class=\"attachment-large size-large wp-image-2004\" alt=\"\" srcset=\"https:\/\/sites.usp.br\/polinguas\/wp-content\/uploads\/sites\/1234\/2024\/03\/1-2-1024x1024.png 1024w, https:\/\/sites.usp.br\/polinguas\/wp-content\/uploads\/sites\/1234\/2024\/03\/1-2-300x300.png 300w, https:\/\/sites.usp.br\/polinguas\/wp-content\/uploads\/sites\/1234\/2024\/03\/1-2-150x150.png 150w, https:\/\/sites.usp.br\/polinguas\/wp-content\/uploads\/sites\/1234\/2024\/03\/1-2-768x768.png 768w, https:\/\/sites.usp.br\/polinguas\/wp-content\/uploads\/sites\/1234\/2024\/03\/1-2-45x45.png 45w, https:\/\/sites.usp.br\/polinguas\/wp-content\/uploads\/sites\/1234\/2024\/03\/1-2.png 1080w\" sizes=\"(max-width: 604px) 100vw, 604px\" \/>\t\t\t\t\t\t\t\t<\/a>\n\t\t\t\t\t\t\t\t\t\t\t\t\t<\/div>\n\t\t\t\t<\/div>\n\t\t\t\t\t<\/div>\n\t\t<\/div>\n\t\t\t\t<div class=\"elementor-column elementor-col-25 elementor-top-column elementor-element elementor-element-cae4943\" data-id=\"cae4943\" data-element_type=\"column\">\n\t\t\t<div class=\"elementor-widget-wrap elementor-element-populated\">\n\t\t\t\t\t\t<div class=\"elementor-element elementor-element-1c2c608 elementor-widget elementor-widget-image\" data-id=\"1c2c608\" data-element_type=\"widget\" data-widget_type=\"image.default\">\n\t\t\t\t<div class=\"elementor-widget-container\">\n\t\t\t\t\t\t\t\t\t\t\t\t\t\t<a href=\"https:\/\/sites.usp.br\/polinguas\/cursos-de-ingles-2024\/\">\n\t\t\t\t\t\t\t<img loading=\"lazy\" decoding=\"async\" width=\"604\" height=\"604\" src=\"https:\/\/sites.usp.br\/polinguas\/wp-content\/uploads\/sites\/1234\/2024\/03\/2-3-1024x1024.png\" class=\"attachment-large size-large wp-image-2005\" alt=\"\" srcset=\"https:\/\/sites.usp.br\/polinguas\/wp-content\/uploads\/sites\/1234\/2024\/03\/2-3-1024x1024.png 1024w, https:\/\/sites.usp.br\/polinguas\/wp-content\/uploads\/sites\/1234\/2024\/03\/2-3-300x300.png 300w, https:\/\/sites.usp.br\/polinguas\/wp-content\/uploads\/sites\/1234\/2024\/03\/2-3-150x150.png 150w, https:\/\/sites.usp.br\/polinguas\/wp-content\/uploads\/sites\/1234\/2024\/03\/2-3-768x768.png 768w, https:\/\/sites.usp.br\/polinguas\/wp-content\/uploads\/sites\/1234\/2024\/03\/2-3-45x45.png 45w, https:\/\/sites.usp.br\/polinguas\/wp-content\/uploads\/sites\/1234\/2024\/03\/2-3.png 1080w\" sizes=\"(max-width: 604px) 100vw, 604px\" \/>\t\t\t\t\t\t\t\t<\/a>\n\t\t\t\t\t\t\t\t\t\t\t\t\t<\/div>\n\t\t\t\t<\/div>\n\t\t\t\t\t<\/div>\n\t\t<\/div>\n\t\t\t\t\t<\/div>\n\t\t<\/section>\n\t\t\t\t<section class=\"elementor-section elementor-top-section elementor-element elementor-element-14aa8eb elementor-section-boxed elementor-section-height-default elementor-section-height-default\" data-id=\"14aa8eb\" data-element_type=\"section\">\n\t\t\t\t\t\t<div class=\"elementor-container elementor-column-gap-default\">\n\t\t\t\t\t<div class=\"elementor-column elementor-col-25 elementor-top-column elementor-element elementor-element-6c2e563\" data-id=\"6c2e563\" data-element_type=\"column\">\n\t\t\t<div class=\"elementor-widget-wrap elementor-element-populated\">\n\t\t\t\t\t\t<div class=\"elementor-element elementor-element-bd9ce6d elementor-widget elementor-widget-image\" data-id=\"bd9ce6d\" data-element_type=\"widget\" data-widget_type=\"image.default\">\n\t\t\t\t<div class=\"elementor-widget-container\">\n\t\t\t\t\t\t\t\t\t\t\t\t\t\t<a href=\"https:\/\/sites.usp.br\/polinguas\/cursos-de-italiano-2024\/\">\n\t\t\t\t\t\t\t<img loading=\"lazy\" decoding=\"async\" width=\"604\" height=\"604\" src=\"https:\/\/sites.usp.br\/polinguas\/wp-content\/uploads\/sites\/1234\/2024\/03\/13-1-1024x1024.png\" class=\"attachment-large size-large wp-image-1869\" alt=\"\" srcset=\"https:\/\/sites.usp.br\/polinguas\/wp-content\/uploads\/sites\/1234\/2024\/03\/13-1-1024x1024.png 1024w, https:\/\/sites.usp.br\/polinguas\/wp-content\/uploads\/sites\/1234\/2024\/03\/13-1-300x300.png 300w, https:\/\/sites.usp.br\/polinguas\/wp-content\/uploads\/sites\/1234\/2024\/03\/13-1-150x150.png 150w, https:\/\/sites.usp.br\/polinguas\/wp-content\/uploads\/sites\/1234\/2024\/03\/13-1-768x768.png 768w, https:\/\/sites.usp.br\/polinguas\/wp-content\/uploads\/sites\/1234\/2024\/03\/13-1-45x45.png 45w, https:\/\/sites.usp.br\/polinguas\/wp-content\/uploads\/sites\/1234\/2024\/03\/13-1.png 1080w\" sizes=\"(max-width: 604px) 100vw, 604px\" \/>\t\t\t\t\t\t\t\t<\/a>\n\t\t\t\t\t\t\t\t\t\t\t\t\t<\/div>\n\t\t\t\t<\/div>\n\t\t\t\t\t<\/div>\n\t\t<\/div>\n\t\t\t\t<div class=\"elementor-column elementor-col-25 elementor-top-column elementor-element elementor-element-a0a4532\" data-id=\"a0a4532\" data-element_type=\"column\">\n\t\t\t<div class=\"elementor-widget-wrap elementor-element-populated\">\n\t\t\t\t\t\t<div class=\"elementor-element elementor-element-0c77902 elementor-widget elementor-widget-image\" data-id=\"0c77902\" data-element_type=\"widget\" data-widget_type=\"image.default\">\n\t\t\t\t<div class=\"elementor-widget-container\">\n\t\t\t\t\t\t\t\t\t\t\t\t\t\t<a href=\"https:\/\/sites.usp.br\/polinguas\/cursos-de-japones-2024\/\">\n\t\t\t\t\t\t\t<img loading=\"lazy\" decoding=\"async\" width=\"604\" height=\"604\" src=\"https:\/\/sites.usp.br\/polinguas\/wp-content\/uploads\/sites\/1234\/2024\/03\/Japones-1024x1024.png\" class=\"attachment-large size-large wp-image-2010\" alt=\"\" srcset=\"https:\/\/sites.usp.br\/polinguas\/wp-content\/uploads\/sites\/1234\/2024\/03\/Japones-1024x1024.png 1024w, https:\/\/sites.usp.br\/polinguas\/wp-content\/uploads\/sites\/1234\/2024\/03\/Japones-300x300.png 300w, https:\/\/sites.usp.br\/polinguas\/wp-content\/uploads\/sites\/1234\/2024\/03\/Japones-150x150.png 150w, https:\/\/sites.usp.br\/polinguas\/wp-content\/uploads\/sites\/1234\/2024\/03\/Japones-768x768.png 768w, https:\/\/sites.usp.br\/polinguas\/wp-content\/uploads\/sites\/1234\/2024\/03\/Japones-45x45.png 45w, https:\/\/sites.usp.br\/polinguas\/wp-content\/uploads\/sites\/1234\/2024\/03\/Japones.png 1080w\" sizes=\"(max-width: 604px) 100vw, 604px\" \/>\t\t\t\t\t\t\t\t<\/a>\n\t\t\t\t\t\t\t\t\t\t\t\t\t<\/div>\n\t\t\t\t<\/div>\n\t\t\t\t\t<\/div>\n\t\t<\/div>\n\t\t\t\t<div class=\"elementor-column elementor-col-25 elementor-top-column elementor-element elementor-element-9c77c2b\" data-id=\"9c77c2b\" data-element_type=\"column\">\n\t\t\t<div class=\"elementor-widget-wrap elementor-element-populated\">\n\t\t\t\t\t\t<div class=\"elementor-element elementor-element-95d1c75 elementor-widget elementor-widget-image\" data-id=\"95d1c75\" data-element_type=\"widget\" data-widget_type=\"image.default\">\n\t\t\t\t<div class=\"elementor-widget-container\">\n\t\t\t\t\t\t\t\t\t\t\t\t\t\t<a href=\"https:\/\/sites.usp.br\/polinguas\/cursos-de-portugues-2024\/\">\n\t\t\t\t\t\t\t<img loading=\"lazy\" decoding=\"async\" width=\"604\" height=\"604\" src=\"https:\/\/sites.usp.br\/polinguas\/wp-content\/uploads\/sites\/1234\/2024\/03\/7-2-1024x1024.png\" class=\"attachment-large size-large wp-image-1867\" alt=\"\" srcset=\"https:\/\/sites.usp.br\/polinguas\/wp-content\/uploads\/sites\/1234\/2024\/03\/7-2-1024x1024.png 1024w, https:\/\/sites.usp.br\/polinguas\/wp-content\/uploads\/sites\/1234\/2024\/03\/7-2-300x300.png 300w, https:\/\/sites.usp.br\/polinguas\/wp-content\/uploads\/sites\/1234\/2024\/03\/7-2-150x150.png 150w, https:\/\/sites.usp.br\/polinguas\/wp-content\/uploads\/sites\/1234\/2024\/03\/7-2-768x768.png 768w, https:\/\/sites.usp.br\/polinguas\/wp-content\/uploads\/sites\/1234\/2024\/03\/7-2-45x45.png 45w, https:\/\/sites.usp.br\/polinguas\/wp-content\/uploads\/sites\/1234\/2024\/03\/7-2.png 1080w\" sizes=\"(max-width: 604px) 100vw, 604px\" \/>\t\t\t\t\t\t\t\t<\/a>\n\t\t\t\t\t\t\t\t\t\t\t\t\t<\/div>\n\t\t\t\t<\/div>\n\t\t\t\t\t<\/div>\n\t\t<\/div>\n\t\t\t\t<div class=\"elementor-column elementor-col-25 elementor-top-column elementor-element elementor-element-f543986\" data-id=\"f543986\" data-element_type=\"column\">\n\t\t\t<div class=\"elementor-widget-wrap elementor-element-populated\">\n\t\t\t\t\t\t<div class=\"elementor-element elementor-element-dcf3630 elementor-widget elementor-widget-image\" data-id=\"dcf3630\" data-element_type=\"widget\" data-widget_type=\"image.default\">\n\t\t\t\t<div class=\"elementor-widget-container\">\n\t\t\t\t\t\t\t\t\t\t\t\t\t\t<a href=\"https:\/\/sites.usp.br\/polinguas\/cursos-de-russo-2024\/\">\n\t\t\t\t\t\t\t<img loading=\"lazy\" decoding=\"async\" width=\"604\" height=\"604\" src=\"https:\/\/sites.usp.br\/polinguas\/wp-content\/uploads\/sites\/1234\/2024\/03\/5-2-1024x1024.png\" class=\"attachment-large size-large wp-image-2008\" alt=\"\" srcset=\"https:\/\/sites.usp.br\/polinguas\/wp-content\/uploads\/sites\/1234\/2024\/03\/5-2-1024x1024.png 1024w, https:\/\/sites.usp.br\/polinguas\/wp-content\/uploads\/sites\/1234\/2024\/03\/5-2-300x300.png 300w, https:\/\/sites.usp.br\/polinguas\/wp-content\/uploads\/sites\/1234\/2024\/03\/5-2-150x150.png 150w, https:\/\/sites.usp.br\/polinguas\/wp-content\/uploads\/sites\/1234\/2024\/03\/5-2-768x768.png 768w, https:\/\/sites.usp.br\/polinguas\/wp-content\/uploads\/sites\/1234\/2024\/03\/5-2-45x45.png 45w, https:\/\/sites.usp.br\/polinguas\/wp-content\/uploads\/sites\/1234\/2024\/03\/5-2.png 1080w\" sizes=\"(max-width: 604px) 100vw, 604px\" \/>\t\t\t\t\t\t\t\t<\/a>\n\t\t\t\t\t\t\t\t\t\t\t\t\t<\/div>\n\t\t\t\t<\/div>\n\t\t\t\t\t<\/div>\n\t\t<\/div>\n\t\t\t\t\t<\/div>\n\t\t<\/section>\n\t\t\t\t<section class=\"elementor-section elementor-top-section elementor-element elementor-element-5c26413 elementor-section-boxed elementor-section-height-default elementor-section-height-default\" data-id=\"5c26413\" data-element_type=\"section\">\n\t\t\t\t\t\t<div class=\"elementor-container elementor-column-gap-default\">\n\t\t\t\t\t<div class=\"elementor-column elementor-col-100 elementor-top-column elementor-element elementor-element-0bedfa2\" data-id=\"0bedfa2\" data-element_type=\"column\">\n\t\t\t<div class=\"elementor-widget-wrap\">\n\t\t\t\t\t\t\t<\/div>\n\t\t<\/div>\n\t\t\t\t\t<\/div>\n\t\t<\/section>\n\t\t\t\t<\/div>\n\t\t","protected":false},"excerpt":{"rendered":"<p>&nbsp;Confira a divulga\u00e7\u00e3o de cursos nas seguintes 12 \u00e1reas lingu\u00edsticas:<\/p>\n","protected":false},"author":23768,"featured_media":0,"parent":0,"menu_order":0,"comment_status":"closed","ping_status":"closed","template":"","meta":{"footnotes":"","_links_to":"","_links_to_target":""},"class_list":["post-1820","page","type-page","status-publish","hentry"],"_links":{"self":[{"href":"https:\/\/sites.usp.br\/polinguas\/wp-json\/wp\/v2\/pages\/1820","targetHints":{"allow":["GET"]}}],"collection":[{"href":"https:\/\/sites.usp.br\/polinguas\/wp-json\/wp\/v2\/pages"}],"about":[{"href":"https:\/\/sites.usp.br\/polinguas\/wp-json\/wp\/v2\/types\/page"}],"author":[{"embeddable":true,"href":"https:\/\/sites.usp.br\/polinguas\/wp-json\/wp\/v2\/users\/23768"}],"replies":[{"embeddable":true,"href":"https:\/\/sites.usp.br\/polinguas\/wp-json\/wp\/v2\/comments?post=1820"}],"version-history":[{"count":4,"href":"https:\/\/sites.usp.br\/polinguas\/wp-json\/wp\/v2\/pages\/1820\/revisions"}],"predecessor-version":[{"id":4617,"href":"https:\/\/sites.usp.br\/polinguas\/wp-json\/wp\/v2\/pages\/1820\/revisions\/4617"}],"wp:attachment":[{"href":"https:\/\/sites.usp.br\/polinguas\/wp-json\/wp\/v2\/media?parent=1820"}],"curies":[{"name":"wp","href":"https:\/\/api.w.org\/{rel}","templated":true}]}}