{"id":1856,"date":"2024-03-14T14:11:45","date_gmt":"2024-03-14T17:11:45","guid":{"rendered":"https:\/\/sites.usp.br\/polinguas\/?page_id=1856"},"modified":"2024-12-16T15:45:03","modified_gmt":"2024-12-16T18:45:03","slug":"cursos-armenio-2024","status":"publish","type":"page","link":"https:\/\/sites.usp.br\/polinguas\/cursos-armenio-2024\/","title":{"rendered":"Cursos Arm\u00eanio 2024"},"content":{"rendered":"\t\t<div data-elementor-type=\"wp-page\" data-elementor-id=\"1856\" class=\"elementor elementor-1856\" data-elementor-post-type=\"page\">\n\t\t\t\t\t\t<section class=\"elementor-section elementor-top-section elementor-element elementor-element-3a26c6a elementor-section-boxed elementor-section-height-default elementor-section-height-default\" data-id=\"3a26c6a\" data-element_type=\"section\">\n\t\t\t\t\t\t<div class=\"elementor-container elementor-column-gap-default\">\n\t\t\t\t\t<div class=\"elementor-column elementor-col-100 elementor-top-column elementor-element elementor-element-3f13360\" data-id=\"3f13360\" data-element_type=\"column\">\n\t\t\t<div class=\"elementor-widget-wrap elementor-element-populated\">\n\t\t\t\t\t\t<div class=\"elementor-element elementor-element-278ecac elementor-widget elementor-widget-text-editor\" data-id=\"278ecac\" data-element_type=\"widget\" data-widget_type=\"text-editor.default\">\n\t\t\t\t<div class=\"elementor-widget-container\">\n\t\t\t\t\t\t\t<p><img fetchpriority=\"high\" decoding=\"async\" class=\"wp-image-3563 alignleft\" src=\"https:\/\/sites.usp.br\/polinguas\/wp-content\/uploads\/sites\/1234\/2024\/12\/Banners-para-site-212x300.png\" alt=\"\" width=\"341\" height=\"483\" srcset=\"https:\/\/sites.usp.br\/polinguas\/wp-content\/uploads\/sites\/1234\/2024\/12\/Banners-para-site-212x300.png 212w, https:\/\/sites.usp.br\/polinguas\/wp-content\/uploads\/sites\/1234\/2024\/12\/Banners-para-site-724x1024.png 724w, https:\/\/sites.usp.br\/polinguas\/wp-content\/uploads\/sites\/1234\/2024\/12\/Banners-para-site-768x1086.png 768w, https:\/\/sites.usp.br\/polinguas\/wp-content\/uploads\/sites\/1234\/2024\/12\/Banners-para-site-1086x1536.png 1086w, https:\/\/sites.usp.br\/polinguas\/wp-content\/uploads\/sites\/1234\/2024\/12\/Banners-para-site-1448x2048.png 1448w, https:\/\/sites.usp.br\/polinguas\/wp-content\/uploads\/sites\/1234\/2024\/12\/Banners-para-site.png 1587w\" sizes=\"(max-width: 341px) 100vw, 341px\" \/>Este curso tem como objetivo a <strong>leitura e compreens\u00e3o de textos em l\u00edngua arm\u00eania<\/strong>, de forma introdut\u00f3ria, visando que os estudantes possam ganhar autonomia inicial na leitura dessa l\u00edngua e prosseguir em seus estudos com maior independ\u00eancia.<\/p><p>As aulas ser\u00e3o oferecidas de maneira <strong>virtual atrav\u00e9s de um canal no YouTube<\/strong> e estar\u00e3o acess\u00edveis em qualquer hor\u00e1rio durante o per\u00edodo de oferecimento do curso. Al\u00e9m das aulas expositivas, v\u00e3o ocorrer encontros s\u00edncronos para solu\u00e7\u00e3o de d\u00favidas e aux\u00edlio na consolida\u00e7\u00e3o dos conte\u00fados trabalhados, assim como atribui\u00e7\u00e3o de atividades relacionadas \u00e0s aulas, para colocar o aprendizado em pr\u00e1tica.<\/p><p>Como busca dar sequ\u00eancia ao primeiro m\u00f3dulo, o curso <strong>exigir\u00e1 conhecimento de todas as letras do alfabeto arm\u00eanio<\/strong>. Trabalhar\u00e1 com a compreens\u00e3o da pros\u00f3dia e da organiza\u00e7\u00e3o sint\u00e1tica da l\u00edngua, al\u00e9m do ritmo, velocidade e eloqu\u00eancia de leitura.<\/p><p><strong>Bolsistas PROIAD respons\u00e1veis<\/strong>: Agata Lemes dos Santos e <span style=\"font-weight: 400;\">Julio Cesar da Silva Costa<\/span><\/p><p><strong>Supervisor<\/strong>: Prof. Dr. Fernando Janu\u00e1rio Pimenta<\/p>\t\t\t\t\t\t<\/div>\n\t\t\t\t<\/div>\n\t\t\t\t\t<\/div>\n\t\t<\/div>\n\t\t\t\t\t<\/div>\n\t\t<\/section>\n\t\t\t\t<section class=\"elementor-section elementor-top-section elementor-element elementor-element-ccd69a3 elementor-section-boxed elementor-section-height-default elementor-section-height-default\" data-id=\"ccd69a3\" data-element_type=\"section\">\n\t\t\t\t\t\t<div class=\"elementor-container elementor-column-gap-default\">\n\t\t\t\t\t<div class=\"elementor-column elementor-col-100 elementor-top-column elementor-element elementor-element-4a11eaa\" data-id=\"4a11eaa\" data-element_type=\"column\">\n\t\t\t<div class=\"elementor-widget-wrap elementor-element-populated\">\n\t\t\t\t\t\t<div class=\"elementor-element elementor-element-057aec4 elementor-widget-divider--separator-type-pattern elementor-widget-divider--no-spacing elementor-widget-divider--view-line elementor-widget elementor-widget-divider\" data-id=\"057aec4\" data-element_type=\"widget\" data-widget_type=\"divider.default\">\n\t\t\t\t<div class=\"elementor-widget-container\">\n\t\t\t\t\t<div class=\"elementor-divider\" style=\"--divider-pattern-url: url(&quot;data:image\/svg+xml,%3Csvg xmlns=&#039;http:\/\/www.w3.org\/2000\/svg&#039; preserveAspectRatio=&#039;xMidYMid meet&#039; overflow=&#039;visible&#039; height=&#039;100%&#039; viewBox=&#039;0 0 126 26&#039; fill=&#039;black&#039; stroke=&#039;none&#039;%3E%3Cpath d=&#039;M3,10.2c2.6,0,2.6,2,2.6,3.2S4.4,16.5,3,16.5s-3-1.4-3-3.2S0.4,10.2,3,10.2z M18.8,10.2c1.7,0,3.2,1.4,3.2,3.2s-1.4,3.2-3.2,3.2c-1.7,0-3.2-1.4-3.2-3.2S17,10.2,18.8,10.2z M34.6,10.2c1.5,0,2.6,1.4,2.6,3.2s-0.5,3.2-1.9,3.2c-1.5,0-3.4-1.4-3.4-3.2S33.1,10.2,34.6,10.2z M50.5,10.2c1.7,0,3.2,1.4,3.2,3.2s-1.4,3.2-3.2,3.2c-1.7,0-3.3-0.9-3.3-2.6S48.7,10.2,50.5,10.2z M66.2,10.2c1.5,0,3.4,1.4,3.4,3.2s-1.9,3.2-3.4,3.2c-1.5,0-2.6-0.4-2.6-2.1S64.8,10.2,66.2,10.2z M82.2,10.2c1.7,0.8,2.6,1.4,2.6,3.2s-0.1,3.2-1.6,3.2c-1.5,0-3.7-1.4-3.7-3.2S80.5,9.4,82.2,10.2zM98.6,10.2c1.5,0,2.6,0.4,2.6,2.1s-1.2,4.2-2.6,4.2c-1.5,0-3.7-0.4-3.7-2.1S97.1,10.2,98.6,10.2z M113.4,10.2c1.2,0,2.2,0.9,2.2,3.2s-0.1,3.2-1.3,3.2s-3.1-1.4-3.1-3.2S112.2,10.2,113.4,10.2z&#039;\/%3E%3C\/svg%3E&quot;);\">\n\t\t\t<span class=\"elementor-divider-separator\">\n\t\t\t\t\t\t<\/span>\n\t\t<\/div>\n\t\t\t\t<\/div>\n\t\t\t\t<\/div>\n\t\t\t\t\t<\/div>\n\t\t<\/div>\n\t\t\t\t\t<\/div>\n\t\t<\/section>\n\t\t\t\t<section class=\"elementor-section elementor-top-section elementor-element elementor-element-4216fbed elementor-section-boxed elementor-section-height-default elementor-section-height-default\" data-id=\"4216fbed\" data-element_type=\"section\">\n\t\t\t\t\t\t<div class=\"elementor-container elementor-column-gap-default\">\n\t\t\t\t\t<div class=\"elementor-column elementor-col-100 elementor-top-column elementor-element elementor-element-730071e2\" data-id=\"730071e2\" data-element_type=\"column\">\n\t\t\t<div class=\"elementor-widget-wrap elementor-element-populated\">\n\t\t\t\t\t\t<div class=\"elementor-element elementor-element-4cf856e5 elementor-widget elementor-widget-text-editor\" data-id=\"4cf856e5\" data-element_type=\"widget\" data-widget_type=\"text-editor.default\">\n\t\t\t\t<div class=\"elementor-widget-container\">\n\t\t\t\t\t\t\t<p dir=\"ltr\" style=\"line-height: 1.38; text-align: justify; background-color: #ffffff; margin-top: 0pt; margin-bottom: 0pt; padding: 0pt 0pt 18pt 0pt;\"><span style=\"font-size: 12pt; font-family: Arial,sans-serif; color: #141412; background-color: transparent; font-weight: 400; font-style: normal; font-variant: normal; text-decoration: none; vertical-align: baseline; white-space: pre-wrap;\"><img decoding=\"async\" class=\"wp-image-2614  alignleft\" src=\"https:\/\/sites.usp.br\/polinguas\/wp-content\/uploads\/sites\/1234\/2024\/06\/Divulgacao-Banners-5-212x300.png\" alt=\"\" width=\"338\" height=\"478\" srcset=\"https:\/\/sites.usp.br\/polinguas\/wp-content\/uploads\/sites\/1234\/2024\/06\/Divulgacao-Banners-5-212x300.png 212w, https:\/\/sites.usp.br\/polinguas\/wp-content\/uploads\/sites\/1234\/2024\/06\/Divulgacao-Banners-5-724x1024.png 724w, https:\/\/sites.usp.br\/polinguas\/wp-content\/uploads\/sites\/1234\/2024\/06\/Divulgacao-Banners-5-768x1086.png 768w, https:\/\/sites.usp.br\/polinguas\/wp-content\/uploads\/sites\/1234\/2024\/06\/Divulgacao-Banners-5-1086x1536.png 1086w, https:\/\/sites.usp.br\/polinguas\/wp-content\/uploads\/sites\/1234\/2024\/06\/Divulgacao-Banners-5-1448x2048.png 1448w, https:\/\/sites.usp.br\/polinguas\/wp-content\/uploads\/sites\/1234\/2024\/06\/Divulgacao-Banners-5.png 1587w\" sizes=\"(max-width: 338px) 100vw, 338px\" \/>Neste curso ser\u00e3o <\/span><span style=\"font-size: 12pt; font-family: Arial,sans-serif; color: #141412; background-color: #ffffff; font-weight: 400; font-style: normal; font-variant: normal; text-decoration: none; vertical-align: baseline; white-space: pre-wrap;\">implementadas <\/span><span style=\"font-size: 12pt; font-family: Arial,sans-serif; color: #000000; background-color: transparent; font-weight: 400; font-style: normal; font-variant: normal; text-decoration: none; vertical-align: baseline; white-space: pre-wrap;\">atividades para a alfabetiza\u00e7\u00e3o em l\u00edngua arm\u00eania, possibilitando a leitura aut\u00f4noma de palavras e frases escritas no alfabeto arm\u00eanio<\/span><\/p><p dir=\"ltr\" style=\"line-height: 1.38; text-align: justify; background-color: #ffffff; margin-top: 0pt; margin-bottom: 0pt; padding: 0pt 0pt 18pt 0pt;\"><span style=\"font-size: 12pt; font-family: Arial,sans-serif; color: #141412; background-color: transparent; font-weight: 400; font-style: normal; font-variant: normal; text-decoration: none; vertical-align: baseline; white-space: pre-wrap;\">As aulas ser\u00e3o oferecidas de maneira virtual atrav\u00e9s de um canal no YouTube <\/span><span style=\"font-size: 11pt; font-family: Arial,sans-serif; color: #000000; background-color: transparent; font-weight: 400; font-style: normal; font-variant: normal; text-decoration: none; vertical-align: baseline; white-space: pre-wrap;\"> e acess\u00edveis em qualquer hor\u00e1rio durante o per\u00edodo de oferecimento do curso. <\/span><span style=\"font-size: 11pt; font-family: Arial,sans-serif; color: #000000; background-color: transparent; font-weight: bold; font-style: normal; font-variant: normal; text-decoration: none; vertical-align: baseline; white-space: pre-wrap;\">Os recursos did\u00e1ticos<\/span><span style=\"font-size: 11pt; font-family: Arial,sans-serif; color: #000000; background-color: transparent; font-weight: 400; font-style: normal; font-variant: normal; text-decoration: none; vertical-align: baseline; white-space: pre-wrap;\"> ser\u00e3o aulas expositivas, com atribui\u00e7\u00e3o de tarefas relacionadas a cada aula, para a apreens\u00e3o das letras do alfabeto, assim como encontros s\u00edncronos para d\u00favidas e aux\u00edlio.<\/span><\/p><p dir=\"ltr\" style=\"line-height: 1.38; text-align: justify; background-color: #ffffff; margin-top: 0pt; margin-bottom: 0pt; padding: 0pt 0pt 18pt 0pt;\"><span style=\"font-size: 12pt; font-family: Arial,sans-serif; color: #000000; background-color: transparent; font-weight: 400; font-style: normal; font-variant: normal; text-decoration: none; vertical-align: baseline; white-space: pre-wrap;\">Ser\u00e3o apresentados os sons da l\u00edngua, diferencia\u00e7\u00f5es entre o alfabeto ocidental e oriental, diferentes fontes e letra cursiva e tipogr\u00e1fica, de modo a aproximar o estudante da leitura nessa l\u00edngua.<\/span><\/p><p><b id=\"docs-internal-guid-8dba33c6-7fff-7190-ed45-080a9146afa9\" style=\"font-weight: normal;\">\u00a0<\/b><\/p><p dir=\"ltr\" style=\"line-height: 1.38; margin-left: 72pt; text-align: justify; background-color: #ffffff; margin-top: 0pt; margin-bottom: 0pt; padding: 0pt 0pt 18pt 0pt;\"><span style=\"font-size: 12pt; font-family: Roboto,sans-serif; color: #141412; background-color: transparent; font-weight: bold; font-style: normal; font-variant: normal; text-decoration: none; vertical-align: baseline; white-space: pre-wrap;\">Bolsistas PROIAD respons\u00e1veis:<\/span> <span style=\"font-size: 12pt; font-family: Arial,sans-serif; color: #000000; background-color: transparent; font-weight: 400; font-style: normal; font-variant: normal; text-decoration: none; vertical-align: baseline; white-space: pre-wrap;\">Agata Lemes dos Santos e Fernanda Pedreschi Gonzalez<\/span><\/p><p dir=\"ltr\" style=\"line-height: 1.38; margin-left: 72pt; text-align: justify; background-color: #ffffff; margin-top: 0pt; margin-bottom: 0pt; padding: 0pt 0pt 18pt 0pt;\"><span style=\"font-size: 12pt; font-family: Roboto,sans-serif; color: #141412; background-color: transparent; font-weight: bold; font-style: normal; font-variant: normal; text-decoration: none; vertical-align: baseline; white-space: pre-wrap;\">Supervisor:<\/span> <span style=\"font-size: 11pt; font-family: Arial,sans-serif; color: #141412; background-color: transparent; font-weight: 400; font-style: normal; font-variant: normal; text-decoration: none; vertical-align: baseline; white-space: pre-wrap;\">Prof. Dr. <\/span><span style=\"font-size: 12pt; font-family: Arial,sans-serif; color: #000000; background-color: transparent; font-weight: 400; font-style: normal; font-variant: normal; text-decoration: none; vertical-align: baseline; white-space: pre-wrap;\">Fernando Janu\u00e1rio Pimenta<\/span><\/p><div>\u00a0<\/div>\t\t\t\t\t\t<\/div>\n\t\t\t\t<\/div>\n\t\t\t\t\t<\/div>\n\t\t<\/div>\n\t\t\t\t\t<\/div>\n\t\t<\/section>\n\t\t\t\t<\/div>\n\t\t","protected":false},"excerpt":{"rendered":"<p>Este curso tem como objetivo a leitura e compreens\u00e3o de textos em l\u00edngua arm\u00eania, de forma introdut\u00f3ria, visando que os estudantes possam ganhar autonomia inicial na leitura dessa l\u00edngua e prosseguir em seus estudos com maior independ\u00eancia. As aulas ser\u00e3o oferecidas de maneira virtual atrav\u00e9s de um canal no YouTube e estar\u00e3o acess\u00edveis em qualquer [&hellip;]<\/p>\n","protected":false},"author":23768,"featured_media":0,"parent":0,"menu_order":0,"comment_status":"closed","ping_status":"closed","template":"","meta":{"footnotes":"","_links_to":"","_links_to_target":""},"class_list":["post-1856","page","type-page","status-publish","hentry"],"_links":{"self":[{"href":"https:\/\/sites.usp.br\/polinguas\/wp-json\/wp\/v2\/pages\/1856","targetHints":{"allow":["GET"]}}],"collection":[{"href":"https:\/\/sites.usp.br\/polinguas\/wp-json\/wp\/v2\/pages"}],"about":[{"href":"https:\/\/sites.usp.br\/polinguas\/wp-json\/wp\/v2\/types\/page"}],"author":[{"embeddable":true,"href":"https:\/\/sites.usp.br\/polinguas\/wp-json\/wp\/v2\/users\/23768"}],"replies":[{"embeddable":true,"href":"https:\/\/sites.usp.br\/polinguas\/wp-json\/wp\/v2\/comments?post=1856"}],"version-history":[{"count":4,"href":"https:\/\/sites.usp.br\/polinguas\/wp-json\/wp\/v2\/pages\/1856\/revisions"}],"predecessor-version":[{"id":3624,"href":"https:\/\/sites.usp.br\/polinguas\/wp-json\/wp\/v2\/pages\/1856\/revisions\/3624"}],"wp:attachment":[{"href":"https:\/\/sites.usp.br\/polinguas\/wp-json\/wp\/v2\/media?parent=1856"}],"curies":[{"name":"wp","href":"https:\/\/api.w.org\/{rel}","templated":true}]}}