{"id":1860,"date":"2024-03-14T14:13:14","date_gmt":"2024-03-14T17:13:14","guid":{"rendered":"https:\/\/sites.usp.br\/polinguas\/?page_id=1860"},"modified":"2024-08-27T11:38:06","modified_gmt":"2024-08-27T14:38:06","slug":"cursos-de-arabe-2024","status":"publish","type":"page","link":"https:\/\/sites.usp.br\/polinguas\/cursos-de-arabe-2024\/","title":{"rendered":"Cursos de \u00c1rabe 2024"},"content":{"rendered":"\t\t<div data-elementor-type=\"wp-page\" data-elementor-id=\"1860\" class=\"elementor elementor-1860\" data-elementor-post-type=\"page\">\n\t\t\t\t\t\t<section class=\"elementor-section elementor-top-section elementor-element elementor-element-ba4a507 elementor-section-boxed elementor-section-height-default elementor-section-height-default\" data-id=\"ba4a507\" data-element_type=\"section\">\n\t\t\t\t\t\t<div class=\"elementor-container elementor-column-gap-default\">\n\t\t\t\t\t<div class=\"elementor-column elementor-col-100 elementor-top-column elementor-element elementor-element-18b8f45b\" data-id=\"18b8f45b\" data-element_type=\"column\">\n\t\t\t<div class=\"elementor-widget-wrap elementor-element-populated\">\n\t\t\t\t\t\t<div class=\"elementor-element elementor-element-620f56f4 elementor-widget elementor-widget-text-editor\" data-id=\"620f56f4\" data-element_type=\"widget\" data-widget_type=\"text-editor.default\">\n\t\t\t\t<div class=\"elementor-widget-container\">\n\t\t\t\t\t\t\t<p><span style=\"font-weight: 400;\"><img fetchpriority=\"high\" decoding=\"async\" class=\"alignleft wp-image-2623\" src=\"https:\/\/sites.usp.br\/polinguas\/wp-content\/uploads\/sites\/1234\/2024\/07\/banner-arabe-inscricao-212x300.png\" alt=\"\" width=\"348\" height=\"492\" srcset=\"https:\/\/sites.usp.br\/polinguas\/wp-content\/uploads\/sites\/1234\/2024\/07\/banner-arabe-inscricao-212x300.png 212w, https:\/\/sites.usp.br\/polinguas\/wp-content\/uploads\/sites\/1234\/2024\/07\/banner-arabe-inscricao-724x1024.png 724w, https:\/\/sites.usp.br\/polinguas\/wp-content\/uploads\/sites\/1234\/2024\/07\/banner-arabe-inscricao-768x1086.png 768w, https:\/\/sites.usp.br\/polinguas\/wp-content\/uploads\/sites\/1234\/2024\/07\/banner-arabe-inscricao-1086x1536.png 1086w, https:\/\/sites.usp.br\/polinguas\/wp-content\/uploads\/sites\/1234\/2024\/07\/banner-arabe-inscricao-1448x2048.png 1448w, https:\/\/sites.usp.br\/polinguas\/wp-content\/uploads\/sites\/1234\/2024\/07\/banner-arabe-inscricao.png 1587w\" sizes=\"(max-width: 348px) 100vw, 348px\" \/>Este curso <\/span><span style=\"font-weight: 400;\">pretende <\/span><span style=\"font-weight: 400;\">introduzir a l\u00edngua e a cultura \u00e1rabes para estudantes brasileiros. Alfabetiza\u00e7\u00e3o e leitura de textos curtos, sauda\u00e7\u00f5es, ora\u00e7\u00f5es b\u00e1sicas e elementos do cotidiano. Os pa\u00edses \u00e1rabes: hist\u00f3ria, cultura e civiliza\u00e7\u00e3o, influ\u00eancias na l\u00edngua portuguesa e na sociedade brasileira.<\/span><\/p><p><span style=\"font-weight: 400;\">As aulas ser\u00e3o oferecidas de maneira<\/span><b> virtual e s\u00edncrona <\/b><span style=\"font-weight: 400;\">\u00a0atrav\u00e9s da plataforma <\/span><b>Google Meet.<\/b><\/p><p><span style=\"font-weight: 400;\">Neste curso ser\u00e3o desenvolvidos os aspectos fon\u00e9ticos e fonol\u00f3gicos da l\u00edngua \u00e1rabe e o aprendizado do sistema de escrita. Tamb\u00e9m ser\u00e3o iniciadas sauda\u00e7\u00f5es e di\u00e1logos, ora\u00e7\u00f5es b\u00e1sicas com temas do cotidiano. E ainda, aspectos culturais e in\u00edcio de morfossintaxe.<\/span><\/p><p><b>Bolsistas PROIAD respons\u00e1veis:<\/b> <span style=\"font-weight: 400;\">Heitor de Oliveira Baffa<\/span><\/p><p><b>Supervisor:<\/b> <span style=\"font-weight: 400;\">Prof. Dr.<\/span> <span style=\"font-weight: 400;\">Paulo Daniel Farah<\/span><\/p><p class=\"text-align-center\">\u00a0<\/p>\t\t\t\t\t\t<\/div>\n\t\t\t\t<\/div>\n\t\t\t\t\t<\/div>\n\t\t<\/div>\n\t\t\t\t\t<\/div>\n\t\t<\/section>\n\t\t\t\t<\/div>\n\t\t","protected":false},"excerpt":{"rendered":"<p>Este curso pretende introduzir a l\u00edngua e a cultura \u00e1rabes para estudantes brasileiros. Alfabetiza\u00e7\u00e3o e leitura de textos curtos, sauda\u00e7\u00f5es, ora\u00e7\u00f5es b\u00e1sicas e elementos do cotidiano. Os pa\u00edses \u00e1rabes: hist\u00f3ria, cultura e civiliza\u00e7\u00e3o, influ\u00eancias na l\u00edngua portuguesa e na sociedade brasileira. As aulas ser\u00e3o oferecidas de maneira virtual e s\u00edncrona \u00a0atrav\u00e9s da plataforma Google Meet. [&hellip;]<\/p>\n","protected":false},"author":23768,"featured_media":0,"parent":0,"menu_order":0,"comment_status":"closed","ping_status":"closed","template":"","meta":{"footnotes":"","_links_to":"","_links_to_target":""},"class_list":["post-1860","page","type-page","status-publish","hentry"],"_links":{"self":[{"href":"https:\/\/sites.usp.br\/polinguas\/wp-json\/wp\/v2\/pages\/1860","targetHints":{"allow":["GET"]}}],"collection":[{"href":"https:\/\/sites.usp.br\/polinguas\/wp-json\/wp\/v2\/pages"}],"about":[{"href":"https:\/\/sites.usp.br\/polinguas\/wp-json\/wp\/v2\/types\/page"}],"author":[{"embeddable":true,"href":"https:\/\/sites.usp.br\/polinguas\/wp-json\/wp\/v2\/users\/23768"}],"replies":[{"embeddable":true,"href":"https:\/\/sites.usp.br\/polinguas\/wp-json\/wp\/v2\/comments?post=1860"}],"version-history":[{"count":4,"href":"https:\/\/sites.usp.br\/polinguas\/wp-json\/wp\/v2\/pages\/1860\/revisions"}],"predecessor-version":[{"id":2825,"href":"https:\/\/sites.usp.br\/polinguas\/wp-json\/wp\/v2\/pages\/1860\/revisions\/2825"}],"wp:attachment":[{"href":"https:\/\/sites.usp.br\/polinguas\/wp-json\/wp\/v2\/media?parent=1860"}],"curies":[{"name":"wp","href":"https:\/\/api.w.org\/{rel}","templated":true}]}}