{"id":1940,"date":"2024-03-18T16:25:25","date_gmt":"2024-03-18T19:25:25","guid":{"rendered":"https:\/\/sites.usp.br\/polinguas\/?page_id=1940"},"modified":"2024-10-02T14:35:48","modified_gmt":"2024-10-02T17:35:48","slug":"cursos-de-chines-2024","status":"publish","type":"page","link":"https:\/\/sites.usp.br\/polinguas\/cursos-de-chines-2024\/","title":{"rendered":"Cursos de Chin\u00eas 2024"},"content":{"rendered":"\t\t<div data-elementor-type=\"wp-page\" data-elementor-id=\"1940\" class=\"elementor elementor-1940\" data-elementor-post-type=\"page\">\n\t\t\t\t\t\t<section class=\"elementor-section elementor-top-section elementor-element elementor-element-6ff95d5 elementor-section-boxed elementor-section-height-default elementor-section-height-default\" data-id=\"6ff95d5\" data-element_type=\"section\">\n\t\t\t\t\t\t<div class=\"elementor-container elementor-column-gap-default\">\n\t\t\t\t\t<div class=\"elementor-column elementor-col-100 elementor-top-column elementor-element elementor-element-2208ff3\" data-id=\"2208ff3\" data-element_type=\"column\">\n\t\t\t<div class=\"elementor-widget-wrap elementor-element-populated\">\n\t\t\t\t\t\t<div class=\"elementor-element elementor-element-edf6b9e elementor-widget elementor-widget-text-editor\" data-id=\"edf6b9e\" data-element_type=\"widget\" data-widget_type=\"text-editor.default\">\n\t\t\t\t<div class=\"elementor-widget-container\">\n\t\t\t\t\t\t\t<p><img fetchpriority=\"high\" decoding=\"async\" class=\"wp-image-2830  alignleft\" src=\"https:\/\/sites.usp.br\/polinguas\/wp-content\/uploads\/sites\/1234\/2024\/08\/5-212x300.png\" alt=\"\" width=\"343\" height=\"485\" srcset=\"https:\/\/sites.usp.br\/polinguas\/wp-content\/uploads\/sites\/1234\/2024\/08\/5-212x300.png 212w, https:\/\/sites.usp.br\/polinguas\/wp-content\/uploads\/sites\/1234\/2024\/08\/5-724x1024.png 724w, https:\/\/sites.usp.br\/polinguas\/wp-content\/uploads\/sites\/1234\/2024\/08\/5-768x1086.png 768w, https:\/\/sites.usp.br\/polinguas\/wp-content\/uploads\/sites\/1234\/2024\/08\/5-1086x1536.png 1086w, https:\/\/sites.usp.br\/polinguas\/wp-content\/uploads\/sites\/1234\/2024\/08\/5-1448x2048.png 1448w, https:\/\/sites.usp.br\/polinguas\/wp-content\/uploads\/sites\/1234\/2024\/08\/5.png 1587w\" sizes=\"(max-width: 343px) 100vw, 343px\" \/><\/p><p><span style=\"font-weight: 400;\">O objetivo do m\u00f3dulo II \u00e9 capacitar o aluno para leitura de textos escritos em l\u00edngua chinesa com enfoque em ora\u00e7\u00f5es de estruturas coordenadas e subordinadas.\u00a0<\/span><\/p><p><span style=\"font-weight: 400;\">Aulas ser\u00e3o \u00e0 dist\u00e2ncia e s\u00edncronas via<\/span><b> Google Meet<\/b><span style=\"font-weight: 400;\"> com o uso de aplicativos e de sites recomendados pelos monitores. A orienta\u00e7\u00e3o dos alunos ser\u00e1 feita atrav\u00e9s do <\/span><b>Google Classroom<\/b><span style=\"font-weight: 400;\">, e-mails e material autoinstrucional feito especialmente para a realiza\u00e7\u00e3o das aulas.<\/span><\/p><p><span style=\"font-weight: 400;\">A infraestrutura do contato e da comunica\u00e7\u00e3o ser\u00e3o atrav\u00e9s do Google Classroom e e-mails. Periodicidade dos contatos: duas vezes por semana, fora dos dias de aulas \u00e0 dist\u00e2ncia s\u00edncronas.<\/span><\/p><p><span style=\"font-weight: 400;\">O recurso de instru\u00e7\u00e3o ser\u00e1 o material auto-instrutivo digital desenvolvido pelos monitores especificamente para as aulas e para o aprendizado dos alunos. O material complementar contar\u00e1 com exerc\u00edcios elaborados por monitores para serem feitos em casa pelos alunos. \u00c9 necess\u00e1rio o uso da internet para o acesso ao Google Classroom, ao Google Meet e aos aplicativos recomendados pelos monitores.<\/span><\/p><p style=\"padding-left: 480px;\"><b>Bolsistas PROIAD respons\u00e1vel: <\/b><span style=\"font-weight: 400;\">Luan Daylon Almeida Alves e\u00a0<\/span><\/p><p style=\"padding-left: 480px;\"><span style=\"font-weight: 400;\">Amanda Sa Foeppel Ribeiro da Costa<\/span><\/p><p style=\"padding-left: 480px;\"><span style=\"font-weight: 400;\">\u00a0\u00a0\u00a0\u00a0\u00a0\u00a0\u00a0\u00a0\u00a0\u00a0\u00a0\u00a0\u00a0\u00a0<\/span><b>Supervisores: <\/b><span style=\"font-weight: 400;\">Profa. Dra. Ho Yeh Chia<\/span><\/p>\t\t\t\t\t\t<\/div>\n\t\t\t\t<\/div>\n\t\t\t\t\t<\/div>\n\t\t<\/div>\n\t\t\t\t\t<\/div>\n\t\t<\/section>\n\t\t\t\t<section class=\"elementor-section elementor-top-section elementor-element elementor-element-cbbfac0 elementor-section-boxed elementor-section-height-default elementor-section-height-default\" data-id=\"cbbfac0\" data-element_type=\"section\">\n\t\t\t\t\t\t<div class=\"elementor-container elementor-column-gap-default\">\n\t\t\t\t\t<div class=\"elementor-column elementor-col-100 elementor-top-column elementor-element elementor-element-e844022\" data-id=\"e844022\" data-element_type=\"column\">\n\t\t\t<div class=\"elementor-widget-wrap elementor-element-populated\">\n\t\t\t\t\t\t<div class=\"elementor-element elementor-element-d5c8d65 elementor-widget-divider--separator-type-pattern elementor-widget-divider--no-spacing elementor-widget-divider--view-line elementor-widget elementor-widget-divider\" data-id=\"d5c8d65\" data-element_type=\"widget\" data-widget_type=\"divider.default\">\n\t\t\t\t<div class=\"elementor-widget-container\">\n\t\t\t\t\t<div class=\"elementor-divider\" style=\"--divider-pattern-url: url(&quot;data:image\/svg+xml,%3Csvg xmlns=&#039;http:\/\/www.w3.org\/2000\/svg&#039; preserveAspectRatio=&#039;xMidYMid meet&#039; overflow=&#039;visible&#039; height=&#039;100%&#039; viewBox=&#039;0 0 126 26&#039; fill=&#039;black&#039; stroke=&#039;none&#039;%3E%3Cpath d=&#039;M3,10.2c2.6,0,2.6,2,2.6,3.2S4.4,16.5,3,16.5s-3-1.4-3-3.2S0.4,10.2,3,10.2z M18.8,10.2c1.7,0,3.2,1.4,3.2,3.2s-1.4,3.2-3.2,3.2c-1.7,0-3.2-1.4-3.2-3.2S17,10.2,18.8,10.2z M34.6,10.2c1.5,0,2.6,1.4,2.6,3.2s-0.5,3.2-1.9,3.2c-1.5,0-3.4-1.4-3.4-3.2S33.1,10.2,34.6,10.2z M50.5,10.2c1.7,0,3.2,1.4,3.2,3.2s-1.4,3.2-3.2,3.2c-1.7,0-3.3-0.9-3.3-2.6S48.7,10.2,50.5,10.2z M66.2,10.2c1.5,0,3.4,1.4,3.4,3.2s-1.9,3.2-3.4,3.2c-1.5,0-2.6-0.4-2.6-2.1S64.8,10.2,66.2,10.2z M82.2,10.2c1.7,0.8,2.6,1.4,2.6,3.2s-0.1,3.2-1.6,3.2c-1.5,0-3.7-1.4-3.7-3.2S80.5,9.4,82.2,10.2zM98.6,10.2c1.5,0,2.6,0.4,2.6,2.1s-1.2,4.2-2.6,4.2c-1.5,0-3.7-0.4-3.7-2.1S97.1,10.2,98.6,10.2z M113.4,10.2c1.2,0,2.2,0.9,2.2,3.2s-0.1,3.2-1.3,3.2s-3.1-1.4-3.1-3.2S112.2,10.2,113.4,10.2z&#039;\/%3E%3C\/svg%3E&quot;);\">\n\t\t\t<span class=\"elementor-divider-separator\">\n\t\t\t\t\t\t<\/span>\n\t\t<\/div>\n\t\t\t\t<\/div>\n\t\t\t\t<\/div>\n\t\t\t\t\t<\/div>\n\t\t<\/div>\n\t\t\t\t\t<\/div>\n\t\t<\/section>\n\t\t\t\t<section class=\"elementor-section elementor-top-section elementor-element elementor-element-5b28647 elementor-section-boxed elementor-section-height-default elementor-section-height-default\" data-id=\"5b28647\" data-element_type=\"section\">\n\t\t\t\t\t\t<div class=\"elementor-container elementor-column-gap-default\">\n\t\t\t\t\t<div class=\"elementor-column elementor-col-100 elementor-top-column elementor-element elementor-element-6840bd97\" data-id=\"6840bd97\" data-element_type=\"column\">\n\t\t\t<div class=\"elementor-widget-wrap elementor-element-populated\">\n\t\t\t\t\t\t<div class=\"elementor-element elementor-element-4d052da2 elementor-widget elementor-widget-text-editor\" data-id=\"4d052da2\" data-element_type=\"widget\" data-widget_type=\"text-editor.default\">\n\t\t\t\t<div class=\"elementor-widget-container\">\n\t\t\t\t\t\t\t<p><span style=\"font-weight: 400;\"><img decoding=\"async\" class=\"wp-image-2395 alignleft\" src=\"https:\/\/sites.usp.br\/polinguas\/wp-content\/uploads\/sites\/1234\/2024\/06\/Divulgacao-Banners-1-212x300.png\" alt=\"\" width=\"336\" height=\"476\" srcset=\"https:\/\/sites.usp.br\/polinguas\/wp-content\/uploads\/sites\/1234\/2024\/06\/Divulgacao-Banners-1-212x300.png 212w, https:\/\/sites.usp.br\/polinguas\/wp-content\/uploads\/sites\/1234\/2024\/06\/Divulgacao-Banners-1-724x1024.png 724w, https:\/\/sites.usp.br\/polinguas\/wp-content\/uploads\/sites\/1234\/2024\/06\/Divulgacao-Banners-1-768x1086.png 768w, https:\/\/sites.usp.br\/polinguas\/wp-content\/uploads\/sites\/1234\/2024\/06\/Divulgacao-Banners-1-1086x1536.png 1086w, https:\/\/sites.usp.br\/polinguas\/wp-content\/uploads\/sites\/1234\/2024\/06\/Divulgacao-Banners-1-1448x2048.png 1448w, https:\/\/sites.usp.br\/polinguas\/wp-content\/uploads\/sites\/1234\/2024\/06\/Divulgacao-Banners-1.png 1587w\" sizes=\"(max-width: 336px) 100vw, 336px\" \/>Este curso <\/span><span style=\"font-weight: 400;\">oferece letramento, com o objetivo de introduzir os estudantes \u00e0 leitura de textos simples em l\u00edngua chinesa, uma vez que a capacidade de leitura de textos escritos em chin\u00eas \u00e9 a compet\u00eancia mais necess\u00e1ria na vida acad\u00eamica.<\/span><\/p><p><span style=\"font-weight: 400;\">As aulas ser\u00e3o oferecidas de maneira<\/span><b> virtual e s\u00edncrona <\/b><span style=\"font-weight: 400;\">\u00a0atrav\u00e9s da plataforma <\/span><b>Google Meet.<\/b><\/p><p><span style=\"font-weight: 400;\">O curso pretende introduzir o pinyin e a escrita chinesa, com \u00eanfase nos ideogramas mais simples. Al\u00e9m de trabalhar a pron\u00fancia e o uso de ferramentas de consulta e pesquisa. E ainda, inicia\u00e7\u00e3o da leitura atrav\u00e9s de nomes de marcas e textos simples.<\/span><\/p><p><b>Bolsistas PROIAD respons\u00e1veis:<\/b> <span style=\"font-weight: 400;\">Luan Daylon Almeida Alves e Amanda Sa Foeppel Ribeiro da Costa<\/span><\/p><p><b>Supervisora:<\/b> <span style=\"font-weight: 400;\">Profa. Dra. <\/span><span style=\"font-weight: 400;\">Ho Yeh Chia\u00a0<\/span><\/p><p>\u00a0<\/p>\t\t\t\t\t\t<\/div>\n\t\t\t\t<\/div>\n\t\t\t\t\t<\/div>\n\t\t<\/div>\n\t\t\t\t\t<\/div>\n\t\t<\/section>\n\t\t\t\t<section class=\"elementor-section elementor-top-section elementor-element elementor-element-4ba1477 elementor-section-boxed elementor-section-height-default elementor-section-height-default\" data-id=\"4ba1477\" data-element_type=\"section\">\n\t\t\t\t\t\t<div class=\"elementor-container elementor-column-gap-default\">\n\t\t\t\t\t<div class=\"elementor-column elementor-col-100 elementor-top-column elementor-element elementor-element-48e1ddf\" data-id=\"48e1ddf\" data-element_type=\"column\">\n\t\t\t<div class=\"elementor-widget-wrap\">\n\t\t\t\t\t\t\t<\/div>\n\t\t<\/div>\n\t\t\t\t\t<\/div>\n\t\t<\/section>\n\t\t\t\t<\/div>\n\t\t","protected":false},"excerpt":{"rendered":"<p>O objetivo do m\u00f3dulo II \u00e9 capacitar o aluno para leitura de textos escritos em l\u00edngua chinesa com enfoque em ora\u00e7\u00f5es de estruturas coordenadas e subordinadas. Aulas ser\u00e3o \u00e0 dist\u00e2ncia e s\u00edncronas via Google Meet com o uso de aplicativos e de sites recomendados pelos monitores. A orienta\u00e7\u00e3o dos alunos ser\u00e1 feita atrav\u00e9s do Google [&hellip;]<\/p>\n","protected":false},"author":23768,"featured_media":0,"parent":0,"menu_order":0,"comment_status":"closed","ping_status":"closed","template":"","meta":{"footnotes":"","_links_to":"","_links_to_target":""},"class_list":["post-1940","page","type-page","status-publish","hentry"],"_links":{"self":[{"href":"https:\/\/sites.usp.br\/polinguas\/wp-json\/wp\/v2\/pages\/1940","targetHints":{"allow":["GET"]}}],"collection":[{"href":"https:\/\/sites.usp.br\/polinguas\/wp-json\/wp\/v2\/pages"}],"about":[{"href":"https:\/\/sites.usp.br\/polinguas\/wp-json\/wp\/v2\/types\/page"}],"author":[{"embeddable":true,"href":"https:\/\/sites.usp.br\/polinguas\/wp-json\/wp\/v2\/users\/23768"}],"replies":[{"embeddable":true,"href":"https:\/\/sites.usp.br\/polinguas\/wp-json\/wp\/v2\/comments?post=1940"}],"version-history":[{"count":4,"href":"https:\/\/sites.usp.br\/polinguas\/wp-json\/wp\/v2\/pages\/1940\/revisions"}],"predecessor-version":[{"id":3197,"href":"https:\/\/sites.usp.br\/polinguas\/wp-json\/wp\/v2\/pages\/1940\/revisions\/3197"}],"wp:attachment":[{"href":"https:\/\/sites.usp.br\/polinguas\/wp-json\/wp\/v2\/media?parent=1940"}],"curies":[{"name":"wp","href":"https:\/\/api.w.org\/{rel}","templated":true}]}}