{"id":1942,"date":"2024-03-18T16:26:27","date_gmt":"2024-03-18T19:26:27","guid":{"rendered":"https:\/\/sites.usp.br\/polinguas\/?page_id=1942"},"modified":"2024-12-16T15:43:38","modified_gmt":"2024-12-16T18:43:38","slug":"cursos-de-coreano-2024","status":"publish","type":"page","link":"https:\/\/sites.usp.br\/polinguas\/cursos-de-coreano-2024\/","title":{"rendered":"Cursos de Coreano 2024"},"content":{"rendered":"\t\t<div data-elementor-type=\"wp-page\" data-elementor-id=\"1942\" class=\"elementor elementor-1942\" data-elementor-post-type=\"page\">\n\t\t\t\t\t\t<section class=\"elementor-section elementor-top-section elementor-element elementor-element-7462cdd elementor-section-boxed elementor-section-height-default elementor-section-height-default\" data-id=\"7462cdd\" data-element_type=\"section\">\n\t\t\t\t\t\t<div class=\"elementor-container elementor-column-gap-default\">\n\t\t\t\t\t<div class=\"elementor-column elementor-col-100 elementor-top-column elementor-element elementor-element-03b1f39\" data-id=\"03b1f39\" data-element_type=\"column\">\n\t\t\t<div class=\"elementor-widget-wrap elementor-element-populated\">\n\t\t\t\t\t\t<div class=\"elementor-element elementor-element-199fdbc elementor-widget elementor-widget-text-editor\" data-id=\"199fdbc\" data-element_type=\"widget\" data-widget_type=\"text-editor.default\">\n\t\t\t\t<div class=\"elementor-widget-container\">\n\t\t\t\t\t\t\t<p style=\"text-align: left;\"><span style=\"font-family: var( --e-global-typography-text-font-family ), Sans-serif; font-weight: var( --e-global-typography-text-font-weight );\"><img fetchpriority=\"high\" decoding=\"async\" class=\"wp-image-3516 alignleft\" src=\"https:\/\/sites.usp.br\/polinguas\/wp-content\/uploads\/sites\/1234\/2024\/11\/Quadrado-Coreano-1-212x300.png\" alt=\"\" width=\"373\" height=\"528\" srcset=\"https:\/\/sites.usp.br\/polinguas\/wp-content\/uploads\/sites\/1234\/2024\/11\/Quadrado-Coreano-1-212x300.png 212w, https:\/\/sites.usp.br\/polinguas\/wp-content\/uploads\/sites\/1234\/2024\/11\/Quadrado-Coreano-1-724x1024.png 724w, https:\/\/sites.usp.br\/polinguas\/wp-content\/uploads\/sites\/1234\/2024\/11\/Quadrado-Coreano-1-768x1086.png 768w, https:\/\/sites.usp.br\/polinguas\/wp-content\/uploads\/sites\/1234\/2024\/11\/Quadrado-Coreano-1-1086x1536.png 1086w, https:\/\/sites.usp.br\/polinguas\/wp-content\/uploads\/sites\/1234\/2024\/11\/Quadrado-Coreano-1-1448x2048.png 1448w, https:\/\/sites.usp.br\/polinguas\/wp-content\/uploads\/sites\/1234\/2024\/11\/Quadrado-Coreano-1.png 1587w\" sizes=\"(max-width: 373px) 100vw, 373px\" \/><\/span><\/p><p style=\"text-align: left;\"><span style=\"font-family: var( --e-global-typography-text-font-family ), Sans-serif; font-weight: var( --e-global-typography-text-font-weight );\">Neste curso ser\u00e3o discutidas as principais <strong>quest\u00f5es sociais<\/strong> na Coreia do Sul, explorando como s\u00e3o representadas no <strong>cinema<\/strong> contempor\u00e2neo. Os temas ser\u00e3o apoiados por leituras de\u00a0textos te\u00f3ricos e an\u00e1lises sobre a <strong>l\u00edngua coreana na constru\u00e7\u00e3o dessas narrativas<\/strong>,\u00a0compreendendo suas nuances em cada obra.<br \/><\/span><\/p><p><span style=\"font-family: var( --e-global-typography-text-font-family ), Sans-serif; font-weight: var( --e-global-typography-text-font-weight );\">Ser\u00e1 composto por\u00a0<\/span><span style=\"font-family: var( --e-global-typography-text-font-family ), Sans-serif; font-weight: var( --e-global-typography-text-font-weight );\"><strong>cinco aulas virtuais s\u00edncronas<\/strong> via Google Meet, em que\u00a0<\/span><span style=\"font-family: var( --e-global-typography-text-font-family ), Sans-serif; font-weight: var( --e-global-typography-text-font-weight );\">os alunos ter\u00e3o a oportunidade de promover discuss\u00f5es cr\u00edticas e analisar como as tens\u00f5es sociais e econ\u00f4micas s\u00e3o retratadas, com \u00eanfase especial nas din\u00e2micas de poder, injusti\u00e7as e divis\u00f5es de classe.<\/span><\/p><p>Focar\u00e1 em filmes emblem\u00e1ticos da Coreia do Sul, a saber: Parasita (2019), de Bong Joon-ho; Mr. Vingan\u00e7a (2002) e A Criada (2016), de Park Chan-wook; e Our Love Story (2016), de HyunJu Lee.<\/p><p><strong>Bolsistas PROIAD respons\u00e1veis<\/strong>: Isabella Maria Sim\u00e3o Mariotto e Luiza Couto e Silva de Oliveira Prates<\/p><p><strong>Supervisores<\/strong>: Profa. Ji Yun Kim e Prof. Luis Gir\u00e3o<\/p>\t\t\t\t\t\t<\/div>\n\t\t\t\t<\/div>\n\t\t\t\t\t<\/div>\n\t\t<\/div>\n\t\t\t\t\t<\/div>\n\t\t<\/section>\n\t\t\t\t<section class=\"elementor-section elementor-top-section elementor-element elementor-element-011336d elementor-section-boxed elementor-section-height-default elementor-section-height-default\" data-id=\"011336d\" data-element_type=\"section\">\n\t\t\t\t\t\t<div class=\"elementor-container elementor-column-gap-default\">\n\t\t\t\t\t<div class=\"elementor-column elementor-col-100 elementor-top-column elementor-element elementor-element-3d4a8b3\" data-id=\"3d4a8b3\" data-element_type=\"column\">\n\t\t\t<div class=\"elementor-widget-wrap elementor-element-populated\">\n\t\t\t\t\t\t<div class=\"elementor-element elementor-element-568de1a elementor-widget-divider--separator-type-pattern elementor-widget-divider--no-spacing elementor-widget-divider--view-line elementor-widget elementor-widget-divider\" data-id=\"568de1a\" data-element_type=\"widget\" data-widget_type=\"divider.default\">\n\t\t\t\t<div class=\"elementor-widget-container\">\n\t\t\t\t\t<div class=\"elementor-divider\" style=\"--divider-pattern-url: url(&quot;data:image\/svg+xml,%3Csvg xmlns=&#039;http:\/\/www.w3.org\/2000\/svg&#039; preserveAspectRatio=&#039;xMidYMid meet&#039; overflow=&#039;visible&#039; height=&#039;100%&#039; viewBox=&#039;0 0 126 26&#039; fill=&#039;black&#039; stroke=&#039;none&#039;%3E%3Cpath d=&#039;M3,10.2c2.6,0,2.6,2,2.6,3.2S4.4,16.5,3,16.5s-3-1.4-3-3.2S0.4,10.2,3,10.2z M18.8,10.2c1.7,0,3.2,1.4,3.2,3.2s-1.4,3.2-3.2,3.2c-1.7,0-3.2-1.4-3.2-3.2S17,10.2,18.8,10.2z M34.6,10.2c1.5,0,2.6,1.4,2.6,3.2s-0.5,3.2-1.9,3.2c-1.5,0-3.4-1.4-3.4-3.2S33.1,10.2,34.6,10.2z M50.5,10.2c1.7,0,3.2,1.4,3.2,3.2s-1.4,3.2-3.2,3.2c-1.7,0-3.3-0.9-3.3-2.6S48.7,10.2,50.5,10.2z M66.2,10.2c1.5,0,3.4,1.4,3.4,3.2s-1.9,3.2-3.4,3.2c-1.5,0-2.6-0.4-2.6-2.1S64.8,10.2,66.2,10.2z M82.2,10.2c1.7,0.8,2.6,1.4,2.6,3.2s-0.1,3.2-1.6,3.2c-1.5,0-3.7-1.4-3.7-3.2S80.5,9.4,82.2,10.2zM98.6,10.2c1.5,0,2.6,0.4,2.6,2.1s-1.2,4.2-2.6,4.2c-1.5,0-3.7-0.4-3.7-2.1S97.1,10.2,98.6,10.2z M113.4,10.2c1.2,0,2.2,0.9,2.2,3.2s-0.1,3.2-1.3,3.2s-3.1-1.4-3.1-3.2S112.2,10.2,113.4,10.2z&#039;\/%3E%3C\/svg%3E&quot;);\">\n\t\t\t<span class=\"elementor-divider-separator\">\n\t\t\t\t\t\t<\/span>\n\t\t<\/div>\n\t\t\t\t<\/div>\n\t\t\t\t<\/div>\n\t\t\t\t\t<\/div>\n\t\t<\/div>\n\t\t\t\t\t<\/div>\n\t\t<\/section>\n\t\t\t\t<section class=\"elementor-section elementor-top-section elementor-element elementor-element-284d981e elementor-section-boxed elementor-section-height-default elementor-section-height-default\" data-id=\"284d981e\" data-element_type=\"section\">\n\t\t\t\t\t\t<div class=\"elementor-container elementor-column-gap-default\">\n\t\t\t\t\t<div class=\"elementor-column elementor-col-100 elementor-top-column elementor-element elementor-element-16d234e7\" data-id=\"16d234e7\" data-element_type=\"column\">\n\t\t\t<div class=\"elementor-widget-wrap elementor-element-populated\">\n\t\t\t\t\t\t<div class=\"elementor-element elementor-element-736cf1fc elementor-widget elementor-widget-text-editor\" data-id=\"736cf1fc\" data-element_type=\"widget\" data-widget_type=\"text-editor.default\">\n\t\t\t\t<div class=\"elementor-widget-container\">\n\t\t\t\t\t\t\t<p><img decoding=\"async\" class=\"wp-image-2400 alignleft\" src=\"https:\/\/sites.usp.br\/polinguas\/wp-content\/uploads\/sites\/1234\/2024\/06\/Quadrado-Coreano-212x300.png\" alt=\"\" width=\"371\" height=\"525\" srcset=\"https:\/\/sites.usp.br\/polinguas\/wp-content\/uploads\/sites\/1234\/2024\/06\/Quadrado-Coreano-212x300.png 212w, https:\/\/sites.usp.br\/polinguas\/wp-content\/uploads\/sites\/1234\/2024\/06\/Quadrado-Coreano-724x1024.png 724w, https:\/\/sites.usp.br\/polinguas\/wp-content\/uploads\/sites\/1234\/2024\/06\/Quadrado-Coreano-768x1086.png 768w, https:\/\/sites.usp.br\/polinguas\/wp-content\/uploads\/sites\/1234\/2024\/06\/Quadrado-Coreano-1086x1536.png 1086w, https:\/\/sites.usp.br\/polinguas\/wp-content\/uploads\/sites\/1234\/2024\/06\/Quadrado-Coreano-1448x2048.png 1448w, https:\/\/sites.usp.br\/polinguas\/wp-content\/uploads\/sites\/1234\/2024\/06\/Quadrado-Coreano.png 1587w\" sizes=\"(max-width: 371px) 100vw, 371px\" \/>Neste curso ser\u00e3o desenvolvidas atividades pr\u00e1ticas voltadas para iniciantes que desejam aprender a ler e escrever a l\u00edngua coreana, e entender as palavras e express\u00f5es b\u00e1sicas do cotidiano em l\u00edngua coreana.<\/p>\n<p>Por meio do estudo do alfabeto coreano (Hangul) e do aprendizado de vocabul\u00e1rios espec\u00edficos, tudo contextualizado por cenas de dramas coreanos (K-dramas), os alunos ser\u00e3o capazes de efetivar intera\u00e7\u00f5es b\u00e1sicas em cen\u00e1rios do dia a dia, como tirar d\u00favidas simples, fazer pedidos em restaurantes, pedir dire\u00e7\u00f5es ou fazer compras, por exemplo.<\/p>\n<p>As aulas ser\u00e3o virtuais, atrav\u00e9s de encontros s\u00edncronos pelo Google Meet, permitindo uma experi\u00eancia pr\u00e1tica e interativa. Utilizaremos uma abordagem participativa, com discuss\u00f5es em grupo e exerc\u00edcios pela plataforma Google Classroom, de maneira que os alunos acompanhem seu desenvolvimento ao longo das aulas e esclare\u00e7am d\u00favidas.<\/p>\n<p><strong style=\"font-family: var( --e-global-typography-text-font-family ), Sans-serif;\">Bolsistas PROIAD respons\u00e1veis<\/strong><span style=\"font-family: var( --e-global-typography-text-font-family ), Sans-serif; font-weight: var( --e-global-typography-text-font-weight );\">: Isabella Maria Sim\u00e3o Mariotto e Luiza Couto e Silva de Oliveira Prates<\/span><\/p>\n<p><strong style=\"font-family: var( --e-global-typography-text-font-family ), Sans-serif;\">Supervisores:<\/strong><span style=\"font-family: var( --e-global-typography-text-font-family ), Sans-serif; font-weight: var( --e-global-typography-text-font-weight );\"> Profa. Dra. Ji Yun Kim&nbsp; e Prof. Dr. Luis Carlos Barroso de<\/span><\/p>\n<p><span style=\"font-family: var( --e-global-typography-text-font-family ), Sans-serif; font-weight: var( --e-global-typography-text-font-weight );\">Sousa Gir\u00e3o<\/span><\/p>\t\t\t\t\t\t<\/div>\n\t\t\t\t<\/div>\n\t\t\t\t\t<\/div>\n\t\t<\/div>\n\t\t\t\t\t<\/div>\n\t\t<\/section>\n\t\t\t\t<\/div>\n\t\t","protected":false},"excerpt":{"rendered":"<p>Neste curso ser\u00e3o discutidas as principais quest\u00f5es sociais na Coreia do Sul, explorando como s\u00e3o representadas no cinema contempor\u00e2neo. Os temas ser\u00e3o apoiados por leituras de\u00a0textos te\u00f3ricos e an\u00e1lises sobre a l\u00edngua coreana na constru\u00e7\u00e3o dessas narrativas,\u00a0compreendendo suas nuances em cada obra. Ser\u00e1 composto por\u00a0cinco aulas virtuais s\u00edncronas via Google Meet, em que\u00a0os alunos ter\u00e3o [&hellip;]<\/p>\n","protected":false},"author":23768,"featured_media":0,"parent":0,"menu_order":0,"comment_status":"closed","ping_status":"closed","template":"","meta":{"footnotes":"","_links_to":"","_links_to_target":""},"class_list":["post-1942","page","type-page","status-publish","hentry"],"_links":{"self":[{"href":"https:\/\/sites.usp.br\/polinguas\/wp-json\/wp\/v2\/pages\/1942","targetHints":{"allow":["GET"]}}],"collection":[{"href":"https:\/\/sites.usp.br\/polinguas\/wp-json\/wp\/v2\/pages"}],"about":[{"href":"https:\/\/sites.usp.br\/polinguas\/wp-json\/wp\/v2\/types\/page"}],"author":[{"embeddable":true,"href":"https:\/\/sites.usp.br\/polinguas\/wp-json\/wp\/v2\/users\/23768"}],"replies":[{"embeddable":true,"href":"https:\/\/sites.usp.br\/polinguas\/wp-json\/wp\/v2\/comments?post=1942"}],"version-history":[{"count":4,"href":"https:\/\/sites.usp.br\/polinguas\/wp-json\/wp\/v2\/pages\/1942\/revisions"}],"predecessor-version":[{"id":3621,"href":"https:\/\/sites.usp.br\/polinguas\/wp-json\/wp\/v2\/pages\/1942\/revisions\/3621"}],"wp:attachment":[{"href":"https:\/\/sites.usp.br\/polinguas\/wp-json\/wp\/v2\/media?parent=1942"}],"curies":[{"name":"wp","href":"https:\/\/api.w.org\/{rel}","templated":true}]}}