{"id":1957,"date":"2024-03-18T16:38:09","date_gmt":"2024-03-18T19:38:09","guid":{"rendered":"https:\/\/sites.usp.br\/polinguas\/?page_id=1957"},"modified":"2024-09-02T10:26:51","modified_gmt":"2024-09-02T13:26:51","slug":"cursos-de-russo-2024","status":"publish","type":"page","link":"https:\/\/sites.usp.br\/polinguas\/cursos-de-russo-2024\/","title":{"rendered":"Cursos de Russo 2024"},"content":{"rendered":"\t\t<div data-elementor-type=\"wp-page\" data-elementor-id=\"1957\" class=\"elementor elementor-1957\" data-elementor-post-type=\"page\">\n\t\t\t\t\t\t<section class=\"elementor-section elementor-top-section elementor-element elementor-element-fdbb61a elementor-section-boxed elementor-section-height-default elementor-section-height-default\" data-id=\"fdbb61a\" data-element_type=\"section\">\n\t\t\t\t\t\t<div class=\"elementor-container elementor-column-gap-default\">\n\t\t\t\t\t<div class=\"elementor-column elementor-col-100 elementor-top-column elementor-element elementor-element-2fe197c\" data-id=\"2fe197c\" data-element_type=\"column\">\n\t\t\t<div class=\"elementor-widget-wrap elementor-element-populated\">\n\t\t\t\t\t\t<div class=\"elementor-element elementor-element-37be5b0 elementor-widget elementor-widget-text-editor\" data-id=\"37be5b0\" data-element_type=\"widget\" data-widget_type=\"text-editor.default\">\n\t\t\t\t<div class=\"elementor-widget-container\">\n\t\t\t\t\t\t\t<p><img fetchpriority=\"high\" decoding=\"async\" class=\"wp-image-2856  alignleft\" src=\"https:\/\/sites.usp.br\/polinguas\/wp-content\/uploads\/sites\/1234\/2024\/08\/Divulgacao-Banners-9-212x300.png\" alt=\"\" width=\"384\" height=\"543\" srcset=\"https:\/\/sites.usp.br\/polinguas\/wp-content\/uploads\/sites\/1234\/2024\/08\/Divulgacao-Banners-9-212x300.png 212w, https:\/\/sites.usp.br\/polinguas\/wp-content\/uploads\/sites\/1234\/2024\/08\/Divulgacao-Banners-9-724x1024.png 724w, https:\/\/sites.usp.br\/polinguas\/wp-content\/uploads\/sites\/1234\/2024\/08\/Divulgacao-Banners-9-768x1086.png 768w, https:\/\/sites.usp.br\/polinguas\/wp-content\/uploads\/sites\/1234\/2024\/08\/Divulgacao-Banners-9-1086x1536.png 1086w, https:\/\/sites.usp.br\/polinguas\/wp-content\/uploads\/sites\/1234\/2024\/08\/Divulgacao-Banners-9-1448x2048.png 1448w, https:\/\/sites.usp.br\/polinguas\/wp-content\/uploads\/sites\/1234\/2024\/08\/Divulgacao-Banners-9.png 1587w\" sizes=\"(max-width: 384px) 100vw, 384px\" \/><\/p><p><span style=\"font-weight: 400;\">O objetivo deste curso \u00e9 o de fornecer conhecimentos introdut\u00f3rios em l\u00edngua russa. Num primeiro momento, se concentrar\u00e1 na alfabetiza\u00e7\u00e3o, e em seguida, fornecer\u00e1 os conhecimentos necess\u00e1rios \u00e0queles alunos que tenham interesse em desenvolver pesquisa acad\u00eamica.<\/span><\/p><p><span style=\"font-weight: 400;\">O programa do curso consiste em 12 aulas de uma hora de dura\u00e7\u00e3o, que ser\u00e3o gravadas e disponibilizadas na <\/span><b>Plataforma Moodle<\/b><span style=\"font-weight: 400;\"> entre os dias 11 de setembro e 15 de novembro de 2024, a fim de que os estudantes matriculados no curso as possam acessar semanalmente e fazer as tarefas relacionadas a cada uma dessas aulas.\u00a0<\/span><\/p><p><span style=\"font-weight: 400;\">O curso apresentar\u00e1 o alfabeto e as sauda\u00e7\u00f5es iniciais. Al\u00e9m disso, a fon\u00e9tica ser\u00e1 trabalhada. E no que diz respeito aos casos e declina\u00e7\u00f5es da l\u00edngua, ser\u00e3o estudados os casos genitivo e nominativo em vocabul\u00e1rio de numerais, idade e quantidade e substantivos. Outras abordagens ser\u00e3o realizadas ao longo das aulas.\u00a0<\/span><\/p><p><b>Bolsistas PROIAD respons\u00e1vel: <\/b><span style=\"font-weight: 400;\">Felipe Matias Fernandes Soares\u00a0<\/span><\/p><p><span style=\"font-weight: 400;\">\u00a0\u00a0\u00a0\u00a0\u00a0\u00a0\u00a0\u00a0\u00a0\u00a0\u00a0\u00a0\u00a0\u00a0<\/span><b>Supervisores: <\/b><span style=\"font-weight: 400;\">Prof Dr Vojislav Aleksandar Jovanovic<\/span><\/p>\t\t\t\t\t\t<\/div>\n\t\t\t\t<\/div>\n\t\t\t\t\t<\/div>\n\t\t<\/div>\n\t\t\t\t\t<\/div>\n\t\t<\/section>\n\t\t\t\t<section class=\"elementor-section elementor-top-section elementor-element elementor-element-a1d94b5 elementor-section-boxed elementor-section-height-default elementor-section-height-default\" data-id=\"a1d94b5\" data-element_type=\"section\">\n\t\t\t\t\t\t<div class=\"elementor-container elementor-column-gap-default\">\n\t\t\t\t\t<div class=\"elementor-column elementor-col-100 elementor-top-column elementor-element elementor-element-aaac46e\" data-id=\"aaac46e\" data-element_type=\"column\">\n\t\t\t<div class=\"elementor-widget-wrap elementor-element-populated\">\n\t\t\t\t\t\t<div class=\"elementor-element elementor-element-377dab7 elementor-widget-divider--separator-type-pattern elementor-widget-divider--no-spacing elementor-widget-divider--view-line elementor-widget elementor-widget-divider\" data-id=\"377dab7\" data-element_type=\"widget\" data-widget_type=\"divider.default\">\n\t\t\t\t<div class=\"elementor-widget-container\">\n\t\t\t\t\t<div class=\"elementor-divider\" style=\"--divider-pattern-url: url(&quot;data:image\/svg+xml,%3Csvg xmlns=&#039;http:\/\/www.w3.org\/2000\/svg&#039; preserveAspectRatio=&#039;xMidYMid meet&#039; overflow=&#039;visible&#039; height=&#039;100%&#039; viewBox=&#039;0 0 126 26&#039; fill=&#039;black&#039; stroke=&#039;none&#039;%3E%3Cpath d=&#039;M3,10.2c2.6,0,2.6,2,2.6,3.2S4.4,16.5,3,16.5s-3-1.4-3-3.2S0.4,10.2,3,10.2z M18.8,10.2c1.7,0,3.2,1.4,3.2,3.2s-1.4,3.2-3.2,3.2c-1.7,0-3.2-1.4-3.2-3.2S17,10.2,18.8,10.2z M34.6,10.2c1.5,0,2.6,1.4,2.6,3.2s-0.5,3.2-1.9,3.2c-1.5,0-3.4-1.4-3.4-3.2S33.1,10.2,34.6,10.2z M50.5,10.2c1.7,0,3.2,1.4,3.2,3.2s-1.4,3.2-3.2,3.2c-1.7,0-3.3-0.9-3.3-2.6S48.7,10.2,50.5,10.2z M66.2,10.2c1.5,0,3.4,1.4,3.4,3.2s-1.9,3.2-3.4,3.2c-1.5,0-2.6-0.4-2.6-2.1S64.8,10.2,66.2,10.2z M82.2,10.2c1.7,0.8,2.6,1.4,2.6,3.2s-0.1,3.2-1.6,3.2c-1.5,0-3.7-1.4-3.7-3.2S80.5,9.4,82.2,10.2zM98.6,10.2c1.5,0,2.6,0.4,2.6,2.1s-1.2,4.2-2.6,4.2c-1.5,0-3.7-0.4-3.7-2.1S97.1,10.2,98.6,10.2z M113.4,10.2c1.2,0,2.2,0.9,2.2,3.2s-0.1,3.2-1.3,3.2s-3.1-1.4-3.1-3.2S112.2,10.2,113.4,10.2z&#039;\/%3E%3C\/svg%3E&quot;);\">\n\t\t\t<span class=\"elementor-divider-separator\">\n\t\t\t\t\t\t<\/span>\n\t\t<\/div>\n\t\t\t\t<\/div>\n\t\t\t\t<\/div>\n\t\t\t\t\t<\/div>\n\t\t<\/div>\n\t\t\t\t\t<\/div>\n\t\t<\/section>\n\t\t\t\t<section class=\"elementor-section elementor-top-section elementor-element elementor-element-9145288 elementor-section-boxed elementor-section-height-default elementor-section-height-default\" data-id=\"9145288\" data-element_type=\"section\">\n\t\t\t\t\t\t<div class=\"elementor-container elementor-column-gap-default\">\n\t\t\t\t\t<div class=\"elementor-column elementor-col-100 elementor-top-column elementor-element elementor-element-74faf59f\" data-id=\"74faf59f\" data-element_type=\"column\">\n\t\t\t<div class=\"elementor-widget-wrap elementor-element-populated\">\n\t\t\t\t\t\t<div class=\"elementor-element elementor-element-30c358d6 elementor-widget elementor-widget-text-editor\" data-id=\"30c358d6\" data-element_type=\"widget\" data-widget_type=\"text-editor.default\">\n\t\t\t\t<div class=\"elementor-widget-container\">\n\t\t\t\t\t\t\t<p><span style=\"font-weight: 400;\"><img decoding=\"async\" class=\"wp-image-2544  alignleft\" src=\"https:\/\/sites.usp.br\/polinguas\/wp-content\/uploads\/sites\/1234\/2024\/06\/Divulgacao-Banners-11-212x300.png\" alt=\"\" width=\"353\" height=\"500\" srcset=\"https:\/\/sites.usp.br\/polinguas\/wp-content\/uploads\/sites\/1234\/2024\/06\/Divulgacao-Banners-11-212x300.png 212w, https:\/\/sites.usp.br\/polinguas\/wp-content\/uploads\/sites\/1234\/2024\/06\/Divulgacao-Banners-11-724x1024.png 724w, https:\/\/sites.usp.br\/polinguas\/wp-content\/uploads\/sites\/1234\/2024\/06\/Divulgacao-Banners-11-768x1086.png 768w, https:\/\/sites.usp.br\/polinguas\/wp-content\/uploads\/sites\/1234\/2024\/06\/Divulgacao-Banners-11-1086x1536.png 1086w, https:\/\/sites.usp.br\/polinguas\/wp-content\/uploads\/sites\/1234\/2024\/06\/Divulgacao-Banners-11-1448x2048.png 1448w, https:\/\/sites.usp.br\/polinguas\/wp-content\/uploads\/sites\/1234\/2024\/06\/Divulgacao-Banners-11.png 1587w\" sizes=\"(max-width: 353px) 100vw, 353px\" \/><\/span><\/p><p>\u00a0<\/p><p><span style=\"font-weight: 400;\">Neste curso ser\u00e3o <\/span><span style=\"font-weight: 400;\">implementadas <\/span><span style=\"font-weight: 400;\">atividades de n\u00edvel introdut\u00f3rio na tem\u00e1tica da L\u00edngua e Cultura Russas.<\/span><\/p><p><span style=\"font-weight: 400;\">As aulas ser\u00e3o oferecidas de maneira virtual e s\u00edncrona atrav\u00e9s do <\/span><b>Google Meet.<\/b><\/p><p><span style=\"font-weight: 400;\">No in\u00edcio ser\u00e1 desenvolvida a alfabetiza\u00e7\u00e3o na l\u00edngua. Em seguida, ser\u00e3o introduzidas express\u00f5es de vocabul\u00e1rio b\u00e1sico <\/span><span style=\"font-weight: 400;\">(<\/span><span style=\"font-weight: 400;\">Sauda\u00e7\u00f5es, Fam\u00edlia, Profiss\u00f5es, Universidade, Vida na Cidade e Pedidos, e Alimentos<\/span><span style=\"font-weight: 400;\">) <\/span><span style=\"font-weight: 400;\">e junto disso os casos de declina\u00e7\u00e3o do russo.\u00a0<\/span><\/p><p><b>Bolsistas PROIAD respons\u00e1veis:<\/b> <span style=\"font-weight: 400;\">Felipe Matias Fernandes Soares<\/span><\/p><p><b>Supervisor:<\/b> <span style=\"font-weight: 400;\">Prof. Dr. <\/span><span style=\"font-weight: 400;\">Vojislav Aleksandar Jovanovic<\/span><\/p>\t\t\t\t\t\t<\/div>\n\t\t\t\t<\/div>\n\t\t\t\t\t<\/div>\n\t\t<\/div>\n\t\t\t\t\t<\/div>\n\t\t<\/section>\n\t\t\t\t<\/div>\n\t\t","protected":false},"excerpt":{"rendered":"<p>O objetivo deste curso \u00e9 o de fornecer conhecimentos introdut\u00f3rios em l\u00edngua russa. Num primeiro momento, se concentrar\u00e1 na alfabetiza\u00e7\u00e3o, e em seguida, fornecer\u00e1 os conhecimentos necess\u00e1rios \u00e0queles alunos que tenham interesse em desenvolver pesquisa acad\u00eamica. O programa do curso consiste em 12 aulas de uma hora de dura\u00e7\u00e3o, que ser\u00e3o gravadas e disponibilizadas na [&hellip;]<\/p>\n","protected":false},"author":23768,"featured_media":0,"parent":0,"menu_order":0,"comment_status":"closed","ping_status":"closed","template":"","meta":{"footnotes":"","_links_to":"","_links_to_target":""},"class_list":["post-1957","page","type-page","status-publish","hentry"],"_links":{"self":[{"href":"https:\/\/sites.usp.br\/polinguas\/wp-json\/wp\/v2\/pages\/1957","targetHints":{"allow":["GET"]}}],"collection":[{"href":"https:\/\/sites.usp.br\/polinguas\/wp-json\/wp\/v2\/pages"}],"about":[{"href":"https:\/\/sites.usp.br\/polinguas\/wp-json\/wp\/v2\/types\/page"}],"author":[{"embeddable":true,"href":"https:\/\/sites.usp.br\/polinguas\/wp-json\/wp\/v2\/users\/23768"}],"replies":[{"embeddable":true,"href":"https:\/\/sites.usp.br\/polinguas\/wp-json\/wp\/v2\/comments?post=1957"}],"version-history":[{"count":4,"href":"https:\/\/sites.usp.br\/polinguas\/wp-json\/wp\/v2\/pages\/1957\/revisions"}],"predecessor-version":[{"id":2888,"href":"https:\/\/sites.usp.br\/polinguas\/wp-json\/wp\/v2\/pages\/1957\/revisions\/2888"}],"wp:attachment":[{"href":"https:\/\/sites.usp.br\/polinguas\/wp-json\/wp\/v2\/media?parent=1957"}],"curies":[{"name":"wp","href":"https:\/\/api.w.org\/{rel}","templated":true}]}}