{"id":2382,"date":"2024-05-28T13:11:28","date_gmt":"2024-05-28T16:11:28","guid":{"rendered":"https:\/\/sites.usp.br\/polinguas\/?page_id=2382"},"modified":"2024-07-15T14:44:43","modified_gmt":"2024-07-15T17:44:43","slug":"mensagem-para-outros-estudantes","status":"publish","type":"page","link":"https:\/\/sites.usp.br\/polinguas\/mensagem-para-outros-estudantes\/","title":{"rendered":"Mensagem para outros estudantes"},"content":{"rendered":"<p style=\"text-align: center;\">O PROIAD <em>l\u00ednguas<\/em> \u00e9 voltado apenas para estudantes da gradua\u00e7\u00e3o USP, ainda n\u00e3o contempla p\u00fablico externo e estudantes de outros contextos da Universidade.<\/p>\n<p style=\"text-align: center;\">Agradecemos o interesse e a compreens\u00e3o.<\/p>\n<p><img fetchpriority=\"high\" decoding=\"async\" class=\"size-medium wp-image-2383 aligncenter\" src=\"https:\/\/sites.usp.br\/polinguas\/wp-content\/uploads\/sites\/1234\/2024\/05\/image-1-300x169.png\" alt=\"\" width=\"300\" height=\"169\" srcset=\"https:\/\/sites.usp.br\/polinguas\/wp-content\/uploads\/sites\/1234\/2024\/05\/image-1-300x169.png 300w, https:\/\/sites.usp.br\/polinguas\/wp-content\/uploads\/sites\/1234\/2024\/05\/image-1-1024x577.png 1024w, https:\/\/sites.usp.br\/polinguas\/wp-content\/uploads\/sites\/1234\/2024\/05\/image-1-768x433.png 768w, https:\/\/sites.usp.br\/polinguas\/wp-content\/uploads\/sites\/1234\/2024\/05\/image-1-1536x865.png 1536w, https:\/\/sites.usp.br\/polinguas\/wp-content\/uploads\/sites\/1234\/2024\/05\/image-1-310x174.png 310w, https:\/\/sites.usp.br\/polinguas\/wp-content\/uploads\/sites\/1234\/2024\/05\/image-1.png 1640w\" sizes=\"(max-width: 300px) 100vw, 300px\" \/><\/p>\n","protected":false},"excerpt":{"rendered":"<p>O PROIAD l\u00ednguas \u00e9 voltado apenas para estudantes da gradua\u00e7\u00e3o USP, ainda n\u00e3o contempla p\u00fablico externo e estudantes de outros contextos da Universidade. Agradecemos o interesse e a compreens\u00e3o.<\/p>\n","protected":false},"author":23768,"featured_media":0,"parent":0,"menu_order":0,"comment_status":"closed","ping_status":"closed","template":"","meta":{"footnotes":"","_links_to":"","_links_to_target":""},"class_list":["post-2382","page","type-page","status-publish","hentry"],"_links":{"self":[{"href":"https:\/\/sites.usp.br\/polinguas\/wp-json\/wp\/v2\/pages\/2382","targetHints":{"allow":["GET"]}}],"collection":[{"href":"https:\/\/sites.usp.br\/polinguas\/wp-json\/wp\/v2\/pages"}],"about":[{"href":"https:\/\/sites.usp.br\/polinguas\/wp-json\/wp\/v2\/types\/page"}],"author":[{"embeddable":true,"href":"https:\/\/sites.usp.br\/polinguas\/wp-json\/wp\/v2\/users\/23768"}],"replies":[{"embeddable":true,"href":"https:\/\/sites.usp.br\/polinguas\/wp-json\/wp\/v2\/comments?post=2382"}],"version-history":[{"count":4,"href":"https:\/\/sites.usp.br\/polinguas\/wp-json\/wp\/v2\/pages\/2382\/revisions"}],"predecessor-version":[{"id":2641,"href":"https:\/\/sites.usp.br\/polinguas\/wp-json\/wp\/v2\/pages\/2382\/revisions\/2641"}],"wp:attachment":[{"href":"https:\/\/sites.usp.br\/polinguas\/wp-json\/wp\/v2\/media?parent=2382"}],"curies":[{"name":"wp","href":"https:\/\/api.w.org\/{rel}","templated":true}]}}