{"id":320,"date":"2023-03-14T14:32:42","date_gmt":"2023-03-14T17:32:42","guid":{"rendered":"https:\/\/sites.usp.br\/polinguas\/?page_id=320"},"modified":"2023-11-09T15:29:59","modified_gmt":"2023-11-09T18:29:59","slug":"proiad","status":"publish","type":"page","link":"https:\/\/sites.usp.br\/polinguas\/proiad\/","title":{"rendered":"PROIAD l\u00ednguas"},"content":{"rendered":"<h3><span style=\"color: #000000;\"><strong>Programa de<\/strong> <\/span><strong><span style=\"color: #000000;\">Inicia\u00e7\u00e3o e Aperfei\u00e7oamento na Doc\u00eancia em L\u00ednguas<\/span> <img decoding=\"async\" class=\"alignright wp-image-276 \" src=\"https:\/\/sites.usp.br\/polinguas\/wp-content\/uploads\/sites\/1234\/2023\/03\/Logo-Proiad-em-italico-300x300.png\" alt=\"\" width=\"165\" height=\"165\" srcset=\"https:\/\/sites.usp.br\/polinguas\/wp-content\/uploads\/sites\/1234\/2023\/03\/Logo-Proiad-em-italico-300x300.png 300w, https:\/\/sites.usp.br\/polinguas\/wp-content\/uploads\/sites\/1234\/2023\/03\/Logo-Proiad-em-italico-150x150.png 150w, https:\/\/sites.usp.br\/polinguas\/wp-content\/uploads\/sites\/1234\/2023\/03\/Logo-Proiad-em-italico-45x45.png 45w, https:\/\/sites.usp.br\/polinguas\/wp-content\/uploads\/sites\/1234\/2023\/03\/Logo-Proiad-em-italico.png 500w\" sizes=\"(max-width: 165px) 100vw, 165px\" \/><\/strong><\/h3>\n<p style=\"text-align: left; padding-left: 40px;\">As <strong>demandas de forma\u00e7\u00e3o em l\u00ednguas<\/strong> no contexto universit\u00e1rio apresentam-se de forma diversificada, conforme as necessidades e objetivos relacionados \u00e0s diversas \u00e1reas de conhecimento e aos processos de internacionaliza\u00e7\u00e3o da universidade. Em resposta a essas demandas, a Pr\u00f3-Reitoria de Gradua\u00e7\u00e3o cria o <strong>PROGRAMA DE INICIA\u00c7\u00c3O E APERFEI\u00c7OAMENTO NA DOC\u00caNCIA EM L\u00cdNGUAS (PROIAD)<\/strong>, que visa a <strong>promo\u00e7\u00e3o de educa\u00e7\u00e3o lingu\u00edstica em perspectiva pluril\u00edngue e as produ\u00e7\u00f5es delas decorrentes<\/strong> (tais como oficinas, m\u00f3dulos e cursos).<\/p>\n<p style=\"text-align: left; padding-left: 40px;\"><span style=\"color: #000000;\">Assim, essa s\u00e9rie de produ\u00e7\u00f5es, <strong>pensadas para os estudantes de gradua\u00e7\u00e3o da USP<\/strong>, s\u00e3o coordenadas pelos docentes supervisores das diversas \u00e1reas lingu\u00edsticas da Faculdade de Filosofia, Letras e Ci\u00eancias Humanas\/ FFLCH e da Faculdade de Educa\u00e7\u00e3o\/FE, ambas da USP. A log\u00edstica dessa oferta (inscri\u00e7\u00e3o, certifica\u00e7\u00e3o, etc.) \u00e9 coordenada pelo Centro Interdepartamental de L\u00ednguas\/ CIL &#8211; FFLCH e pelo Centro de Estudos e Pesquisas em L\u00ednguas\/ CEPEL \u2013 FE.\u00a0<\/span><\/p>\n<p style=\"text-align: left; padding-left: 40px;\">Com coordena\u00e7\u00e3o de Profa. Dra. Ana Paula Duboc, Profa. Dra. Heloisa Albuquerque, Profa. Dra. Livia de Ara\u00fajo Donnini Rodrigues e Profa. Dra. Mar\u00eda Teresa Celada. <span style=\"color: #000000;\">Finalmente, as a\u00e7\u00f5es do PROIAD-<i>l\u00ednguas<\/i>\u00a0contam tamb\u00e9m com apoio da PRCEU.<\/span><\/p>\n<h1><strong>Confira os cursos oferecidos em 2023<\/strong><strong>:<\/strong><\/h1>\n<h6 style=\"text-align: left;\"><span style=\"color: #000000;\">Conhe\u00e7o um pouco mais sobre a estrutura do curso oferecido ao clicar em \u201cSAIBA MAIS\u201d:<\/span><\/h6>\n<h2>1\u00b0Semestre &#8211; Conclu\u00eddos:<\/h2>\n<p><a href=\"https:\/\/sites.usp.br\/polinguas\/frances-para-objetivo-universitario-preparacao-para-a-mobilidade-academica-modulo-a1\/\"><img fetchpriority=\"high\" decoding=\"async\" class=\"alignnone size-medium wp-image-1018\" src=\"https:\/\/sites.usp.br\/polinguas\/wp-content\/uploads\/sites\/1234\/2023\/04\/11-2-300x300.png\" alt=\"\" width=\"300\" height=\"300\" srcset=\"https:\/\/sites.usp.br\/polinguas\/wp-content\/uploads\/sites\/1234\/2023\/04\/11-2-300x300.png 300w, https:\/\/sites.usp.br\/polinguas\/wp-content\/uploads\/sites\/1234\/2023\/04\/11-2-150x150.png 150w, https:\/\/sites.usp.br\/polinguas\/wp-content\/uploads\/sites\/1234\/2023\/04\/11-2-45x45.png 45w, https:\/\/sites.usp.br\/polinguas\/wp-content\/uploads\/sites\/1234\/2023\/04\/11-2.png 500w\" sizes=\"(max-width: 300px) 100vw, 300px\" \/><\/a> <a href=\"https:\/\/sites.usp.br\/polinguas\/coreano\/\"><img decoding=\"async\" class=\"alignnone size-medium wp-image-1008\" src=\"https:\/\/sites.usp.br\/polinguas\/wp-content\/uploads\/sites\/1234\/2023\/04\/1-3-300x300.png\" alt=\"\" width=\"300\" height=\"300\" srcset=\"https:\/\/sites.usp.br\/polinguas\/wp-content\/uploads\/sites\/1234\/2023\/04\/1-3-300x300.png 300w, https:\/\/sites.usp.br\/polinguas\/wp-content\/uploads\/sites\/1234\/2023\/04\/1-3-150x150.png 150w, https:\/\/sites.usp.br\/polinguas\/wp-content\/uploads\/sites\/1234\/2023\/04\/1-3-45x45.png 45w, https:\/\/sites.usp.br\/polinguas\/wp-content\/uploads\/sites\/1234\/2023\/04\/1-3.png 500w\" sizes=\"(max-width: 300px) 100vw, 300px\" \/><\/a> <a href=\"https:\/\/sites.usp.br\/polinguas\/blog\/\"><img loading=\"lazy\" decoding=\"async\" class=\"alignnone size-medium wp-image-1015\" src=\"https:\/\/sites.usp.br\/polinguas\/wp-content\/uploads\/sites\/1234\/2023\/04\/8-2-300x300.png\" alt=\"\" width=\"300\" height=\"300\" srcset=\"https:\/\/sites.usp.br\/polinguas\/wp-content\/uploads\/sites\/1234\/2023\/04\/8-2-300x300.png 300w, https:\/\/sites.usp.br\/polinguas\/wp-content\/uploads\/sites\/1234\/2023\/04\/8-2-150x150.png 150w, https:\/\/sites.usp.br\/polinguas\/wp-content\/uploads\/sites\/1234\/2023\/04\/8-2-45x45.png 45w, https:\/\/sites.usp.br\/polinguas\/wp-content\/uploads\/sites\/1234\/2023\/04\/8-2.png 500w\" sizes=\"(max-width: 300px) 100vw, 300px\" \/><\/a> <a href=\"https:\/\/sites.usp.br\/polinguas\/chines-basico-letramento-modulo-i\/\"><img loading=\"lazy\" decoding=\"async\" class=\"alignnone size-medium wp-image-1016\" src=\"https:\/\/sites.usp.br\/polinguas\/wp-content\/uploads\/sites\/1234\/2023\/04\/9-5-300x300.png\" alt=\"\" width=\"300\" height=\"300\" srcset=\"https:\/\/sites.usp.br\/polinguas\/wp-content\/uploads\/sites\/1234\/2023\/04\/9-5-300x300.png 300w, https:\/\/sites.usp.br\/polinguas\/wp-content\/uploads\/sites\/1234\/2023\/04\/9-5-150x150.png 150w, https:\/\/sites.usp.br\/polinguas\/wp-content\/uploads\/sites\/1234\/2023\/04\/9-5-45x45.png 45w, https:\/\/sites.usp.br\/polinguas\/wp-content\/uploads\/sites\/1234\/2023\/04\/9-5.png 500w\" sizes=\"(max-width: 300px) 100vw, 300px\" \/><\/a><a href=\"https:\/\/sites.usp.br\/polinguas\/pratica-de-leitura-de-textos-em-lingua-inglesa-de-diferentes-generos-para-a-area-da-saude\/\"><img loading=\"lazy\" decoding=\"async\" class=\"wp-image-1118 size-medium alignleft\" src=\"https:\/\/sites.usp.br\/polinguas\/wp-content\/uploads\/sites\/1234\/2023\/04\/divulgacao-2-1-300x300.png\" alt=\"\" width=\"300\" height=\"300\" srcset=\"https:\/\/sites.usp.br\/polinguas\/wp-content\/uploads\/sites\/1234\/2023\/04\/divulgacao-2-1-300x300.png 300w, https:\/\/sites.usp.br\/polinguas\/wp-content\/uploads\/sites\/1234\/2023\/04\/divulgacao-2-1-150x150.png 150w, https:\/\/sites.usp.br\/polinguas\/wp-content\/uploads\/sites\/1234\/2023\/04\/divulgacao-2-1-45x45.png 45w, https:\/\/sites.usp.br\/polinguas\/wp-content\/uploads\/sites\/1234\/2023\/04\/divulgacao-2-1.png 500w\" sizes=\"(max-width: 300px) 100vw, 300px\" \/><\/a> <a href=\"https:\/\/sites.usp.br\/polinguas\/ingles\/\"><img loading=\"lazy\" decoding=\"async\" class=\"alignnone size-medium wp-image-1009\" src=\"https:\/\/sites.usp.br\/polinguas\/wp-content\/uploads\/sites\/1234\/2023\/04\/2-2-300x300.png\" alt=\"\" width=\"300\" height=\"300\" srcset=\"https:\/\/sites.usp.br\/polinguas\/wp-content\/uploads\/sites\/1234\/2023\/04\/2-2-300x300.png 300w, https:\/\/sites.usp.br\/polinguas\/wp-content\/uploads\/sites\/1234\/2023\/04\/2-2-150x150.png 150w, https:\/\/sites.usp.br\/polinguas\/wp-content\/uploads\/sites\/1234\/2023\/04\/2-2-45x45.png 45w, https:\/\/sites.usp.br\/polinguas\/wp-content\/uploads\/sites\/1234\/2023\/04\/2-2.png 500w\" sizes=\"(max-width: 300px) 100vw, 300px\" \/><\/a><a href=\"https:\/\/sites.usp.br\/polinguas\/frances-para-objetivo-universitario-preparacao-para-a-mobilidade-academica-preparacao-do-dossie-de-candidatura-para-estudar-em-um-pais-francofono-modulo-a2\/\"><img loading=\"lazy\" decoding=\"async\" class=\"wp-image-1161 size-medium alignleft\" src=\"https:\/\/sites.usp.br\/polinguas\/wp-content\/uploads\/sites\/1234\/2023\/05\/divulgacao-curso-frances-2-300x300.png\" alt=\"\" width=\"300\" height=\"300\" srcset=\"https:\/\/sites.usp.br\/polinguas\/wp-content\/uploads\/sites\/1234\/2023\/05\/divulgacao-curso-frances-2-300x300.png 300w, https:\/\/sites.usp.br\/polinguas\/wp-content\/uploads\/sites\/1234\/2023\/05\/divulgacao-curso-frances-2-150x150.png 150w, https:\/\/sites.usp.br\/polinguas\/wp-content\/uploads\/sites\/1234\/2023\/05\/divulgacao-curso-frances-2-45x45.png 45w, https:\/\/sites.usp.br\/polinguas\/wp-content\/uploads\/sites\/1234\/2023\/05\/divulgacao-curso-frances-2.png 500w\" sizes=\"(max-width: 300px) 100vw, 300px\" \/><\/a> <a href=\"https:\/\/sites.usp.br\/polinguas\/japones-lingua-e-cultura-japonesa-para-mobilidade-internacional-modulo-i\/\"><img loading=\"lazy\" decoding=\"async\" class=\"alignnone size-medium wp-image-1022\" src=\"https:\/\/sites.usp.br\/polinguas\/wp-content\/uploads\/sites\/1234\/2023\/04\/15-3-300x300.png\" alt=\"\" width=\"300\" height=\"300\" srcset=\"https:\/\/sites.usp.br\/polinguas\/wp-content\/uploads\/sites\/1234\/2023\/04\/15-3-300x300.png 300w, https:\/\/sites.usp.br\/polinguas\/wp-content\/uploads\/sites\/1234\/2023\/04\/15-3-150x150.png 150w, https:\/\/sites.usp.br\/polinguas\/wp-content\/uploads\/sites\/1234\/2023\/04\/15-3-45x45.png 45w, https:\/\/sites.usp.br\/polinguas\/wp-content\/uploads\/sites\/1234\/2023\/04\/15-3.png 500w\" sizes=\"(max-width: 300px) 100vw, 300px\" \/><\/a><a href=\"https:\/\/sites.usp.br\/polinguas\/russo\/\"><img loading=\"lazy\" decoding=\"async\" class=\"alignnone size-medium wp-image-1011\" src=\"https:\/\/sites.usp.br\/polinguas\/wp-content\/uploads\/sites\/1234\/2023\/04\/4-2-300x300.png\" alt=\"\" width=\"300\" height=\"300\" srcset=\"https:\/\/sites.usp.br\/polinguas\/wp-content\/uploads\/sites\/1234\/2023\/04\/4-2-300x300.png 300w, https:\/\/sites.usp.br\/polinguas\/wp-content\/uploads\/sites\/1234\/2023\/04\/4-2-150x150.png 150w, https:\/\/sites.usp.br\/polinguas\/wp-content\/uploads\/sites\/1234\/2023\/04\/4-2-45x45.png 45w, https:\/\/sites.usp.br\/polinguas\/wp-content\/uploads\/sites\/1234\/2023\/04\/4-2.png 500w\" sizes=\"(max-width: 300px) 100vw, 300px\" \/><\/a> <a href=\"https:\/\/sites.usp.br\/polinguas\/espanhol\/\"><img loading=\"lazy\" decoding=\"async\" class=\"alignnone size-medium wp-image-1013\" src=\"https:\/\/sites.usp.br\/polinguas\/wp-content\/uploads\/sites\/1234\/2023\/04\/6-2-300x300.png\" alt=\"\" width=\"300\" height=\"300\" srcset=\"https:\/\/sites.usp.br\/polinguas\/wp-content\/uploads\/sites\/1234\/2023\/04\/6-2-300x300.png 300w, https:\/\/sites.usp.br\/polinguas\/wp-content\/uploads\/sites\/1234\/2023\/04\/6-2-150x150.png 150w, https:\/\/sites.usp.br\/polinguas\/wp-content\/uploads\/sites\/1234\/2023\/04\/6-2-45x45.png 45w, https:\/\/sites.usp.br\/polinguas\/wp-content\/uploads\/sites\/1234\/2023\/04\/6-2.png 500w\" sizes=\"(max-width: 300px) 100vw, 300px\" \/><\/a><a href=\"https:\/\/sites.usp.br\/polinguas\/frances-para-objetivo-universitario-preparacao-para-a-mobilidade-academica-lettre-de-motivation-e-o-curriculo-em-frances-modulo-b1\/\"><img loading=\"lazy\" decoding=\"async\" class=\"alignleft wp-image-1196 size-medium\" src=\"https:\/\/sites.usp.br\/polinguas\/wp-content\/uploads\/sites\/1234\/2023\/05\/divulgacao-3-1-300x300.png\" alt=\"\" width=\"300\" height=\"300\" srcset=\"https:\/\/sites.usp.br\/polinguas\/wp-content\/uploads\/sites\/1234\/2023\/05\/divulgacao-3-1-300x300.png 300w, https:\/\/sites.usp.br\/polinguas\/wp-content\/uploads\/sites\/1234\/2023\/05\/divulgacao-3-1-150x150.png 150w, https:\/\/sites.usp.br\/polinguas\/wp-content\/uploads\/sites\/1234\/2023\/05\/divulgacao-3-1-45x45.png 45w, https:\/\/sites.usp.br\/polinguas\/wp-content\/uploads\/sites\/1234\/2023\/05\/divulgacao-3-1.png 500w\" sizes=\"(max-width: 300px) 100vw, 300px\" \/><\/a> <a href=\"https:\/\/sites.usp.br\/polinguas\/portugues-2\/\"><img loading=\"lazy\" decoding=\"async\" class=\"wp-image-1226 size-medium alignleft\" src=\"https:\/\/sites.usp.br\/polinguas\/wp-content\/uploads\/sites\/1234\/2023\/06\/divulgacao-3-300x300.png\" alt=\"\" width=\"300\" height=\"300\" srcset=\"https:\/\/sites.usp.br\/polinguas\/wp-content\/uploads\/sites\/1234\/2023\/06\/divulgacao-3-300x300.png 300w, https:\/\/sites.usp.br\/polinguas\/wp-content\/uploads\/sites\/1234\/2023\/06\/divulgacao-3-150x150.png 150w, https:\/\/sites.usp.br\/polinguas\/wp-content\/uploads\/sites\/1234\/2023\/06\/divulgacao-3-45x45.png 45w, https:\/\/sites.usp.br\/polinguas\/wp-content\/uploads\/sites\/1234\/2023\/06\/divulgacao-3.png 500w\" sizes=\"(max-width: 300px) 100vw, 300px\" \/><\/a><a href=\"https:\/\/sites.usp.br\/polinguas\/chines\/\"><img loading=\"lazy\" decoding=\"async\" class=\"alignnone size-medium wp-image-1012\" src=\"https:\/\/sites.usp.br\/polinguas\/wp-content\/uploads\/sites\/1234\/2023\/04\/5-2-300x300.png\" alt=\"\" width=\"300\" height=\"300\" srcset=\"https:\/\/sites.usp.br\/polinguas\/wp-content\/uploads\/sites\/1234\/2023\/04\/5-2-300x300.png 300w, https:\/\/sites.usp.br\/polinguas\/wp-content\/uploads\/sites\/1234\/2023\/04\/5-2-150x150.png 150w, https:\/\/sites.usp.br\/polinguas\/wp-content\/uploads\/sites\/1234\/2023\/04\/5-2-45x45.png 45w, https:\/\/sites.usp.br\/polinguas\/wp-content\/uploads\/sites\/1234\/2023\/04\/5-2.png 500w\" sizes=\"(max-width: 300px) 100vw, 300px\" \/><\/a><\/p>\n<h2>2\u00b0 Semestre &#8211; Conclu\u00eddos:<\/h2>\n<p><a href=\"https:\/\/sites.usp.br\/polinguas\/portugues-4\/\"><img loading=\"lazy\" decoding=\"async\" class=\"alignleft wp-image-1421 size-medium\" src=\"https:\/\/sites.usp.br\/polinguas\/wp-content\/uploads\/sites\/1234\/2023\/08\/divulgacao-9-300x300.png\" alt=\"\" width=\"300\" height=\"300\" srcset=\"https:\/\/sites.usp.br\/polinguas\/wp-content\/uploads\/sites\/1234\/2023\/08\/divulgacao-9-300x300.png 300w, https:\/\/sites.usp.br\/polinguas\/wp-content\/uploads\/sites\/1234\/2023\/08\/divulgacao-9-150x150.png 150w, https:\/\/sites.usp.br\/polinguas\/wp-content\/uploads\/sites\/1234\/2023\/08\/divulgacao-9-45x45.png 45w, https:\/\/sites.usp.br\/polinguas\/wp-content\/uploads\/sites\/1234\/2023\/08\/divulgacao-9.png 500w\" sizes=\"(max-width: 300px) 100vw, 300px\" \/><\/a><a href=\"https:\/\/sites.usp.br\/polinguas\/portugues-3\/\"><img loading=\"lazy\" decoding=\"async\" class=\"alignleft wp-image-1430 size-medium\" src=\"https:\/\/sites.usp.br\/polinguas\/wp-content\/uploads\/sites\/1234\/2023\/08\/divulgacao-12-300x300.png\" alt=\"\" width=\"300\" height=\"300\" srcset=\"https:\/\/sites.usp.br\/polinguas\/wp-content\/uploads\/sites\/1234\/2023\/08\/divulgacao-12-300x300.png 300w, https:\/\/sites.usp.br\/polinguas\/wp-content\/uploads\/sites\/1234\/2023\/08\/divulgacao-12-150x150.png 150w, https:\/\/sites.usp.br\/polinguas\/wp-content\/uploads\/sites\/1234\/2023\/08\/divulgacao-12-45x45.png 45w, https:\/\/sites.usp.br\/polinguas\/wp-content\/uploads\/sites\/1234\/2023\/08\/divulgacao-12.png 500w\" sizes=\"(max-width: 300px) 100vw, 300px\" \/><\/a><a href=\"https:\/\/sites.usp.br\/polinguas\/aucani-portugues-para-estrangeiros\/\"><img loading=\"lazy\" decoding=\"async\" class=\"alignleft wp-image-1422 size-medium\" src=\"https:\/\/sites.usp.br\/polinguas\/wp-content\/uploads\/sites\/1234\/2023\/08\/divulgacao-10-300x300.png\" alt=\"\" width=\"300\" height=\"300\" srcset=\"https:\/\/sites.usp.br\/polinguas\/wp-content\/uploads\/sites\/1234\/2023\/08\/divulgacao-10-300x300.png 300w, https:\/\/sites.usp.br\/polinguas\/wp-content\/uploads\/sites\/1234\/2023\/08\/divulgacao-10-150x150.png 150w, https:\/\/sites.usp.br\/polinguas\/wp-content\/uploads\/sites\/1234\/2023\/08\/divulgacao-10-45x45.png 45w, https:\/\/sites.usp.br\/polinguas\/wp-content\/uploads\/sites\/1234\/2023\/08\/divulgacao-10.png 500w\" sizes=\"(max-width: 300px) 100vw, 300px\" \/><\/a><a href=\"https:\/\/sites.usp.br\/polinguas\/2o-semestre-frances\/\"><img loading=\"lazy\" decoding=\"async\" class=\"alignleft wp-image-1418 size-medium\" src=\"https:\/\/sites.usp.br\/polinguas\/wp-content\/uploads\/sites\/1234\/2023\/08\/divulgacao-6-300x300.png\" alt=\"\" width=\"300\" height=\"300\" srcset=\"https:\/\/sites.usp.br\/polinguas\/wp-content\/uploads\/sites\/1234\/2023\/08\/divulgacao-6-300x300.png 300w, https:\/\/sites.usp.br\/polinguas\/wp-content\/uploads\/sites\/1234\/2023\/08\/divulgacao-6-150x150.png 150w, https:\/\/sites.usp.br\/polinguas\/wp-content\/uploads\/sites\/1234\/2023\/08\/divulgacao-6-45x45.png 45w, https:\/\/sites.usp.br\/polinguas\/wp-content\/uploads\/sites\/1234\/2023\/08\/divulgacao-6.png 500w\" sizes=\"(max-width: 300px) 100vw, 300px\" \/><\/a><a href=\"https:\/\/sites.usp.br\/polinguas\/2o-semestre-frances-2\/\"><img loading=\"lazy\" decoding=\"async\" class=\"alignleft wp-image-1419 size-medium\" src=\"https:\/\/sites.usp.br\/polinguas\/wp-content\/uploads\/sites\/1234\/2023\/08\/divulgacao-7-300x300.png\" alt=\"\" width=\"300\" height=\"300\" srcset=\"https:\/\/sites.usp.br\/polinguas\/wp-content\/uploads\/sites\/1234\/2023\/08\/divulgacao-7-300x300.png 300w, https:\/\/sites.usp.br\/polinguas\/wp-content\/uploads\/sites\/1234\/2023\/08\/divulgacao-7-150x150.png 150w, https:\/\/sites.usp.br\/polinguas\/wp-content\/uploads\/sites\/1234\/2023\/08\/divulgacao-7-45x45.png 45w, https:\/\/sites.usp.br\/polinguas\/wp-content\/uploads\/sites\/1234\/2023\/08\/divulgacao-7.png 500w\" sizes=\"(max-width: 300px) 100vw, 300px\" \/><\/a><a href=\"https:\/\/sites.usp.br\/polinguas\/espanhol-2\/\"><img loading=\"lazy\" decoding=\"async\" class=\"alignleft wp-image-1471 size-medium\" src=\"https:\/\/sites.usp.br\/polinguas\/wp-content\/uploads\/sites\/1234\/2023\/08\/Copia-de-divulgacao-300x300.png\" alt=\"\" width=\"300\" height=\"300\" srcset=\"https:\/\/sites.usp.br\/polinguas\/wp-content\/uploads\/sites\/1234\/2023\/08\/Copia-de-divulgacao-300x300.png 300w, https:\/\/sites.usp.br\/polinguas\/wp-content\/uploads\/sites\/1234\/2023\/08\/Copia-de-divulgacao-150x150.png 150w, https:\/\/sites.usp.br\/polinguas\/wp-content\/uploads\/sites\/1234\/2023\/08\/Copia-de-divulgacao-45x45.png 45w, https:\/\/sites.usp.br\/polinguas\/wp-content\/uploads\/sites\/1234\/2023\/08\/Copia-de-divulgacao.png 500w\" sizes=\"(max-width: 300px) 100vw, 300px\" \/><\/a><\/p>\n<p><a href=\"https:\/\/sites.usp.br\/polinguas\/2o-semestre-ingles\/\"><img loading=\"lazy\" decoding=\"async\" class=\"alignleft wp-image-1485 size-medium\" src=\"https:\/\/sites.usp.br\/polinguas\/wp-content\/uploads\/sites\/1234\/2023\/08\/divulgacao-13-300x300.png\" alt=\"\" width=\"300\" height=\"300\" srcset=\"https:\/\/sites.usp.br\/polinguas\/wp-content\/uploads\/sites\/1234\/2023\/08\/divulgacao-13-300x300.png 300w, https:\/\/sites.usp.br\/polinguas\/wp-content\/uploads\/sites\/1234\/2023\/08\/divulgacao-13-150x150.png 150w, https:\/\/sites.usp.br\/polinguas\/wp-content\/uploads\/sites\/1234\/2023\/08\/divulgacao-13-45x45.png 45w, https:\/\/sites.usp.br\/polinguas\/wp-content\/uploads\/sites\/1234\/2023\/08\/divulgacao-13.png 500w\" sizes=\"(max-width: 300px) 100vw, 300px\" \/><\/a><a href=\"https:\/\/sites.usp.br\/polinguas\/japones-lingua-e-cultura-japonesa-modulo-ii\/\"><img loading=\"lazy\" decoding=\"async\" class=\"alignleft wp-image-1291 size-medium\" src=\"https:\/\/sites.usp.br\/polinguas\/wp-content\/uploads\/sites\/1234\/2023\/07\/japones-modulo-ll-300x300.jpeg\" alt=\"\" width=\"300\" height=\"300\" srcset=\"https:\/\/sites.usp.br\/polinguas\/wp-content\/uploads\/sites\/1234\/2023\/07\/japones-modulo-ll-300x300.jpeg 300w, https:\/\/sites.usp.br\/polinguas\/wp-content\/uploads\/sites\/1234\/2023\/07\/japones-modulo-ll-150x150.jpeg 150w, https:\/\/sites.usp.br\/polinguas\/wp-content\/uploads\/sites\/1234\/2023\/07\/japones-modulo-ll-45x45.jpeg 45w, https:\/\/sites.usp.br\/polinguas\/wp-content\/uploads\/sites\/1234\/2023\/07\/japones-modulo-ll.jpeg 500w\" sizes=\"(max-width: 300px) 100vw, 300px\" \/><\/a><\/p>\n<p><a href=\"https:\/\/sites.usp.br\/polinguas\/chines-basico-lingua-modulo-ii\/\"><img loading=\"lazy\" decoding=\"async\" class=\"alignleft size-medium wp-image-1298\" src=\"https:\/\/sites.usp.br\/polinguas\/wp-content\/uploads\/sites\/1234\/2023\/07\/10-300x300.png\" alt=\"\" width=\"300\" height=\"300\" srcset=\"https:\/\/sites.usp.br\/polinguas\/wp-content\/uploads\/sites\/1234\/2023\/07\/10-300x300.png 300w, https:\/\/sites.usp.br\/polinguas\/wp-content\/uploads\/sites\/1234\/2023\/07\/10-150x150.png 150w, https:\/\/sites.usp.br\/polinguas\/wp-content\/uploads\/sites\/1234\/2023\/07\/10-45x45.png 45w, https:\/\/sites.usp.br\/polinguas\/wp-content\/uploads\/sites\/1234\/2023\/07\/10.png 500w\" sizes=\"(max-width: 300px) 100vw, 300px\" \/><\/a><\/p>\n<p><a href=\"https:\/\/sites.usp.br\/polinguas\/italiano\/\"><img loading=\"lazy\" decoding=\"async\" class=\"alignleft size-medium wp-image-1242\" src=\"https:\/\/sites.usp.br\/polinguas\/wp-content\/uploads\/sites\/1234\/2023\/06\/divulgacao-4-300x300.png\" alt=\"\" width=\"300\" height=\"300\" srcset=\"https:\/\/sites.usp.br\/polinguas\/wp-content\/uploads\/sites\/1234\/2023\/06\/divulgacao-4-300x300.png 300w, https:\/\/sites.usp.br\/polinguas\/wp-content\/uploads\/sites\/1234\/2023\/06\/divulgacao-4-150x150.png 150w, https:\/\/sites.usp.br\/polinguas\/wp-content\/uploads\/sites\/1234\/2023\/06\/divulgacao-4-45x45.png 45w, https:\/\/sites.usp.br\/polinguas\/wp-content\/uploads\/sites\/1234\/2023\/06\/divulgacao-4.png 500w\" sizes=\"(max-width: 300px) 100vw, 300px\" \/><\/a><\/p>\n<p>&nbsp;<\/p>\n<div id=\"gtx-trans\" style=\"position: absolute; left: 4px; top: 779.75px;\">\n<div class=\"gtx-trans-icon\"><\/div>\n<\/div>\n","protected":false},"excerpt":{"rendered":"<p>Programa de Inicia\u00e7\u00e3o e Aperfei\u00e7oamento na Doc\u00eancia em L\u00ednguas As demandas de forma\u00e7\u00e3o em l\u00ednguas no contexto universit\u00e1rio apresentam-se de forma diversificada, conforme as necessidades e objetivos relacionados \u00e0s diversas \u00e1reas de conhecimento e aos processos de internacionaliza\u00e7\u00e3o da universidade. Em resposta a essas demandas, a Pr\u00f3-Reitoria de Gradua\u00e7\u00e3o cria o PROGRAMA DE INICIA\u00c7\u00c3O E [&hellip;]<\/p>\n","protected":false},"author":23416,"featured_media":0,"parent":0,"menu_order":0,"comment_status":"closed","ping_status":"closed","template":"","meta":{"footnotes":"","_links_to":"","_links_to_target":""},"class_list":["post-320","page","type-page","status-publish","hentry"],"_links":{"self":[{"href":"https:\/\/sites.usp.br\/polinguas\/wp-json\/wp\/v2\/pages\/320","targetHints":{"allow":["GET"]}}],"collection":[{"href":"https:\/\/sites.usp.br\/polinguas\/wp-json\/wp\/v2\/pages"}],"about":[{"href":"https:\/\/sites.usp.br\/polinguas\/wp-json\/wp\/v2\/types\/page"}],"author":[{"embeddable":true,"href":"https:\/\/sites.usp.br\/polinguas\/wp-json\/wp\/v2\/users\/23416"}],"replies":[{"embeddable":true,"href":"https:\/\/sites.usp.br\/polinguas\/wp-json\/wp\/v2\/comments?post=320"}],"version-history":[{"count":6,"href":"https:\/\/sites.usp.br\/polinguas\/wp-json\/wp\/v2\/pages\/320\/revisions"}],"predecessor-version":[{"id":1627,"href":"https:\/\/sites.usp.br\/polinguas\/wp-json\/wp\/v2\/pages\/320\/revisions\/1627"}],"wp:attachment":[{"href":"https:\/\/sites.usp.br\/polinguas\/wp-json\/wp\/v2\/media?parent=320"}],"curies":[{"name":"wp","href":"https:\/\/api.w.org\/{rel}","templated":true}]}}