{"id":3674,"date":"2025-02-05T17:25:48","date_gmt":"2025-02-05T20:25:48","guid":{"rendered":"https:\/\/sites.usp.br\/polinguas\/?page_id=3674"},"modified":"2025-07-01T18:58:16","modified_gmt":"2025-07-01T21:58:16","slug":"videos","status":"publish","type":"page","link":"https:\/\/sites.usp.br\/polinguas\/videos\/","title":{"rendered":"V\u00eddeos"},"content":{"rendered":"\t\t<div data-elementor-type=\"wp-page\" data-elementor-id=\"3674\" class=\"elementor elementor-3674\" data-elementor-post-type=\"page\">\n\t\t\t\t\t\t<section class=\"elementor-section elementor-top-section elementor-element elementor-element-4e3cf32 elementor-section-boxed elementor-section-height-default elementor-section-height-default\" data-id=\"4e3cf32\" data-element_type=\"section\">\n\t\t\t\t\t\t<div class=\"elementor-container elementor-column-gap-default\">\n\t\t\t\t\t<div class=\"elementor-column elementor-col-100 elementor-top-column elementor-element elementor-element-1596654\" data-id=\"1596654\" data-element_type=\"column\">\n\t\t\t<div class=\"elementor-widget-wrap elementor-element-populated\">\n\t\t\t\t\t\t<div class=\"elementor-element elementor-element-5746e00 elementor-widget elementor-widget-text-editor\" data-id=\"5746e00\" data-element_type=\"widget\" data-widget_type=\"text-editor.default\">\n\t\t\t\t<div class=\"elementor-widget-container\">\n\t\t\t\t\t\t\t<h3 style=\"text-align: center;\"><span style=\"color: #ffcc00;\">Um breve hist\u00f3rico do plurilinguismo no mundo &#8211; Profa. Dra. Elvira Narvaja Arnoux<\/span><\/h3><p style=\"text-align: center;\">O v\u00eddeo traz um recorte da fala da Profa. Dra. Elvira Narvaja Arnoux (UBA &#8211; Argentina), apresentada no &#8220;Simposio Lenguas en la Universidad&#8221;, na Universidad de Chile. Nela, a professora tra\u00e7a um breve panorama hist\u00f3rico do plurilinguismo no mundo a partir do P\u00f3s-Segunda Guerra e analisa diferentes casos ilustrativos desse processo.<\/p>\t\t\t\t\t\t<\/div>\n\t\t\t\t<\/div>\n\t\t\t\t\t<\/div>\n\t\t<\/div>\n\t\t\t\t\t<\/div>\n\t\t<\/section>\n\t\t\t\t<section class=\"elementor-section elementor-top-section elementor-element elementor-element-d24d746 elementor-section-boxed elementor-section-height-default elementor-section-height-default\" data-id=\"d24d746\" data-element_type=\"section\">\n\t\t\t\t\t\t<div class=\"elementor-container elementor-column-gap-default\">\n\t\t\t\t\t<div class=\"elementor-column elementor-col-100 elementor-top-column elementor-element elementor-element-2f79e17\" data-id=\"2f79e17\" data-element_type=\"column\">\n\t\t\t<div class=\"elementor-widget-wrap elementor-element-populated\">\n\t\t\t\t\t\t<div class=\"elementor-element elementor-element-fa5713e elementor-widget__width-initial elementor-widget elementor-widget-video\" data-id=\"fa5713e\" data-element_type=\"widget\" data-settings=\"{&quot;youtube_url&quot;:&quot;https:\\\/\\\/youtu.be\\\/ITnxdIfbIxE&quot;,&quot;video_type&quot;:&quot;youtube&quot;,&quot;controls&quot;:&quot;yes&quot;}\" data-widget_type=\"video.default\">\n\t\t\t\t<div class=\"elementor-widget-container\">\n\t\t\t\t\t<div class=\"elementor-wrapper elementor-open-inline\">\n\t\t\t<div class=\"elementor-video\"><\/div>\t\t<\/div>\n\t\t\t\t<\/div>\n\t\t\t\t<\/div>\n\t\t\t\t\t<\/div>\n\t\t<\/div>\n\t\t\t\t\t<\/div>\n\t\t<\/section>\n\t\t\t\t<section class=\"elementor-section elementor-top-section elementor-element elementor-element-f9231ea elementor-section-boxed elementor-section-height-default elementor-section-height-default\" data-id=\"f9231ea\" data-element_type=\"section\">\n\t\t\t\t\t\t<div class=\"elementor-container elementor-column-gap-default\">\n\t\t\t\t\t<div class=\"elementor-column elementor-col-100 elementor-top-column elementor-element elementor-element-8cb04c2\" data-id=\"8cb04c2\" data-element_type=\"column\">\n\t\t\t<div class=\"elementor-widget-wrap elementor-element-populated\">\n\t\t\t\t\t\t<div class=\"elementor-element elementor-element-e829e9e elementor-widget elementor-widget-text-editor\" data-id=\"e829e9e\" data-element_type=\"widget\" data-widget_type=\"text-editor.default\">\n\t\t\t\t<div class=\"elementor-widget-container\">\n\t\t\t\t\t\t\t<h3 style=\"text-align: center;\"><span style=\"color: #993366;\">O guarani no Paraguai: uma l\u00edngua minorizada &#8211; Prof. Dr. Mateo Niro<\/span><\/h3><p style=\"text-align: center;\">Neste recorte da fala do Prof. Dr. Mateo Niro (UBA &#8211; Argentina) em sua apresenta\u00e7\u00e3o no &#8220;Simposio Lenguas en la Universidad&#8221;, na Universidad de Chile, \u00e9 apresentada de forma cr\u00edtica e contextualizada a situa\u00e7\u00e3o do guarani no territ\u00f3rio paraguaio, onde \u00e9 lingua cooficial do pa\u00eds.<\/p>\t\t\t\t\t\t<\/div>\n\t\t\t\t<\/div>\n\t\t\t\t\t<\/div>\n\t\t<\/div>\n\t\t\t\t\t<\/div>\n\t\t<\/section>\n\t\t\t\t<section class=\"elementor-section elementor-top-section elementor-element elementor-element-41c5018 elementor-section-content-middle elementor-section-boxed elementor-section-height-default elementor-section-height-default\" data-id=\"41c5018\" data-element_type=\"section\">\n\t\t\t\t\t\t<div class=\"elementor-container elementor-column-gap-default\">\n\t\t\t\t\t<div class=\"elementor-column elementor-col-100 elementor-top-column elementor-element elementor-element-386c962\" data-id=\"386c962\" data-element_type=\"column\">\n\t\t\t<div class=\"elementor-widget-wrap elementor-element-populated\">\n\t\t\t\t\t\t<div class=\"elementor-element elementor-element-41c725b elementor-widget__width-initial elementor-widget elementor-widget-video\" data-id=\"41c725b\" data-element_type=\"widget\" data-settings=\"{&quot;youtube_url&quot;:&quot;https:\\\/\\\/youtu.be\\\/ZjdkUz3241M&quot;,&quot;video_type&quot;:&quot;youtube&quot;,&quot;controls&quot;:&quot;yes&quot;}\" data-widget_type=\"video.default\">\n\t\t\t\t<div class=\"elementor-widget-container\">\n\t\t\t\t\t<div class=\"elementor-wrapper elementor-open-inline\">\n\t\t\t<div class=\"elementor-video\"><\/div>\t\t<\/div>\n\t\t\t\t<\/div>\n\t\t\t\t<\/div>\n\t\t\t\t\t<\/div>\n\t\t<\/div>\n\t\t\t\t\t<\/div>\n\t\t<\/section>\n\t\t\t\t<section class=\"elementor-section elementor-top-section elementor-element elementor-element-25a7ffc elementor-section-boxed elementor-section-height-default elementor-section-height-default\" data-id=\"25a7ffc\" data-element_type=\"section\">\n\t\t\t\t\t\t<div class=\"elementor-container elementor-column-gap-default\">\n\t\t\t\t\t<div class=\"elementor-column elementor-col-100 elementor-top-column elementor-element elementor-element-ffc58ea\" data-id=\"ffc58ea\" data-element_type=\"column\">\n\t\t\t<div class=\"elementor-widget-wrap elementor-element-populated\">\n\t\t\t\t\t\t<div class=\"elementor-element elementor-element-af9fd0e elementor-widget elementor-widget-text-editor\" data-id=\"af9fd0e\" data-element_type=\"widget\" data-widget_type=\"text-editor.default\">\n\t\t\t\t<div class=\"elementor-widget-container\">\n\t\t\t\t\t\t\t<h3 style=\"text-align: center;\">Pol\u00edticas lingu\u00edsticas na Ecole des Hautes \u00c9tudes en Sciencies Sociales &#8211; Prof. Dr. Leopoldo Baralt<\/h3><p style=\"text-align: center;\">O v\u00eddeo traz o recorte integral da fala do Prof. Dr. Leopoldo Iribarren Baralt (EHESS &#8211; Fran\u00e7a), apresentada no &#8220;Simposio Lenguas en la Universidad&#8221;, na Universidad de Chile. O professor discute pol\u00edticas plurilinguistas para a forma\u00e7\u00e3o de pesquisadores e para a produ\u00e7\u00e3o e circula\u00e7\u00e3o do conhecimento, perpassando a hist\u00f3ria da &#8220;Ecole des Hautes \u00c9tudes\u00a0<span style=\"font-family: var( --e-global-typography-text-font-family ), Sans-serif; font-weight: var( --e-global-typography-text-font-weight );\">en Sciencies Sociales&#8221; e abordando o que seria um universalismo<\/span><span style=\"font-family: var( --e-global-typography-text-font-family ), Sans-serif; font-weight: var( --e-global-typography-text-font-weight );\">\u00a0concreto nas l\u00ednguas.<\/span><\/p>\t\t\t\t\t\t<\/div>\n\t\t\t\t<\/div>\n\t\t\t\t\t<\/div>\n\t\t<\/div>\n\t\t\t\t\t<\/div>\n\t\t<\/section>\n\t\t\t\t<section class=\"elementor-section elementor-top-section elementor-element elementor-element-83275a5 elementor-section-boxed elementor-section-height-default elementor-section-height-default\" data-id=\"83275a5\" data-element_type=\"section\">\n\t\t\t\t\t\t<div class=\"elementor-container elementor-column-gap-default\">\n\t\t\t\t\t<div class=\"elementor-column elementor-col-100 elementor-top-column elementor-element elementor-element-362a502\" data-id=\"362a502\" data-element_type=\"column\">\n\t\t\t<div class=\"elementor-widget-wrap elementor-element-populated\">\n\t\t\t\t\t\t<div class=\"elementor-element elementor-element-afdf913 elementor-widget__width-initial elementor-widget elementor-widget-video\" data-id=\"afdf913\" data-element_type=\"widget\" data-settings=\"{&quot;youtube_url&quot;:&quot;https:\\\/\\\/youtu.be\\\/NnjrLtB9dmk&quot;,&quot;video_type&quot;:&quot;youtube&quot;,&quot;controls&quot;:&quot;yes&quot;}\" data-widget_type=\"video.default\">\n\t\t\t\t<div class=\"elementor-widget-container\">\n\t\t\t\t\t<div class=\"elementor-wrapper elementor-open-inline\">\n\t\t\t<div class=\"elementor-video\"><\/div>\t\t<\/div>\n\t\t\t\t<\/div>\n\t\t\t\t<\/div>\n\t\t\t\t\t<\/div>\n\t\t<\/div>\n\t\t\t\t\t<\/div>\n\t\t<\/section>\n\t\t\t\t<section class=\"elementor-section elementor-top-section elementor-element elementor-element-c48b12e elementor-section-boxed elementor-section-height-default elementor-section-height-default\" data-id=\"c48b12e\" data-element_type=\"section\">\n\t\t\t\t\t\t<div class=\"elementor-container elementor-column-gap-default\">\n\t\t\t\t\t<div class=\"elementor-column elementor-col-100 elementor-top-column elementor-element elementor-element-b87d851\" data-id=\"b87d851\" data-element_type=\"column\">\n\t\t\t<div class=\"elementor-widget-wrap elementor-element-populated\">\n\t\t\t\t\t\t<div class=\"elementor-element elementor-element-373fb69 elementor-widget elementor-widget-spacer\" data-id=\"373fb69\" data-element_type=\"widget\" data-widget_type=\"spacer.default\">\n\t\t\t\t<div class=\"elementor-widget-container\">\n\t\t\t\t\t<div class=\"elementor-spacer\">\n\t\t\t<div class=\"elementor-spacer-inner\"><\/div>\n\t\t<\/div>\n\t\t\t\t<\/div>\n\t\t\t\t<\/div>\n\t\t\t\t\t<\/div>\n\t\t<\/div>\n\t\t\t\t\t<\/div>\n\t\t<\/section>\n\t\t\t\t<section class=\"elementor-section elementor-top-section elementor-element elementor-element-87bab56 elementor-section-boxed elementor-section-height-default elementor-section-height-default\" data-id=\"87bab56\" data-element_type=\"section\">\n\t\t\t\t\t\t<div class=\"elementor-container elementor-column-gap-default\">\n\t\t\t\t\t<div class=\"elementor-column elementor-col-100 elementor-top-column elementor-element elementor-element-44a94e1\" data-id=\"44a94e1\" data-element_type=\"column\">\n\t\t\t<div class=\"elementor-widget-wrap elementor-element-populated\">\n\t\t\t\t\t\t<div class=\"elementor-element elementor-element-5ae37ab elementor-widget elementor-widget-text-editor\" data-id=\"5ae37ab\" data-element_type=\"widget\" data-widget_type=\"text-editor.default\">\n\t\t\t\t<div class=\"elementor-widget-container\">\n\t\t\t\t\t\t\t<h3 class=\"style-scope ytd-watch-metadata\" style=\"text-align: center;\"><span style=\"color: #9b1b58;\">Internacionaliza\u00e7\u00e3o e pol\u00edticas lingu\u00edsticas na educa\u00e7\u00e3o superior &#8211; Prof. Dr. Waldenor Barros<\/span><\/h3><p style=\"text-align: center;\">Neste recorte do III Semin\u00e1rio sobre Pol\u00edticas Ling\u00edsticas na USP, promovido pelo GT PoL\u00ednguas-USP, o professor da Universidade Federal de Uberl\u00e2ndia (UFU) Waldenor Barros Moraes Filho discute sobre a rela\u00e7\u00e3o da internacionaliza\u00e7\u00e3o com as pol\u00edticas lingu\u00edsticas e pr\u00e1ticas plurilingues no ensino superior.<\/p>\t\t\t\t\t\t<\/div>\n\t\t\t\t<\/div>\n\t\t\t\t\t<\/div>\n\t\t<\/div>\n\t\t\t\t\t<\/div>\n\t\t<\/section>\n\t\t\t\t<section class=\"elementor-section elementor-top-section elementor-element elementor-element-0024907 elementor-section-boxed elementor-section-height-default elementor-section-height-default\" data-id=\"0024907\" data-element_type=\"section\">\n\t\t\t\t\t\t<div class=\"elementor-container elementor-column-gap-default\">\n\t\t\t\t\t<div class=\"elementor-column elementor-col-100 elementor-top-column elementor-element elementor-element-082a60e\" data-id=\"082a60e\" data-element_type=\"column\">\n\t\t\t<div class=\"elementor-widget-wrap elementor-element-populated\">\n\t\t\t\t\t\t<div class=\"elementor-element elementor-element-0607f25 elementor-widget elementor-widget-video\" data-id=\"0607f25\" data-element_type=\"widget\" data-settings=\"{&quot;youtube_url&quot;:&quot;https:\\\/\\\/www.youtube.com\\\/watch?v=dlGmobnciwE&quot;,&quot;video_type&quot;:&quot;youtube&quot;,&quot;controls&quot;:&quot;yes&quot;}\" data-widget_type=\"video.default\">\n\t\t\t\t<div class=\"elementor-widget-container\">\n\t\t\t\t\t<div class=\"elementor-wrapper elementor-open-inline\">\n\t\t\t<div class=\"elementor-video\"><\/div>\t\t<\/div>\n\t\t\t\t<\/div>\n\t\t\t\t<\/div>\n\t\t\t\t\t<\/div>\n\t\t<\/div>\n\t\t\t\t\t<\/div>\n\t\t<\/section>\n\t\t\t\t<section class=\"elementor-section elementor-top-section elementor-element elementor-element-a7ad09d elementor-section-boxed elementor-section-height-default elementor-section-height-default\" data-id=\"a7ad09d\" data-element_type=\"section\">\n\t\t\t\t\t\t<div class=\"elementor-container elementor-column-gap-default\">\n\t\t\t\t\t<div class=\"elementor-column elementor-col-100 elementor-top-column elementor-element elementor-element-c7b6fcc\" data-id=\"c7b6fcc\" data-element_type=\"column\">\n\t\t\t<div class=\"elementor-widget-wrap elementor-element-populated\">\n\t\t\t\t\t\t<div class=\"elementor-element elementor-element-cea296c elementor-widget elementor-widget-spacer\" data-id=\"cea296c\" data-element_type=\"widget\" data-widget_type=\"spacer.default\">\n\t\t\t\t<div class=\"elementor-widget-container\">\n\t\t\t\t\t<div class=\"elementor-spacer\">\n\t\t\t<div class=\"elementor-spacer-inner\"><\/div>\n\t\t<\/div>\n\t\t\t\t<\/div>\n\t\t\t\t<\/div>\n\t\t\t\t\t<\/div>\n\t\t<\/div>\n\t\t\t\t\t<\/div>\n\t\t<\/section>\n\t\t\t\t<section class=\"elementor-section elementor-top-section elementor-element elementor-element-1525376 elementor-section-boxed elementor-section-height-default elementor-section-height-default\" data-id=\"1525376\" data-element_type=\"section\">\n\t\t\t\t\t\t<div class=\"elementor-container elementor-column-gap-default\">\n\t\t\t\t\t<div class=\"elementor-column elementor-col-100 elementor-top-column elementor-element elementor-element-6cfdbd6\" data-id=\"6cfdbd6\" data-element_type=\"column\">\n\t\t\t<div class=\"elementor-widget-wrap elementor-element-populated\">\n\t\t\t\t\t\t<div class=\"elementor-element elementor-element-ebd3c4d elementor-widget elementor-widget-text-editor\" data-id=\"ebd3c4d\" data-element_type=\"widget\" data-widget_type=\"text-editor.default\">\n\t\t\t\t<div class=\"elementor-widget-container\">\n\t\t\t\t\t\t\t<h3 class=\"style-scope ytd-watch-metadata\" style=\"text-align: center;\"><span style=\"color: #f9b625;\">Biografia lingu\u00edstica de uma pesquisadora &#8211; Profa. Dra. Lilian Gregory<\/span><\/h3><p style=\"text-align: center;\">Neste v\u00eddeo da s\u00e9rie &#8220;Biografia Lingu\u00edstica&#8221;, a professora Lilian Gregory (FMVZ-USP) conta um pouco sobre as v\u00e1rias l\u00ednguas que aprendeu ao longo da vida e como elas impactaram sua pesquisa e vida acad\u00eamica.<\/p>\t\t\t\t\t\t<\/div>\n\t\t\t\t<\/div>\n\t\t\t\t\t<\/div>\n\t\t<\/div>\n\t\t\t\t\t<\/div>\n\t\t<\/section>\n\t\t\t\t<section class=\"elementor-section elementor-top-section elementor-element elementor-element-275b1c8 elementor-section-boxed elementor-section-height-default elementor-section-height-default\" data-id=\"275b1c8\" data-element_type=\"section\">\n\t\t\t\t\t\t<div class=\"elementor-container elementor-column-gap-default\">\n\t\t\t\t\t<div class=\"elementor-column elementor-col-100 elementor-top-column elementor-element elementor-element-4a54d46\" data-id=\"4a54d46\" data-element_type=\"column\">\n\t\t\t<div class=\"elementor-widget-wrap elementor-element-populated\">\n\t\t\t\t\t\t<div class=\"elementor-element elementor-element-7f478ae elementor-widget elementor-widget-video\" data-id=\"7f478ae\" data-element_type=\"widget\" data-settings=\"{&quot;youtube_url&quot;:&quot;https:\\\/\\\/youtu.be\\\/xhsU77mphV4&quot;,&quot;video_type&quot;:&quot;youtube&quot;,&quot;controls&quot;:&quot;yes&quot;}\" data-widget_type=\"video.default\">\n\t\t\t\t<div class=\"elementor-widget-container\">\n\t\t\t\t\t<div class=\"elementor-wrapper elementor-open-inline\">\n\t\t\t<div class=\"elementor-video\"><\/div>\t\t<\/div>\n\t\t\t\t<\/div>\n\t\t\t\t<\/div>\n\t\t\t\t\t<\/div>\n\t\t<\/div>\n\t\t\t\t\t<\/div>\n\t\t<\/section>\n\t\t\t\t<\/div>\n\t\t","protected":false},"excerpt":{"rendered":"<p>Um breve hist\u00f3rico do plurilinguismo no mundo &#8211; Profa. Dra. Elvira Narvaja Arnoux O v\u00eddeo traz um recorte da fala da Profa. Dra. Elvira Narvaja Arnoux (UBA &#8211; Argentina), apresentada no &#8220;Simposio Lenguas en la Universidad&#8221;, na Universidad de Chile. Nela, a professora tra\u00e7a um breve panorama hist\u00f3rico do plurilinguismo no mundo a partir do [&hellip;]<\/p>\n","protected":false},"author":24198,"featured_media":0,"parent":0,"menu_order":0,"comment_status":"closed","ping_status":"closed","template":"","meta":{"footnotes":"","_links_to":"","_links_to_target":""},"class_list":["post-3674","page","type-page","status-publish","hentry"],"_links":{"self":[{"href":"https:\/\/sites.usp.br\/polinguas\/wp-json\/wp\/v2\/pages\/3674","targetHints":{"allow":["GET"]}}],"collection":[{"href":"https:\/\/sites.usp.br\/polinguas\/wp-json\/wp\/v2\/pages"}],"about":[{"href":"https:\/\/sites.usp.br\/polinguas\/wp-json\/wp\/v2\/types\/page"}],"author":[{"embeddable":true,"href":"https:\/\/sites.usp.br\/polinguas\/wp-json\/wp\/v2\/users\/24198"}],"replies":[{"embeddable":true,"href":"https:\/\/sites.usp.br\/polinguas\/wp-json\/wp\/v2\/comments?post=3674"}],"version-history":[{"count":4,"href":"https:\/\/sites.usp.br\/polinguas\/wp-json\/wp\/v2\/pages\/3674\/revisions"}],"predecessor-version":[{"id":4307,"href":"https:\/\/sites.usp.br\/polinguas\/wp-json\/wp\/v2\/pages\/3674\/revisions\/4307"}],"wp:attachment":[{"href":"https:\/\/sites.usp.br\/polinguas\/wp-json\/wp\/v2\/media?parent=3674"}],"curies":[{"name":"wp","href":"https:\/\/api.w.org\/{rel}","templated":true}]}}