{"id":3889,"date":"2025-03-20T15:32:42","date_gmt":"2025-03-20T18:32:42","guid":{"rendered":"https:\/\/sites.usp.br\/polinguas\/?page_id=3889"},"modified":"2025-08-08T12:22:51","modified_gmt":"2025-08-08T15:22:51","slug":"cursos-proiad-2025","status":"publish","type":"page","link":"https:\/\/sites.usp.br\/polinguas\/cursos-proiad-2025\/","title":{"rendered":"Cursos PROIAD 2025"},"content":{"rendered":"\t\t<div data-elementor-type=\"wp-page\" data-elementor-id=\"3889\" class=\"elementor elementor-3889\" data-elementor-post-type=\"page\">\n\t\t\t\t\t\t<section class=\"elementor-section elementor-top-section elementor-element elementor-element-f1adfa8 elementor-section-boxed elementor-section-height-default elementor-section-height-default\" data-id=\"f1adfa8\" data-element_type=\"section\">\n\t\t\t\t\t\t<div class=\"elementor-container elementor-column-gap-default\">\n\t\t\t\t\t<div class=\"elementor-column elementor-col-100 elementor-top-column elementor-element elementor-element-9d4492a\" data-id=\"9d4492a\" data-element_type=\"column\">\n\t\t\t<div class=\"elementor-widget-wrap elementor-element-populated\">\n\t\t\t\t\t\t<div class=\"elementor-element elementor-element-bf6118f elementor-widget elementor-widget-text-editor\" data-id=\"bf6118f\" data-element_type=\"widget\" data-widget_type=\"text-editor.default\">\n\t\t\t\t<div class=\"elementor-widget-container\">\n\t\t\t\t\t\t\t<h4>Confira a divulga\u00e7\u00e3o de cursos nas seguintes \u00e1reas lingu\u00edsticas:<\/h4>\t\t\t\t\t\t<\/div>\n\t\t\t\t<\/div>\n\t\t\t\t\t<\/div>\n\t\t<\/div>\n\t\t\t\t\t<\/div>\n\t\t<\/section>\n\t\t\t\t<section class=\"elementor-section elementor-top-section elementor-element elementor-element-3643e42 elementor-section-boxed elementor-section-height-default elementor-section-height-default\" data-id=\"3643e42\" data-element_type=\"section\">\n\t\t\t\t\t\t<div class=\"elementor-container elementor-column-gap-default\">\n\t\t\t\t\t<div class=\"elementor-column elementor-col-25 elementor-top-column elementor-element elementor-element-b1490a3\" data-id=\"b1490a3\" data-element_type=\"column\">\n\t\t\t<div class=\"elementor-widget-wrap elementor-element-populated\">\n\t\t\t\t\t\t<div class=\"elementor-element elementor-element-25aa9b2 elementor-widget elementor-widget-image\" data-id=\"25aa9b2\" data-element_type=\"widget\" data-widget_type=\"image.default\">\n\t\t\t\t<div class=\"elementor-widget-container\">\n\t\t\t\t\t\t\t\t\t\t\t\t\t\t<a href=\"https:\/\/sites.usp.br\/polinguas\/cursos-de-alemao-2025\/\">\n\t\t\t\t\t\t\t<img fetchpriority=\"high\" decoding=\"async\" width=\"604\" height=\"599\" src=\"https:\/\/sites.usp.br\/polinguas\/wp-content\/uploads\/sites\/1234\/2025\/04\/1-1-e1743623825890.png\" class=\"attachment-large size-large wp-image-3931\" alt=\"\" srcset=\"https:\/\/sites.usp.br\/polinguas\/wp-content\/uploads\/sites\/1234\/2025\/04\/1-1-e1743623825890.png 794w, https:\/\/sites.usp.br\/polinguas\/wp-content\/uploads\/sites\/1234\/2025\/04\/1-1-e1743623825890-300x298.png 300w, https:\/\/sites.usp.br\/polinguas\/wp-content\/uploads\/sites\/1234\/2025\/04\/1-1-e1743623825890-150x150.png 150w, https:\/\/sites.usp.br\/polinguas\/wp-content\/uploads\/sites\/1234\/2025\/04\/1-1-e1743623825890-768x762.png 768w, https:\/\/sites.usp.br\/polinguas\/wp-content\/uploads\/sites\/1234\/2025\/04\/1-1-e1743623825890-45x45.png 45w\" sizes=\"(max-width: 604px) 100vw, 604px\" \/>\t\t\t\t\t\t\t\t<\/a>\n\t\t\t\t\t\t\t\t\t\t\t\t\t<\/div>\n\t\t\t\t<\/div>\n\t\t\t\t\t<\/div>\n\t\t<\/div>\n\t\t\t\t<div class=\"elementor-column elementor-col-25 elementor-top-column elementor-element elementor-element-34ae43d\" data-id=\"34ae43d\" data-element_type=\"column\">\n\t\t\t<div class=\"elementor-widget-wrap elementor-element-populated\">\n\t\t\t\t\t\t<div class=\"elementor-element elementor-element-55b6ad0 elementor-widget__width-initial elementor-widget elementor-widget-image\" data-id=\"55b6ad0\" data-element_type=\"widget\" data-widget_type=\"image.default\">\n\t\t\t\t<div class=\"elementor-widget-container\">\n\t\t\t\t\t\t\t\t\t\t\t\t\t\t<a href=\"https:\/\/sites.usp.br\/polinguas\/cursos-de-armenio-2025\/\">\n\t\t\t\t\t\t\t<img decoding=\"async\" width=\"604\" height=\"597\" src=\"https:\/\/sites.usp.br\/polinguas\/wp-content\/uploads\/sites\/1234\/2025\/04\/2-1-e1743623930694.png\" class=\"attachment-large size-large wp-image-3932\" alt=\"\" srcset=\"https:\/\/sites.usp.br\/polinguas\/wp-content\/uploads\/sites\/1234\/2025\/04\/2-1-e1743623930694.png 797w, https:\/\/sites.usp.br\/polinguas\/wp-content\/uploads\/sites\/1234\/2025\/04\/2-1-e1743623930694-300x297.png 300w, https:\/\/sites.usp.br\/polinguas\/wp-content\/uploads\/sites\/1234\/2025\/04\/2-1-e1743623930694-768x759.png 768w, https:\/\/sites.usp.br\/polinguas\/wp-content\/uploads\/sites\/1234\/2025\/04\/2-1-e1743623930694-45x45.png 45w\" sizes=\"(max-width: 604px) 100vw, 604px\" \/>\t\t\t\t\t\t\t\t<\/a>\n\t\t\t\t\t\t\t\t\t\t\t\t\t<\/div>\n\t\t\t\t<\/div>\n\t\t\t\t\t<\/div>\n\t\t<\/div>\n\t\t\t\t<div class=\"elementor-column elementor-col-25 elementor-top-column elementor-element elementor-element-96c8493\" data-id=\"96c8493\" data-element_type=\"column\">\n\t\t\t<div class=\"elementor-widget-wrap elementor-element-populated\">\n\t\t\t\t\t\t<div class=\"elementor-element elementor-element-98da4db elementor-widget elementor-widget-image\" data-id=\"98da4db\" data-element_type=\"widget\" data-widget_type=\"image.default\">\n\t\t\t\t<div class=\"elementor-widget-container\">\n\t\t\t\t\t\t\t\t\t\t\t\t\t\t<a href=\"https:\/\/sites.usp.br\/polinguas\/cursos-de-chines-2025\/\">\n\t\t\t\t\t\t\t<img decoding=\"async\" width=\"604\" height=\"599\" src=\"https:\/\/sites.usp.br\/polinguas\/wp-content\/uploads\/sites\/1234\/2025\/04\/3-1-e1743623960249.png\" class=\"attachment-large size-large wp-image-3933\" alt=\"\" srcset=\"https:\/\/sites.usp.br\/polinguas\/wp-content\/uploads\/sites\/1234\/2025\/04\/3-1-e1743623960249.png 794w, https:\/\/sites.usp.br\/polinguas\/wp-content\/uploads\/sites\/1234\/2025\/04\/3-1-e1743623960249-300x298.png 300w, https:\/\/sites.usp.br\/polinguas\/wp-content\/uploads\/sites\/1234\/2025\/04\/3-1-e1743623960249-150x150.png 150w, https:\/\/sites.usp.br\/polinguas\/wp-content\/uploads\/sites\/1234\/2025\/04\/3-1-e1743623960249-768x762.png 768w, https:\/\/sites.usp.br\/polinguas\/wp-content\/uploads\/sites\/1234\/2025\/04\/3-1-e1743623960249-45x45.png 45w\" sizes=\"(max-width: 604px) 100vw, 604px\" \/>\t\t\t\t\t\t\t\t<\/a>\n\t\t\t\t\t\t\t\t\t\t\t\t\t<\/div>\n\t\t\t\t<\/div>\n\t\t\t\t\t<\/div>\n\t\t<\/div>\n\t\t\t\t<div class=\"elementor-column elementor-col-25 elementor-top-column elementor-element elementor-element-a854a77\" data-id=\"a854a77\" data-element_type=\"column\">\n\t\t\t<div class=\"elementor-widget-wrap elementor-element-populated\">\n\t\t\t\t\t\t<div class=\"elementor-element elementor-element-54c1db2 elementor-widget elementor-widget-image\" data-id=\"54c1db2\" data-element_type=\"widget\" data-widget_type=\"image.default\">\n\t\t\t\t<div class=\"elementor-widget-container\">\n\t\t\t\t\t\t\t\t\t\t\t\t\t\t<a href=\"https:\/\/sites.usp.br\/polinguas\/cursos-de-coreano-2025\/\">\n\t\t\t\t\t\t\t<img loading=\"lazy\" decoding=\"async\" width=\"604\" height=\"600\" src=\"https:\/\/sites.usp.br\/polinguas\/wp-content\/uploads\/sites\/1234\/2025\/04\/4-1-e1743623999621.png\" class=\"attachment-large size-large wp-image-3934\" alt=\"\" srcset=\"https:\/\/sites.usp.br\/polinguas\/wp-content\/uploads\/sites\/1234\/2025\/04\/4-1-e1743623999621.png 793w, https:\/\/sites.usp.br\/polinguas\/wp-content\/uploads\/sites\/1234\/2025\/04\/4-1-e1743623999621-300x298.png 300w, https:\/\/sites.usp.br\/polinguas\/wp-content\/uploads\/sites\/1234\/2025\/04\/4-1-e1743623999621-150x150.png 150w, https:\/\/sites.usp.br\/polinguas\/wp-content\/uploads\/sites\/1234\/2025\/04\/4-1-e1743623999621-768x763.png 768w, https:\/\/sites.usp.br\/polinguas\/wp-content\/uploads\/sites\/1234\/2025\/04\/4-1-e1743623999621-45x45.png 45w\" sizes=\"(max-width: 604px) 100vw, 604px\" \/>\t\t\t\t\t\t\t\t<\/a>\n\t\t\t\t\t\t\t\t\t\t\t\t\t<\/div>\n\t\t\t\t<\/div>\n\t\t\t\t\t<\/div>\n\t\t<\/div>\n\t\t\t\t\t<\/div>\n\t\t<\/section>\n\t\t\t\t<section class=\"elementor-section elementor-top-section elementor-element elementor-element-70689ea elementor-section-boxed elementor-section-height-default elementor-section-height-default\" data-id=\"70689ea\" data-element_type=\"section\">\n\t\t\t\t\t\t<div class=\"elementor-container elementor-column-gap-default\">\n\t\t\t\t\t<div class=\"elementor-column elementor-col-25 elementor-top-column elementor-element elementor-element-2f0ccdd\" data-id=\"2f0ccdd\" data-element_type=\"column\">\n\t\t\t<div class=\"elementor-widget-wrap elementor-element-populated\">\n\t\t\t\t\t\t<div class=\"elementor-element elementor-element-1fa418a elementor-widget elementor-widget-image\" data-id=\"1fa418a\" data-element_type=\"widget\" data-widget_type=\"image.default\">\n\t\t\t\t<div class=\"elementor-widget-container\">\n\t\t\t\t\t\t\t\t\t\t\t\t\t\t<a href=\"https:\/\/sites.usp.br\/polinguas\/cursos-de-espanhol-2025\/\">\n\t\t\t\t\t\t\t<img loading=\"lazy\" decoding=\"async\" width=\"604\" height=\"598\" src=\"https:\/\/sites.usp.br\/polinguas\/wp-content\/uploads\/sites\/1234\/2025\/04\/5-1-e1743624025719.png\" class=\"attachment-large size-large wp-image-3935\" alt=\"\" srcset=\"https:\/\/sites.usp.br\/polinguas\/wp-content\/uploads\/sites\/1234\/2025\/04\/5-1-e1743624025719.png 796w, https:\/\/sites.usp.br\/polinguas\/wp-content\/uploads\/sites\/1234\/2025\/04\/5-1-e1743624025719-300x297.png 300w, https:\/\/sites.usp.br\/polinguas\/wp-content\/uploads\/sites\/1234\/2025\/04\/5-1-e1743624025719-150x150.png 150w, https:\/\/sites.usp.br\/polinguas\/wp-content\/uploads\/sites\/1234\/2025\/04\/5-1-e1743624025719-768x760.png 768w, https:\/\/sites.usp.br\/polinguas\/wp-content\/uploads\/sites\/1234\/2025\/04\/5-1-e1743624025719-45x45.png 45w\" sizes=\"(max-width: 604px) 100vw, 604px\" \/>\t\t\t\t\t\t\t\t<\/a>\n\t\t\t\t\t\t\t\t\t\t\t\t\t<\/div>\n\t\t\t\t<\/div>\n\t\t\t\t\t<\/div>\n\t\t<\/div>\n\t\t\t\t<div class=\"elementor-column elementor-col-25 elementor-top-column elementor-element elementor-element-c1f32a9\" data-id=\"c1f32a9\" data-element_type=\"column\">\n\t\t\t<div class=\"elementor-widget-wrap elementor-element-populated\">\n\t\t\t\t\t\t<div class=\"elementor-element elementor-element-5d40eef elementor-widget elementor-widget-image\" data-id=\"5d40eef\" data-element_type=\"widget\" data-widget_type=\"image.default\">\n\t\t\t\t<div class=\"elementor-widget-container\">\n\t\t\t\t\t\t\t\t\t\t\t\t\t\t<a href=\"https:\/\/sites.usp.br\/polinguas\/cursos-de-frances-2025\/\">\n\t\t\t\t\t\t\t<img loading=\"lazy\" decoding=\"async\" width=\"604\" height=\"596\" src=\"https:\/\/sites.usp.br\/polinguas\/wp-content\/uploads\/sites\/1234\/2025\/04\/6-1-e1743624058134.png\" class=\"attachment-large size-large wp-image-3936\" alt=\"\" srcset=\"https:\/\/sites.usp.br\/polinguas\/wp-content\/uploads\/sites\/1234\/2025\/04\/6-1-e1743624058134.png 799w, https:\/\/sites.usp.br\/polinguas\/wp-content\/uploads\/sites\/1234\/2025\/04\/6-1-e1743624058134-300x296.png 300w, https:\/\/sites.usp.br\/polinguas\/wp-content\/uploads\/sites\/1234\/2025\/04\/6-1-e1743624058134-768x757.png 768w, https:\/\/sites.usp.br\/polinguas\/wp-content\/uploads\/sites\/1234\/2025\/04\/6-1-e1743624058134-45x45.png 45w\" sizes=\"(max-width: 604px) 100vw, 604px\" \/>\t\t\t\t\t\t\t\t<\/a>\n\t\t\t\t\t\t\t\t\t\t\t\t\t<\/div>\n\t\t\t\t<\/div>\n\t\t\t\t\t<\/div>\n\t\t<\/div>\n\t\t\t\t<div class=\"elementor-column elementor-col-25 elementor-top-column elementor-element elementor-element-47b8f3d\" data-id=\"47b8f3d\" data-element_type=\"column\">\n\t\t\t<div class=\"elementor-widget-wrap elementor-element-populated\">\n\t\t\t\t\t\t<div class=\"elementor-element elementor-element-24d849d elementor-widget elementor-widget-image\" data-id=\"24d849d\" data-element_type=\"widget\" data-widget_type=\"image.default\">\n\t\t\t\t<div class=\"elementor-widget-container\">\n\t\t\t\t\t\t\t\t\t\t\t\t\t\t<a href=\"https:\/\/sites.usp.br\/polinguas\/cursos-de-ingles-2025\/\">\n\t\t\t\t\t\t\t<img loading=\"lazy\" decoding=\"async\" width=\"604\" height=\"604\" src=\"https:\/\/sites.usp.br\/polinguas\/wp-content\/uploads\/sites\/1234\/2025\/04\/7-1-e1743624135812.png\" class=\"attachment-large size-large wp-image-3937\" alt=\"\" srcset=\"https:\/\/sites.usp.br\/polinguas\/wp-content\/uploads\/sites\/1234\/2025\/04\/7-1-e1743624135812.png 788w, https:\/\/sites.usp.br\/polinguas\/wp-content\/uploads\/sites\/1234\/2025\/04\/7-1-e1743624135812-300x300.png 300w, https:\/\/sites.usp.br\/polinguas\/wp-content\/uploads\/sites\/1234\/2025\/04\/7-1-e1743624135812-150x150.png 150w, https:\/\/sites.usp.br\/polinguas\/wp-content\/uploads\/sites\/1234\/2025\/04\/7-1-e1743624135812-768x768.png 768w, https:\/\/sites.usp.br\/polinguas\/wp-content\/uploads\/sites\/1234\/2025\/04\/7-1-e1743624135812-45x45.png 45w\" sizes=\"(max-width: 604px) 100vw, 604px\" \/>\t\t\t\t\t\t\t\t<\/a>\n\t\t\t\t\t\t\t\t\t\t\t\t\t<\/div>\n\t\t\t\t<\/div>\n\t\t\t\t\t<\/div>\n\t\t<\/div>\n\t\t\t\t<div class=\"elementor-column elementor-col-25 elementor-top-column elementor-element elementor-element-7270c97\" data-id=\"7270c97\" data-element_type=\"column\">\n\t\t\t<div class=\"elementor-widget-wrap elementor-element-populated\">\n\t\t\t\t\t\t<div class=\"elementor-element elementor-element-3a9c3b1 elementor-widget elementor-widget-image\" data-id=\"3a9c3b1\" data-element_type=\"widget\" data-widget_type=\"image.default\">\n\t\t\t\t<div class=\"elementor-widget-container\">\n\t\t\t\t\t\t\t\t\t\t\t\t\t\t<a href=\"https:\/\/sites.usp.br\/polinguas\/cursos-de-italiano-2025\/\">\n\t\t\t\t\t\t\t<img loading=\"lazy\" decoding=\"async\" width=\"604\" height=\"602\" src=\"https:\/\/sites.usp.br\/polinguas\/wp-content\/uploads\/sites\/1234\/2025\/04\/8-1-e1743624088999.png\" class=\"attachment-large size-large wp-image-3938\" alt=\"\" srcset=\"https:\/\/sites.usp.br\/polinguas\/wp-content\/uploads\/sites\/1234\/2025\/04\/8-1-e1743624088999.png 790w, https:\/\/sites.usp.br\/polinguas\/wp-content\/uploads\/sites\/1234\/2025\/04\/8-1-e1743624088999-300x300.png 300w, https:\/\/sites.usp.br\/polinguas\/wp-content\/uploads\/sites\/1234\/2025\/04\/8-1-e1743624088999-150x150.png 150w, https:\/\/sites.usp.br\/polinguas\/wp-content\/uploads\/sites\/1234\/2025\/04\/8-1-e1743624088999-768x766.png 768w, https:\/\/sites.usp.br\/polinguas\/wp-content\/uploads\/sites\/1234\/2025\/04\/8-1-e1743624088999-45x45.png 45w\" sizes=\"(max-width: 604px) 100vw, 604px\" \/>\t\t\t\t\t\t\t\t<\/a>\n\t\t\t\t\t\t\t\t\t\t\t\t\t<\/div>\n\t\t\t\t<\/div>\n\t\t\t\t\t<\/div>\n\t\t<\/div>\n\t\t\t\t\t<\/div>\n\t\t<\/section>\n\t\t\t\t<section class=\"elementor-section elementor-top-section elementor-element elementor-element-73070e3 elementor-section-boxed elementor-section-height-default elementor-section-height-default\" data-id=\"73070e3\" data-element_type=\"section\">\n\t\t\t\t\t\t<div class=\"elementor-container elementor-column-gap-default\">\n\t\t\t\t\t<div class=\"elementor-column elementor-col-33 elementor-top-column elementor-element elementor-element-a656d30\" data-id=\"a656d30\" data-element_type=\"column\">\n\t\t\t<div class=\"elementor-widget-wrap elementor-element-populated\">\n\t\t\t\t\t\t<div class=\"elementor-element elementor-element-59427eb elementor-widget elementor-widget-image\" data-id=\"59427eb\" data-element_type=\"widget\" data-widget_type=\"image.default\">\n\t\t\t\t<div class=\"elementor-widget-container\">\n\t\t\t\t\t\t\t\t\t\t\t\t\t\t<a href=\"https:\/\/sites.usp.br\/polinguas\/cursos-de-japones-2025\/\">\n\t\t\t\t\t\t\t<img loading=\"lazy\" decoding=\"async\" width=\"604\" height=\"602\" src=\"https:\/\/sites.usp.br\/polinguas\/wp-content\/uploads\/sites\/1234\/2025\/04\/9-1-e1743624168831.png\" class=\"attachment-large size-large wp-image-3939\" alt=\"\" srcset=\"https:\/\/sites.usp.br\/polinguas\/wp-content\/uploads\/sites\/1234\/2025\/04\/9-1-e1743624168831.png 791w, https:\/\/sites.usp.br\/polinguas\/wp-content\/uploads\/sites\/1234\/2025\/04\/9-1-e1743624168831-300x300.png 300w, https:\/\/sites.usp.br\/polinguas\/wp-content\/uploads\/sites\/1234\/2025\/04\/9-1-e1743624168831-150x150.png 150w, https:\/\/sites.usp.br\/polinguas\/wp-content\/uploads\/sites\/1234\/2025\/04\/9-1-e1743624168831-768x765.png 768w, https:\/\/sites.usp.br\/polinguas\/wp-content\/uploads\/sites\/1234\/2025\/04\/9-1-e1743624168831-45x45.png 45w\" sizes=\"(max-width: 604px) 100vw, 604px\" \/>\t\t\t\t\t\t\t\t<\/a>\n\t\t\t\t\t\t\t\t\t\t\t\t\t<\/div>\n\t\t\t\t<\/div>\n\t\t\t\t\t<\/div>\n\t\t<\/div>\n\t\t\t\t<div class=\"elementor-column elementor-col-33 elementor-top-column elementor-element elementor-element-3c9ccb7\" data-id=\"3c9ccb7\" data-element_type=\"column\">\n\t\t\t<div class=\"elementor-widget-wrap elementor-element-populated\">\n\t\t\t\t\t\t<div class=\"elementor-element elementor-element-740e5c9 elementor-widget elementor-widget-image\" data-id=\"740e5c9\" data-element_type=\"widget\" data-widget_type=\"image.default\">\n\t\t\t\t<div class=\"elementor-widget-container\">\n\t\t\t\t\t\t\t\t\t\t\t\t\t\t<a href=\"https:\/\/sites.usp.br\/polinguas\/cursos-de-portugues-2025\/\">\n\t\t\t\t\t\t\t<img loading=\"lazy\" decoding=\"async\" width=\"604\" height=\"602\" src=\"https:\/\/sites.usp.br\/polinguas\/wp-content\/uploads\/sites\/1234\/2025\/04\/10-1-e1743624192953.png\" class=\"attachment-large size-large wp-image-3940\" alt=\"\" srcset=\"https:\/\/sites.usp.br\/polinguas\/wp-content\/uploads\/sites\/1234\/2025\/04\/10-1-e1743624192953.png 790w, https:\/\/sites.usp.br\/polinguas\/wp-content\/uploads\/sites\/1234\/2025\/04\/10-1-e1743624192953-300x300.png 300w, https:\/\/sites.usp.br\/polinguas\/wp-content\/uploads\/sites\/1234\/2025\/04\/10-1-e1743624192953-150x150.png 150w, https:\/\/sites.usp.br\/polinguas\/wp-content\/uploads\/sites\/1234\/2025\/04\/10-1-e1743624192953-768x766.png 768w, https:\/\/sites.usp.br\/polinguas\/wp-content\/uploads\/sites\/1234\/2025\/04\/10-1-e1743624192953-45x45.png 45w\" sizes=\"(max-width: 604px) 100vw, 604px\" \/>\t\t\t\t\t\t\t\t<\/a>\n\t\t\t\t\t\t\t\t\t\t\t\t\t<\/div>\n\t\t\t\t<\/div>\n\t\t\t\t\t<\/div>\n\t\t<\/div>\n\t\t\t\t<div class=\"elementor-column elementor-col-33 elementor-top-column elementor-element elementor-element-51df579\" data-id=\"51df579\" data-element_type=\"column\">\n\t\t\t<div class=\"elementor-widget-wrap elementor-element-populated\">\n\t\t\t\t\t\t<div class=\"elementor-element elementor-element-b831682 elementor-widget elementor-widget-image\" data-id=\"b831682\" data-element_type=\"widget\" data-widget_type=\"image.default\">\n\t\t\t\t<div class=\"elementor-widget-container\">\n\t\t\t\t\t\t\t\t\t\t\t\t\t\t<a href=\"https:\/\/sites.usp.br\/polinguas\/cursos-de-russo-2025\/\">\n\t\t\t\t\t\t\t<img loading=\"lazy\" decoding=\"async\" width=\"604\" height=\"596\" src=\"https:\/\/sites.usp.br\/polinguas\/wp-content\/uploads\/sites\/1234\/2025\/04\/11-1-e1743624235443.png\" class=\"attachment-large size-large wp-image-3941\" alt=\"\" srcset=\"https:\/\/sites.usp.br\/polinguas\/wp-content\/uploads\/sites\/1234\/2025\/04\/11-1-e1743624235443.png 799w, https:\/\/sites.usp.br\/polinguas\/wp-content\/uploads\/sites\/1234\/2025\/04\/11-1-e1743624235443-300x296.png 300w, https:\/\/sites.usp.br\/polinguas\/wp-content\/uploads\/sites\/1234\/2025\/04\/11-1-e1743624235443-768x757.png 768w, https:\/\/sites.usp.br\/polinguas\/wp-content\/uploads\/sites\/1234\/2025\/04\/11-1-e1743624235443-45x45.png 45w\" sizes=\"(max-width: 604px) 100vw, 604px\" \/>\t\t\t\t\t\t\t\t<\/a>\n\t\t\t\t\t\t\t\t\t\t\t\t\t<\/div>\n\t\t\t\t<\/div>\n\t\t\t\t\t<\/div>\n\t\t<\/div>\n\t\t\t\t\t<\/div>\n\t\t<\/section>\n\t\t\t\t<section class=\"elementor-section elementor-top-section elementor-element elementor-element-607ad98 elementor-section-boxed elementor-section-height-default elementor-section-height-default\" data-id=\"607ad98\" data-element_type=\"section\">\n\t\t\t\t\t\t<div class=\"elementor-container elementor-column-gap-default\">\n\t\t\t\t\t<div class=\"elementor-column elementor-col-100 elementor-top-column elementor-element elementor-element-ca4dd03\" data-id=\"ca4dd03\" data-element_type=\"column\">\n\t\t\t<div class=\"elementor-widget-wrap\">\n\t\t\t\t\t\t\t<\/div>\n\t\t<\/div>\n\t\t\t\t\t<\/div>\n\t\t<\/section>\n\t\t\t\t<section class=\"elementor-section elementor-top-section elementor-element elementor-element-6730deb elementor-section-boxed elementor-section-height-default elementor-section-height-default\" data-id=\"6730deb\" data-element_type=\"section\">\n\t\t\t\t\t\t<div class=\"elementor-container elementor-column-gap-default\">\n\t\t\t\t\t<div class=\"elementor-column elementor-col-100 elementor-top-column elementor-element elementor-element-83e8f1f\" data-id=\"83e8f1f\" data-element_type=\"column\">\n\t\t\t<div class=\"elementor-widget-wrap\">\n\t\t\t\t\t\t\t<\/div>\n\t\t<\/div>\n\t\t\t\t\t<\/div>\n\t\t<\/section>\n\t\t\t\t<section class=\"elementor-section elementor-top-section elementor-element elementor-element-b210fad elementor-section-boxed elementor-section-height-default elementor-section-height-default\" data-id=\"b210fad\" data-element_type=\"section\">\n\t\t\t\t\t\t<div class=\"elementor-container elementor-column-gap-default\">\n\t\t\t\t\t<div class=\"elementor-column elementor-col-100 elementor-top-column elementor-element elementor-element-05b1204\" data-id=\"05b1204\" data-element_type=\"column\">\n\t\t\t<div class=\"elementor-widget-wrap\">\n\t\t\t\t\t\t\t<\/div>\n\t\t<\/div>\n\t\t\t\t\t<\/div>\n\t\t<\/section>\n\t\t\t\t<section class=\"elementor-section elementor-top-section elementor-element elementor-element-8597a45 elementor-section-boxed elementor-section-height-default elementor-section-height-default\" data-id=\"8597a45\" data-element_type=\"section\">\n\t\t\t\t\t\t<div class=\"elementor-container elementor-column-gap-default\">\n\t\t\t\t\t<div class=\"elementor-column elementor-col-100 elementor-top-column elementor-element elementor-element-cdba69e\" data-id=\"cdba69e\" data-element_type=\"column\">\n\t\t\t<div class=\"elementor-widget-wrap\">\n\t\t\t\t\t\t\t<\/div>\n\t\t<\/div>\n\t\t\t\t\t<\/div>\n\t\t<\/section>\n\t\t\t\t<\/div>\n\t\t","protected":false},"excerpt":{"rendered":"<p>Confira a divulga\u00e7\u00e3o de cursos nas seguintes \u00e1reas lingu\u00edsticas:<\/p>\n","protected":false},"author":24538,"featured_media":0,"parent":0,"menu_order":0,"comment_status":"closed","ping_status":"closed","template":"","meta":{"footnotes":"","_links_to":"","_links_to_target":""},"class_list":["post-3889","page","type-page","status-publish","hentry"],"_links":{"self":[{"href":"https:\/\/sites.usp.br\/polinguas\/wp-json\/wp\/v2\/pages\/3889","targetHints":{"allow":["GET"]}}],"collection":[{"href":"https:\/\/sites.usp.br\/polinguas\/wp-json\/wp\/v2\/pages"}],"about":[{"href":"https:\/\/sites.usp.br\/polinguas\/wp-json\/wp\/v2\/types\/page"}],"author":[{"embeddable":true,"href":"https:\/\/sites.usp.br\/polinguas\/wp-json\/wp\/v2\/users\/24538"}],"replies":[{"embeddable":true,"href":"https:\/\/sites.usp.br\/polinguas\/wp-json\/wp\/v2\/comments?post=3889"}],"version-history":[{"count":4,"href":"https:\/\/sites.usp.br\/polinguas\/wp-json\/wp\/v2\/pages\/3889\/revisions"}],"predecessor-version":[{"id":4563,"href":"https:\/\/sites.usp.br\/polinguas\/wp-json\/wp\/v2\/pages\/3889\/revisions\/4563"}],"wp:attachment":[{"href":"https:\/\/sites.usp.br\/polinguas\/wp-json\/wp\/v2\/media?parent=3889"}],"curies":[{"name":"wp","href":"https:\/\/api.w.org\/{rel}","templated":true}]}}