{"id":396,"date":"2023-03-16T16:09:21","date_gmt":"2023-03-16T19:09:21","guid":{"rendered":"https:\/\/sites.usp.br\/polinguas\/?page_id=396"},"modified":"2024-03-18T15:53:38","modified_gmt":"2024-03-18T18:53:38","slug":"ingles","status":"publish","type":"page","link":"https:\/\/sites.usp.br\/polinguas\/ingles\/","title":{"rendered":"Academic English: reading strategies"},"content":{"rendered":"<p><img fetchpriority=\"high\" decoding=\"async\" class=\"wp-image-1879 size-medium alignleft\" src=\"https:\/\/sites.usp.br\/polinguas\/wp-content\/uploads\/sites\/1234\/2024\/03\/logos-300x300.png\" alt=\"\" width=\"300\" height=\"300\" srcset=\"https:\/\/sites.usp.br\/polinguas\/wp-content\/uploads\/sites\/1234\/2024\/03\/logos-300x300.png 300w, https:\/\/sites.usp.br\/polinguas\/wp-content\/uploads\/sites\/1234\/2024\/03\/logos-1024x1024.png 1024w, https:\/\/sites.usp.br\/polinguas\/wp-content\/uploads\/sites\/1234\/2024\/03\/logos-150x150.png 150w, https:\/\/sites.usp.br\/polinguas\/wp-content\/uploads\/sites\/1234\/2024\/03\/logos-768x768.png 768w, https:\/\/sites.usp.br\/polinguas\/wp-content\/uploads\/sites\/1234\/2024\/03\/logos-45x45.png 45w, https:\/\/sites.usp.br\/polinguas\/wp-content\/uploads\/sites\/1234\/2024\/03\/logos.png 1080w\" sizes=\"(max-width: 300px) 100vw, 300px\" \/>O curso\u00a0<b>Academic English: reading strategies<\/b> foi voltado para estudantes da gradua\u00e7\u00e3o e teve por objetivo introduzir algumas ferramentas e estrat\u00e9gias de leitura no intuito de fomentar uma leitura mais aut\u00f4noma. Foram abordadas estrat\u00e9gias de pr\u00e9-leitura, leitura e p\u00f3s-leitura por meio de videoaulas e a disponibiliza\u00e7\u00e3o de atividades autodirigidas. Houve tamb\u00e9m plant\u00f5es de d\u00favida e f\u00f3runs de discuss\u00e3o. O curso foi ministrado \u00e0 dist\u00e2ncia e de maneira ass\u00edncrona atrav\u00e9s do Moodle.<\/p>\n<p><strong>Bolsistas PROIAD respons\u00e1veis<\/strong><strong>:<\/strong>\u00a0Stefanny Batista dos Santos (<a>stefannybatista@usp.br<\/a>) e Thais Malagoli Braga (<a>thais.malagoli.braga@usp.br<\/a>)<\/p>\n<p><strong>Professores respons\u00e1veis<\/strong>: Profa. Dra. Ana Paula Martinez Duboc (<a>anaduboc@usp.br<\/a>) e Profa. Dra. L\u00edvia de Ara\u00fajo Donnini Rodrigues<\/p>\n<p>&nbsp;<\/p>\n<div id=\"gtx-trans\" style=\"position: absolute; left: 373px; top: -16.2222px;\">\n<div class=\"gtx-trans-icon\"><\/div>\n<\/div>\n","protected":false},"excerpt":{"rendered":"<p>O curso\u00a0Academic English: reading strategies foi voltado para estudantes da gradua\u00e7\u00e3o e teve por objetivo introduzir algumas ferramentas e estrat\u00e9gias de leitura no intuito de fomentar uma leitura mais aut\u00f4noma. Foram abordadas estrat\u00e9gias de pr\u00e9-leitura, leitura e p\u00f3s-leitura por meio de videoaulas e a disponibiliza\u00e7\u00e3o de atividades autodirigidas. Houve tamb\u00e9m plant\u00f5es de d\u00favida e f\u00f3runs [&hellip;]<\/p>\n","protected":false},"author":23416,"featured_media":0,"parent":0,"menu_order":0,"comment_status":"closed","ping_status":"closed","template":"","meta":{"footnotes":"","_links_to":"","_links_to_target":""},"class_list":["post-396","page","type-page","status-publish","hentry"],"_links":{"self":[{"href":"https:\/\/sites.usp.br\/polinguas\/wp-json\/wp\/v2\/pages\/396","targetHints":{"allow":["GET"]}}],"collection":[{"href":"https:\/\/sites.usp.br\/polinguas\/wp-json\/wp\/v2\/pages"}],"about":[{"href":"https:\/\/sites.usp.br\/polinguas\/wp-json\/wp\/v2\/types\/page"}],"author":[{"embeddable":true,"href":"https:\/\/sites.usp.br\/polinguas\/wp-json\/wp\/v2\/users\/23416"}],"replies":[{"embeddable":true,"href":"https:\/\/sites.usp.br\/polinguas\/wp-json\/wp\/v2\/comments?post=396"}],"version-history":[{"count":6,"href":"https:\/\/sites.usp.br\/polinguas\/wp-json\/wp\/v2\/pages\/396\/revisions"}],"predecessor-version":[{"id":1894,"href":"https:\/\/sites.usp.br\/polinguas\/wp-json\/wp\/v2\/pages\/396\/revisions\/1894"}],"wp:attachment":[{"href":"https:\/\/sites.usp.br\/polinguas\/wp-json\/wp\/v2\/media?parent=396"}],"curies":[{"name":"wp","href":"https:\/\/api.w.org\/{rel}","templated":true}]}}