{"id":400,"date":"2023-03-16T16:08:25","date_gmt":"2023-03-16T19:08:25","guid":{"rendered":"https:\/\/sites.usp.br\/polinguas\/?page_id=400"},"modified":"2024-03-18T16:06:41","modified_gmt":"2024-03-18T19:06:41","slug":"chines","status":"publish","type":"page","link":"https:\/\/sites.usp.br\/polinguas\/chines\/","title":{"rendered":"L\u00edngua Chinesa e Inova\u00e7\u00e3o: Conex\u00f5es entre l\u00edngua, tecnologia e desenvolvimento cient\u00edfico"},"content":{"rendered":"\t\t<div data-elementor-type=\"wp-page\" data-elementor-id=\"400\" class=\"elementor elementor-400\" data-elementor-post-type=\"page\">\n\t\t\t\t\t\t<section class=\"elementor-section elementor-top-section elementor-element elementor-element-75d4dc7f elementor-section-boxed elementor-section-height-default elementor-section-height-default\" data-id=\"75d4dc7f\" data-element_type=\"section\">\n\t\t\t\t\t\t<div class=\"elementor-container elementor-column-gap-default\">\n\t\t\t\t\t<div class=\"elementor-column elementor-col-100 elementor-top-column elementor-element elementor-element-754bfe65\" data-id=\"754bfe65\" data-element_type=\"column\">\n\t\t\t<div class=\"elementor-widget-wrap elementor-element-populated\">\n\t\t\t\t\t\t<div class=\"elementor-element elementor-element-286369ae elementor-widget elementor-widget-text-editor\" data-id=\"286369ae\" data-element_type=\"widget\" data-widget_type=\"text-editor.default\">\n\t\t\t\t<div class=\"elementor-widget-container\">\n\t\t\t\t\t\t\t<p><img fetchpriority=\"high\" decoding=\"async\" class=\"wp-image-1879 size-medium alignleft\" src=\"https:\/\/sites.usp.br\/polinguas\/wp-content\/uploads\/sites\/1234\/2024\/03\/logos-300x300.png\" alt=\"\" width=\"300\" height=\"300\" srcset=\"https:\/\/sites.usp.br\/polinguas\/wp-content\/uploads\/sites\/1234\/2024\/03\/logos-300x300.png 300w, https:\/\/sites.usp.br\/polinguas\/wp-content\/uploads\/sites\/1234\/2024\/03\/logos-1024x1024.png 1024w, https:\/\/sites.usp.br\/polinguas\/wp-content\/uploads\/sites\/1234\/2024\/03\/logos-150x150.png 150w, https:\/\/sites.usp.br\/polinguas\/wp-content\/uploads\/sites\/1234\/2024\/03\/logos-768x768.png 768w, https:\/\/sites.usp.br\/polinguas\/wp-content\/uploads\/sites\/1234\/2024\/03\/logos-45x45.png 45w, https:\/\/sites.usp.br\/polinguas\/wp-content\/uploads\/sites\/1234\/2024\/03\/logos.png 1080w\" sizes=\"(max-width: 300px) 100vw, 300px\" \/>O curso\u00a0<b>L\u00edngua Chinesa e Inova\u00e7\u00e3o: Conex\u00f5es entre l\u00edngua, tecnologia e desenvolvimento cient\u00edfico<\/b> foi voltado para estudantes da gradua\u00e7\u00e3o, docentes e funcion\u00e1rios da USP e teve por objetivo introduzir aspectos lingu\u00edsticos e hist\u00f3ricos da l\u00edngua Chinesa, inova\u00e7\u00e3o tecnol\u00f3gica e cient\u00edfica na China; China e a Nova Ordem Mundial; caracter\u00edsticas da colabora\u00e7\u00e3o acad\u00eamica entre China e Brasil e seus desdobramentos. As atividades\u00a0 discutiram o papel do ensino e aprendizado de l\u00ednguas no desenvolvimento cient\u00edfico. O curso foi ministrado \u00e0 dist\u00e2ncia via Google Meet.<\/p><p><strong>Bolsista PROIAD respons\u00e1vel<\/strong><strong>:<\/strong>\u00a0J\u00falia Calipo Toth (<a>juliatoth@usp.br<\/a>)<\/p><p><strong>Professor\u00a0 respons\u00e1vel:<\/strong>\u00a0Prof. Dr. Milan Puh (<a>milanpuh@usp.br<\/a>)<\/p><p>Para conferir mais sobre o oferecimento desse curso:<\/p>\t\t\t\t\t\t<\/div>\n\t\t\t\t<\/div>\n\t\t\t\t\t<\/div>\n\t\t<\/div>\n\t\t\t\t\t<\/div>\n\t\t<\/section>\n\t\t\t\t<section class=\"elementor-section elementor-top-section elementor-element elementor-element-a591700 elementor-section-boxed elementor-section-height-default elementor-section-height-default\" data-id=\"a591700\" data-element_type=\"section\">\n\t\t\t\t\t\t<div class=\"elementor-container elementor-column-gap-default\">\n\t\t\t\t\t<div class=\"elementor-column elementor-col-33 elementor-top-column elementor-element elementor-element-0d75811\" data-id=\"0d75811\" data-element_type=\"column\">\n\t\t\t<div class=\"elementor-widget-wrap\">\n\t\t\t\t\t\t\t<\/div>\n\t\t<\/div>\n\t\t\t\t<div class=\"elementor-column elementor-col-33 elementor-top-column elementor-element elementor-element-452e58a\" data-id=\"452e58a\" data-element_type=\"column\">\n\t\t\t<div class=\"elementor-widget-wrap\">\n\t\t\t\t\t\t\t<\/div>\n\t\t<\/div>\n\t\t\t\t<div class=\"elementor-column elementor-col-33 elementor-top-column elementor-element elementor-element-115f6fe\" data-id=\"115f6fe\" data-element_type=\"column\">\n\t\t\t<div class=\"elementor-widget-wrap elementor-element-populated\">\n\t\t\t\t\t\t<div class=\"elementor-element elementor-element-be2b140 elementor-button-info elementor-widget elementor-widget-button\" data-id=\"be2b140\" data-element_type=\"widget\" data-widget_type=\"button.default\">\n\t\t\t\t<div class=\"elementor-widget-container\">\n\t\t\t\t\t\t\t<div class=\"elementor-button-wrapper\">\n\t\t\t\t\t<a class=\"elementor-button elementor-button-link elementor-size-sm\" href=\"https:\/\/sites.usp.br\/polinguas\/lingua-chinesa-e-inovacao-conexoes-entre-lingua-tecnologia-e-desenvolvimento-cientifico\/\">\n\t\t\t\t\t\t<span class=\"elementor-button-content-wrapper\">\n\t\t\t\t\t\t<span class=\"elementor-button-icon\">\n\t\t\t\t<i aria-hidden=\"true\" class=\"far fa-eye\"><\/i>\t\t\t<\/span>\n\t\t\t\t\t\t\t\t\t<span class=\"elementor-button-text\">Clique aqui<\/span>\n\t\t\t\t\t<\/span>\n\t\t\t\t\t<\/a>\n\t\t\t\t<\/div>\n\t\t\t\t\t\t<\/div>\n\t\t\t\t<\/div>\n\t\t\t\t\t<\/div>\n\t\t<\/div>\n\t\t\t\t\t<\/div>\n\t\t<\/section>\n\t\t\t\t<\/div>\n\t\t","protected":false},"excerpt":{"rendered":"<p>O curso\u00a0L\u00edngua Chinesa e Inova\u00e7\u00e3o: Conex\u00f5es entre l\u00edngua, tecnologia e desenvolvimento cient\u00edfico foi voltado para estudantes da gradua\u00e7\u00e3o, docentes e funcion\u00e1rios da USP e teve por objetivo introduzir aspectos lingu\u00edsticos e hist\u00f3ricos da l\u00edngua Chinesa, inova\u00e7\u00e3o tecnol\u00f3gica e cient\u00edfica na China; China e a Nova Ordem Mundial; caracter\u00edsticas da colabora\u00e7\u00e3o acad\u00eamica entre China e Brasil [&hellip;]<\/p>\n","protected":false},"author":23416,"featured_media":0,"parent":0,"menu_order":0,"comment_status":"closed","ping_status":"closed","template":"","meta":{"footnotes":"","_links_to":"","_links_to_target":""},"class_list":["post-400","page","type-page","status-publish","hentry"],"_links":{"self":[{"href":"https:\/\/sites.usp.br\/polinguas\/wp-json\/wp\/v2\/pages\/400","targetHints":{"allow":["GET"]}}],"collection":[{"href":"https:\/\/sites.usp.br\/polinguas\/wp-json\/wp\/v2\/pages"}],"about":[{"href":"https:\/\/sites.usp.br\/polinguas\/wp-json\/wp\/v2\/types\/page"}],"author":[{"embeddable":true,"href":"https:\/\/sites.usp.br\/polinguas\/wp-json\/wp\/v2\/users\/23416"}],"replies":[{"embeddable":true,"href":"https:\/\/sites.usp.br\/polinguas\/wp-json\/wp\/v2\/comments?post=400"}],"version-history":[{"count":5,"href":"https:\/\/sites.usp.br\/polinguas\/wp-json\/wp\/v2\/pages\/400\/revisions"}],"predecessor-version":[{"id":1908,"href":"https:\/\/sites.usp.br\/polinguas\/wp-json\/wp\/v2\/pages\/400\/revisions\/1908"}],"wp:attachment":[{"href":"https:\/\/sites.usp.br\/polinguas\/wp-json\/wp\/v2\/media?parent=400"}],"curies":[{"name":"wp","href":"https:\/\/api.w.org\/{rel}","templated":true}]}}