{"id":4011,"date":"2025-04-23T14:16:01","date_gmt":"2025-04-23T17:16:01","guid":{"rendered":"https:\/\/sites.usp.br\/polinguas\/?page_id=4011"},"modified":"2025-10-31T11:37:56","modified_gmt":"2025-10-31T14:37:56","slug":"cursos-de-armenio-2025","status":"publish","type":"page","link":"https:\/\/sites.usp.br\/polinguas\/cursos-de-armenio-2025\/","title":{"rendered":"Cursos de Arm\u00eanio 2025"},"content":{"rendered":"\t\t<div data-elementor-type=\"wp-page\" data-elementor-id=\"4011\" class=\"elementor elementor-4011\" data-elementor-post-type=\"page\">\n\t\t\t\t\t\t<section class=\"elementor-section elementor-top-section elementor-element elementor-element-07f1480 elementor-section-boxed elementor-section-height-default elementor-section-height-default\" data-id=\"07f1480\" data-element_type=\"section\">\n\t\t\t\t\t\t<div class=\"elementor-container elementor-column-gap-default\">\n\t\t\t\t\t<div class=\"elementor-column elementor-col-50 elementor-top-column elementor-element elementor-element-a08ab88\" data-id=\"a08ab88\" data-element_type=\"column\">\n\t\t\t<div class=\"elementor-widget-wrap elementor-element-populated\">\n\t\t\t\t\t\t<div class=\"elementor-element elementor-element-4f0ccd6 elementor-widget elementor-widget-image\" data-id=\"4f0ccd6\" data-element_type=\"widget\" data-widget_type=\"image.default\">\n\t\t\t\t<div class=\"elementor-widget-container\">\n\t\t\t\t\t\t\t\t\t\t\t\t\t<img fetchpriority=\"high\" decoding=\"async\" width=\"604\" height=\"798\" src=\"https:\/\/sites.usp.br\/polinguas\/wp-content\/uploads\/sites\/1234\/2025\/07\/Divulgacao-Armenio-2025-1-e1751576082577-775x1024.png\" class=\"attachment-large size-large wp-image-4382\" alt=\"\" srcset=\"https:\/\/sites.usp.br\/polinguas\/wp-content\/uploads\/sites\/1234\/2025\/07\/Divulgacao-Armenio-2025-1-e1751576082577-775x1024.png 775w, https:\/\/sites.usp.br\/polinguas\/wp-content\/uploads\/sites\/1234\/2025\/07\/Divulgacao-Armenio-2025-1-e1751576082577-227x300.png 227w, https:\/\/sites.usp.br\/polinguas\/wp-content\/uploads\/sites\/1234\/2025\/07\/Divulgacao-Armenio-2025-1-e1751576082577-768x1014.png 768w, https:\/\/sites.usp.br\/polinguas\/wp-content\/uploads\/sites\/1234\/2025\/07\/Divulgacao-Armenio-2025-1-e1751576082577-1163x1536.png 1163w, https:\/\/sites.usp.br\/polinguas\/wp-content\/uploads\/sites\/1234\/2025\/07\/Divulgacao-Armenio-2025-1-e1751576082577-1550x2048.png 1550w, https:\/\/sites.usp.br\/polinguas\/wp-content\/uploads\/sites\/1234\/2025\/07\/Divulgacao-Armenio-2025-1-e1751576082577.png 1586w\" sizes=\"(max-width: 604px) 100vw, 604px\" \/>\t\t\t\t\t\t\t\t\t\t\t\t\t<\/div>\n\t\t\t\t<\/div>\n\t\t\t\t\t<\/div>\n\t\t<\/div>\n\t\t\t\t<div class=\"elementor-column elementor-col-50 elementor-top-column elementor-element elementor-element-941d7be\" data-id=\"941d7be\" data-element_type=\"column\">\n\t\t\t<div class=\"elementor-widget-wrap elementor-element-populated\">\n\t\t\t\t\t\t<div class=\"elementor-element elementor-element-fb734f8 elementor-widget elementor-widget-text-editor\" data-id=\"fb734f8\" data-element_type=\"widget\" data-widget_type=\"text-editor.default\">\n\t\t\t\t<div class=\"elementor-widget-container\">\n\t\t\t\t\t\t\t<p><span style=\"font-weight: 400;\">O objetivo do curso \u00e9 capacitar os alunos a se comunicarem de forma b\u00e1sica em arm\u00eanio, enquanto exploram aspectos culturais, hist\u00f3ricos e geogr\u00e1ficos essenciais da Arm\u00eania, preparando-os para experi\u00eancias pr\u00e1ticas como viagens, interc\u00e2mbios ou projetos acad\u00eamicos, a partir do contato com linguagem aplicada, imers\u00e3o cultural e atividades interativas, proporcionando uma compreens\u00e3o aut\u00eantica e significativa do pa\u00eds.<\/span><\/p><p><span style=\"font-weight: 400;\">A proposta vai al\u00e9m do ensino convencional: utilizando metodologias ativas com materiais aut\u00eanticos e situa\u00e7\u00f5es do cotidiano, para que sejam desenvolvidas diferentes habilidades aplic\u00e1veis. Ao conectar l\u00edngua e cultura, permite n\u00e3o apenas comunicar-se em arm\u00eanio, mas compreender nuances hist\u00f3ricas e sociais essenciais para uma viv\u00eancia aut\u00eantica no pa\u00eds.<\/span><span style=\"font-weight: 400;\"><br \/><\/span><span style=\"font-weight: 400;\">Desenvolvido a partir do feedback dos estudantes de cursos PROIAD anteriores, este curso atende especificamente ao desejo por express\u00f5es lingu\u00edsticas mais complexas e conte\u00fado cultural aprofundado, preenchendo a lacuna entre o conhecimento b\u00e1sico e as necessidades pr\u00e1ticas de quem pretende se aproximar da Arm\u00eania e de seu povo.<\/span><\/p><p><b>Bolsista PROIAD respons\u00e1vel<\/b><span style=\"font-weight: 400;\">: <\/span><span style=\"font-weight: 400;\">Julia de Souza Lopes<\/span><\/p><p><b>Supervisor<\/b><span style=\"font-weight: 400;\">: Prof. Dr. Fernando Janu\u00e1rio Pimenta<\/span><\/p>\t\t\t\t\t\t<\/div>\n\t\t\t\t<\/div>\n\t\t\t\t\t<\/div>\n\t\t<\/div>\n\t\t\t\t\t<\/div>\n\t\t<\/section>\n\t\t\t\t<section class=\"elementor-section elementor-top-section elementor-element elementor-element-3aabf94 elementor-section-boxed elementor-section-height-default elementor-section-height-default\" data-id=\"3aabf94\" data-element_type=\"section\">\n\t\t\t\t\t\t<div class=\"elementor-container elementor-column-gap-default\">\n\t\t\t\t\t<div class=\"elementor-column elementor-col-100 elementor-top-column elementor-element elementor-element-cde5aa1\" data-id=\"cde5aa1\" data-element_type=\"column\">\n\t\t\t<div class=\"elementor-widget-wrap\">\n\t\t\t\t\t\t\t<\/div>\n\t\t<\/div>\n\t\t\t\t\t<\/div>\n\t\t<\/section>\n\t\t\t\t<section class=\"elementor-section elementor-top-section elementor-element elementor-element-64aa56a elementor-section-boxed elementor-section-height-default elementor-section-height-default\" data-id=\"64aa56a\" data-element_type=\"section\">\n\t\t\t\t\t\t<div class=\"elementor-container elementor-column-gap-default\">\n\t\t\t\t\t<div class=\"elementor-column elementor-col-50 elementor-top-column elementor-element elementor-element-18f81ea\" data-id=\"18f81ea\" data-element_type=\"column\">\n\t\t\t<div class=\"elementor-widget-wrap elementor-element-populated\">\n\t\t\t\t\t\t<div class=\"elementor-element elementor-element-d665f50 elementor-widget elementor-widget-image\" data-id=\"d665f50\" data-element_type=\"widget\" data-widget_type=\"image.default\">\n\t\t\t\t<div class=\"elementor-widget-container\">\n\t\t\t\t\t\t\t\t\t\t\t\t\t<img decoding=\"async\" width=\"604\" height=\"795\" src=\"https:\/\/sites.usp.br\/polinguas\/wp-content\/uploads\/sites\/1234\/2025\/04\/Divulgacao-Armenio-2025-e1745429249272-778x1024.jpg\" class=\"attachment-large size-large wp-image-4014\" alt=\"\" srcset=\"https:\/\/sites.usp.br\/polinguas\/wp-content\/uploads\/sites\/1234\/2025\/04\/Divulgacao-Armenio-2025-e1745429249272-778x1024.jpg 778w, https:\/\/sites.usp.br\/polinguas\/wp-content\/uploads\/sites\/1234\/2025\/04\/Divulgacao-Armenio-2025-e1745429249272-228x300.jpg 228w, https:\/\/sites.usp.br\/polinguas\/wp-content\/uploads\/sites\/1234\/2025\/04\/Divulgacao-Armenio-2025-e1745429249272-768x1011.jpg 768w, https:\/\/sites.usp.br\/polinguas\/wp-content\/uploads\/sites\/1234\/2025\/04\/Divulgacao-Armenio-2025-e1745429249272-1167x1536.jpg 1167w, https:\/\/sites.usp.br\/polinguas\/wp-content\/uploads\/sites\/1234\/2025\/04\/Divulgacao-Armenio-2025-e1745429249272-1556x2048.jpg 1556w, https:\/\/sites.usp.br\/polinguas\/wp-content\/uploads\/sites\/1234\/2025\/04\/Divulgacao-Armenio-2025-e1745429249272.jpg 1586w\" sizes=\"(max-width: 604px) 100vw, 604px\" \/>\t\t\t\t\t\t\t\t\t\t\t\t\t<\/div>\n\t\t\t\t<\/div>\n\t\t\t\t\t<\/div>\n\t\t<\/div>\n\t\t\t\t<div class=\"elementor-column elementor-col-50 elementor-top-column elementor-element elementor-element-329f95a\" data-id=\"329f95a\" data-element_type=\"column\">\n\t\t\t<div class=\"elementor-widget-wrap elementor-element-populated\">\n\t\t\t\t\t\t<div class=\"elementor-element elementor-element-e7e9724 elementor-widget elementor-widget-text-editor\" data-id=\"e7e9724\" data-element_type=\"widget\" data-widget_type=\"text-editor.default\">\n\t\t\t\t<div class=\"elementor-widget-container\">\n\t\t\t\t\t\t\t<p><span style=\"font-weight: 400;\">O objetivo do curso \u00e9 apresentar o alfabeto junto \u00e0 comunica\u00e7\u00e3o b\u00e1sica cotidiana e a aspectos da cultura e da hist\u00f3ria arm\u00eanias relacionados aos temas estudados. <\/span><span style=\"font-weight: 400;\">No oferecimento do curso os seguintes eixos se far\u00e3o presentes:<\/span><\/p><p><span style=\"font-weight: 400;\">&#8211; Aprendizado do sistema de escrita tipogr\u00e1fico (leitura) e do manuscrito (leitura e escrita): a<\/span><span style=\"font-weight: 400;\">bordagem de cada uma das letras do alfabeto mediante apresenta\u00e7\u00e3o de diversas pr\u00e1ticas sociais.\u00a0\u00a0\u00a0<\/span><\/p><p><span style=\"font-weight: 400;\">&#8211; T\u00f3picos de cultura e hist\u00f3ria arm\u00eanias relacionados aos temas abordados junto ao alfabeto.\u00a0<\/span><\/p><p><span style=\"font-weight: 400;\">&#8211; Comunica\u00e7\u00e3o cotidiana em arm\u00eanio (Arm\u00eanio Oriental).<\/span><\/p><p><span style=\"font-weight: 400;\">\u00a0As aulas ser\u00e3o on-line (\u00e0 dist\u00e2ncia), via Google Meet, com o uso do Google Classroom para todos os fins pedag\u00f3gicos (partilha de materiais e entrega das atividades avaliativas).<\/span><\/p><p><b>Bolsista PROIAD respons\u00e1vel<\/b><span style=\"font-weight: 400;\">: <\/span><span style=\"font-weight: 400;\">Julia de Souza Lopes<\/span><\/p><p><b>Supervisor<\/b><span style=\"font-weight: 400;\">: Prof. Dr. Fernando Janu\u00e1rio Pimenta<\/span><\/p>\t\t\t\t\t\t<\/div>\n\t\t\t\t<\/div>\n\t\t\t\t\t<\/div>\n\t\t<\/div>\n\t\t\t\t\t<\/div>\n\t\t<\/section>\n\t\t\t\t<section class=\"elementor-section elementor-top-section elementor-element elementor-element-03922cd elementor-section-boxed elementor-section-height-default elementor-section-height-default\" data-id=\"03922cd\" data-element_type=\"section\">\n\t\t\t\t\t\t<div class=\"elementor-container elementor-column-gap-default\">\n\t\t\t\t\t<div class=\"elementor-column elementor-col-100 elementor-top-column elementor-element elementor-element-06ecc89\" data-id=\"06ecc89\" data-element_type=\"column\">\n\t\t\t<div class=\"elementor-widget-wrap elementor-element-populated\">\n\t\t\t\t\t\t<div class=\"elementor-element elementor-element-11e0795 elementor-absolute elementor-widget elementor-widget-image\" data-id=\"11e0795\" data-element_type=\"widget\" data-settings=\"{&quot;_position&quot;:&quot;absolute&quot;}\" data-widget_type=\"image.default\">\n\t\t\t\t<div class=\"elementor-widget-container\">\n\t\t\t\t\t\t\t\t\t\t\t\t\t<img decoding=\"async\" width=\"500\" height=\"151\" src=\"https:\/\/sites.usp.br\/polinguas\/wp-content\/uploads\/sites\/1234\/2025\/10\/3-e1761921443237.png\" class=\"attachment-large size-large wp-image-4843\" alt=\"\" srcset=\"https:\/\/sites.usp.br\/polinguas\/wp-content\/uploads\/sites\/1234\/2025\/10\/3-e1761921443237.png 500w, https:\/\/sites.usp.br\/polinguas\/wp-content\/uploads\/sites\/1234\/2025\/10\/3-e1761921443237-300x91.png 300w\" sizes=\"(max-width: 500px) 100vw, 500px\" \/>\t\t\t\t\t\t\t\t\t\t\t\t\t<\/div>\n\t\t\t\t<\/div>\n\t\t\t\t\t<\/div>\n\t\t<\/div>\n\t\t\t\t\t<\/div>\n\t\t<\/section>\n\t\t\t\t<\/div>\n\t\t","protected":false},"excerpt":{"rendered":"<p>O objetivo do curso \u00e9 capacitar os alunos a se comunicarem de forma b\u00e1sica em arm\u00eanio, enquanto exploram aspectos culturais, hist\u00f3ricos e geogr\u00e1ficos essenciais da Arm\u00eania, preparando-os para experi\u00eancias pr\u00e1ticas como viagens, interc\u00e2mbios ou projetos acad\u00eamicos, a partir do contato com linguagem aplicada, imers\u00e3o cultural e atividades interativas, proporcionando uma compreens\u00e3o aut\u00eantica e significativa do [&hellip;]<\/p>\n","protected":false},"author":24538,"featured_media":0,"parent":0,"menu_order":0,"comment_status":"closed","ping_status":"closed","template":"","meta":{"footnotes":"","_links_to":"","_links_to_target":""},"class_list":["post-4011","page","type-page","status-publish","hentry"],"_links":{"self":[{"href":"https:\/\/sites.usp.br\/polinguas\/wp-json\/wp\/v2\/pages\/4011","targetHints":{"allow":["GET"]}}],"collection":[{"href":"https:\/\/sites.usp.br\/polinguas\/wp-json\/wp\/v2\/pages"}],"about":[{"href":"https:\/\/sites.usp.br\/polinguas\/wp-json\/wp\/v2\/types\/page"}],"author":[{"embeddable":true,"href":"https:\/\/sites.usp.br\/polinguas\/wp-json\/wp\/v2\/users\/24538"}],"replies":[{"embeddable":true,"href":"https:\/\/sites.usp.br\/polinguas\/wp-json\/wp\/v2\/comments?post=4011"}],"version-history":[{"count":4,"href":"https:\/\/sites.usp.br\/polinguas\/wp-json\/wp\/v2\/pages\/4011\/revisions"}],"predecessor-version":[{"id":4858,"href":"https:\/\/sites.usp.br\/polinguas\/wp-json\/wp\/v2\/pages\/4011\/revisions\/4858"}],"wp:attachment":[{"href":"https:\/\/sites.usp.br\/polinguas\/wp-json\/wp\/v2\/media?parent=4011"}],"curies":[{"name":"wp","href":"https:\/\/api.w.org\/{rel}","templated":true}]}}