{"id":402,"date":"2023-03-16T16:10:12","date_gmt":"2023-03-16T19:10:12","guid":{"rendered":"https:\/\/sites.usp.br\/polinguas\/?page_id=402"},"modified":"2024-03-18T15:48:44","modified_gmt":"2024-03-18T18:48:44","slug":"coreano","status":"publish","type":"page","link":"https:\/\/sites.usp.br\/polinguas\/coreano\/","title":{"rendered":"Do K-POP \u00e0 Ci\u00eancia: cultura e l\u00edngua coreana enquanto ponte para colabora\u00e7\u00e3o e internacionaliza\u00e7\u00e3o"},"content":{"rendered":"\t\t<div data-elementor-type=\"wp-page\" data-elementor-id=\"402\" class=\"elementor elementor-402\" data-elementor-post-type=\"page\">\n\t\t\t\t\t\t<section class=\"elementor-section elementor-top-section elementor-element elementor-element-58132d6 elementor-section-boxed elementor-section-height-default elementor-section-height-default\" data-id=\"58132d6\" data-element_type=\"section\">\n\t\t\t\t\t\t<div class=\"elementor-container elementor-column-gap-default\">\n\t\t\t\t\t<div class=\"elementor-column elementor-col-100 elementor-top-column elementor-element elementor-element-40f0421\" data-id=\"40f0421\" data-element_type=\"column\">\n\t\t\t<div class=\"elementor-widget-wrap elementor-element-populated\">\n\t\t\t\t\t\t<div class=\"elementor-element elementor-element-faa4d60 elementor-widget elementor-widget-text-editor\" data-id=\"faa4d60\" data-element_type=\"widget\" data-widget_type=\"text-editor.default\">\n\t\t\t\t<div class=\"elementor-widget-container\">\n\t\t\t\t\t\t\t<p><img fetchpriority=\"high\" decoding=\"async\" class=\"wp-image-1879 size-medium alignleft\" src=\"https:\/\/sites.usp.br\/polinguas\/wp-content\/uploads\/sites\/1234\/2024\/03\/logos-300x300.png\" alt=\"\" width=\"300\" height=\"300\" srcset=\"https:\/\/sites.usp.br\/polinguas\/wp-content\/uploads\/sites\/1234\/2024\/03\/logos-300x300.png 300w, https:\/\/sites.usp.br\/polinguas\/wp-content\/uploads\/sites\/1234\/2024\/03\/logos-1024x1024.png 1024w, https:\/\/sites.usp.br\/polinguas\/wp-content\/uploads\/sites\/1234\/2024\/03\/logos-150x150.png 150w, https:\/\/sites.usp.br\/polinguas\/wp-content\/uploads\/sites\/1234\/2024\/03\/logos-768x768.png 768w, https:\/\/sites.usp.br\/polinguas\/wp-content\/uploads\/sites\/1234\/2024\/03\/logos-45x45.png 45w, https:\/\/sites.usp.br\/polinguas\/wp-content\/uploads\/sites\/1234\/2024\/03\/logos.png 1080w\" sizes=\"(max-width: 300px) 100vw, 300px\" \/>O curso<strong>\u00a0<span style=\"color: #000000;\">Do K-POP \u00e0 Ci\u00eancia: cultura e l\u00edngua coreana enquanto ponte para colabora\u00e7\u00e3o e internacionaliza\u00e7\u00e3o\u00a0<\/span><\/strong>foi voltado para estudantes, docentes e funcion\u00e1rias(os) da USP e teve por objetivo abordar os seguintes temas: a introdu\u00e7\u00e3o de aspectos culturais sul-coreanos; introdu\u00e7\u00e3o \u00e0 Hallyu e seus efeitos; o crescimento da Coreia do Sul no palco mundial; impactos da colabora\u00e7\u00e3o cient\u00edfica na produ\u00e7\u00e3o acad\u00eamica; caracter\u00edsticas da colabora\u00e7\u00e3o cient\u00edfica entre Coreia do Sul e Brasil e seus desdobramentos; l\u00edngua como ponte de colabora\u00e7\u00e3o.<\/p><p><strong>Bolsista PROIAD respons\u00e1vel<\/strong><strong>:<\/strong>\u00a0Camila Bolini (<a>camilabolini@usp.br<\/a>)<\/p><p><strong>Professor respons\u00e1vel:<\/strong>\u00a0Prof. Dr. Milan Puh (<a>milanpuh@usp.br<\/a>)<\/p><p>Para conferir mais informa\u00e7\u00f5es sobre o oferecimento desse curso:<\/p>\t\t\t\t\t\t<\/div>\n\t\t\t\t<\/div>\n\t\t\t\t\t<\/div>\n\t\t<\/div>\n\t\t\t\t\t<\/div>\n\t\t<\/section>\n\t\t\t\t<section class=\"elementor-section elementor-top-section elementor-element elementor-element-709201d elementor-section-boxed elementor-section-height-default elementor-section-height-default\" data-id=\"709201d\" data-element_type=\"section\">\n\t\t\t\t\t\t<div class=\"elementor-container elementor-column-gap-default\">\n\t\t\t\t\t<div class=\"elementor-column elementor-col-33 elementor-top-column elementor-element elementor-element-69e9313\" data-id=\"69e9313\" data-element_type=\"column\">\n\t\t\t<div class=\"elementor-widget-wrap\">\n\t\t\t\t\t\t\t<\/div>\n\t\t<\/div>\n\t\t\t\t<div class=\"elementor-column elementor-col-33 elementor-top-column elementor-element elementor-element-bb5dab7\" data-id=\"bb5dab7\" data-element_type=\"column\">\n\t\t\t<div class=\"elementor-widget-wrap\">\n\t\t\t\t\t\t\t<\/div>\n\t\t<\/div>\n\t\t\t\t<div class=\"elementor-column elementor-col-33 elementor-top-column elementor-element elementor-element-a550a94\" data-id=\"a550a94\" data-element_type=\"column\">\n\t\t\t<div class=\"elementor-widget-wrap elementor-element-populated\">\n\t\t\t\t\t\t<div class=\"elementor-element elementor-element-4f9b3d4 elementor-button-info elementor-widget elementor-widget-button\" data-id=\"4f9b3d4\" data-element_type=\"widget\" data-widget_type=\"button.default\">\n\t\t\t\t<div class=\"elementor-widget-container\">\n\t\t\t\t\t\t\t<div class=\"elementor-button-wrapper\">\n\t\t\t\t\t<a class=\"elementor-button elementor-button-link elementor-size-sm\" href=\"https:\/\/sites.usp.br\/polinguas\/do-k-pop-a-ciencia-cultura-e-lingua-coreana-enquanto-ponte-para-colaboracao-e-internacionalizacao\/\">\n\t\t\t\t\t\t<span class=\"elementor-button-content-wrapper\">\n\t\t\t\t\t\t<span class=\"elementor-button-icon\">\n\t\t\t\t<i aria-hidden=\"true\" class=\"far fa-eye\"><\/i>\t\t\t<\/span>\n\t\t\t\t\t\t\t\t\t<span class=\"elementor-button-text\">Clique aqui<\/span>\n\t\t\t\t\t<\/span>\n\t\t\t\t\t<\/a>\n\t\t\t\t<\/div>\n\t\t\t\t\t\t<\/div>\n\t\t\t\t<\/div>\n\t\t\t\t\t<\/div>\n\t\t<\/div>\n\t\t\t\t\t<\/div>\n\t\t<\/section>\n\t\t\t\t<section class=\"elementor-section elementor-top-section elementor-element elementor-element-1e3db52 elementor-section-boxed elementor-section-height-default elementor-section-height-default\" data-id=\"1e3db52\" data-element_type=\"section\">\n\t\t\t\t\t\t<div class=\"elementor-container elementor-column-gap-default\">\n\t\t\t\t\t<div class=\"elementor-column elementor-col-100 elementor-top-column elementor-element elementor-element-5292086\" data-id=\"5292086\" data-element_type=\"column\">\n\t\t\t<div class=\"elementor-widget-wrap\">\n\t\t\t\t\t\t\t<\/div>\n\t\t<\/div>\n\t\t\t\t\t<\/div>\n\t\t<\/section>\n\t\t\t\t<\/div>\n\t\t","protected":false},"excerpt":{"rendered":"<p>O curso\u00a0Do K-POP \u00e0 Ci\u00eancia: cultura e l\u00edngua coreana enquanto ponte para colabora\u00e7\u00e3o e internacionaliza\u00e7\u00e3o\u00a0foi voltado para estudantes, docentes e funcion\u00e1rias(os) da USP e teve por objetivo abordar os seguintes temas: a introdu\u00e7\u00e3o de aspectos culturais sul-coreanos; introdu\u00e7\u00e3o \u00e0 Hallyu e seus efeitos; o crescimento da Coreia do Sul no palco mundial; impactos da colabora\u00e7\u00e3o [&hellip;]<\/p>\n","protected":false},"author":23416,"featured_media":0,"parent":0,"menu_order":0,"comment_status":"closed","ping_status":"closed","template":"","meta":{"footnotes":"","_links_to":"","_links_to_target":""},"class_list":["post-402","page","type-page","status-publish","hentry"],"_links":{"self":[{"href":"https:\/\/sites.usp.br\/polinguas\/wp-json\/wp\/v2\/pages\/402","targetHints":{"allow":["GET"]}}],"collection":[{"href":"https:\/\/sites.usp.br\/polinguas\/wp-json\/wp\/v2\/pages"}],"about":[{"href":"https:\/\/sites.usp.br\/polinguas\/wp-json\/wp\/v2\/types\/page"}],"author":[{"embeddable":true,"href":"https:\/\/sites.usp.br\/polinguas\/wp-json\/wp\/v2\/users\/23416"}],"replies":[{"embeddable":true,"href":"https:\/\/sites.usp.br\/polinguas\/wp-json\/wp\/v2\/comments?post=402"}],"version-history":[{"count":4,"href":"https:\/\/sites.usp.br\/polinguas\/wp-json\/wp\/v2\/pages\/402\/revisions"}],"predecessor-version":[{"id":1886,"href":"https:\/\/sites.usp.br\/polinguas\/wp-json\/wp\/v2\/pages\/402\/revisions\/1886"}],"wp:attachment":[{"href":"https:\/\/sites.usp.br\/polinguas\/wp-json\/wp\/v2\/media?parent=402"}],"curies":[{"name":"wp","href":"https:\/\/api.w.org\/{rel}","templated":true}]}}