{"id":4033,"date":"2025-04-23T14:45:07","date_gmt":"2025-04-23T17:45:07","guid":{"rendered":"https:\/\/sites.usp.br\/polinguas\/?page_id=4033"},"modified":"2025-10-31T11:49:54","modified_gmt":"2025-10-31T14:49:54","slug":"cursos-de-coreano-2025","status":"publish","type":"page","link":"https:\/\/sites.usp.br\/polinguas\/cursos-de-coreano-2025\/","title":{"rendered":"Cursos de Coreano 2025"},"content":{"rendered":"\t\t<div data-elementor-type=\"wp-page\" data-elementor-id=\"4033\" class=\"elementor elementor-4033\" data-elementor-post-type=\"page\">\n\t\t\t\t\t\t<section class=\"elementor-section elementor-top-section elementor-element elementor-element-b772219 elementor-section-boxed elementor-section-height-default elementor-section-height-default\" data-id=\"b772219\" data-element_type=\"section\">\n\t\t\t\t\t\t<div class=\"elementor-container elementor-column-gap-default\">\n\t\t\t\t\t<div class=\"elementor-column elementor-col-50 elementor-top-column elementor-element elementor-element-98c0f3c\" data-id=\"98c0f3c\" data-element_type=\"column\">\n\t\t\t<div class=\"elementor-widget-wrap elementor-element-populated\">\n\t\t\t\t\t\t<div class=\"elementor-element elementor-element-192bbf3 elementor-widget__width-initial elementor-widget elementor-widget-image\" data-id=\"192bbf3\" data-element_type=\"widget\" data-widget_type=\"image.default\">\n\t\t\t\t<div class=\"elementor-widget-container\">\n\t\t\t\t\t\t\t\t\t\t\t\t\t<img fetchpriority=\"high\" decoding=\"async\" width=\"604\" height=\"795\" src=\"https:\/\/sites.usp.br\/polinguas\/wp-content\/uploads\/sites\/1234\/2025\/07\/Quadrado-Coreano-e1751569902722-778x1024.png\" class=\"attachment-large size-large wp-image-4347\" alt=\"\" srcset=\"https:\/\/sites.usp.br\/polinguas\/wp-content\/uploads\/sites\/1234\/2025\/07\/Quadrado-Coreano-e1751569902722-778x1024.png 778w, https:\/\/sites.usp.br\/polinguas\/wp-content\/uploads\/sites\/1234\/2025\/07\/Quadrado-Coreano-e1751569902722-228x300.png 228w, https:\/\/sites.usp.br\/polinguas\/wp-content\/uploads\/sites\/1234\/2025\/07\/Quadrado-Coreano-e1751569902722-768x1011.png 768w, https:\/\/sites.usp.br\/polinguas\/wp-content\/uploads\/sites\/1234\/2025\/07\/Quadrado-Coreano-e1751569902722-1167x1536.png 1167w, https:\/\/sites.usp.br\/polinguas\/wp-content\/uploads\/sites\/1234\/2025\/07\/Quadrado-Coreano-e1751569902722-1556x2048.png 1556w, https:\/\/sites.usp.br\/polinguas\/wp-content\/uploads\/sites\/1234\/2025\/07\/Quadrado-Coreano-e1751569902722.png 1586w\" sizes=\"(max-width: 604px) 100vw, 604px\" \/>\t\t\t\t\t\t\t\t\t\t\t\t\t<\/div>\n\t\t\t\t<\/div>\n\t\t\t\t\t<\/div>\n\t\t<\/div>\n\t\t\t\t<div class=\"elementor-column elementor-col-50 elementor-top-column elementor-element elementor-element-db89a31\" data-id=\"db89a31\" data-element_type=\"column\">\n\t\t\t<div class=\"elementor-widget-wrap elementor-element-populated\">\n\t\t\t\t\t\t<div class=\"elementor-element elementor-element-f852871 elementor-widget__width-initial elementor-widget elementor-widget-text-editor\" data-id=\"f852871\" data-element_type=\"widget\" data-widget_type=\"text-editor.default\">\n\t\t\t\t<div class=\"elementor-widget-container\">\n\t\t\t\t\t\t\t<p><span style=\"font-weight: 400;\">Neste curso, voltado para quem j\u00e1 \u00e9 alfabetizado em Hangul, os alunos ter\u00e3o a oportunidade de aprofundar seus conhecimentos no idioma coreano, desenvolver compet\u00eancias lingu\u00edsticas fundamentais para intera\u00e7\u00f5es cotidianas, consolidar algumas bases gramaticais e ampliar sua capacidade comunicativa, por meio de conte\u00fados contextualizados por temas espec\u00edficos a cada semana, abordando saberes estruturais e lexicais integrados a situa\u00e7\u00f5es reais. Para tornar o aprendizado mais envolvente e facilitar a pr\u00e1tica da l\u00edngua, ser\u00e3o utilizadas refer\u00eancias da cultura pop sul-coreana, como K-dramas, K-pop e manhwas.<\/span><\/p><p><span style=\"font-weight: 400;\">As aulas ser\u00e3o virtuais e s\u00edncronas pelo Google Meet, proporcionando uma experi\u00eancia direta e imersiva. Al\u00e9m disso, atividades complementares no Moodle extens\u00e3o ajudar\u00e3o a refor\u00e7ar o aprendizado, permitindo o acompanhamento do progresso e a troca de d\u00favidas. O material did\u00e1tico \u00e9 totalmente autoral, desenvolvido para proporcionar a aprendizagem, tudo contextualizado por temas espec\u00edficos a cada semana, abordando estruturas e l\u00e9xico integrados a situa\u00e7\u00f5es reais, para facilitar a pr\u00e1tica na l\u00edngua.<\/span><\/p><p><span style=\"color: #ff00ff;\"><span style=\"font-weight: 400;\">Antes da efetiva\u00e7\u00e3o das matr\u00edculas, ser\u00e1 aplicado <\/span><b>um teste simples<\/b><span style=\"font-weight: 400;\"> para verifica\u00e7\u00e3o de conhecimentos b\u00e1sicos do Hangul, com o objetivo de avaliar o n\u00edvel dos participantes e ajustar o andamento das atividades, garantindo um aproveitamento mais efetivo para todos.<\/span><\/span><\/p><p><b>Bolsistas PROIAD respons\u00e1veis: <\/b><span style=\"font-weight: 400;\">Nat\u00e1lia Aquino Chaves e <\/span><span style=\"font-weight: 400;\" data-rich-links=\"{&quot;per_n&quot;:&quot;Isabella Maria Simao Mariotto&quot;,&quot;per_e&quot;:&quot;mariottoisabella@usp.br&quot;,&quot;type&quot;:&quot;person&quot;}\">Isabella Maria Simao Mariotto<\/span><\/p><p><b>Supervisores<\/b><span style=\"font-weight: 400;\">: Profa. Dra. Ji Yun Kim e Prof. Dr. <\/span><span style=\"font-weight: 400;\">Luis Carlos Barroso de Sousa Gir\u00e3o<\/span><\/p><p><br \/><br \/><\/p>\t\t\t\t\t\t<\/div>\n\t\t\t\t<\/div>\n\t\t\t\t\t<\/div>\n\t\t<\/div>\n\t\t\t\t\t<\/div>\n\t\t<\/section>\n\t\t\t\t<section class=\"elementor-section elementor-top-section elementor-element elementor-element-391baf7 elementor-section-boxed elementor-section-height-default elementor-section-height-default\" data-id=\"391baf7\" data-element_type=\"section\">\n\t\t\t\t\t\t<div class=\"elementor-container elementor-column-gap-default\">\n\t\t\t\t\t<div class=\"elementor-column elementor-col-50 elementor-top-column elementor-element elementor-element-5d7a49b\" data-id=\"5d7a49b\" data-element_type=\"column\">\n\t\t\t<div class=\"elementor-widget-wrap elementor-element-populated\">\n\t\t\t\t\t\t<div class=\"elementor-element elementor-element-4a44ca5 elementor-widget elementor-widget-text-editor\" data-id=\"4a44ca5\" data-element_type=\"widget\" data-widget_type=\"text-editor.default\">\n\t\t\t\t<div class=\"elementor-widget-container\">\n\t\t\t\t\t\t\t<p>Se voc\u00ea \u00e9 estudante de gradua\u00e7\u00e3o na USP, devidamente matriculado:<\/p>\t\t\t\t\t\t<\/div>\n\t\t\t\t<\/div>\n\t\t\t\t\t<\/div>\n\t\t<\/div>\n\t\t\t\t<div class=\"elementor-column elementor-col-50 elementor-top-column elementor-element elementor-element-aaf6a57\" data-id=\"aaf6a57\" data-element_type=\"column\">\n\t\t\t<div class=\"elementor-widget-wrap elementor-element-populated\">\n\t\t\t\t\t\t<div class=\"elementor-element elementor-element-46fb2d4 elementor-widget elementor-widget-text-editor\" data-id=\"46fb2d4\" data-element_type=\"widget\" data-widget_type=\"text-editor.default\">\n\t\t\t\t<div class=\"elementor-widget-container\">\n\t\t\t\t\t\t\t<p>Se <u><b>n\u00e3o<\/b><\/u> \u00e9 estudante de gradua\u00e7\u00e3o na USP:<\/p>\t\t\t\t\t\t<\/div>\n\t\t\t\t<\/div>\n\t\t\t\t\t<\/div>\n\t\t<\/div>\n\t\t\t\t\t<\/div>\n\t\t<\/section>\n\t\t\t\t<section class=\"elementor-section elementor-top-section elementor-element elementor-element-f40e762 elementor-section-boxed elementor-section-height-default elementor-section-height-default\" data-id=\"f40e762\" data-element_type=\"section\">\n\t\t\t\t\t\t<div class=\"elementor-container elementor-column-gap-default\">\n\t\t\t\t\t<div class=\"elementor-column elementor-col-50 elementor-top-column elementor-element elementor-element-4c9d343\" data-id=\"4c9d343\" data-element_type=\"column\">\n\t\t\t<div class=\"elementor-widget-wrap elementor-element-populated\">\n\t\t\t\t\t\t<div class=\"elementor-element elementor-element-1dd9ab4 elementor-button-success elementor-align-center elementor-widget elementor-widget-button\" data-id=\"1dd9ab4\" data-element_type=\"widget\" data-widget_type=\"button.default\">\n\t\t\t\t<div class=\"elementor-widget-container\">\n\t\t\t\t\t\t\t<div class=\"elementor-button-wrapper\">\n\t\t\t\t\t<a class=\"elementor-button elementor-button-link elementor-size-sm\" href=\"https:\/\/sites.usp.br\/polinguas\/orientacao-para-os-alunos-no-momento-da-inscricao-coreano\/\">\n\t\t\t\t\t\t<span class=\"elementor-button-content-wrapper\">\n\t\t\t\t\t\t\t\t\t<span class=\"elementor-button-text\">Saiba como se inscrever<\/span>\n\t\t\t\t\t<\/span>\n\t\t\t\t\t<\/a>\n\t\t\t\t<\/div>\n\t\t\t\t\t\t<\/div>\n\t\t\t\t<\/div>\n\t\t\t\t\t<\/div>\n\t\t<\/div>\n\t\t\t\t<div class=\"elementor-column elementor-col-50 elementor-top-column elementor-element elementor-element-006024a\" data-id=\"006024a\" data-element_type=\"column\">\n\t\t\t<div class=\"elementor-widget-wrap elementor-element-populated\">\n\t\t\t\t\t\t<div class=\"elementor-element elementor-element-75fb2ed elementor-button-info elementor-align-center elementor-widget elementor-widget-button\" data-id=\"75fb2ed\" data-element_type=\"widget\" data-widget_type=\"button.default\">\n\t\t\t\t<div class=\"elementor-widget-container\">\n\t\t\t\t\t\t\t<div class=\"elementor-button-wrapper\">\n\t\t\t\t\t<a class=\"elementor-button elementor-button-link elementor-size-sm\" href=\"https:\/\/sites.usp.br\/polinguas\/mensagem-para-outros-estudantes\/\">\n\t\t\t\t\t\t<span class=\"elementor-button-content-wrapper\">\n\t\t\t\t\t\t\t\t\t<span class=\"elementor-button-text\">Clique aqui<\/span>\n\t\t\t\t\t<\/span>\n\t\t\t\t\t<\/a>\n\t\t\t\t<\/div>\n\t\t\t\t\t\t<\/div>\n\t\t\t\t<\/div>\n\t\t\t\t\t<\/div>\n\t\t<\/div>\n\t\t\t\t\t<\/div>\n\t\t<\/section>\n\t\t\t\t<section class=\"elementor-section elementor-top-section elementor-element elementor-element-2864a03 elementor-section-boxed elementor-section-height-default elementor-section-height-default\" data-id=\"2864a03\" data-element_type=\"section\">\n\t\t\t\t\t\t<div class=\"elementor-container elementor-column-gap-default\">\n\t\t\t\t\t<div class=\"elementor-column elementor-col-50 elementor-top-column elementor-element elementor-element-0f8e6d2\" data-id=\"0f8e6d2\" data-element_type=\"column\">\n\t\t\t<div class=\"elementor-widget-wrap elementor-element-populated\">\n\t\t\t\t\t\t<div class=\"elementor-element elementor-element-0683275 elementor-widget elementor-widget-image\" data-id=\"0683275\" data-element_type=\"widget\" data-widget_type=\"image.default\">\n\t\t\t\t<div class=\"elementor-widget-container\">\n\t\t\t\t\t\t\t\t\t\t\t\t\t<img decoding=\"async\" width=\"604\" height=\"798\" src=\"https:\/\/sites.usp.br\/polinguas\/wp-content\/uploads\/sites\/1234\/2025\/04\/Quadrado-Coreano-1-e1745430149634-775x1024.png\" class=\"attachment-large size-large wp-image-4028\" alt=\"\" srcset=\"https:\/\/sites.usp.br\/polinguas\/wp-content\/uploads\/sites\/1234\/2025\/04\/Quadrado-Coreano-1-e1745430149634-775x1024.png 775w, https:\/\/sites.usp.br\/polinguas\/wp-content\/uploads\/sites\/1234\/2025\/04\/Quadrado-Coreano-1-e1745430149634-227x300.png 227w, https:\/\/sites.usp.br\/polinguas\/wp-content\/uploads\/sites\/1234\/2025\/04\/Quadrado-Coreano-1-e1745430149634-768x1014.png 768w, https:\/\/sites.usp.br\/polinguas\/wp-content\/uploads\/sites\/1234\/2025\/04\/Quadrado-Coreano-1-e1745430149634-1163x1536.png 1163w, https:\/\/sites.usp.br\/polinguas\/wp-content\/uploads\/sites\/1234\/2025\/04\/Quadrado-Coreano-1-e1745430149634-1550x2048.png 1550w, https:\/\/sites.usp.br\/polinguas\/wp-content\/uploads\/sites\/1234\/2025\/04\/Quadrado-Coreano-1-e1745430149634.png 1586w\" sizes=\"(max-width: 604px) 100vw, 604px\" \/>\t\t\t\t\t\t\t\t\t\t\t\t\t<\/div>\n\t\t\t\t<\/div>\n\t\t\t\t\t<\/div>\n\t\t<\/div>\n\t\t\t\t<div class=\"elementor-column elementor-col-50 elementor-top-column elementor-element elementor-element-85a0545\" data-id=\"85a0545\" data-element_type=\"column\">\n\t\t\t<div class=\"elementor-widget-wrap elementor-element-populated\">\n\t\t\t\t\t\t<div class=\"elementor-element elementor-element-bf6abc4 elementor-widget elementor-widget-text-editor\" data-id=\"bf6abc4\" data-element_type=\"widget\" data-widget_type=\"text-editor.default\">\n\t\t\t\t<div class=\"elementor-widget-container\">\n\t\t\t\t\t\t\t<p><span style=\"font-weight: 400;\">Nesse curso introdut\u00f3rio ser\u00e1 oferecido um ensino din\u00e2mico e contextualizado para iniciantes que desejam aprender a ler e escrever a l\u00edngua coreana, bem como entender as estruturas b\u00e1sicas do cotidiano, utilizando refer\u00eancias da cultura pop sul-coreana, como K-dramas, K-pop e manhwas, para tornar o aprendizado mais envolvente.\u00a0<\/span><\/p><p><span style=\"font-weight: 400;\">Por meio do estudo detalhado do alfabeto coreano (Hangul) e do aprendizado refor\u00e7ado de formas e de estruturas da l\u00edngua, em contextos dados por cenas do cotidiano retiradas das produ\u00e7\u00f5es da chamada cultura pop coreana, os alunos ser\u00e3o capazes de reconhecer e compreender o sistema de escrita coreano, assim como adquirir a habilidade de escrever de forma aut\u00f4noma e efetivar intera\u00e7\u00f5es b\u00e1sicas em cen\u00e1rios do dia a dia.<\/span><\/p><p><b>Bolsistas PROIAD respons\u00e1veis: <\/b><span style=\"font-weight: 400;\">Nat\u00e1lia Aquino Chaves e <\/span><span style=\"font-weight: 400;\" data-rich-links=\"{&quot;per_n&quot;:&quot;Isabella Maria Simao Mariotto&quot;,&quot;per_e&quot;:&quot;mariottoisabella@usp.br&quot;,&quot;type&quot;:&quot;person&quot;}\">Isabella Maria Sim\u00e3o Mariotto<\/span><\/p><p><b>Supervisora<\/b><span style=\"font-weight: 400;\">: Profa. Dra. Ji Yun Kim e Prof. Dr. <\/span><span style=\"font-weight: 400;\">Luis Carlos Barroso de Sousa Gir\u00e3o<\/span><\/p>\t\t\t\t\t\t<\/div>\n\t\t\t\t<\/div>\n\t\t\t\t\t<\/div>\n\t\t<\/div>\n\t\t\t\t\t<\/div>\n\t\t<\/section>\n\t\t\t\t<section class=\"elementor-section elementor-top-section elementor-element elementor-element-1214b9f elementor-section-boxed elementor-section-height-default elementor-section-height-default\" data-id=\"1214b9f\" data-element_type=\"section\">\n\t\t\t\t\t\t<div class=\"elementor-container elementor-column-gap-default\">\n\t\t\t\t\t<div class=\"elementor-column elementor-col-100 elementor-top-column elementor-element elementor-element-bd3790a\" data-id=\"bd3790a\" data-element_type=\"column\">\n\t\t\t<div class=\"elementor-widget-wrap elementor-element-populated\">\n\t\t\t\t\t\t<div class=\"elementor-element elementor-element-1cd34a0 elementor-absolute elementor-widget elementor-widget-image\" data-id=\"1cd34a0\" data-element_type=\"widget\" data-settings=\"{&quot;_position&quot;:&quot;absolute&quot;}\" data-widget_type=\"image.default\">\n\t\t\t\t<div class=\"elementor-widget-container\">\n\t\t\t\t\t\t\t\t\t\t\t\t\t<img decoding=\"async\" width=\"500\" height=\"158\" src=\"https:\/\/sites.usp.br\/polinguas\/wp-content\/uploads\/sites\/1234\/2025\/10\/5-e1761922116782.png\" class=\"attachment-large size-large wp-image-4845\" alt=\"\" srcset=\"https:\/\/sites.usp.br\/polinguas\/wp-content\/uploads\/sites\/1234\/2025\/10\/5-e1761922116782.png 500w, https:\/\/sites.usp.br\/polinguas\/wp-content\/uploads\/sites\/1234\/2025\/10\/5-e1761922116782-300x95.png 300w\" sizes=\"(max-width: 500px) 100vw, 500px\" \/>\t\t\t\t\t\t\t\t\t\t\t\t\t<\/div>\n\t\t\t\t<\/div>\n\t\t\t\t\t<\/div>\n\t\t<\/div>\n\t\t\t\t\t<\/div>\n\t\t<\/section>\n\t\t\t\t<\/div>\n\t\t","protected":false},"excerpt":{"rendered":"<p>Neste curso, voltado para quem j\u00e1 \u00e9 alfabetizado em Hangul, os alunos ter\u00e3o a oportunidade de aprofundar seus conhecimentos no idioma coreano, desenvolver compet\u00eancias lingu\u00edsticas fundamentais para intera\u00e7\u00f5es cotidianas, consolidar algumas bases gramaticais e ampliar sua capacidade comunicativa, por meio de conte\u00fados contextualizados por temas espec\u00edficos a cada semana, abordando saberes estruturais e lexicais integrados [&hellip;]<\/p>\n","protected":false},"author":24538,"featured_media":0,"parent":0,"menu_order":0,"comment_status":"closed","ping_status":"closed","template":"","meta":{"footnotes":"","_links_to":"","_links_to_target":""},"class_list":["post-4033","page","type-page","status-publish","hentry"],"_links":{"self":[{"href":"https:\/\/sites.usp.br\/polinguas\/wp-json\/wp\/v2\/pages\/4033","targetHints":{"allow":["GET"]}}],"collection":[{"href":"https:\/\/sites.usp.br\/polinguas\/wp-json\/wp\/v2\/pages"}],"about":[{"href":"https:\/\/sites.usp.br\/polinguas\/wp-json\/wp\/v2\/types\/page"}],"author":[{"embeddable":true,"href":"https:\/\/sites.usp.br\/polinguas\/wp-json\/wp\/v2\/users\/24538"}],"replies":[{"embeddable":true,"href":"https:\/\/sites.usp.br\/polinguas\/wp-json\/wp\/v2\/comments?post=4033"}],"version-history":[{"count":4,"href":"https:\/\/sites.usp.br\/polinguas\/wp-json\/wp\/v2\/pages\/4033\/revisions"}],"predecessor-version":[{"id":4864,"href":"https:\/\/sites.usp.br\/polinguas\/wp-json\/wp\/v2\/pages\/4033\/revisions\/4864"}],"wp:attachment":[{"href":"https:\/\/sites.usp.br\/polinguas\/wp-json\/wp\/v2\/media?parent=4033"}],"curies":[{"name":"wp","href":"https:\/\/api.w.org\/{rel}","templated":true}]}}