{"id":406,"date":"2023-03-16T16:10:47","date_gmt":"2023-03-16T19:10:47","guid":{"rendered":"https:\/\/sites.usp.br\/polinguas\/?page_id=406"},"modified":"2024-03-18T16:39:48","modified_gmt":"2024-03-18T19:39:48","slug":"espanhol","status":"publish","type":"page","link":"https:\/\/sites.usp.br\/polinguas\/espanhol\/","title":{"rendered":"Compreens\u00e3o oral e leitora em l\u00edngua espanhola no \u00e2mbito universit\u00e1rio. \u2013 M\u00f3dulo I"},"content":{"rendered":"\t\t<div data-elementor-type=\"wp-page\" data-elementor-id=\"406\" class=\"elementor elementor-406\" data-elementor-post-type=\"page\">\n\t\t\t\t\t\t<section class=\"elementor-section elementor-top-section elementor-element elementor-element-74105ed elementor-section-boxed elementor-section-height-default elementor-section-height-default\" data-id=\"74105ed\" data-element_type=\"section\">\n\t\t\t\t\t\t<div class=\"elementor-container elementor-column-gap-default\">\n\t\t\t\t\t<div class=\"elementor-column elementor-col-100 elementor-top-column elementor-element elementor-element-6ca70f3\" data-id=\"6ca70f3\" data-element_type=\"column\">\n\t\t\t<div class=\"elementor-widget-wrap elementor-element-populated\">\n\t\t\t\t\t\t<div class=\"elementor-element elementor-element-858fb3b elementor-widget elementor-widget-text-editor\" data-id=\"858fb3b\" data-element_type=\"widget\" data-widget_type=\"text-editor.default\">\n\t\t\t\t<div class=\"elementor-widget-container\">\n\t\t\t\t\t\t\t<p><img fetchpriority=\"high\" decoding=\"async\" class=\"wp-image-1879 size-medium alignleft\" src=\"https:\/\/sites.usp.br\/polinguas\/wp-content\/uploads\/sites\/1234\/2024\/03\/logos-300x300.png\" alt=\"\" width=\"300\" height=\"300\" srcset=\"https:\/\/sites.usp.br\/polinguas\/wp-content\/uploads\/sites\/1234\/2024\/03\/logos-300x300.png 300w, https:\/\/sites.usp.br\/polinguas\/wp-content\/uploads\/sites\/1234\/2024\/03\/logos-1024x1024.png 1024w, https:\/\/sites.usp.br\/polinguas\/wp-content\/uploads\/sites\/1234\/2024\/03\/logos-150x150.png 150w, https:\/\/sites.usp.br\/polinguas\/wp-content\/uploads\/sites\/1234\/2024\/03\/logos-768x768.png 768w, https:\/\/sites.usp.br\/polinguas\/wp-content\/uploads\/sites\/1234\/2024\/03\/logos-45x45.png 45w, https:\/\/sites.usp.br\/polinguas\/wp-content\/uploads\/sites\/1234\/2024\/03\/logos.png 1080w\" sizes=\"(max-width: 300px) 100vw, 300px\" \/>O curso <span style=\"color: #ffcc00;\"><b>Compreens\u00e3o<\/b><b> oral e leitora em l\u00edngua espanhola no \u00e2mbito universit\u00e1rio. \u2013 M\u00f3dulo I\u00a0<\/b><\/span><span style=\"color: #003300;\">foi<\/span> voltado para estudantes da gradua\u00e7\u00e3o nas diversas \u00e1reas do conhecimento e teve por objetivo introduzi-los nas pr\u00e1ticas discursivas no meio acad\u00eamico em l\u00edngua espanhola. \u00a0Em cada uma das seis aulas gravadas em v\u00eddeo, foram abordadas, de modo integrado, a compreens\u00e3o oral e a compreens\u00e3o leitora dando lugar \u00e0 focaliza\u00e7\u00e3o dos respectivos aspectos lingu\u00edstico-discursivos. O curso foi ministrado \u00e0 dist\u00e2ncia de maneira ass\u00edncrona atrav\u00e9s da plataforma Moodle.<\/p><p><strong>Bolsistas PROIAD respons\u00e1veis:\u00a0<\/strong>Maria Luiza Souza Moreira e Cristina Victoria Gonz\u00e1lez Gualito<\/p><p><strong>Professores Respons\u00e1veis:\u00a0<\/strong>Adri\u00e1n Pablo Fanjul, Benivaldo Jos\u00e9 de Araujo Junior e Mar\u00eda Teresa Celada (<a>maitecelada@usp.br<\/a>)<\/p>\t\t\t\t\t\t<\/div>\n\t\t\t\t<\/div>\n\t\t\t\t\t<\/div>\n\t\t<\/div>\n\t\t\t\t\t<\/div>\n\t\t<\/section>\n\t\t\t\t<\/div>\n\t\t","protected":false},"excerpt":{"rendered":"<p>O curso Compreens\u00e3o oral e leitora em l\u00edngua espanhola no \u00e2mbito universit\u00e1rio. \u2013 M\u00f3dulo I\u00a0foi voltado para estudantes da gradua\u00e7\u00e3o nas diversas \u00e1reas do conhecimento e teve por objetivo introduzi-los nas pr\u00e1ticas discursivas no meio acad\u00eamico em l\u00edngua espanhola. \u00a0Em cada uma das seis aulas gravadas em v\u00eddeo, foram abordadas, de modo integrado, a compreens\u00e3o [&hellip;]<\/p>\n","protected":false},"author":23416,"featured_media":0,"parent":0,"menu_order":0,"comment_status":"closed","ping_status":"closed","template":"","meta":{"footnotes":"","_links_to":"","_links_to_target":""},"class_list":["post-406","page","type-page","status-publish","hentry"],"_links":{"self":[{"href":"https:\/\/sites.usp.br\/polinguas\/wp-json\/wp\/v2\/pages\/406","targetHints":{"allow":["GET"]}}],"collection":[{"href":"https:\/\/sites.usp.br\/polinguas\/wp-json\/wp\/v2\/pages"}],"about":[{"href":"https:\/\/sites.usp.br\/polinguas\/wp-json\/wp\/v2\/types\/page"}],"author":[{"embeddable":true,"href":"https:\/\/sites.usp.br\/polinguas\/wp-json\/wp\/v2\/users\/23416"}],"replies":[{"embeddable":true,"href":"https:\/\/sites.usp.br\/polinguas\/wp-json\/wp\/v2\/comments?post=406"}],"version-history":[{"count":4,"href":"https:\/\/sites.usp.br\/polinguas\/wp-json\/wp\/v2\/pages\/406\/revisions"}],"predecessor-version":[{"id":1964,"href":"https:\/\/sites.usp.br\/polinguas\/wp-json\/wp\/v2\/pages\/406\/revisions\/1964"}],"wp:attachment":[{"href":"https:\/\/sites.usp.br\/polinguas\/wp-json\/wp\/v2\/media?parent=406"}],"curies":[{"name":"wp","href":"https:\/\/api.w.org\/{rel}","templated":true}]}}